
{"id":10035498,"date":"2023-06-19T20:53:53","date_gmt":"2023-06-19T18:53:53","guid":{"rendered":"https:\/\/sovalab.pl\/?page_id=10035498"},"modified":"2025-04-25T09:04:50","modified_gmt":"2025-04-25T07:04:50","slug":"kontakt","status":"publish","type":"page","link":"https:\/\/sovalab.pl\/en\/kontakt\/","title":{"rendered":"Kontakt z nami"},"content":{"rendered":"[vc_row type=&#8221;full_width_content&#8221; full_screen_row_position=&#8221;middle&#8221; column_margin=&#8221;20px&#8221; equal_height=&#8221;yes&#8221; content_placement=&#8221;top&#8221; column_direction=&#8221;default&#8221; column_direction_tablet=&#8221;default&#8221; column_direction_phone=&#8221;default&#8221; bg_color=&#8221;#f0f2f6&#8243; scene_position=&#8221;center&#8221; top_padding=&#8221;4%&#8221; constrain_group_1=&#8221;yes&#8221; bottom_padding=&#8221;4%&#8221; left_padding_desktop=&#8221;5%&#8221; constrain_group_2=&#8221;yes&#8221; right_padding_desktop=&#8221;5%&#8221; left_padding_phone=&#8221;14px&#8221; constrain_group_6=&#8221;yes&#8221; right_padding_phone=&#8221;14px&#8221; text_color=&#8221;dark&#8221; text_align=&#8221;left&#8221; row_border_radius=&#8221;none&#8221; row_border_radius_applies=&#8221;bg&#8221; zindex=&#8221;10&#8243; overflow=&#8221;visible&#8221; advanced_gradient_angle=&#8221;0&#8243; overlay_strength=&#8221;0.3&#8243; gradient_direction=&#8221;left_to_right&#8221; shape_divider_position=&#8221;bottom&#8221; bg_image_animation=&#8221;none&#8221; shape_type=&#8221;&#8221; gradient_type=&#8221;default&#8221;][vc_column column_padding=&#8221;no-extra-padding&#8221; column_padding_tablet=&#8221;inherit&#8221; column_padding_phone=&#8221;inherit&#8221; column_padding_position=&#8221;all&#8221; bottom_margin_tablet=&#8221;20px&#8221; column_element_direction_desktop=&#8221;default&#8221; column_element_spacing=&#8221;0px&#8221; desktop_text_alignment=&#8221;default&#8221; tablet_text_alignment=&#8221;default&#8221; phone_text_alignment=&#8221;default&#8221; background_color=&#8221;#ffffff&#8221; background_color_opacity=&#8221;1&#8243; background_hover_color_opacity=&#8221;1&#8243; column_backdrop_filter=&#8221;none&#8221; font_color=&#8221;#000000&#8243; column_shadow=&#8221;none&#8221; column_border_radius=&#8221;20px&#8221; column_link_target=&#8221;_self&#8221; column_position=&#8221;default&#8221; overflow=&#8221;hidden&#8221; advanced_gradient_angle=&#8221;0&#8243; gradient_direction=&#8221;left_to_right&#8221; overlay_strength=&#8221;0.3&#8243; width=&#8221;1\/2&#8243; tablet_width_inherit=&#8221;default&#8221; animation_type=&#8221;default&#8221; bg_image_animation=&#8221;none&#8221; border_type=&#8221;simple&#8221; column_border_width=&#8221;none&#8221; column_border_color=&#8221;rgba(0,0,0,0.15)&#8221; column_border_style=&#8221;solid&#8221; gradient_type=&#8221;default&#8221; column_padding_type=&#8221;default&#8221;][vc_row_inner column_margin=&#8221;default&#8221; column_direction=&#8221;default&#8221; column_direction_tablet=&#8221;default&#8221; column_direction_phone=&#8221;default&#8221; right_padding_desktop=&#8221;24%&#8221; right_padding_phone=&#8221;0&#8243; text_align=&#8221;left&#8221; row_position=&#8221;default&#8221; row_position_tablet=&#8221;inherit&#8221; row_position_phone=&#8221;inherit&#8221; overflow=&#8221;visible&#8221; pointer_events=&#8221;all&#8221;][vc_column_inner top_padding_desktop=&#8221;4vw&#8221; constrain_group_100=&#8221;yes&#8221; bottom_padding_desktop=&#8221;4vw&#8221; left_padding_desktop=&#8221;4vw&#8221; constrain_group_101=&#8221;yes&#8221; right_padding_desktop=&#8221;4vw&#8221; top_padding_tablet=&#8221;8vw&#8221; constrain_group_102=&#8221;yes&#8221; bottom_padding_tablet=&#8221;8vw&#8221; left_padding_tablet=&#8221;8vw&#8221; constrain_group_103=&#8221;yes&#8221; right_padding_tablet=&#8221;8vw&#8221; bottom_margin=&#8221;-5%&#8221; column_element_direction_desktop=&#8221;default&#8221; column_element_spacing=&#8221;10px&#8221; desktop_text_alignment=&#8221;default&#8221; tablet_text_alignment=&#8221;default&#8221; phone_text_alignment=&#8221;default&#8221; background_color_opacity=&#8221;1&#8243; background_hover_color_opacity=&#8221;1&#8243; column_backdrop_filter=&#8221;none&#8221; column_shadow=&#8221;none&#8221; column_border_radius=&#8221;none&#8221; column_link_target=&#8221;_self&#8221; overflow=&#8221;visible&#8221; advanced_gradient_angle=&#8221;0&#8243; gradient_direction=&#8221;left_to_right&#8221; overlay_strength=&#8221;0.3&#8243; width=&#8221;1\/1&#8243; tablet_width_inherit=&#8221;default&#8221; animation_type=&#8221;default&#8221; bg_image_animation=&#8221;none&#8221; border_type=&#8221;simple&#8221; column_border_width=&#8221;none&#8221; column_border_style=&#8221;solid&#8221; gradient_type=&#8221;default&#8221; column_padding_type=&#8221;advanced&#8221;][nectar_responsive_text inherited_font_style=&#8221;default&#8221; font_size_desktop=&#8221;1.8vw&#8221; font_size_tablet=&#8221;22px&#8221; font_line_height=&#8221;1.3&#8243; text_direction=&#8221;default&#8221;][\/nectar_responsive_text][nectar_responsive_text inherited_font_style=&#8221;default&#8221; font_size_min=&#8221;14px&#8221; font_size_max=&#8221;20px&#8221; font_size_desktop=&#8221;1.1vw&#8221; font_line_height=&#8221;1.5&#8243; text_direction=&#8221;default&#8221;]Jeste\u015bmy tutaj, aby pom\u00f3c. Niezale\u017cnie od tego, czy masz pytanie dotycz\u0105ce produktu, czy ostatniego zam\u00f3wienia. Sprawd\u017a nasze odpowiedzi na popularne pytania lub je\u015bli chcesz si\u0119 z nami skontaktowa\u0107, napisz do nas na adres <em><strong>info@sovalab.pl<\/strong> <\/em>\u00a0lub zadzwo\u0144 pod numer <strong>731 490 155<\/strong> . Jeste\u015bmy pod telefonem od 08:00 do 18:00 (CET) od poniedzia\u0142ku do pi\u0105tku.<\/p>\n<p><strong>Serwis<\/strong><\/p>\n<p><strong>info@sovalab.pl<\/strong><br \/>\nNale\u017cy pami\u0119ta\u0107, \u017ce zapytania dotycz\u0105ce zam\u00f3wie\u0144 i produkt\u00f3w s\u0105 przetwarzane w godzinach pracy w dni powszednie. Staramy si\u0119 odpowiedzie\u0107 w ci\u0105gu 48 godzin.<\/p>\n<p>Wsp\u00f3\u0142praca<\/p>\n<p><strong>info@sovalab.pl<\/strong><br \/>\nZosta\u0144 partnerem hurtowym.<\/p>\n<p>&nbsp;<\/p>\n<h4>SOVALAB<br \/>\n<strong>ul. Kalwaryjska, nr 69, lok. 9,<br \/>\n<\/strong><strong>30-504 <\/strong><strong>Krak\u00f3w,<br \/>\nNIP:6793269590<br \/>\nBDO:000613033<\/strong><\/h4>\n[\/nectar_responsive_text][\/vc_column_inner][\/vc_row_inner][\/vc_column][vc_column top_padding_desktop=&#8221;4vw&#8221; constrain_group_100=&#8221;yes&#8221; bottom_padding_desktop=&#8221;4vw&#8221; left_padding_desktop=&#8221;4vw&#8221; right_padding_desktop=&#8221;22vw&#8221; top_padding_tablet=&#8221;8vw&#8221; constrain_group_102=&#8221;yes&#8221; bottom_padding_tablet=&#8221;8vw&#8221; left_padding_tablet=&#8221;8vw&#8221; right_padding_tablet=&#8221;50vw&#8221; right_padding_phone=&#8221;33vw&#8221; column_element_direction_desktop=&#8221;default&#8221; column_element_spacing=&#8221;20px&#8221; desktop_text_alignment=&#8221;default&#8221; tablet_text_alignment=&#8221;default&#8221; phone_text_alignment=&#8221;default&#8221; background_color_opacity=&#8221;1&#8243; background_hover_color_opacity=&#8221;1&#8243; background_image=&#8221;10047403&#8243; background_image_position=&#8221;center top&#8221; background_image_stacking=&#8221;default&#8221; enable_bg_scale=&#8221;true&#8221; background_image_loading=&#8221;default&#8221; column_backdrop_filter=&#8221;none&#8221; font_color=&#8221;#ffffff&#8221; column_shadow=&#8221;none&#8221; column_border_radius=&#8221;20px&#8221; column_link_target=&#8221;_self&#8221; column_position=&#8221;default&#8221; overflow=&#8221;hidden&#8221; advanced_gradient_angle=&#8221;0&#8243; width=&#8221;1\/2&#8243; tablet_width_inherit=&#8221;default&#8221; animation_type=&#8221;default&#8221; bg_image_animation=&#8221;none&#8221; parallax_bg=&#8221;true&#8221; parallax_bg_speed=&#8221;minimum&#8221; border_type=&#8221;simple&#8221; column_border_width=&#8221;none&#8221; column_border_style=&#8221;solid&#8221; gradient_type=&#8221;advanced&#8221; advanced_gradient_display_type=&#8221;linear&#8221; column_padding_type=&#8221;advanced&#8221;][nectar_responsive_text inherited_font_style=&#8221;default&#8221; font_size_desktop=&#8221;1.8vw&#8221; font_size_tablet=&#8221;22px&#8221; font_line_height=&#8221;1.3&#8243; text_direction=&#8221;default&#8221;][\/nectar_responsive_text][nectar_responsive_text inherited_font_style=&#8221;default&#8221; font_size_min=&#8221;14px&#8221; font_size_max=&#8221;20px&#8221; font_size_desktop=&#8221;1.1vw&#8221; font_line_height=&#8221;1.5&#8243; text_direction=&#8221;default&#8221;]Z\u0142\u0105cza magnetyczne do odci\u0105g\u00f3w.<\/p>\n<p>Dedykowane rozwi\u0105zania do maszyn stolarskich i produkcyjnych<\/p>\n<p>Druk 3d na \u017c\u0105danie.[\/nectar_responsive_text][divider line_type=&#8221;No Line&#8221; custom_height=&#8221;30vh&#8221;][\/vc_column][\/vc_row]\n","protected":false},"excerpt":{"rendered":"<p>[vc_row type=&#8221;full_width_content&#8221; full_screen_row_position=&#8221;middle&#8221; column_margin=&#8221;20px&#8221; equal_height=&#8221;yes&#8221; content_placement=&#8221;top&#8221; column_direction=&#8221;default&#8221; column_direction_tablet=&#8221;default&#8221; column_direction_phone=&#8221;default&#8221; bg_color=&#8221;#f0f2f6&#8243; scene_position=&#8221;center&#8221; top_padding=&#8221;4%&#8221; constrain_group_1=&#8221;yes&#8221; bottom_padding=&#8221;4%&#8221; left_padding_desktop=&#8221;5%&#8221; constrain_group_2=&#8221;yes&#8221; right_padding_desktop=&#8221;5%&#8221; left_padding_phone=&#8221;14px&#8221; constrain_group_6=&#8221;yes&#8221; right_padding_phone=&#8221;14px&#8221; text_color=&#8221;dark&#8221; text_align=&#8221;left&#8221; row_border_radius=&#8221;none&#8221; row_border_radius_applies=&#8221;bg&#8221; zindex=&#8221;10&#8243; overflow=&#8221;visible&#8221; advanced_gradient_angle=&#8221;0&#8243; overlay_strength=&#8221;0.3&#8243; gradient_direction=&#8221;left_to_right&#8221; shape_divider_position=&#8221;bottom&#8221; bg_image_animation=&#8221;none&#8221; shape_type=&#8221;&#8221; gradient_type=&#8221;default&#8221;][vc_column column_padding=&#8221;no-extra-padding&#8221; column_padding_tablet=&#8221;inherit&#8221; column_padding_phone=&#8221;inherit&#8221; column_padding_position=&#8221;all&#8221; bottom_margin_tablet=&#8221;20px&#8221; column_element_direction_desktop=&#8221;default&#8221; column_element_spacing=&#8221;0px&#8221;&#8230;<\/p>\n","protected":false},"author":1,"featured_media":0,"parent":0,"menu_order":0,"comment_status":"closed","ping_status":"closed","template":"","meta":{"footnotes":""},"class_list":["post-10035498","page","type-page","status-publish"],"_links":{"self":[{"href":"https:\/\/sovalab.pl\/en\/wp-json\/wp\/v2\/pages\/10035498","targetHints":{"allow":["GET"]}}],"collection":[{"href":"https:\/\/sovalab.pl\/en\/wp-json\/wp\/v2\/pages"}],"about":[{"href":"https:\/\/sovalab.pl\/en\/wp-json\/wp\/v2\/types\/page"}],"author":[{"embeddable":true,"href":"https:\/\/sovalab.pl\/en\/wp-json\/wp\/v2\/users\/1"}],"replies":[{"embeddable":true,"href":"https:\/\/sovalab.pl\/en\/wp-json\/wp\/v2\/comments?post=10035498"}],"version-history":[{"count":0,"href":"https:\/\/sovalab.pl\/en\/wp-json\/wp\/v2\/pages\/10035498\/revisions"}],"wp:attachment":[{"href":"https:\/\/sovalab.pl\/en\/wp-json\/wp\/v2\/media?parent=10035498"}],"curies":[{"name":"wp","href":"https:\/\/api.w.org\/{rel}","templated":true}]}}