
{"id":10037232,"date":"2023-07-10T11:57:31","date_gmt":"2023-07-10T09:57:31","guid":{"rendered":"https:\/\/sovalab.pl\/?page_id=10037232"},"modified":"2024-08-30T15:27:11","modified_gmt":"2024-08-30T13:27:11","slug":"kalkulator-gipsu-polimerowego-jesmonite-acrylic-one","status":"publish","type":"page","link":"https:\/\/sovalab.pl\/en\/kalkulator-gipsu-polimerowego-jesmonite-acrylic-one\/","title":{"rendered":"Kalkulator gipsu polimerowego | Jesmonite | Acrylic One"},"content":{"rendered":"\n\n\n<div class=\"wp-block-group alignfull is-content-justification-center is-layout-constrained wp-container-core-group-is-layout-bea43fe8 wp-block-group-is-layout-constrained\" style=\"margin-top:0;margin-bottom:0;padding-top:calc( 0.5 * var(--wp--style--root--padding-right, var(--wp--custom--gap--horizontal)));padding-right:var(--wp--style--root--padding-right, var(--wp--custom--gap--horizontal));padding-bottom:calc( 0.5 * var(--wp--style--root--padding-right, var(--wp--custom--gap--horizontal)));padding-left:var(--wp--style--root--padding-left, var(--wp--custom--gap--horizontal))\">\n<div style=\"height:calc( 0.25 * var(--wp--style--root--padding-right, var(--wp--custom--gap--horizontal)))\" aria-hidden=\"true\" class=\"wp-block-spacer\"><\/div>\n\n\n\n<div class=\"wp-block-columns alignfull is-layout-flex wp-container-core-columns-is-layout-5f4f44cd wp-block-columns-is-layout-flex\" style=\"padding-top:0;padding-right:0;padding-bottom:0;padding-left:0\">\n<div class=\"wp-block-column is-layout-flow wp-block-column-is-layout-flow\">\n<div class=\"wp-block-cover is-light\"><span aria-hidden=\"true\" class=\"wp-block-cover__background has-background-dim-0 has-background-dim\" style=\"background-color:#b6b5b3\"><\/span><img loading=\"lazy\" decoding=\"async\" width=\"768\" height=\"1150\" class=\"wp-block-cover__image-background wp-image-10037116\" alt=\"Gips polimerowy polskiego producenta. Idealny do lastryko, doniczek i podk\u0142adek\" src=\"https:\/\/sovalab.pl\/wp-content\/uploads\/2022\/11\/DSC04163-768x1150-1.webp\" data-object-fit=\"cover\" title=\"\" srcset=\"https:\/\/sovalab.pl\/wp-content\/uploads\/2022\/11\/DSC04163-768x1150-1.webp 768w, https:\/\/sovalab.pl\/wp-content\/uploads\/2022\/11\/DSC04163-768x1150-1-300x449.webp 300w, https:\/\/sovalab.pl\/wp-content\/uploads\/2022\/11\/DSC04163-768x1150-1-200x300.webp 200w, https:\/\/sovalab.pl\/wp-content\/uploads\/2022\/11\/DSC04163-768x1150-1-684x1024.webp 684w\" sizes=\"auto, (max-width: 768px) 100vw, 768px\" \/><div class=\"wp-block-cover__inner-container is-layout-flow wp-block-cover-is-layout-flow\">\n<p class=\"has-text-align-center has-large-font-size\"><\/p>\n<\/div><\/div>\n<\/div>\n\n\n\n<div class=\"wp-block-column is-vertically-aligned-center is-layout-constrained wp-container-core-column-is-layout-82686151 wp-block-column-is-layout-constrained\" style=\"padding-top:0;padding-right:0;padding-bottom:0;padding-left:0\">\n<div class=\"wp-block-group alignfull is-layout-flow wp-block-group-is-layout-flow\" style=\"margin-top:var(--wp--preset--spacing--40);margin-bottom:var(--wp--preset--spacing--40);padding-top:0px;padding-right:60px;padding-bottom:0px;padding-left:60px\">\n<h2 class=\"wp-block-heading has-text-align-left has-large-font-size\">Jak obliczy\u0107 wymagan\u0105 ilo\u015b\u0107 gipsu polimerowego?<\/h2>\n\n\n\n<p>Odmierzanie proporcji nie by\u0142o nigdy takie proste.<br>Wybierz z listy interesuj\u0105cy ci\u0119 produkt, a nast\u0119pnie podaj potrzebn\u0105 obj\u0119to\u015b\u0107 a dostaniesz dok\u0142adne proporcje proszku i p\u0142ynu.<\/p>\n\n\n\n<p>Wszystkie warto\u015bci podawane s\u0105 w gramach.<\/p>\n\n\n\n<p class=\"has-text-align-left\">Nowa forma? Zmierz jej obj\u0119to\u015b\u0107 za pomoc\u0105 wody, a nastp\u0119pnie wpisz warto\u015b\u0107 w odpowiednie miejsce. System dam obliczy proporcje sk\u0142adnik\u00f3w.<\/p>\n\n\n\n<p style=\"margin-bottom:var(--wp--preset--spacing--40)\"><\/p>\n<\/div>\n<\/div>\n<\/div>\n\n\n\n<div class=\"wp-block-group alignfull is-layout-constrained wp-block-group-is-layout-constrained\">\n<div class=\"wp-block-group alignfull is-content-justification-center is-nowrap is-layout-flex wp-container-core-group-is-layout-94bc23d7 wp-block-group-is-layout-flex\">\n<div class=\"wp-block-columns alignfull is-layout-flex wp-container-core-columns-is-layout-5f4f44cd wp-block-columns-is-layout-flex\" style=\"padding-top:0;padding-right:0;padding-bottom:0;padding-left:0\">\n<div class=\"wp-block-column is-vertically-aligned-center is-layout-flow wp-block-column-is-layout-flow\" style=\"padding-top:0;padding-right:0;padding-bottom:0;padding-left:0\">\n<div class=\"wp-block-group is-layout-constrained wp-container-core-group-is-layout-e8344f45 wp-block-group-is-layout-constrained\" style=\"padding-top:50px;padding-right:50px;padding-bottom:50px;padding-left:50px\"><\/div>\n<\/div>\n\n\n\n<div class=\"wp-block-column is-vertically-aligned-center is-layout-flow wp-block-column-is-layout-flow\"><\/div>\n<\/div>\n<\/div>\n<\/div>\n\n\n\n<div style=\"height:calc( 0.25 * var(--wp--style--root--padding-right, var(--wp--custom--gap--horizontal)))\" aria-hidden=\"true\" class=\"wp-block-spacer\"><\/div>\n\n\n\n<div class=\"wp-block-columns is-layout-flex wp-container-core-columns-is-layout-9d6595d7 wp-block-columns-is-layout-flex\">\n<div class=\"wp-block-column is-layout-flow wp-block-column-is-layout-flow\">\n<iframe loading=\"lazy\" src=\"https:\/\/sovalab.pl\/kalkulator-gipsu-polimerowego\/kalkulator2.html\" width=\"700\" height=\"400\" style=\"border:none;\"><\/iframe>\n<\/div>\n\n\n\n<div class=\"wp-block-column is-layout-flow wp-block-column-is-layout-flow\">\n<h4 class=\"wp-block-heading has-text-align-center\">Do mieszania polecamy stosowa\u0107&nbsp;<a href=\"https:\/\/sovalab.pl\/mieszadlo-mini-i-standard\/\">mieszad\u0142a mechaniczne<\/a>, montowane do wkr\u0119tarki.<\/h4>\n\n\n\n<div class=\"wp-block-buttons is-content-justification-center is-layout-flex wp-container-core-buttons-is-layout-16018d1d wp-block-buttons-is-layout-flex\">\n<div class=\"wp-block-button\"><a class=\"wp-block-button__link wp-element-button\" href=\"https:\/\/sovalab.pl\/mieszadlo-mini-i-standard\/\">Mieszad\u0142a <\/a><\/div>\n<\/div>\n\n\n\n<p><\/p>\n\n\n\n<figure class=\"wp-block-image aligncenter size-medium is-resized\"><a href=\"https:\/\/sovalab.pl\/wp-content\/uploads\/2024\/02\/IMG_0357.jpeg\"><img loading=\"lazy\" decoding=\"async\" width=\"300\" height=\"300\" src=\"https:\/\/sovalab.pl\/wp-content\/uploads\/2024\/02\/IMG_0357-300x300.jpeg\" alt=\"Mieszad\u0142o MINI i STANDARD\" class=\"wp-image-10038950\" style=\"width:428px;height:auto\" title=\"\" srcset=\"https:\/\/sovalab.pl\/wp-content\/uploads\/2024\/02\/IMG_0357-300x300.jpeg 300w, https:\/\/sovalab.pl\/wp-content\/uploads\/2024\/02\/IMG_0357-150x150.jpeg 150w, https:\/\/sovalab.pl\/wp-content\/uploads\/2024\/02\/IMG_0357-768x768.jpeg 768w, https:\/\/sovalab.pl\/wp-content\/uploads\/2024\/02\/IMG_0357-1024x1024.jpeg 1024w, https:\/\/sovalab.pl\/wp-content\/uploads\/2024\/02\/IMG_0357-1536x1536.jpeg 1536w, https:\/\/sovalab.pl\/wp-content\/uploads\/2024\/02\/IMG_0357-2048x2048.jpeg 2048w, https:\/\/sovalab.pl\/wp-content\/uploads\/2024\/02\/IMG_0357-140x140.jpeg 140w, https:\/\/sovalab.pl\/wp-content\/uploads\/2024\/02\/IMG_0357-350x350.jpeg 350w, https:\/\/sovalab.pl\/wp-content\/uploads\/2024\/02\/IMG_0357-800x800.jpeg 800w, https:\/\/sovalab.pl\/wp-content\/uploads\/2024\/02\/IMG_0357-50x50.jpeg 50w, https:\/\/sovalab.pl\/wp-content\/uploads\/2024\/02\/IMG_0357-100x100.jpeg 100w\" sizes=\"auto, (max-width: 300px) 100vw, 300px\" \/><\/a><\/figure>\n<\/div>\n<\/div>\n<\/div>\n","protected":false},"excerpt":{"rendered":"<p>Jak obliczy\u0107 wymagan\u0105 ilo\u015b\u0107 gipsu polimerowego? Odmierzanie proporcji nie by\u0142o nigdy takie proste.Wybierz z listy interesuj\u0105cy ci\u0119 produkt, a nast\u0119pnie podaj potrzebn\u0105 obj\u0119to\u015b\u0107 a dostaniesz dok\u0142adne proporcje proszku i p\u0142ynu. Wszystkie warto\u015bci podawane s\u0105 w gramach. Nowa forma? Zmierz jej&#8230;<\/p>\n","protected":false},"author":1,"featured_media":10037116,"parent":0,"menu_order":0,"comment_status":"closed","ping_status":"closed","template":"","meta":{"footnotes":""},"class_list":["post-10037232","page","type-page","status-publish","has-post-thumbnail"],"_links":{"self":[{"href":"https:\/\/sovalab.pl\/en\/wp-json\/wp\/v2\/pages\/10037232","targetHints":{"allow":["GET"]}}],"collection":[{"href":"https:\/\/sovalab.pl\/en\/wp-json\/wp\/v2\/pages"}],"about":[{"href":"https:\/\/sovalab.pl\/en\/wp-json\/wp\/v2\/types\/page"}],"author":[{"embeddable":true,"href":"https:\/\/sovalab.pl\/en\/wp-json\/wp\/v2\/users\/1"}],"replies":[{"embeddable":true,"href":"https:\/\/sovalab.pl\/en\/wp-json\/wp\/v2\/comments?post=10037232"}],"version-history":[{"count":0,"href":"https:\/\/sovalab.pl\/en\/wp-json\/wp\/v2\/pages\/10037232\/revisions"}],"wp:featuredmedia":[{"embeddable":true,"href":"https:\/\/sovalab.pl\/en\/wp-json\/wp\/v2\/media\/10037116"}],"wp:attachment":[{"href":"https:\/\/sovalab.pl\/en\/wp-json\/wp\/v2\/media?parent=10037232"}],"curies":[{"name":"wp","href":"https:\/\/api.w.org\/{rel}","templated":true}]}}