
{"id":10037607,"date":"2023-08-06T14:00:59","date_gmt":"2023-08-06T12:00:59","guid":{"rendered":"https:\/\/sovalab.pl\/?page_id=10037607"},"modified":"2023-08-06T14:01:02","modified_gmt":"2023-08-06T12:01:02","slug":"odstapienie-od-umowy","status":"publish","type":"page","link":"https:\/\/sovalab.pl\/en\/odstapienie-od-umowy\/","title":{"rendered":"odstapienie od umowy"},"content":{"rendered":"\n<p>INFORMACJE DOTYCZ\u0104CE KORZYSTANIA Z PRAWA<\/p>\n\n\n\n<p><strong>ODST\u0104PIENIA OD UMOWY<\/strong><\/p>\n\n\n\n<p><strong>POUCZENIE O ODST\u0104PIENIU OD UMOWY<\/strong><\/p>\n\n\n\n<p>B\u0119d\u0105c Konsumentem, masz prawo odst\u0105pi\u0107 od umowy zawartej w naszym Sklepie w terminie 14 dni bez podania jakiejkolwiek przyczyny, z zastrze\u017ceniem przypadk\u00f3w wskazanych w cz\u0119\u015bci \u201ewy\u0142\u0105czenie prawa odst\u0105pienia od umowy\u201d. Termin do odst\u0105pienia od umowy wygasa po up\u0142ywie 14 dni od dnia:<\/p>\n\n\n\n<ol class=\"wp-block-list\" start=\"1\">\n<li>w kt\u00f3rym weszli Pa\u0144stwo w posiadanie rzeczy lub w kt\u00f3rym osoba trzecia inna ni\u017c przewo\u017anik i wskazana przez Pa\u0144stwa wesz\u0142a w posiadanie rzeczy \u2013 w przypadku umowy zobowi\u0105zuj\u0105cej do przeniesienia w\u0142asno\u015bci rzeczy (np. umowy sprzeda\u017cy, umowy dostawy lub umowy o dzie\u0142o b\u0119d\u0105ce rzecz\u0105 ruchom\u0105),<\/li>\n\n\n\n<li>w kt\u00f3rym weszli Pa\u0144stwo w posiadanie ostatniej z rzeczy lub w kt\u00f3rym osoba trzecia inna ni\u017c przewo\u017anik i wskazana przez Pa\u0144stwa wesz\u0142a w posiadanie ostatniej z rzeczy \u2013 w przypadku umowy zobowi\u0105zuj\u0105cej do przeniesienia w\u0142asno\u015bci wielu rzeczy, kt\u00f3re dostarczane s\u0105 osobno,<\/li>\n\n\n\n<li>w kt\u00f3rym weszli Pa\u0144stwo w posiadanie ostatniej partii lub cz\u0119\u015bci lub w kt\u00f3rym osoba trzecia inna ni\u017c przewo\u017anik i wskazana przez Pa\u0144stwa wesz\u0142a w posiadanie ostatniej partii lub cz\u0119\u015bci \u2013 w przypadku umowy zobowi\u0105zuj\u0105cej do przeniesienia w\u0142asno\u015bci rzeczy dostarczanych partiami lub w cz\u0119\u015bciach,<\/li>\n\n\n\n<li>w kt\u00f3rym weszli Pa\u0144stwo w posiadanie pierwszej z rzeczy lub w kt\u00f3rym osoba trzecia inna ni\u017c przewo\u017anik i wskazana przez Pa\u0144stwa wesz\u0142a w posiadanie pierwszej z rzeczy \u2013 w przypadku um\u00f3w o regularne dostarczanie rzeczy przez czas oznaczony,<\/li>\n\n\n\n<li>zawarcia umowy \u2013 w przypadku um\u00f3w o \u015bwiadczenie us\u0142ug.<\/li>\n<\/ol>\n\n\n\n<p>Aby zachowa\u0107 termin do odst\u0105pienia od umowy, wystarczy, aby wys\u0142ali Pa\u0144stwo informacj\u0119 dotycz\u0105c\u0105 wykonania przys\u0142uguj\u0105cego Pa\u0144stwu prawa odst\u0105pienia od umowy przed up\u0142ywem terminu do odst\u0105pienia od umowy.<\/p>\n\n\n\n<p>Aby skorzysta\u0107 z prawa odst\u0105pienia od umowy, musz\u0105 Pa\u0144stwo poinformowa\u0107 nas: Sovalab, Kalwaryjska 69\/9, 30-504 Krak\u00f3w , e-mail: info@sovalab.pl, o swojej decyzji o odst\u0105pieniu od niniejszej umowy w drodze jednoznacznego o\u015bwiadczenia (na przyk\u0142ad pismo wys\u0142ane poczt\u0105 lub poczt\u0105 elektroniczn\u0105).<\/p>\n\n\n\n<p>Odst\u0119puj\u0105c od umowy, mog\u0105 Pa\u0144stwo skorzysta\u0107 z wzoru formularza odst\u0105pienia od umowy, jednak nie jest to obowi\u0105zkowe. Wz\u00f3r formularza znajduje si\u0119 w za\u0142\u0105czeniu do regulaminu \u015bwiadczenia us\u0142ug drog\u0105 elektroniczn\u0105 w ramach Sklepu.<\/p>\n\n\n\n<p><strong>SKUTKI ODST\u0104PIENIA OD UMOWY<\/strong><\/p>\n\n\n\n<p>W przypadku odst\u0105pienia od niniejszej umowy zwracamy Pa\u0144stwu wszystkie otrzymane od Pa\u0144stwa p\u0142atno\u015bci, w tym koszty dostarczenia rzeczy (z wyj\u0105tkiem dodatkowych koszt\u00f3w wynikaj\u0105cych z wybranego przez Pa\u0144stwa sposobu dostarczenia innego ni\u017c najta\u0144szy zwyk\u0142y spos\u00f3b dostarczenia oferowany przez nas), niezw\u0142ocznie, a w ka\u017cdym przypadku nie p\u00f3\u017aniej ni\u017c 14 dni od dnia, w kt\u00f3rym zostali\u015bmy poinformowani o Pa\u0144stwa decyzji o wykonaniu prawa odst\u0105pienia od niniejszej umowy.<\/p>\n\n\n\n<p>Zwrotu p\u0142atno\u015bci dokonamy przy u\u017cyciu takich samych sposob\u00f3w p\u0142atno\u015bci, jakie zosta\u0142y przez Pa\u0144stwa u\u017cyte w pierwotnej transakcji, chyba \u017ce wyra\u017anie zgodzili\u015bcie si\u0119 Pa\u0144stwo na inne rozwi\u0105zanie; w ka\u017cdym przypadku nie ponios\u0105 Pa\u0144stwo \u017cadnych op\u0142at w zwi\u0105zku z tym zwrotem. Mo\u017cemy wstrzyma\u0107 si\u0119 ze zwrotem p\u0142atno\u015bci do czasu otrzymania rzeczy lub do czasu dostarczenia nam dowodu jej odes\u0142ania, w zale\u017cno\u015bci od tego, kt\u00f3re zdarzenie nast\u0105pi wcze\u015bniej.<\/p>\n\n\n\n<p>Je\u017celi otrzymali Pa\u0144stwo rzeczy w zwi\u0105zku z umow\u0105 prosimy odes\u0142a\u0107 lub przekaza\u0107 nam rzecz pod adres Sovalab, Kalwaryjska 69\/9, 30-504 Krak\u00f3w, niezw\u0142ocznie, a w ka\u017cdym razie nie p\u00f3\u017aniej ni\u017c 14 dni od dnia, w kt\u00f3rym poinformowali nas Pa\u0144stwo o odst\u0105pieniu od niniejszej umowy. Termin jest zachowany, je\u017celi ode\u015bl\u0105 Pa\u0144stwo rzecz przed up\u0142ywem terminu 14 dni.<\/p>\n\n\n\n<p>Informujemy, \u017ce b\u0119d\u0105 Pa\u0144stwo musieli ponie\u015b\u0107 bezpo\u015brednie koszty zwrotu rzeczy. Je\u017celi ze wzgl\u0119du na sw\u00f3j charakter rzecz nie mo\u017ce zosta\u0107 w zwyk\u0142y spos\u00f3b odes\u0142ana poczt\u0105, b\u0119d\u0105 Pa\u0144stwo musieli ponie\u015b\u0107 bezpo\u015brednie koszty zwrotu rzeczy. Wysoko\u015b\u0107 tych koszt\u00f3w szacowana jest maksymalnie na kwot\u0119 oko\u0142o 16,00 PLN.<\/p>\n\n\n\n<p>Odpowiadaj\u0105 Pa\u0144stwo tylko za zmniejszenie warto\u015bci rzeczy wynikaj\u0105ce z korzystania z niej w spos\u00f3b inny ni\u017c by\u0142o to konieczne do stwierdzenia charakteru, cech i funkcjonowania rzeczy.<\/p>\n\n\n\n<p><strong>WY\u0141\u0104CZENIE PRAWA ODST\u0104PIENIA OD UMOWY<\/strong><\/p>\n\n\n\n<p>Prawo odst\u0105pienia od umowy zawartej poza lokalem przedsi\u0119biorstwa lub na odleg\u0142o\u015b\u0107 nie przys\u0142uguje konsumentowi w odniesieniu do umowy, w kt\u00f3rej przedmiotem \u015bwiadczenia s\u0105 rzeczy, kt\u00f3re po dostarczeniu, ze wzgl\u0119du na sw\u00f3j charakter, zostaj\u0105 nieroz\u0142\u0105cznie po\u0142\u0105czone z innymi rzeczami;<\/p>\n\n\n\n<hr class=\"wp-block-separator has-alpha-channel-opacity\"\/>\n\n\n\n<p><strong>WZ\u00d3R FORMULARZA ODST\u0104PIENIA OD UMOWY<\/strong><\/p>\n\n\n\n<p><em>(formularz ten nale\u017cy wype\u0142ni\u0107 i odes\u0142a\u0107 tylko w przypadku ch\u0119ci odst\u0105pienia od umowy)<\/em><\/p>\n\n\n\n<p><strong>Adresat<\/strong>: Sovalab, Kalwaryjska 69\/9, 30-504 Krak\u00f3w | info@sovalab.pl<\/p>\n\n\n\n<p>Ja\/My(*) niniejszym informuj\u0119\/informujemy(*) o moim\/naszym odst\u0105pieniu od umowy sprzeda\u017cy nast\u0119puj\u0105cych rzeczy(*) umowy dostawy nast\u0119puj\u0105cych rzeczy(*) umowy o dzie\u0142o polegaj\u0105cej na wykonaniu nast\u0119puj\u0105cych rzeczy(*)\/o \u015bwiadczenie nast\u0119puj\u0105cej us\u0142ugi(*):<\/p>\n\n\n\n<p><strong>Data zawarcia umowy(*)\/odbioru(*)<\/strong>:<\/p>\n\n\n\n<p><strong>Imi\u0119 i nazwisko konsumenta(-\u00f3w)<\/strong>:<\/p>\n\n\n\n<p><strong>Adres konsumenta(-\u00f3w)<\/strong>:<\/p>\n\n\n\n<p><strong>Podpis konsumenta(-\u00f3w)<\/strong>:<\/p>\n\n\n\n<p><em>(tylko je\u017celi formularz jest przesy\u0142any w wersji papierowej)<\/em><\/p>\n\n\n\n<p><strong>Data<\/strong>:<\/p>\n\n\n\n<p><em>(*) Niepotrzebne skre\u015bli\u0107.<strong>&nbsp;<\/strong><\/em><\/p>\n\n\n\n<hr class=\"wp-block-separator has-alpha-channel-opacity\"\/>\n\n\n\n<p><strong>FORMULARZ REKLAMACYJNY<\/strong><\/p>\n\n\n\n<p><em>(formularz ten mo\u017cna wype\u0142ni\u0107 i odes\u0142a\u0107 w przypadku ch\u0119ci zg\u0142oszenia reklamacji&nbsp;<strong>z tytu\u0142u r\u0119kojmi<\/strong>)<\/em><\/p>\n\n\n\n<p><strong>Adresat<\/strong>: Sovalab, Kalwaryjska 69\/9, 30-504 Krak\u00f3w<\/p>\n\n\n\n<p><strong>Imi\u0119 i nazwisko lub nazwa Klienta<\/strong>:<\/p>\n\n\n\n<p><strong>Adres Klienta:<\/strong><\/p>\n\n\n\n<p><strong>Nr telefonu Klienta:<\/strong><\/p>\n\n\n\n<p><strong>Adres e-mail Klienta:<\/strong><\/p>\n\n\n\n<p>Jako&nbsp;<strong>dane kontaktowe, kt\u00f3re pos\u0142u\u017c\u0105 udzieleniu odpowiedzi na reklamacj\u0119<\/strong>oraz prowadzeniu korespondencji z ni\u0105 zwi\u0105zanej, wskazuj\u0119:<\/p>\n\n\n\n<ul class=\"wp-block-list\">\n<li>adres pocztowy:<\/li>\n\n\n\n<li>adres e-mail:<\/li>\n<\/ul>\n\n\n\n<p><strong>Reklamacja dotyczy:&nbsp;<\/strong><\/p>\n\n\n\n<ul class=\"wp-block-list\">\n<li>umowy sprzeda\u017cy z dnia __________ towaru:<\/li>\n\n\n\n<li>umowy o \u015bwiadczenie innej us\u0142ugi:<\/li>\n\n\n\n<li>inne:<\/li>\n<\/ul>\n\n\n\n<p><strong>Data stwierdzenia przyczyny reklamacji:&nbsp;<\/strong><\/p>\n\n\n\n<p><strong>Opis problemu:<\/strong><\/p>\n\n\n\n<p><strong>\u017b\u0105danie reklamacji (nale\u017cy zaznaczy\u0107):<\/strong><\/p>\n\n\n\n<ul class=\"wp-block-list\">\n<li>usuni\u0119cie wady towaru lub us\u0142ugi<\/li>\n\n\n\n<li>wymiana towaru na wolny od wad<\/li>\n\n\n\n<li>obni\u017cenie ceny towaru<\/li>\n\n\n\n<li>odst\u0105pienie od umowy<\/li>\n<\/ul>\n\n\n\n<p><strong>Sprzedawca informuje, \u017ce:<\/strong><\/p>\n\n\n\n<p>Towary mog\u0105 by\u0107 obj\u0119te gwarancj\u0105 producenta lub dystrybutora. W takim przypadku, Klient jest uprawniony do reklamowania towaru przy zastosowaniu uprawnie\u0144 wynikaj\u0105cych z gwarancji, poprzez dokonanie reklamacji do gwaranta. Z\u0142o\u017cenie reklamacji do gwaranta mo\u017ce zosta\u0107 dokonane za po\u015brednictwem Sprzedawcy lub bezpo\u015brednio do gwaranta. Klient mo\u017ce wykonywa\u0107 uprawnienia z tytu\u0142u r\u0119kojmi za wady fizyczne towaru niezale\u017cnie od uprawnie\u0144 wynikaj\u0105cych z ewentualnej gwarancji.<strong>&nbsp;&nbsp;&nbsp;&nbsp;&nbsp;&nbsp;&nbsp;&nbsp;&nbsp;&nbsp;&nbsp;&nbsp;&nbsp;&nbsp;&nbsp;&nbsp;&nbsp;&nbsp;&nbsp;&nbsp;&nbsp;&nbsp;&nbsp;&nbsp;&nbsp;&nbsp;&nbsp;&nbsp;&nbsp;&nbsp;&nbsp;&nbsp;&nbsp;&nbsp;&nbsp;&nbsp;&nbsp;&nbsp;&nbsp;&nbsp;&nbsp;&nbsp;&nbsp;&nbsp;&nbsp;&nbsp;&nbsp;&nbsp;&nbsp;&nbsp;&nbsp;&nbsp;&nbsp;&nbsp;&nbsp;&nbsp;&nbsp;&nbsp; &nbsp;&nbsp;&nbsp;&nbsp;&nbsp;&nbsp;&nbsp;&nbsp;&nbsp;&nbsp;&nbsp;&nbsp;&nbsp;&nbsp;&nbsp;&nbsp;&nbsp;&nbsp;&nbsp;&nbsp;<\/strong><\/p>\n\n\n\n<p><strong>Podpis sk\u0142adaj\u0105cego:<\/strong><\/p>\n","protected":false},"excerpt":{"rendered":"<p>INFORMACJE DOTYCZ\u0104CE KORZYSTANIA Z PRAWA ODST\u0104PIENIA OD UMOWY POUCZENIE O ODST\u0104PIENIU OD UMOWY B\u0119d\u0105c Konsumentem, masz prawo odst\u0105pi\u0107 od umowy zawartej w naszym Sklepie w terminie 14 dni bez podania jakiejkolwiek przyczyny, z zastrze\u017ceniem przypadk\u00f3w wskazanych w cz\u0119\u015bci \u201ewy\u0142\u0105czenie prawa&#8230;<\/p>\n","protected":false},"author":1,"featured_media":10037200,"parent":0,"menu_order":0,"comment_status":"closed","ping_status":"closed","template":"","meta":{"footnotes":""},"class_list":["post-10037607","page","type-page","status-publish","has-post-thumbnail"],"_links":{"self":[{"href":"https:\/\/sovalab.pl\/en\/wp-json\/wp\/v2\/pages\/10037607","targetHints":{"allow":["GET"]}}],"collection":[{"href":"https:\/\/sovalab.pl\/en\/wp-json\/wp\/v2\/pages"}],"about":[{"href":"https:\/\/sovalab.pl\/en\/wp-json\/wp\/v2\/types\/page"}],"author":[{"embeddable":true,"href":"https:\/\/sovalab.pl\/en\/wp-json\/wp\/v2\/users\/1"}],"replies":[{"embeddable":true,"href":"https:\/\/sovalab.pl\/en\/wp-json\/wp\/v2\/comments?post=10037607"}],"version-history":[{"count":0,"href":"https:\/\/sovalab.pl\/en\/wp-json\/wp\/v2\/pages\/10037607\/revisions"}],"wp:featuredmedia":[{"embeddable":true,"href":"https:\/\/sovalab.pl\/en\/wp-json\/wp\/v2\/media\/10037200"}],"wp:attachment":[{"href":"https:\/\/sovalab.pl\/en\/wp-json\/wp\/v2\/media?parent=10037607"}],"curies":[{"name":"wp","href":"https:\/\/api.w.org\/{rel}","templated":true}]}}