
{"id":10041262,"date":"2024-07-08T09:03:30","date_gmt":"2024-07-08T07:03:30","guid":{"rendered":"https:\/\/sovalab.pl\/?page_id=10041262"},"modified":"2025-08-20T13:04:32","modified_gmt":"2025-08-20T11:04:32","slug":"koszyk","status":"publish","type":"page","link":"https:\/\/sovalab.pl\/en\/koszyk\/","title":{"rendered":"Koszyk"},"content":{"rendered":"\n<div data-block-name=\"woocommerce\/cart\" class=\"wp-block-woocommerce-cart alignwide is-loading wc-block-cart\">\n<div data-block-name=\"woocommerce\/filled-cart-block\" class=\"wp-block-woocommerce-filled-cart-block\">\n<div data-block-name=\"woocommerce\/cart-items-block\" class=\"wp-block-woocommerce-cart-items-block\">\n<div data-block-name=\"woocommerce\/cart-line-items-block\" class=\"wp-block-woocommerce-cart-line-items-block\"><\/div>\n\n\n\n<div data-block-name=\"woocommerce\/cart-cross-sells-block\" class=\"wp-block-woocommerce-cart-cross-sells-block\">\n<h2 class=\"wp-block-heading has-large-font-size\">Zobacz inne r\u00f3wnie interesuj\u0105ce\u2026<\/h2>\n\n\n\n<div data-block-name=\"woocommerce\/cart-cross-sells-products-block\" class=\"wp-block-woocommerce-cart-cross-sells-products-block\"><\/div>\n<\/div>\n<\/div>\n\n\n\n<div data-block-name=\"woocommerce\/cart-totals-block\" class=\"wp-block-woocommerce-cart-totals-block\">\n<div data-block-name=\"woocommerce\/cart-order-summary-block\" class=\"wp-block-woocommerce-cart-order-summary-block\">\n<div data-block-name=\"woocommerce\/cart-order-summary-heading-block\" data-content=\"Podsumowanie koszyka\" class=\"wp-block-woocommerce-cart-order-summary-heading-block\"><\/div>\n\n\n\n<div data-block-name=\"woocommerce\/cart-order-summary-coupon-form-block\" class=\"wp-block-woocommerce-cart-order-summary-coupon-form-block\"><\/div>\n\n\n\n<div data-block-name=\"woocommerce\/cart-order-summary-totals-block\" class=\"wp-block-woocommerce-cart-order-summary-totals-block\">\n<div data-block-name=\"woocommerce\/cart-order-summary-subtotal-block\" class=\"wp-block-woocommerce-cart-order-summary-subtotal-block\"><\/div>\n\n\n\n<div data-block-name=\"woocommerce\/cart-order-summary-fee-block\" class=\"wp-block-woocommerce-cart-order-summary-fee-block\"><\/div>\n\n\n\n<div data-block-name=\"woocommerce\/cart-order-summary-discount-block\" class=\"wp-block-woocommerce-cart-order-summary-discount-block\"><\/div>\n\n\n\n<div data-block-name=\"woocommerce\/cart-order-summary-shipping-block\" class=\"wp-block-woocommerce-cart-order-summary-shipping-block\"><\/div>\n\n\n\n<div data-block-name=\"woocommerce\/cart-order-summary-taxes-block\" class=\"wp-block-woocommerce-cart-order-summary-taxes-block\"><\/div>\n<\/div>\n<\/div>\n\n\n\n<div data-block-name=\"woocommerce\/cart-express-payment-block\" class=\"wp-block-woocommerce-cart-express-payment-block\"><\/div>\n\n\n\n<div data-block-name=\"woocommerce\/proceed-to-checkout-block\" class=\"wp-block-woocommerce-proceed-to-checkout-block\"><\/div>\n\n\n\n<div data-block-name=\"woocommerce\/cart-accepted-payment-methods-block\" class=\"wp-block-woocommerce-cart-accepted-payment-methods-block\"><\/div>\n<\/div>\n<\/div>\n\n\n\n<div data-block-name=\"woocommerce\/empty-cart-block\" class=\"wp-block-woocommerce-empty-cart-block\">\n<h2 class=\"wp-block-heading has-text-align-center with-empty-cart-icon wc-block-cart__empty-cart__title\">Tw\u00f3j koszyk jest obecnie pusty!<\/h2>\n\n\n\n<p class=\"has-text-align-center\"><a href=\"https:\/\/sovalab.pl\/sklep\/\">Browse store<\/a><\/p>\n\n\n\n<hr class=\"wp-block-separator has-alpha-channel-opacity is-style-dots\"\/>\n\n\n\n<h2 class=\"wp-block-heading has-text-align-center\">Nowe w sklepie<\/h2>\n\n\n<div data-block-name=\"woocommerce\/product-new\" data-columns=\"4\" data-rows=\"1\" class=\"wc-block-grid wp-block-product-new wp-block-woocommerce-product-new wc-block-product-new has-4-columns\"><ul class=\"wc-block-grid__products\"><li class=\"wc-block-grid__product\">\n\t\t\t\t<a href=\"https:\/\/sovalab.pl\/en\/mini-magnetyczne-zlacze-port-do-odkurzacza-starmix\/\" class=\"wc-block-grid__product-link\">\n\t\t\t\t\t\n\t\t\t\t\t<div class=\"wc-block-grid__product-image\"><img loading=\"lazy\" decoding=\"async\" width=\"300\" height=\"300\" src=\"https:\/\/sovalab.pl\/wp-content\/uploads\/2026\/04\/MINI-starmix-300x300.png\" class=\"attachment-woocommerce_thumbnail size-woocommerce_thumbnail\" alt=\"MINI Magnetyczne Z\u0142\u0105cze PORT do odkurzacza STARMIX\" srcset=\"https:\/\/sovalab.pl\/wp-content\/uploads\/2026\/04\/MINI-starmix-300x300.png 300w, https:\/\/sovalab.pl\/wp-content\/uploads\/2026\/04\/MINI-starmix-1024x1024.png 1024w, https:\/\/sovalab.pl\/wp-content\/uploads\/2026\/04\/MINI-starmix-150x150.png 150w, https:\/\/sovalab.pl\/wp-content\/uploads\/2026\/04\/MINI-starmix-768x768.png 768w, https:\/\/sovalab.pl\/wp-content\/uploads\/2026\/04\/MINI-starmix-140x140.png 140w, https:\/\/sovalab.pl\/wp-content\/uploads\/2026\/04\/MINI-starmix-100x100.png 100w, https:\/\/sovalab.pl\/wp-content\/uploads\/2026\/04\/MINI-starmix-350x350.png 350w, https:\/\/sovalab.pl\/wp-content\/uploads\/2026\/04\/MINI-starmix-800x800.png 800w, https:\/\/sovalab.pl\/wp-content\/uploads\/2026\/04\/MINI-starmix.png 1424w\" sizes=\"auto, (max-width: 300px) 100vw, 300px\" title=\"\"><\/div>\n\t\t\t\t\t<div class=\"wc-block-grid__product-title\">MINI Magnetyczne Z\u0142\u0105cze PORT do odkurzacza STARMIX<\/div>\n\t\t\t\t<\/a>\n\t\t\t\t<div class=\"wc-block-grid__product-price price\"><span class=\"woocommerce-Price-amount amount\">45,99&nbsp;<span class=\"woocommerce-Price-currencySymbol\">&#122;&#322;<\/span><\/span><\/div>\n\t\t\t\t\n\t\t\t\t<div class=\"wp-block-button wc-block-grid__product-add-to-cart\"><a href=\"\/en\/wp-json\/wp\/v2\/pages\/10041262?add-to-cart=10053591\" aria-label=\"Add to cart: &ldquo;MINI Magnetyczne Z\u0142\u0105cze PORT do odkurzacza STARMIX&rdquo;\" data-quantity=\"1\" data-product_id=\"10053591\" data-product_sku=\"MS-MINI-STARMIXNOZZLE\" data-price=\"45.99\" rel=\"nofollow\" class=\"wp-block-button__link  add_to_cart_button ajax_add_to_cart\">Add to cart<\/a><\/div>\n\t\t\t<\/li><li class=\"wc-block-grid__product\">\n\t\t\t\t<a href=\"https:\/\/sovalab.pl\/en\/skladany-kolowrotek-stojak-na-wloczke-yarn-spinner-spring-vibe\/\" class=\"wc-block-grid__product-link\">\n\t\t\t\t\t\n\t\t\t\t\t<div class=\"wc-block-grid__product-image\"><img loading=\"lazy\" decoding=\"async\" width=\"300\" height=\"300\" src=\"https:\/\/sovalab.pl\/wp-content\/uploads\/2026\/03\/spring_vibe_yarn_spinner_1-300x300.png\" class=\"attachment-woocommerce_thumbnail size-woocommerce_thumbnail\" alt=\"Sk\u0142adany ko\u0142owrotek - stojak na w\u0142\u00f3czk\u0119 | Yarn spinner - SPRING VIBE\" srcset=\"https:\/\/sovalab.pl\/wp-content\/uploads\/2026\/03\/spring_vibe_yarn_spinner_1-300x300.png 300w, https:\/\/sovalab.pl\/wp-content\/uploads\/2026\/03\/spring_vibe_yarn_spinner_1-150x150.png 150w, https:\/\/sovalab.pl\/wp-content\/uploads\/2026\/03\/spring_vibe_yarn_spinner_1-140x140.png 140w, https:\/\/sovalab.pl\/wp-content\/uploads\/2026\/03\/spring_vibe_yarn_spinner_1-100x100.png 100w, https:\/\/sovalab.pl\/wp-content\/uploads\/2026\/03\/spring_vibe_yarn_spinner_1-350x350.png 350w, https:\/\/sovalab.pl\/wp-content\/uploads\/2026\/03\/spring_vibe_yarn_spinner_1-800x800.png 800w\" sizes=\"auto, (max-width: 300px) 100vw, 300px\" title=\"\"><\/div>\n\t\t\t\t\t<div class=\"wc-block-grid__product-title\">Sk\u0142adany ko\u0142owrotek &#8211; stojak na w\u0142\u00f3czk\u0119 | Yarn spinner &#8211; SPRING VIBE<\/div>\n\t\t\t\t<\/a>\n\t\t\t\t<div class=\"wc-block-grid__product-price price\"><span class=\"woocommerce-Price-amount amount\">139,00&nbsp;<span class=\"woocommerce-Price-currencySymbol\">&#122;&#322;<\/span><\/span><\/div>\n\t\t\t\t\n\t\t\t\t<div class=\"wp-block-button wc-block-grid__product-add-to-cart\"><a href=\"\/en\/wp-json\/wp\/v2\/pages\/10041262?add-to-cart=10053298\" aria-label=\"Add to cart: &ldquo;Sk\u0142adany ko\u0142owrotek - stojak na w\u0142\u00f3czk\u0119 | Yarn spinner - SPRING VIBE&rdquo;\" data-quantity=\"1\" data-product_id=\"10053298\" data-product_sku=\"magnetic-yarnholder-SPRING-VIBE\" data-price=\"139\" rel=\"nofollow\" class=\"wp-block-button__link  add_to_cart_button ajax_add_to_cart\">Add to cart<\/a><\/div>\n\t\t\t<\/li><li class=\"wc-block-grid__product\">\n\t\t\t\t<a href=\"https:\/\/sovalab.pl\/en\/adapter-festool-ct-odkurzacz-stanley\/\" class=\"wc-block-grid__product-link\">\n\t\t\t\t\t\n\t\t\t\t\t<div class=\"wc-block-grid__product-image\"><img loading=\"lazy\" decoding=\"async\" width=\"300\" height=\"300\" src=\"https:\/\/sovalab.pl\/wp-content\/uploads\/2026\/03\/Adapter-Festool-CT-Odkurzacz-Stanley-300x300.png\" class=\"attachment-woocommerce_thumbnail size-woocommerce_thumbnail\" alt=\"adapter Festool Ct Odkurzacz Stanley\" srcset=\"https:\/\/sovalab.pl\/wp-content\/uploads\/2026\/03\/Adapter-Festool-CT-Odkurzacz-Stanley-300x300.png 300w, https:\/\/sovalab.pl\/wp-content\/uploads\/2026\/03\/Adapter-Festool-CT-Odkurzacz-Stanley-1024x1024.png 1024w, https:\/\/sovalab.pl\/wp-content\/uploads\/2026\/03\/Adapter-Festool-CT-Odkurzacz-Stanley-150x150.png 150w, https:\/\/sovalab.pl\/wp-content\/uploads\/2026\/03\/Adapter-Festool-CT-Odkurzacz-Stanley-768x768.png 768w, https:\/\/sovalab.pl\/wp-content\/uploads\/2026\/03\/Adapter-Festool-CT-Odkurzacz-Stanley-140x140.png 140w, https:\/\/sovalab.pl\/wp-content\/uploads\/2026\/03\/Adapter-Festool-CT-Odkurzacz-Stanley-100x100.png 100w, https:\/\/sovalab.pl\/wp-content\/uploads\/2026\/03\/Adapter-Festool-CT-Odkurzacz-Stanley-350x350.png 350w, https:\/\/sovalab.pl\/wp-content\/uploads\/2026\/03\/Adapter-Festool-CT-Odkurzacz-Stanley-800x800.png 800w, https:\/\/sovalab.pl\/wp-content\/uploads\/2026\/03\/Adapter-Festool-CT-Odkurzacz-Stanley.png 1428w\" sizes=\"auto, (max-width: 300px) 100vw, 300px\" title=\"\"><\/div>\n\t\t\t\t\t<div class=\"wc-block-grid__product-title\">Adapter Festool CT &#8211; Odkurzacz Stanley<\/div>\n\t\t\t\t<\/a>\n\t\t\t\t<div class=\"wc-block-grid__product-price price\"><span class=\"woocommerce-Price-amount amount\">49,00&nbsp;<span class=\"woocommerce-Price-currencySymbol\">&#122;&#322;<\/span><\/span><\/div>\n\t\t\t\t\n\t\t\t\t<div class=\"wp-block-button wc-block-grid__product-add-to-cart\"><a href=\"\/en\/wp-json\/wp\/v2\/pages\/10041262?add-to-cart=10053266\" aria-label=\"Add to cart: &ldquo;Adapter Festool CT - Odkurzacz Stanley&rdquo;\" data-quantity=\"1\" data-product_id=\"10053266\" data-product_sku=\"Adpater-FestoolCT-Vc-Stanley\" data-price=\"49\" rel=\"nofollow\" class=\"wp-block-button__link  add_to_cart_button ajax_add_to_cart\">Add to cart<\/a><\/div>\n\t\t\t<\/li><li class=\"wc-block-grid__product\">\n\t\t\t\t<a href=\"https:\/\/sovalab.pl\/en\/zero-clearance-insert-dewalt-dwe7492-dwe7491-dwe7480-dwe7490\/\" class=\"wc-block-grid__product-link\">\n\t\t\t\t\t\n\t\t\t\t\t<div class=\"wc-block-grid__product-image\"><img loading=\"lazy\" decoding=\"async\" width=\"300\" height=\"300\" src=\"https:\/\/sovalab.pl\/wp-content\/uploads\/2026\/02\/Untitled-300x300.png\" class=\"attachment-woocommerce_thumbnail size-woocommerce_thumbnail\" alt=\"Zero Clearance Insert Dewalt DWE7492 DWE7491 DWE7480 DWE7490\" srcset=\"https:\/\/sovalab.pl\/wp-content\/uploads\/2026\/02\/Untitled-300x300.png 300w, https:\/\/sovalab.pl\/wp-content\/uploads\/2026\/02\/Untitled-1024x1024.png 1024w, https:\/\/sovalab.pl\/wp-content\/uploads\/2026\/02\/Untitled-150x150.png 150w, https:\/\/sovalab.pl\/wp-content\/uploads\/2026\/02\/Untitled-768x768.png 768w, https:\/\/sovalab.pl\/wp-content\/uploads\/2026\/02\/Untitled-1536x1536.png 1536w, https:\/\/sovalab.pl\/wp-content\/uploads\/2026\/02\/Untitled-140x140.png 140w, https:\/\/sovalab.pl\/wp-content\/uploads\/2026\/02\/Untitled-100x100.png 100w, https:\/\/sovalab.pl\/wp-content\/uploads\/2026\/02\/Untitled-350x350.png 350w, https:\/\/sovalab.pl\/wp-content\/uploads\/2026\/02\/Untitled-800x800.png 800w, https:\/\/sovalab.pl\/wp-content\/uploads\/2026\/02\/Untitled.png 2000w\" sizes=\"auto, (max-width: 300px) 100vw, 300px\" title=\"\"><\/div>\n\t\t\t\t\t<div class=\"wc-block-grid__product-title\">Zero Clearance Insert Dewalt DWE7492 DWE7491 DWE7480 DWE7490<\/div>\n\t\t\t\t<\/a>\n\t\t\t\t<div class=\"wc-block-grid__product-price price\"><span class=\"woocommerce-Price-amount amount\">99,00&nbsp;<span class=\"woocommerce-Price-currencySymbol\">&#122;&#322;<\/span><\/span><\/div>\n\t\t\t\t\n\t\t\t\t<div class=\"wp-block-button wc-block-grid__product-add-to-cart\"><a href=\"\/en\/wp-json\/wp\/v2\/pages\/10041262?add-to-cart=10052771\" aria-label=\"Add to cart: &ldquo;Zero Clearance Insert Dewalt DWE7492 DWE7491 DWE7480 DWE7490&rdquo;\" data-quantity=\"1\" data-product_id=\"10052771\" data-product_sku=\"\" data-price=\"99\" rel=\"nofollow\" class=\"wp-block-button__link  add_to_cart_button ajax_add_to_cart\">Add to cart<\/a><\/div>\n\t\t\t<\/li><\/ul><\/div><\/div>\n<\/div>\n","protected":false},"excerpt":{"rendered":"Zobacz inne r\u00f3wnie interesuj\u0105ce\u2026 Tw\u00f3j koszyk jest obecnie pusty! Browse store Nowe w sklepie","protected":false},"author":1,"featured_media":0,"parent":0,"menu_order":0,"comment_status":"closed","ping_status":"closed","template":"","meta":{"footnotes":""},"class_list":["post-10041262","page","type-page","status-publish"],"_links":{"self":[{"href":"https:\/\/sovalab.pl\/en\/wp-json\/wp\/v2\/pages\/10041262","targetHints":{"allow":["GET"]}}],"collection":[{"href":"https:\/\/sovalab.pl\/en\/wp-json\/wp\/v2\/pages"}],"about":[{"href":"https:\/\/sovalab.pl\/en\/wp-json\/wp\/v2\/types\/page"}],"author":[{"embeddable":true,"href":"https:\/\/sovalab.pl\/en\/wp-json\/wp\/v2\/users\/1"}],"replies":[{"embeddable":true,"href":"https:\/\/sovalab.pl\/en\/wp-json\/wp\/v2\/comments?post=10041262"}],"version-history":[{"count":0,"href":"https:\/\/sovalab.pl\/en\/wp-json\/wp\/v2\/pages\/10041262\/revisions"}],"wp:attachment":[{"href":"https:\/\/sovalab.pl\/en\/wp-json\/wp\/v2\/media?parent=10041262"}],"curies":[{"name":"wp","href":"https:\/\/api.w.org\/{rel}","templated":true}]}}