
{"id":10045271,"date":"2025-02-04T15:23:14","date_gmt":"2025-02-04T14:23:14","guid":{"rendered":"https:\/\/sovalab.pl\/?page_id=10045271"},"modified":"2025-02-04T18:45:25","modified_gmt":"2025-02-04T17:45:25","slug":"zlacza-na-zamowienie","status":"publish","type":"page","link":"https:\/\/sovalab.pl\/en\/zlacza-na-zamowienie\/","title":{"rendered":"Z\u0142\u0105cza na zam\u00f3wienie"},"content":{"rendered":"[vc_row type=&#8221;full_width_background&#8221; full_screen_row_position=&#8221;middle&#8221; column_margin=&#8221;default&#8221; column_direction=&#8221;default&#8221; column_direction_tablet=&#8221;default&#8221; column_direction_phone=&#8221;default&#8221; scene_position=&#8221;center&#8221; top_padding=&#8221;6%&#8221; constrain_group_1=&#8221;yes&#8221; bottom_padding=&#8221;6%&#8221; text_color=&#8221;dark&#8221; text_align=&#8221;left&#8221; row_border_radius=&#8221;none&#8221; row_border_radius_applies=&#8221;bg&#8221; overflow=&#8221;visible&#8221; overlay_strength=&#8221;0.3&#8243; gradient_direction=&#8221;left_to_right&#8221; shape_divider_position=&#8221;bottom&#8221; bg_image_animation=&#8221;none&#8221; gradient_type=&#8221;default&#8221; shape_type=&#8221;&#8221;][vc_column column_padding=&#8221;no-extra-padding&#8221; column_padding_tablet=&#8221;inherit&#8221; column_padding_phone=&#8221;inherit&#8221; column_padding_position=&#8221;all&#8221; column_element_direction_desktop=&#8221;default&#8221; column_element_spacing=&#8221;default&#8221; desktop_text_alignment=&#8221;default&#8221; tablet_text_alignment=&#8221;default&#8221; phone_text_alignment=&#8221;default&#8221; background_color_opacity=&#8221;1&#8243; background_hover_color_opacity=&#8221;1&#8243; column_backdrop_filter=&#8221;none&#8221; column_shadow=&#8221;none&#8221; column_border_radius=&#8221;none&#8221; column_link_target=&#8221;_self&#8221; column_position=&#8221;default&#8221; gradient_direction=&#8221;left_to_right&#8221; overlay_strength=&#8221;0.3&#8243; width=&#8221;1\/1&#8243; tablet_width_inherit=&#8221;default&#8221; animation_type=&#8221;default&#8221; bg_image_animation=&#8221;none&#8221; border_type=&#8221;simple&#8221; column_border_width=&#8221;none&#8221; column_border_style=&#8221;solid&#8221;][vc_row_inner column_margin=&#8221;default&#8221; column_direction=&#8221;default&#8221; column_direction_tablet=&#8221;default&#8221; column_direction_phone=&#8221;default&#8221; text_align=&#8221;left&#8221; row_position=&#8221;default&#8221; row_position_tablet=&#8221;inherit&#8221; row_position_phone=&#8221;inherit&#8221; overflow=&#8221;visible&#8221; pointer_events=&#8221;all&#8221;][vc_column_inner column_padding=&#8221;no-extra-padding&#8221; column_padding_tablet=&#8221;inherit&#8221; column_padding_phone=&#8221;inherit&#8221; column_padding_position=&#8221;all&#8221; column_element_direction_desktop=&#8221;default&#8221; column_element_spacing=&#8221;0px&#8221; desktop_text_alignment=&#8221;default&#8221; tablet_text_alignment=&#8221;default&#8221; phone_text_alignment=&#8221;default&#8221; background_color_opacity=&#8221;1&#8243; background_hover_color_opacity=&#8221;1&#8243; column_backdrop_filter=&#8221;none&#8221; column_shadow=&#8221;none&#8221; column_border_radius=&#8221;none&#8221; column_link_target=&#8221;_self&#8221; overflow=&#8221;visible&#8221; gradient_direction=&#8221;left_to_right&#8221; overlay_strength=&#8221;0.3&#8243; width=&#8221;1\/3&#8243; tablet_width_inherit=&#8221;default&#8221; animation_type=&#8221;default&#8221; bg_image_animation=&#8221;none&#8221; border_type=&#8221;simple&#8221; column_border_width=&#8221;none&#8221; column_border_style=&#8221;solid&#8221; column_padding_type=&#8221;default&#8221; gradient_type=&#8221;default&#8221;][vc_column_text css=&#8221;&#8221; text_direction=&#8221;default&#8221;]\n<h6>Informacje dotycz\u0105ce produkcji indywidualnej<\/h6>\n[\/vc_column_text][\/vc_column_inner][vc_column_inner right_padding_desktop=&#8221;15%&#8221; right_padding_tablet=&#8221;0&#8243; column_element_direction_desktop=&#8221;default&#8221; column_element_spacing=&#8221;30px&#8221; desktop_text_alignment=&#8221;default&#8221; tablet_text_alignment=&#8221;default&#8221; phone_text_alignment=&#8221;default&#8221; background_color_opacity=&#8221;1&#8243; background_hover_color_opacity=&#8221;1&#8243; column_backdrop_filter=&#8221;none&#8221; column_shadow=&#8221;none&#8221; column_border_radius=&#8221;none&#8221; column_link_target=&#8221;_self&#8221; overflow=&#8221;visible&#8221; gradient_direction=&#8221;left_to_right&#8221; overlay_strength=&#8221;0.3&#8243; width=&#8221;2\/3&#8243; tablet_width_inherit=&#8221;default&#8221; animation_type=&#8221;default&#8221; bg_image_animation=&#8221;none&#8221; border_type=&#8221;simple&#8221; column_border_width=&#8221;none&#8221; column_border_style=&#8221;solid&#8221; column_padding_type=&#8221;advanced&#8221; gradient_type=&#8221;default&#8221;][nectar_responsive_text inherited_font_style=&#8221;default&#8221; font_size_desktop=&#8221;1.5em&#8221; font_line_height=&#8221;1.6&#8243; text_direction=&#8221;default&#8221; font_size_tablet=&#8221;1em&#8221;]W sklepie internetowym trudno jest mie\u0107 adaptery do wszystkich urz\u0105dze\u0144 i przechowywa\u0107 je na stanie. Niekt\u00f3re urz\u0105dzenia s\u0105 na tyle rzadko spotykane, \u017ce ich seryjna produkcja nie ma ekonomicznego uzasadnienia. Dlatego oferuj\u0119 us\u0142ug\u0119 wykonania adapter\u00f3w na zam\u00f3wienie.<\/p>\n<p>Dane potrzebne do wykonania adaptera na zam\u00f3wienie:<\/p>\n<p><strong>\u015arednica zewn\u0119trzna &#8211; \u015arednica wewn\u0119trzna &#8211; D\u0142ugo\u015b\u0107 kr\u00f3\u0107ca<\/strong><\/p>\n<p>(mo\u017cna sugerowa\u0107 si\u0119 poni\u017cszym schematem):<\/p>\n<p><img loading=\"lazy\" decoding=\"async\" class=\"aligncenter wp-image-10045272\" src=\"https:\/\/sovalab.pl\/wp-content\/uploads\/2025\/02\/IMG_5393-300x300.jpeg\" alt=\"Img 5393\" width=\"515\" height=\"515\" title=\"\" srcset=\"https:\/\/sovalab.pl\/wp-content\/uploads\/2025\/02\/IMG_5393-300x300.jpeg 300w, https:\/\/sovalab.pl\/wp-content\/uploads\/2025\/02\/IMG_5393-150x150.jpeg 150w, https:\/\/sovalab.pl\/wp-content\/uploads\/2025\/02\/IMG_5393-1024x1024.jpeg 1024w, https:\/\/sovalab.pl\/wp-content\/uploads\/2025\/02\/IMG_5393-768x768.jpeg 768w, https:\/\/sovalab.pl\/wp-content\/uploads\/2025\/02\/IMG_5393-1536x1536.jpeg 1536w, https:\/\/sovalab.pl\/wp-content\/uploads\/2025\/02\/IMG_5393-2048x2048.jpeg 2048w, https:\/\/sovalab.pl\/wp-content\/uploads\/2025\/02\/IMG_5393-140x140.jpeg 140w, https:\/\/sovalab.pl\/wp-content\/uploads\/2025\/02\/IMG_5393-500x500.jpeg 500w, https:\/\/sovalab.pl\/wp-content\/uploads\/2025\/02\/IMG_5393-350x350.jpeg 350w, https:\/\/sovalab.pl\/wp-content\/uploads\/2025\/02\/IMG_5393-800x800.jpeg 800w, https:\/\/sovalab.pl\/wp-content\/uploads\/2025\/02\/IMG_5393-50x50.jpeg 50w, https:\/\/sovalab.pl\/wp-content\/uploads\/2025\/02\/IMG_5393-100x100.jpeg 100w, https:\/\/sovalab.pl\/wp-content\/uploads\/2025\/02\/IMG_5393-scaled.jpeg 1920w\" sizes=\"auto, (max-width: 515px) 100vw, 515px\" \/><\/p>\n<p>&nbsp;<\/p>\n<p>Prosz\u0119 dokona\u0107 pomiar\u00f3w za pomoc\u0105 suwmiarki \u2013 najlepiej cyfrowej, aby zapewni\u0107 jak najwi\u0119ksz\u0105 precyzj\u0119. Niestety, nie mog\u0119 realizowa\u0107 zam\u00f3wie\u0144 na podstawie pomiar\u00f3w wykonanych linijk\u0105. Dodatkowo prosz\u0119 o przes\u0142anie zdj\u0119\u0107 przedstawiaj\u0105cych pomiar w ca\u0142o\u015bci (w przypadku suwmiarki analogowej \u2013 z widoczn\u0105 skal\u0105 noniusza).<\/p>\n<p><strong>Uwagi dotycz\u0105ce precyzji pomiar\u00f3w:<\/strong><\/p>\n<p>Najlepszym rozwi\u0105zaniem by\u0142oby dostarczenie urz\u0105dzenia do mnie, abym m\u00f3g\u0142 dokona\u0107 pomiar\u00f3w osobi\u015bcie. Cz\u0119sto jednak nie jest to mo\u017cliwe lub zbyt czasoch\u0142onne. Pomiar wykonany przez klienta na podstawie zdj\u0119\u0107 mo\u017ce skutkowa\u0107 nieprzewidzianymi tolerancjami lub problemami, takimi jak:<\/p>\n<ul>\n<li>B\u0142\u0119dy pomiarowe, kt\u00f3re mog\u0105 sprawi\u0107, \u017ce adapter b\u0119dzie zbyt lu\u017any, zbyt ciasny lub niemo\u017cliwy do zamontowania.<\/li>\n<li>Problemy konstrukcyjne, np. adapter mo\u017ce kolidowa\u0107 z innymi elementami i wymaga\u0107 zmiany k\u0105ta monta\u017cu.<\/li>\n<\/ul>\n<p><strong>Zasady dotycz\u0105ce zam\u00f3wie\u0144 specjalnych:<\/strong><\/p>\n<p>Zam\u00f3wienia specjalne podlegaj\u0105 nast\u0119puj\u0105cym ograniczeniom:<\/p>\n<ul>\n<li>Brak mo\u017cliwo\u015bci zwrotu \u2013 prawo do zwrotu w ci\u0105gu 14 dni nie obejmuje produkt\u00f3w wykonanych na specjalne zam\u00f3wienie, w tym r\u00f3wnie\u017c standardowych adapter\u00f3w zam\u00f3wionych w niestandardowych kolorach.<\/li>\n<li>Brak mo\u017cliwo\u015bci reklamacji, je\u015bli adapter nie pasuje \u2013 dotyczy to sytuacji, w kt\u00f3rych wykonany adapter odpowiada podanym przez klienta wymiarom, ale mimo to nie spe\u0142nia jego oczekiwa\u0144.<\/li>\n<\/ul>\n<p>&nbsp;<\/p>\n<p><strong>Rozwi\u0105zania dla klient\u00f3w:<\/strong><\/p>\n<ul>\n<li>Zbyt lu\u017any adapter \u2013 mo\u017cna owin\u0105\u0107 go ta\u015bm\u0105 izolacyjn\u0105, a\u017c uzyska odpowiednie dopasowanie.<\/li>\n<li>Zbyt ciasny adapter \u2013 mo\u017cna delikatnie podgrza\u0107 go suszark\u0105 do w\u0142os\u00f3w, co mo\u017ce pom\u00f3c w rozszerzeniu materia\u0142u.<\/li>\n<li>Filamenty u\u017cywane w druku 3D (PLA, PCTG) reaguj\u0105 na warunki otoczenia i mog\u0105 nieznacznie zmienia\u0107 wymiary.<\/li>\n<\/ul>\n<p><strong>Procedura reklamacyjna:<\/strong><\/p>\n<p>W przypadku reklamacji klient musi przes\u0142a\u0107 zdj\u0119cia adaptera z widocznymi pomiarami \u015brednicy na przedniej i tylnej kraw\u0119dzi.<\/p>\n<p>Je\u015bli jednak adapter odpowiada podanym przez klienta wymiarom, klient ponosi koszty naprawy lub rezygnuje z korekty.<\/p>\n<p>Odchylenie o 0,4 mm jest akceptowalne w ramach tolerancji produkcyjnej.<\/p>\n<p><strong>Podsumowanie:<\/strong><\/p>\n<p>Bardzo wa\u017cne jest, aby pomiary by\u0142y jak najdok\u0142adniejsze i przekazane zgodnie z najlepsz\u0105 wiedz\u0105 i staranno\u015bci\u0105. Dok\u0142adam wszelkich stara\u0144, aby adaptery by\u0142y wykonane precyzyjnie, a w uzasadnionych przypadkach oferuj\u0119 elastyczne podej\u015bcie. Klient akceptuje powy\u017csze warunki, sk\u0142adaj\u0105c zam\u00f3wienie na produkcj\u0119 specjaln\u0105.[\/nectar_responsive_text][\/vc_column_inner][\/vc_row_inner][\/vc_column][\/vc_row]\n","protected":false},"excerpt":{"rendered":"<p>[vc_row type=&#8221;full_width_background&#8221; full_screen_row_position=&#8221;middle&#8221; column_margin=&#8221;default&#8221; column_direction=&#8221;default&#8221; column_direction_tablet=&#8221;default&#8221; column_direction_phone=&#8221;default&#8221; scene_position=&#8221;center&#8221; top_padding=&#8221;6%&#8221; constrain_group_1=&#8221;yes&#8221; bottom_padding=&#8221;6%&#8221; text_color=&#8221;dark&#8221; text_align=&#8221;left&#8221; row_border_radius=&#8221;none&#8221; row_border_radius_applies=&#8221;bg&#8221; overflow=&#8221;visible&#8221; overlay_strength=&#8221;0.3&#8243; gradient_direction=&#8221;left_to_right&#8221; shape_divider_position=&#8221;bottom&#8221; bg_image_animation=&#8221;none&#8221; gradient_type=&#8221;default&#8221; shape_type=&#8221;&#8221;][vc_column column_padding=&#8221;no-extra-padding&#8221; column_padding_tablet=&#8221;inherit&#8221; column_padding_phone=&#8221;inherit&#8221; column_padding_position=&#8221;all&#8221; column_element_direction_desktop=&#8221;default&#8221; column_element_spacing=&#8221;default&#8221; desktop_text_alignment=&#8221;default&#8221; tablet_text_alignment=&#8221;default&#8221; phone_text_alignment=&#8221;default&#8221; background_color_opacity=&#8221;1&#8243; background_hover_color_opacity=&#8221;1&#8243; column_backdrop_filter=&#8221;none&#8221; column_shadow=&#8221;none&#8221; column_border_radius=&#8221;none&#8221; column_link_target=&#8221;_self&#8221; column_position=&#8221;default&#8221; gradient_direction=&#8221;left_to_right&#8221; overlay_strength=&#8221;0.3&#8243;&#8230;<\/p>\n","protected":false},"author":1,"featured_media":0,"parent":0,"menu_order":0,"comment_status":"closed","ping_status":"closed","template":"","meta":{"footnotes":""},"class_list":["post-10045271","page","type-page","status-publish"],"_links":{"self":[{"href":"https:\/\/sovalab.pl\/en\/wp-json\/wp\/v2\/pages\/10045271","targetHints":{"allow":["GET"]}}],"collection":[{"href":"https:\/\/sovalab.pl\/en\/wp-json\/wp\/v2\/pages"}],"about":[{"href":"https:\/\/sovalab.pl\/en\/wp-json\/wp\/v2\/types\/page"}],"author":[{"embeddable":true,"href":"https:\/\/sovalab.pl\/en\/wp-json\/wp\/v2\/users\/1"}],"replies":[{"embeddable":true,"href":"https:\/\/sovalab.pl\/en\/wp-json\/wp\/v2\/comments?post=10045271"}],"version-history":[{"count":0,"href":"https:\/\/sovalab.pl\/en\/wp-json\/wp\/v2\/pages\/10045271\/revisions"}],"wp:attachment":[{"href":"https:\/\/sovalab.pl\/en\/wp-json\/wp\/v2\/media?parent=10045271"}],"curies":[{"name":"wp","href":"https:\/\/api.w.org\/{rel}","templated":true}]}}