
{"id":10025419,"date":"2020-12-27T15:31:23","date_gmt":"2020-12-27T14:31:23","guid":{"rendered":"https:\/\/sovalab.pl\/?post_type=product&#038;p=10025419"},"modified":"2026-05-06T11:39:41","modified_gmt":"2026-05-06T09:39:41","slug":"ksiazka-zywica-epoksydowa-poradnik-dla-poczatkujacych","status":"publish","type":"product","link":"https:\/\/sovalab.pl\/en\/ksiazka-zywica-epoksydowa-poradnik-dla-poczatkujacych\/","title":{"rendered":"Ksi\u0105\u017cka. \u017bywica epoksydowa dla pocz\u0105tkuj\u0105cych"},"content":{"rendered":"<p>Zastanawiasz si\u0119, jak zacz\u0105\u0107 z \u017cywic\u0105 epoksydow\u0105 i stworzy\u0107 wyj\u0105tkowe projekty DIY? Ksi\u0105\u017cka \u201e\u017bywica epoksydowa dla Pocz\u0105tkuj\u0105cych\u201d to niezb\u0119dny przewodnik, kt\u00f3ry krok po kroku przeprowadzi Ci\u0119 przez wszystkie etapy pracy z \u017cywic\u0105. Dowiesz si\u0119, jakie narz\u0119dzia s\u0105 niezb\u0119dne do pracy z \u017cywic\u0105 epoksydow\u0105, jak bezpiecznie przygotowa\u0107 \u017cywic\u0119 i z ni\u0105 pracowa\u0107 oraz jak unika\u0107 typowych b\u0142\u0119d\u00f3w w projektach DIY, od bi\u017cuterii po meble.<\/p>\n<p>Przedstawiamy pierwsz\u0105 w Polsce ksi\u0105\u017ck\u0119 o pracy z \u017cywic\u0105 epoksydow\u0105 przy projektach dekoracyjnych. To 220 stron opis\u00f3w, zdj\u0119\u0107 i do\u015bwiadcze\u0144, kt\u00f3re pomog\u0105 Ci w tworzeniu pi\u0119knych dzie\u0142 sztuki. Nauczysz si\u0119, jak miesza\u0107 kolory, jak wyko\u0144czy\u0107 boki i ty\u0142, a tak\u017ce jak wykona\u0107 w\u0142asny st\u00f3\u0142 LIVE EDGE oraz RIVER TABLE.<\/p>\n<p>W ksi\u0105\u017cce znajdziesz:<\/p>\n<ul>\n<li>Sprz\u0119t bezpiecze\u0144stwa i wyb\u00f3r powierzchni do pracy.<\/li>\n<li>Rodzaje \u017cywicy i techniki przygotowania.<\/li>\n<li>Radzenie sobie z b\u0105belkami i kurzami.<\/li>\n<li>Piel\u0119gnacj\u0119 blat\u00f3w oraz polerowanie.<\/li>\n<\/ul>\n<p>Przenie\u015b swoj\u0105 sztuk\u0119 na nowy poziom! Niezale\u017cnie od poziomu do\u015bwiadczenia, ta ksi\u0105\u017cka jest idealnym przewodnikiem dla ka\u017cdego artysty. Poznaj list\u0119 narz\u0119dzi i podstawowe czynniki do stworzenia wyj\u0105tkowego sto\u0142u z \u017cywic\u0105 epoksydow\u0105. Zdob\u0105d\u017a wiedz\u0119, jak nie zrujnowa\u0107 swojego pomys\u0142u, oraz zdroworozs\u0105dkowe zasady bezpiecze\u0144stwa pracy z \u017cywic\u0105.<\/p>\n<p>\u017bywica epoksydowa. Poradnik dla pocz\u0105tkuj\u0105cych to kompletny przewodnik, kt\u00f3ry w prostych terminach przedstawia wszystko, co najwa\u017cniejsze w \u015bwiecie \u017cywic. Dzi\u0119ki moim do\u015bwiadczeniom dowiesz si\u0119, jak efektywnie pracowa\u0107, unikaj\u0105c typowych pu\u0142apek.<\/p>\n<p>Czy masz pytania dotycz\u0105ce pracy z \u017cywic\u0105? Napisz! A przy okazji zapraszam na nasz blog, gdzie znajdziesz wi\u0119cej inspiracji i informacji.<\/p>\n<p><strong>220 stron | papier 130g | powlekany. Strony wewn\u0119trzne s\u0105 drukowane na grubym, powlekanym papierze z matowym wyko\u0144czeniem, kt\u00f3re sprawia, \u017ce \u200b\u200bksi\u0105\u017cka przetrwa niejedno kartkowanie. Dzi\u0119ki zastosowaniu preparatu powlekaj\u0105cego zwi\u0119ksza si\u0119 trwa\u0142o\u015b\u0107 papieru.<br \/>\n<\/strong><strong>Wspieramy ma\u0142e biznesy! Prowadzisz ma\u0142\u0105 manufaktur\u0119, stolarni\u0119 lub wykonujesz drewniane dekoracje i chcesz rozszerzy\u0107 sw\u00f3j asortyment o zastosowanie \u017cywicy epoksydowej? Nasi klienci mog\u0105 liczy\u0107 na bezp\u0142atne wprowadzenie \u2013 pomo\u017cemy, wdro\u017cymy, dobierzemy odpowiednie \u017cywice i narz\u0119dzia.<\/strong><\/p>\n<p>Tu dowiesz si\u0119 wszystkiego. Od czego zacz\u0105\u0107? Jak zacz\u0105\u0107? Oraz co potrzebujesz na pocz\u0105tek. Cz\u0119sto bez podstawowej wiedzy, bardzo szybko co\u015b popsu\u0107, albo po prostu przeoczy\u0107, a wi\u0119kszo\u015b\u0107 problem\u00f3w jest nieodwracalna. Zdob\u0105d\u017a wiedz\u0119 jak nie zrujnowa\u0107 swojego pomys\u0142u. Poradnik zosta\u0142 napisany przez cz\u0142owieka zakochanego w drewnie, mi\u0142o\u015bnika drewnianych mebli, kreatywnego maniaka rzemios\u0142a, a od d\u0142u\u017cszego czasu zafascynowanego \u0142\u0105czeniem \u017cywicy epoksydowej z drewnem.<\/p>\n<p style=\"text-align: center\"><strong>Sprz\u0119t bezpiecze\u0144stwa | Wyb\u00f3r powierzchni do pracy | Przygotowanie powierzchni | Rodzaje \u017cywicy | Przygotowanie \u017cywicy | Dodawanie koloru | Wylewanie \u017bywicy | Radzenie sobie z b\u0105belkami | Kom\u00f3rki | Jak powstrzyma\u0107 kurz | Wyko\u0144czenie | Bezpiecze\u0144stwo pracy z \u017cywic\u0105 | Szkodliwo\u015bci py\u0142\u00f3w | Narz\u0119dzia do czyszczenia | Porady i wskaz\u00f3wki | Sto\u0142y z \u017cywicy epoksydowej | Podk\u0142adki z \u017cywicy | Piel\u0119gnacja blat\u00f3w | Polerowanie | Szlifowanie<\/strong><\/p>\n<p>\u00a0&#8212;&#8212;&#8212;&#8212;&#8212;&#8212;&#8212;&#8212;&#8212;&#8212;&#8212;&#8212;&#8212;&#8212;&#8212;&#8212;&#8212;&#8212;&#8212;<\/p>\n<p>\u017bywica epoksydowa. Poradnik dla pocz\u0105tkuj\u0105cych \u2013 to kompletny przewodnik dla os\u00f3b wchodz\u0105cych w \u015bwiat tworzenia z \u017cywic epoksydowych. Przedstawia wszystko, co najwa\u017cniejsze w jednym miejscu w prostych, zrozumia\u0142ych terminach, bez reklamy i nacisku firm zewn\u0119trznych. Wszystko oparte na do\u015bwiadczeniu.<br \/>\nW poradnikach staram si\u0119 nie koncentrowa\u0107 na suchej wiedzy. Zamiast tego chc\u0119 Ci przekaza\u0107 pomocne metody pracy, kt\u00f3re b\u0119d\u0105 mia\u0142y faktyczne prze\u0142o\u017cenie na udany projekt.<br \/>\nWiele lat temu sam uczy\u0142em si\u0119 o \u017cywicach. Proces by\u0142 bolesny i trudny. Wszystkiego nauczy\u0142em si\u0119 na w\u0142asnej sk\u00f3rze. Dlatego napisa\u0142em ten poradnik, aby opowiedzie\u0107, jak to zrobi\u0142em. Bez bzdur, bez stresu.<br \/>\nPracujesz ju\u017c z \u017cywic\u0105? Masz jaki\u015b problem z ni\u0105? Napisz! Nie musisz by\u0107 naszym klientem aby liczy\u0107 na pomoc. A przy okazji zapraszam na nasz blog!<\/p>\n<p>&nbsp;<\/p>\n\r\n\t\t<style type='text\/css'>\r\n\t\t\t#gallery-1 {\r\n\t\t\t\tmargin: auto;\r\n\t\t\t}\r\n\t\t\t#gallery-1 .gallery-item {\r\n\t\t\t\tfloat: left;\r\n\t\t\t\tmargin-top: 10px;\r\n\t\t\t\ttext-align: center;\r\n\t\t\t\twidth: 16%;\r\n\t\t\t}\r\n\t\t\t#gallery-1 img {\r\n\t\t\t\tborder: 2px solid #cfcfcf;\r\n\t\t\t}\r\n\t\t\t#gallery-1 .gallery-caption {\r\n\t\t\t\tmargin-left: 0;\r\n\t\t\t}\r\n\t\t\t\/* see gallery_shortcode() in wp-includes\/media.php *\/\r\n\t\t<\/style>\n\t\t<div id='gallery-1' class='gallery galleryid-10025419 gallery-columns-6 gallery-size-thumbnail'><dl class='gallery-item'>\r\n\t\t\t<dt class='gallery-icon portrait'>\r\n\t\t\t\t<a href='https:\/\/sovalab.pl\/en\/ksiazka-zywica-epoksydowa-dla-poczatkujacych\/plik_000-3-scaled\/'><img loading=\"lazy\" decoding=\"async\" width=\"150\" height=\"150\" src=\"https:\/\/sovalab.pl\/wp-content\/uploads\/2024\/06\/Plik_000-3-scaled-1-e1725864827788-150x150.jpg\" class=\"attachment-thumbnail size-thumbnail\" alt=\"Plik 000 3 Scaled\" srcset=\"https:\/\/sovalab.pl\/wp-content\/uploads\/2024\/06\/Plik_000-3-scaled-1-e1725864827788-150x150.jpg 150w, https:\/\/sovalab.pl\/wp-content\/uploads\/2024\/06\/Plik_000-3-scaled-1-e1725864827788-300x300.jpg 300w, https:\/\/sovalab.pl\/wp-content\/uploads\/2024\/06\/Plik_000-3-scaled-1-e1725864827788-140x140.jpg 140w, https:\/\/sovalab.pl\/wp-content\/uploads\/2024\/06\/Plik_000-3-scaled-1-e1725864827788-350x350.jpg 350w, https:\/\/sovalab.pl\/wp-content\/uploads\/2024\/06\/Plik_000-3-scaled-1-e1725864827788-50x50.jpg 50w, https:\/\/sovalab.pl\/wp-content\/uploads\/2024\/06\/Plik_000-3-scaled-1-e1725864827788-100x100.jpg 100w\" sizes=\"auto, (max-width: 150px) 100vw, 150px\" title=\"\"><\/a>\r\n\t\t\t<\/dt><\/dl><dl class='gallery-item'>\r\n\t\t\t<dt class='gallery-icon portrait'>\r\n\t\t\t\t<a href='https:\/\/sovalab.pl\/en\/ksiazka-zywica-epoksydowa-dla-poczatkujacych\/img_0225-scaled\/'><img loading=\"lazy\" decoding=\"async\" width=\"150\" height=\"150\" src=\"https:\/\/sovalab.pl\/wp-content\/uploads\/2024\/06\/IMG_0225-scaled-1-150x150.jpg\" class=\"attachment-thumbnail size-thumbnail\" alt=\"Img 0225 Scaled\" srcset=\"https:\/\/sovalab.pl\/wp-content\/uploads\/2024\/06\/IMG_0225-scaled-1-150x150.jpg 150w, https:\/\/sovalab.pl\/wp-content\/uploads\/2024\/06\/IMG_0225-scaled-1-300x300.jpg 300w, https:\/\/sovalab.pl\/wp-content\/uploads\/2024\/06\/IMG_0225-scaled-1-140x140.jpg 140w, https:\/\/sovalab.pl\/wp-content\/uploads\/2024\/06\/IMG_0225-scaled-1-350x350.jpg 350w, https:\/\/sovalab.pl\/wp-content\/uploads\/2024\/06\/IMG_0225-scaled-1-50x50.jpg 50w, https:\/\/sovalab.pl\/wp-content\/uploads\/2024\/06\/IMG_0225-scaled-1-100x100.jpg 100w\" sizes=\"auto, (max-width: 150px) 100vw, 150px\" title=\"\"><\/a>\r\n\t\t\t<\/dt><\/dl><dl class='gallery-item'>\r\n\t\t\t<dt class='gallery-icon portrait'>\r\n\t\t\t\t<a href='https:\/\/sovalab.pl\/en\/ksiazka-zywica-epoksydowa-dla-poczatkujacych\/img_9779-scaled\/'><img loading=\"lazy\" decoding=\"async\" width=\"150\" height=\"150\" src=\"https:\/\/sovalab.pl\/wp-content\/uploads\/2024\/06\/IMG_9779-scaled-1-150x150.jpg\" class=\"attachment-thumbnail size-thumbnail\" alt=\"Img 9779 Scaled\" srcset=\"https:\/\/sovalab.pl\/wp-content\/uploads\/2024\/06\/IMG_9779-scaled-1-150x150.jpg 150w, https:\/\/sovalab.pl\/wp-content\/uploads\/2024\/06\/IMG_9779-scaled-1-300x300.jpg 300w, https:\/\/sovalab.pl\/wp-content\/uploads\/2024\/06\/IMG_9779-scaled-1-140x140.jpg 140w, https:\/\/sovalab.pl\/wp-content\/uploads\/2024\/06\/IMG_9779-scaled-1-350x350.jpg 350w, https:\/\/sovalab.pl\/wp-content\/uploads\/2024\/06\/IMG_9779-scaled-1-50x50.jpg 50w, https:\/\/sovalab.pl\/wp-content\/uploads\/2024\/06\/IMG_9779-scaled-1-100x100.jpg 100w\" sizes=\"auto, (max-width: 150px) 100vw, 150px\" title=\"\"><\/a>\r\n\t\t\t<\/dt><\/dl><dl class='gallery-item'>\r\n\t\t\t<dt class='gallery-icon landscape'>\r\n\t\t\t\t<a href='https:\/\/sovalab.pl\/en\/ksiazka-zywica-epoksydowa-dla-poczatkujacych\/img_0666\/'><img loading=\"lazy\" decoding=\"async\" width=\"150\" height=\"150\" src=\"https:\/\/sovalab.pl\/wp-content\/uploads\/2024\/06\/IMG_0666-150x150.jpg\" class=\"attachment-thumbnail size-thumbnail\" alt=\"Img 0666\" srcset=\"https:\/\/sovalab.pl\/wp-content\/uploads\/2024\/06\/IMG_0666-150x150.jpg 150w, https:\/\/sovalab.pl\/wp-content\/uploads\/2024\/06\/IMG_0666-300x300.jpg 300w, https:\/\/sovalab.pl\/wp-content\/uploads\/2024\/06\/IMG_0666-140x140.jpg 140w, https:\/\/sovalab.pl\/wp-content\/uploads\/2024\/06\/IMG_0666-350x350.jpg 350w, https:\/\/sovalab.pl\/wp-content\/uploads\/2024\/06\/IMG_0666-50x50.jpg 50w, https:\/\/sovalab.pl\/wp-content\/uploads\/2024\/06\/IMG_0666-100x100.jpg 100w\" sizes=\"auto, (max-width: 150px) 100vw, 150px\" title=\"\"><\/a>\r\n\t\t\t<\/dt><\/dl><dl class='gallery-item'>\r\n\t\t\t<dt class='gallery-icon portrait'>\r\n\t\t\t\t<a href='https:\/\/sovalab.pl\/en\/ksiazka-zywica-epoksydowa-dla-poczatkujacych\/img_0697-scaled\/'><img loading=\"lazy\" decoding=\"async\" width=\"150\" height=\"150\" src=\"https:\/\/sovalab.pl\/wp-content\/uploads\/2024\/06\/IMG_0697-scaled-1-150x150.jpg\" class=\"attachment-thumbnail size-thumbnail\" alt=\"Img 0697 Scaled\" srcset=\"https:\/\/sovalab.pl\/wp-content\/uploads\/2024\/06\/IMG_0697-scaled-1-150x150.jpg 150w, https:\/\/sovalab.pl\/wp-content\/uploads\/2024\/06\/IMG_0697-scaled-1-300x300.jpg 300w, https:\/\/sovalab.pl\/wp-content\/uploads\/2024\/06\/IMG_0697-scaled-1-140x140.jpg 140w, https:\/\/sovalab.pl\/wp-content\/uploads\/2024\/06\/IMG_0697-scaled-1-350x350.jpg 350w, https:\/\/sovalab.pl\/wp-content\/uploads\/2024\/06\/IMG_0697-scaled-1-50x50.jpg 50w, https:\/\/sovalab.pl\/wp-content\/uploads\/2024\/06\/IMG_0697-scaled-1-100x100.jpg 100w\" sizes=\"auto, (max-width: 150px) 100vw, 150px\" title=\"\"><\/a>\r\n\t\t\t<\/dt><\/dl><dl class='gallery-item'>\r\n\t\t\t<dt class='gallery-icon landscape'>\r\n\t\t\t\t<a href='https:\/\/sovalab.pl\/en\/ksiazka-zywica-epoksydowa-dla-poczatkujacych\/img_7723\/'><img loading=\"lazy\" decoding=\"async\" width=\"150\" height=\"150\" src=\"https:\/\/sovalab.pl\/wp-content\/uploads\/2024\/06\/IMG_7723-150x150.jpg\" class=\"attachment-thumbnail size-thumbnail\" alt=\"Img 7723\" srcset=\"https:\/\/sovalab.pl\/wp-content\/uploads\/2024\/06\/IMG_7723-150x150.jpg 150w, https:\/\/sovalab.pl\/wp-content\/uploads\/2024\/06\/IMG_7723-300x300.jpg 300w, https:\/\/sovalab.pl\/wp-content\/uploads\/2024\/06\/IMG_7723-140x140.jpg 140w, https:\/\/sovalab.pl\/wp-content\/uploads\/2024\/06\/IMG_7723-350x350.jpg 350w, https:\/\/sovalab.pl\/wp-content\/uploads\/2024\/06\/IMG_7723-50x50.jpg 50w, https:\/\/sovalab.pl\/wp-content\/uploads\/2024\/06\/IMG_7723-100x100.jpg 100w\" sizes=\"auto, (max-width: 150px) 100vw, 150px\" title=\"\"><\/a>\r\n\t\t\t<\/dt><\/dl><br style=\"clear: both\" \/><dl class='gallery-item'>\r\n\t\t\t<dt class='gallery-icon portrait'>\r\n\t\t\t\t<a href='https:\/\/sovalab.pl\/en\/ksiazka-zywica-epoksydowa-dla-poczatkujacych\/plik_000-1-scaled\/'><img loading=\"lazy\" decoding=\"async\" width=\"150\" height=\"150\" src=\"https:\/\/sovalab.pl\/wp-content\/uploads\/2024\/06\/Plik_000-1-scaled-1-150x150.jpg\" class=\"attachment-thumbnail size-thumbnail\" alt=\"Plik 000 1 Scaled\" srcset=\"https:\/\/sovalab.pl\/wp-content\/uploads\/2024\/06\/Plik_000-1-scaled-1-150x150.jpg 150w, https:\/\/sovalab.pl\/wp-content\/uploads\/2024\/06\/Plik_000-1-scaled-1-300x300.jpg 300w, https:\/\/sovalab.pl\/wp-content\/uploads\/2024\/06\/Plik_000-1-scaled-1-140x140.jpg 140w, https:\/\/sovalab.pl\/wp-content\/uploads\/2024\/06\/Plik_000-1-scaled-1-350x350.jpg 350w, https:\/\/sovalab.pl\/wp-content\/uploads\/2024\/06\/Plik_000-1-scaled-1-50x50.jpg 50w, https:\/\/sovalab.pl\/wp-content\/uploads\/2024\/06\/Plik_000-1-scaled-1-100x100.jpg 100w\" sizes=\"auto, (max-width: 150px) 100vw, 150px\" title=\"\"><\/a>\r\n\t\t\t<\/dt><\/dl><dl class='gallery-item'>\r\n\t\t\t<dt class='gallery-icon portrait'>\r\n\t\t\t\t<a href='https:\/\/sovalab.pl\/en\/ksiazka-zywica-epoksydowa-dla-poczatkujacych\/img_0658-scaled\/'><img loading=\"lazy\" decoding=\"async\" width=\"150\" height=\"150\" src=\"https:\/\/sovalab.pl\/wp-content\/uploads\/2024\/06\/IMG_0658-scaled-1-e1725864843512-150x150.jpg\" class=\"attachment-thumbnail size-thumbnail\" alt=\"Img 0658 Scaled\" srcset=\"https:\/\/sovalab.pl\/wp-content\/uploads\/2024\/06\/IMG_0658-scaled-1-e1725864843512-150x150.jpg 150w, https:\/\/sovalab.pl\/wp-content\/uploads\/2024\/06\/IMG_0658-scaled-1-e1725864843512-300x300.jpg 300w, https:\/\/sovalab.pl\/wp-content\/uploads\/2024\/06\/IMG_0658-scaled-1-e1725864843512-140x140.jpg 140w, https:\/\/sovalab.pl\/wp-content\/uploads\/2024\/06\/IMG_0658-scaled-1-e1725864843512-350x350.jpg 350w, https:\/\/sovalab.pl\/wp-content\/uploads\/2024\/06\/IMG_0658-scaled-1-e1725864843512-50x50.jpg 50w, https:\/\/sovalab.pl\/wp-content\/uploads\/2024\/06\/IMG_0658-scaled-1-e1725864843512-100x100.jpg 100w\" sizes=\"auto, (max-width: 150px) 100vw, 150px\" title=\"\"><\/a>\r\n\t\t\t<\/dt><\/dl><dl class='gallery-item'>\r\n\t\t\t<dt class='gallery-icon portrait'>\r\n\t\t\t\t<a href='https:\/\/sovalab.pl\/en\/ksiazka-zywica-epoksydowa-dla-poczatkujacych\/img_7730-scaled\/'><img loading=\"lazy\" decoding=\"async\" width=\"150\" height=\"150\" src=\"https:\/\/sovalab.pl\/wp-content\/uploads\/2024\/06\/IMG_7730-scaled-1-e1725864804141-150x150.jpg\" class=\"attachment-thumbnail size-thumbnail\" alt=\"Img 7730 Scaled\" srcset=\"https:\/\/sovalab.pl\/wp-content\/uploads\/2024\/06\/IMG_7730-scaled-1-e1725864804141-150x150.jpg 150w, https:\/\/sovalab.pl\/wp-content\/uploads\/2024\/06\/IMG_7730-scaled-1-e1725864804141-300x300.jpg 300w, https:\/\/sovalab.pl\/wp-content\/uploads\/2024\/06\/IMG_7730-scaled-1-e1725864804141-140x140.jpg 140w, https:\/\/sovalab.pl\/wp-content\/uploads\/2024\/06\/IMG_7730-scaled-1-e1725864804141-350x350.jpg 350w, https:\/\/sovalab.pl\/wp-content\/uploads\/2024\/06\/IMG_7730-scaled-1-e1725864804141-50x50.jpg 50w, https:\/\/sovalab.pl\/wp-content\/uploads\/2024\/06\/IMG_7730-scaled-1-e1725864804141-100x100.jpg 100w\" sizes=\"auto, (max-width: 150px) 100vw, 150px\" title=\"\"><\/a>\r\n\t\t\t<\/dt><\/dl><dl class='gallery-item'>\r\n\t\t\t<dt class='gallery-icon landscape'>\r\n\t\t\t\t<a href='https:\/\/sovalab.pl\/en\/ksiazka-zywica-epoksydowa-dla-poczatkujacych\/img_7696\/'><img loading=\"lazy\" decoding=\"async\" width=\"150\" height=\"150\" src=\"https:\/\/sovalab.pl\/wp-content\/uploads\/2024\/06\/IMG_7696-150x150.jpg\" class=\"attachment-thumbnail size-thumbnail\" alt=\"Img 7696\" srcset=\"https:\/\/sovalab.pl\/wp-content\/uploads\/2024\/06\/IMG_7696-150x150.jpg 150w, https:\/\/sovalab.pl\/wp-content\/uploads\/2024\/06\/IMG_7696-300x300.jpg 300w, https:\/\/sovalab.pl\/wp-content\/uploads\/2024\/06\/IMG_7696-140x140.jpg 140w, https:\/\/sovalab.pl\/wp-content\/uploads\/2024\/06\/IMG_7696-50x50.jpg 50w, https:\/\/sovalab.pl\/wp-content\/uploads\/2024\/06\/IMG_7696-100x100.jpg 100w\" sizes=\"auto, (max-width: 150px) 100vw, 150px\" title=\"\"><\/a>\r\n\t\t\t<\/dt><\/dl><dl class='gallery-item'>\r\n\t\t\t<dt class='gallery-icon landscape'>\r\n\t\t\t\t<a href='https:\/\/sovalab.pl\/en\/ksiazka-zywica-epoksydowa-dla-poczatkujacych\/img_7724\/'><img loading=\"lazy\" decoding=\"async\" width=\"150\" height=\"150\" src=\"https:\/\/sovalab.pl\/wp-content\/uploads\/2024\/06\/IMG_7724-150x150.jpg\" class=\"attachment-thumbnail size-thumbnail\" alt=\"Img 7724\" srcset=\"https:\/\/sovalab.pl\/wp-content\/uploads\/2024\/06\/IMG_7724-150x150.jpg 150w, https:\/\/sovalab.pl\/wp-content\/uploads\/2024\/06\/IMG_7724-300x300.jpg 300w, https:\/\/sovalab.pl\/wp-content\/uploads\/2024\/06\/IMG_7724-140x140.jpg 140w, https:\/\/sovalab.pl\/wp-content\/uploads\/2024\/06\/IMG_7724-350x350.jpg 350w, https:\/\/sovalab.pl\/wp-content\/uploads\/2024\/06\/IMG_7724-50x50.jpg 50w, https:\/\/sovalab.pl\/wp-content\/uploads\/2024\/06\/IMG_7724-100x100.jpg 100w\" sizes=\"auto, (max-width: 150px) 100vw, 150px\" title=\"\"><\/a>\r\n\t\t\t<\/dt><\/dl><dl class='gallery-item'>\r\n\t\t\t<dt class='gallery-icon portrait'>\r\n\t\t\t\t<a href='https:\/\/sovalab.pl\/en\/ksiazka-zywica-epoksydowa-dla-poczatkujacych\/plik_000-2\/'><img loading=\"lazy\" decoding=\"async\" width=\"150\" height=\"150\" src=\"https:\/\/sovalab.pl\/wp-content\/uploads\/2024\/06\/Plik_000-2-150x150.jpg\" class=\"attachment-thumbnail size-thumbnail\" alt=\"Plik 000 2\" srcset=\"https:\/\/sovalab.pl\/wp-content\/uploads\/2024\/06\/Plik_000-2-150x150.jpg 150w, https:\/\/sovalab.pl\/wp-content\/uploads\/2024\/06\/Plik_000-2-300x300.jpg 300w, https:\/\/sovalab.pl\/wp-content\/uploads\/2024\/06\/Plik_000-2-140x140.jpg 140w, https:\/\/sovalab.pl\/wp-content\/uploads\/2024\/06\/Plik_000-2-350x350.jpg 350w, https:\/\/sovalab.pl\/wp-content\/uploads\/2024\/06\/Plik_000-2-50x50.jpg 50w, https:\/\/sovalab.pl\/wp-content\/uploads\/2024\/06\/Plik_000-2-100x100.jpg 100w\" sizes=\"auto, (max-width: 150px) 100vw, 150px\" title=\"\"><\/a>\r\n\t\t\t<\/dt><\/dl><br style=\"clear: both\" \/><dl class='gallery-item'>\r\n\t\t\t<dt class='gallery-icon landscape'>\r\n\t\t\t\t<a href='https:\/\/sovalab.pl\/en\/ksiazka-zywica-epoksydowa-dla-poczatkujacych\/img_0673\/'><img loading=\"lazy\" decoding=\"async\" width=\"150\" height=\"150\" src=\"https:\/\/sovalab.pl\/wp-content\/uploads\/2024\/06\/IMG_0673-150x150.jpg\" class=\"attachment-thumbnail size-thumbnail\" alt=\"Img 0673\" srcset=\"https:\/\/sovalab.pl\/wp-content\/uploads\/2024\/06\/IMG_0673-150x150.jpg 150w, https:\/\/sovalab.pl\/wp-content\/uploads\/2024\/06\/IMG_0673-300x300.jpg 300w, https:\/\/sovalab.pl\/wp-content\/uploads\/2024\/06\/IMG_0673-140x140.jpg 140w, https:\/\/sovalab.pl\/wp-content\/uploads\/2024\/06\/IMG_0673-350x350.jpg 350w, https:\/\/sovalab.pl\/wp-content\/uploads\/2024\/06\/IMG_0673-50x50.jpg 50w, https:\/\/sovalab.pl\/wp-content\/uploads\/2024\/06\/IMG_0673-100x100.jpg 100w\" sizes=\"auto, (max-width: 150px) 100vw, 150px\" title=\"\"><\/a>\r\n\t\t\t<\/dt><\/dl><dl class='gallery-item'>\r\n\t\t\t<dt class='gallery-icon portrait'>\r\n\t\t\t\t<a href='https:\/\/sovalab.pl\/en\/ksiazka-zywica-epoksydowa-dla-poczatkujacych\/plik_000-scaled\/'><img loading=\"lazy\" decoding=\"async\" width=\"150\" height=\"150\" src=\"https:\/\/sovalab.pl\/wp-content\/uploads\/2024\/06\/Plik_000-scaled-1-150x150.jpg\" class=\"attachment-thumbnail size-thumbnail\" alt=\"Plik 000 Scaled\" srcset=\"https:\/\/sovalab.pl\/wp-content\/uploads\/2024\/06\/Plik_000-scaled-1-150x150.jpg 150w, https:\/\/sovalab.pl\/wp-content\/uploads\/2024\/06\/Plik_000-scaled-1-300x300.jpg 300w, https:\/\/sovalab.pl\/wp-content\/uploads\/2024\/06\/Plik_000-scaled-1-140x140.jpg 140w, https:\/\/sovalab.pl\/wp-content\/uploads\/2024\/06\/Plik_000-scaled-1-350x350.jpg 350w, https:\/\/sovalab.pl\/wp-content\/uploads\/2024\/06\/Plik_000-scaled-1-50x50.jpg 50w, https:\/\/sovalab.pl\/wp-content\/uploads\/2024\/06\/Plik_000-scaled-1-100x100.jpg 100w\" sizes=\"auto, (max-width: 150px) 100vw, 150px\" title=\"\"><\/a>\r\n\t\t\t<\/dt><\/dl><dl class='gallery-item'>\r\n\t\t\t<dt class='gallery-icon portrait'>\r\n\t\t\t\t<a href='https:\/\/sovalab.pl\/en\/ksiazka-zywica-epoksydowa-dla-poczatkujacych\/img_0716-scaled\/'><img loading=\"lazy\" decoding=\"async\" width=\"150\" height=\"150\" src=\"https:\/\/sovalab.pl\/wp-content\/uploads\/2024\/06\/IMG_0716-scaled-1-150x150.jpg\" class=\"attachment-thumbnail size-thumbnail\" alt=\"Img 0716 Scaled\" srcset=\"https:\/\/sovalab.pl\/wp-content\/uploads\/2024\/06\/IMG_0716-scaled-1-150x150.jpg 150w, https:\/\/sovalab.pl\/wp-content\/uploads\/2024\/06\/IMG_0716-scaled-1-300x300.jpg 300w, https:\/\/sovalab.pl\/wp-content\/uploads\/2024\/06\/IMG_0716-scaled-1-140x140.jpg 140w, https:\/\/sovalab.pl\/wp-content\/uploads\/2024\/06\/IMG_0716-scaled-1-350x350.jpg 350w, https:\/\/sovalab.pl\/wp-content\/uploads\/2024\/06\/IMG_0716-scaled-1-50x50.jpg 50w, https:\/\/sovalab.pl\/wp-content\/uploads\/2024\/06\/IMG_0716-scaled-1-100x100.jpg 100w\" sizes=\"auto, (max-width: 150px) 100vw, 150px\" title=\"\"><\/a>\r\n\t\t\t<\/dt><\/dl><br style=\"clear: both\" \/><\/div>\n\n","protected":false},"excerpt":{"rendered":"<h4>OD 2019 roku, pomagamy <strong>firmom i osobom prywatnym<\/strong> we wdro\u017ceniu si\u0119 w produkcj\u0119 <strong>mebli i dekoracji<\/strong> z \u017cywic epoksydowych.<\/h4>\n","protected":false},"featured_media":10042376,"comment_status":"closed","ping_status":"closed","template":"","meta":[],"product_brand":[390],"product_cat":[222],"product_tag":[],"class_list":{"0":"post-10025419","1":"product","2":"type-product","3":"status-publish","4":"has-post-thumbnail","6":"product_brand-sovalab","7":"product_cat-ksiazki","8":"product_shipping_class-male","10":"first","11":"instock","12":"sale","13":"featured","14":"downloadable","15":"taxable","16":"shipping-taxable","17":"purchasable","18":"product-type-simple"},"_links":{"self":[{"href":"https:\/\/sovalab.pl\/en\/wp-json\/wp\/v2\/product\/10025419","targetHints":{"allow":["GET"]}}],"collection":[{"href":"https:\/\/sovalab.pl\/en\/wp-json\/wp\/v2\/product"}],"about":[{"href":"https:\/\/sovalab.pl\/en\/wp-json\/wp\/v2\/types\/product"}],"replies":[{"embeddable":true,"href":"https:\/\/sovalab.pl\/en\/wp-json\/wp\/v2\/comments?post=10025419"}],"wp:featuredmedia":[{"embeddable":true,"href":"https:\/\/sovalab.pl\/en\/wp-json\/wp\/v2\/media\/10042376"}],"wp:attachment":[{"href":"https:\/\/sovalab.pl\/en\/wp-json\/wp\/v2\/media?parent=10025419"}],"wp:term":[{"taxonomy":"product_brand","embeddable":true,"href":"https:\/\/sovalab.pl\/en\/wp-json\/wp\/v2\/product_brand?post=10025419"},{"taxonomy":"product_cat","embeddable":true,"href":"https:\/\/sovalab.pl\/en\/wp-json\/wp\/v2\/product_cat?post=10025419"},{"taxonomy":"product_tag","embeddable":true,"href":"https:\/\/sovalab.pl\/en\/wp-json\/wp\/v2\/product_tag?post=10025419"}],"curies":[{"name":"wp","href":"https:\/\/api.w.org\/{rel}","templated":true}]}}