
{"id":10028627,"date":"2021-05-23T16:52:12","date_gmt":"2021-05-23T14:52:12","guid":{"rendered":"https:\/\/epoksydowa.pl\/?post_type=product&#038;p=10028627"},"modified":"2026-05-06T14:42:08","modified_gmt":"2026-05-06T12:42:08","slug":"mieszadlo-nie-napowietrzajace-do-zywicy-epoksydowej","status":"publish","type":"product","link":"https:\/\/sovalab.pl\/en\/mieszadlo-nie-napowietrzajace-do-zywicy-epoksydowej\/","title":{"rendered":"Mieszad\u0142o nienapowietrzaj\u0105ce do \u017cywicy epoksydowej"},"content":{"rendered":"<p>Mieszad&#322;o nienapowietrzaj&#261;ce do &#380;ywicy epoksydowej to idealne rozwi&#261;zanie do mieszania. Pasuje do wszystkich wkr&#281;tarek jak i wiertarek. Mieszad&#322;o jest wielokrotnego u&#380;ytku, produkowane w Polsce i w przeciwie&#324;stwie do wielu innych dost&#281;pnych dost&#281;pnych na rynku nie oszcz&#281;dzamy na materiale. Mieszad&#322;o ma ponad 50% wype&#322;nienia druku.<\/p>\n<p>Mieszad&#322;o najlepiej u&#380;ywa&#263; z elektronarz&#281;dziami o zmiennej pr&#281;dko&#347;ci dla zachowania pe&#322;nej kontroli szybko&#347;ci, dzi&#281;ki czemu mo&#380;esz miesza&#263; z ma&#322;&#261;, sta&#322;&#261; pr&#281;dko&#347;ci&#261;, by nie wywo&#322;ywa&#263; nadmiernego spienienia.<\/p>\n<p>Jest to bardzo dobrze przemy&#347;lane mieszad&#322;o pod wzgl&#281;dem konstrukcji &#322;opatek. Zaprojektowali&#347;my mieszad&#322;o o bardzo niskich w&#322;a&#347;ciwo&#347;ciach napowietrzania, przy pomocy kt&oacute;rego mo&#380;na miesza&#263; na niskich obrotach, a przy okazji gwarantuj&#261;c idealne wymieszanie &#380;ywicy. Dzi&#281;ki tej konstrukcji mieszad&#322;a nie ma potrzeby na ci&#261;g&#322;e przesuwanie w g&oacute;r&#281; i w d&oacute;&#322;, aby nie tworzy&#263; du&#380;ej ilo&#347;ci b&#261;belk&oacute;w powietrza w mieszance.<\/p>\n<p>Ponownie, w przeciwie&#324;stwie do innych dost&#281;pnych rozwi&#261;za&#324;, nasze mieszad&#322;a wyposa&#380;one s&#261; w stalowy, g&#322;adki pr&#281;t, a nie pr&#281;t gwintowany, kt&oacute;ry zu&#380;ywa si&#281; po kilku minutach pracy, przy okazji niszcz&#261;c zacisk wkr&#281;tarki. Stalowy, g&#322;adki pr&#281;t gwarantuje mocny monta&#380; zacisku wkr&#281;tarki. oraz pozwala zniwelowa&#263; drgania kt&oacute;re przyczyni&#322;y by si&#281; do szarpania mieszad&#322;em.<\/p>\n<p>Podczas mieszania upewnij si&#281;, &#380;e g&#322;owica mieszaj&#261;ca znajduje si&#281; poni&#380;ej powierzchni mieszanki, aby zapobiec przedostawaniu si&#281; powietrza, kt&oacute;re niepotrzebnie spieni &#380;ywic&#281;.<\/p>\n<p>Nie ma nic gorszego jak zachlapane narz&#281;dzia robocze. Chocia&#380;, najgorzej jak zachlapiesz ruchome cz&#281;&#347;ci tych narz&#281;dzi.&nbsp; Oboj&#281;tnie czy w&#322;&#261;cznik czy to g&#322;&oacute;wka wkr&#281;tarki, majsterkowicza zaboli ten fakt ju&#380; na sam&#261; my&#347;l. Dlatego od teraz, do ka&#380;dego mieszad&#322;a dodajemy ZA DARMO os&#322;onk&#281; kt&oacute;ra ograniczy zachlapanie g&#322;&oacute;wki wkr&#281;tarki, niestety o w&#322;&#261;cznik musisz zadba&#263; samodzielnie ? Os&#322;onka spe&#322;ni te&#380; zadanie jako mocowanie, za kt&oacute;re mo&#380;esz powiesi&#263; na wieszaku, lub haczyku.<\/p>\n<p>Nasza oryginalna os&#322;onka zawiera integralny, nadrukowany logotyp, kt&oacute;ry doskonale wyr&oacute;&#380;nia nasze produkty.<\/p>\n<p>&#8211; &#347;rednica samego mieszad&#322;a to 40mm, a jego wysoko&#347;&#263; to 40mm.<br \/>\n&#8211; pasuje do ka&#380;dej wkr&#281;tarki<br \/>\n&#8211; wykonane z tworzywa petg &ndash; za pomoc&#261; druku 3d<br \/>\n&#8211; wielokrotnego u&#380;ytku &ndash; po u&#380;yciu wytrze&#263; do czysta<br \/>\n&#8211; idealny do ma&#322;ych i &#347;rednich prac,<br \/>\n&#8211; pr&#281;t stalowy minimalizuje drgania podczas mieszania.<br \/>\n&#8211; odporny na aceton oraz deformacje od rozgrzanej &#380;ywicy.<br \/>\n&#8211; &#347;rednica trzpienia mocuj&#261;cego to walec 6mm.<\/p>\n<p><strong>** Zawsze post&#281;puj zgodnie z instrukcjami producenta dotycz&#261;cymi proporcji i mieszania!<\/strong><\/p>\n<p><strong>** Korzystaj z wiertarki o wysokim momencie obrotowym (200-300 obr.\/min) Dlaczego? By mia&#322;a si&#322;&#281; poruszy&#263; du&#380;&#261; ilo&#347;&#263; g&#281;stej &#380;ywicy.&nbsp;<\/strong><\/p>\n<p>&nbsp;\n<\/p>\n<h3>KOLOR PRODUKTU: MATOWA ZIEMNA ZIELE&#323;. OPCJONALNIE MO&#379;LIWE ZASTOSOWANIE KOLORU CZARNEGO.<\/h3>\n","protected":false},"excerpt":{"rendered":"<p>Mieszad&#322;o nienapowietrzaj&#261;ce do &#380;ywicy epoksydowej to idealne rozwi&#261;zanie do mieszania. Pasuje do wszystkich wkr&#281;tarek jak i wiertarek. Mieszad&#322;o jest wielokrotnego u&#380;ytku, produkowane w Polsce i w przeciwie&#324;stwie do wielu innych dost&#281;pnych dost&#281;pnych na rynku nie oszcz&#281;dzamy na materiale. Mieszad&#322;o ma&#8230;<\/p>\n","protected":false},"featured_media":10045308,"comment_status":"closed","ping_status":"closed","template":"","meta":[],"product_brand":[390],"product_cat":[182],"product_tag":[],"class_list":{"0":"post-10028627","1":"product","2":"type-product","3":"status-publish","4":"has-post-thumbnail","6":"product_brand-sovalab","7":"product_cat-narzedzia","8":"product_shipping_class-male","10":"first","11":"instock","12":"sale","13":"featured","14":"taxable","15":"shipping-taxable","16":"purchasable","17":"product-type-simple"},"_links":{"self":[{"href":"https:\/\/sovalab.pl\/en\/wp-json\/wp\/v2\/product\/10028627","targetHints":{"allow":["GET"]}}],"collection":[{"href":"https:\/\/sovalab.pl\/en\/wp-json\/wp\/v2\/product"}],"about":[{"href":"https:\/\/sovalab.pl\/en\/wp-json\/wp\/v2\/types\/product"}],"replies":[{"embeddable":true,"href":"https:\/\/sovalab.pl\/en\/wp-json\/wp\/v2\/comments?post=10028627"}],"wp:featuredmedia":[{"embeddable":true,"href":"https:\/\/sovalab.pl\/en\/wp-json\/wp\/v2\/media\/10045308"}],"wp:attachment":[{"href":"https:\/\/sovalab.pl\/en\/wp-json\/wp\/v2\/media?parent=10028627"}],"wp:term":[{"taxonomy":"product_brand","embeddable":true,"href":"https:\/\/sovalab.pl\/en\/wp-json\/wp\/v2\/product_brand?post=10028627"},{"taxonomy":"product_cat","embeddable":true,"href":"https:\/\/sovalab.pl\/en\/wp-json\/wp\/v2\/product_cat?post=10028627"},{"taxonomy":"product_tag","embeddable":true,"href":"https:\/\/sovalab.pl\/en\/wp-json\/wp\/v2\/product_tag?post=10028627"}],"curies":[{"name":"wp","href":"https:\/\/api.w.org\/{rel}","templated":true}]}}