
{"id":10029673,"date":"2021-08-05T15:58:23","date_gmt":"2021-08-05T13:58:23","guid":{"rendered":"https:\/\/sovalab.pl\/?post_type=product&#038;p=10029673"},"modified":"2026-05-06T14:42:22","modified_gmt":"2026-05-06T12:42:22","slug":"outlet-ksiazka-zywica-epoksydowa-poradnik-dla-poczatkujacych","status":"publish","type":"product","link":"https:\/\/sovalab.pl\/en\/outlet-ksiazka-zywica-epoksydowa-poradnik-dla-poczatkujacych\/","title":{"rendered":"OUTLET &#8211; KSI\u0104\u017bKA &#8211; \u017bywica epoksydowa."},"content":{"rendered":"<div class=\"row-bg-wrap\">\n<div class=\"kvgmc6g5 cxmmr5t8 oygrvhab hcukyx3x c1et5uql ii04i59q\">\n<p dir=\"auto\">W tej kategorii znajduj&#261; si&#281; te ksi&#261;&#380;ki, kt&oacute;re z jakiego&#347; powodu (uleg&#322;y delikatnym uszkodzeniom, najcz&#281;&#347;ciej w czasie transportu) maj&#261; defekt oprawy (pogi&#281;te rogi, zarysowania na pierwszej lub czwartej stronie ok&#322;adki, &#347;lady kleju etc.) Oferowane tu ksi&#261;&#380;ki zachowuj&#261; swoj&#261; warto&#347;&#263; u&#380;ytkow&#261;, tzn. nie maj&#261; np. niezadrukowanych czy podartych stron, ale raczej nie nadaj&#261; si&#281; na prezent. Ksi&#261;&#380;ki z tej kategorii nie podlegaj&#261; zwrotowi ani wymianie na ksi&#261;&#380;ki pe&#322;nowarto&#347;ciowe. Liczba egzemplarzy w tej kategorii jest ograniczona i mo&#380;e ulec zmianie. Nie s&#261; to natomiast ksi&#261;&#380;ki ze zwrot&oacute;w.<\/p>\n<\/div>\n<\/div>\n<p>\nDok&#322;adnie je sprawdzamy, aby upewni&#263; si&#281;, &#380;e s&#261; w doskona&#322;ym stanie, a nast&#281;pnie oferujemy je po obni&#380;onej cenie. Wybieraj&#261;c produkt drugiej szansy, nie tylko oszcz&#281;dzasz pieni&#261;dze, ale tak&#380;e zmniejszasz ilo&#347;&#263; odpad&oacute;w i &#347;lad w&#281;glowy.<\/p>\n","protected":false},"excerpt":{"rendered":"<p>W tej kategorii znajduj&#261; si&#281; te ksi&#261;&#380;ki, kt&oacute;re z jakiego&#347; powodu (uleg&#322;y delikatnym uszkodzeniom, najcz&#281;&#347;ciej w czasie transportu) maj&#261; defekt oprawy (pogi&#281;te rogi, zarysowania na pierwszej lub czwartej stronie ok&#322;adki, &#347;lady kleju etc.) Oferowane tu ksi&#261;&#380;ki zachowuj&#261; swoj&#261; warto&#347;&#263; u&#380;ytkow&#261;,&#8230;<\/p>\n","protected":false},"featured_media":10037958,"comment_status":"closed","ping_status":"closed","template":"","meta":[],"product_brand":[390],"product_cat":[225],"product_tag":[],"class_list":{"0":"post-10029673","1":"product","2":"type-product","3":"status-publish","4":"has-post-thumbnail","6":"product_brand-sovalab","7":"product_cat-outlet","8":"product_shipping_class-male","10":"first","11":"outofstock","12":"sale","13":"taxable","14":"shipping-taxable","15":"purchasable","16":"product-type-simple"},"_links":{"self":[{"href":"https:\/\/sovalab.pl\/en\/wp-json\/wp\/v2\/product\/10029673","targetHints":{"allow":["GET"]}}],"collection":[{"href":"https:\/\/sovalab.pl\/en\/wp-json\/wp\/v2\/product"}],"about":[{"href":"https:\/\/sovalab.pl\/en\/wp-json\/wp\/v2\/types\/product"}],"replies":[{"embeddable":true,"href":"https:\/\/sovalab.pl\/en\/wp-json\/wp\/v2\/comments?post=10029673"}],"wp:featuredmedia":[{"embeddable":true,"href":"https:\/\/sovalab.pl\/en\/wp-json\/wp\/v2\/media\/10037958"}],"wp:attachment":[{"href":"https:\/\/sovalab.pl\/en\/wp-json\/wp\/v2\/media?parent=10029673"}],"wp:term":[{"taxonomy":"product_brand","embeddable":true,"href":"https:\/\/sovalab.pl\/en\/wp-json\/wp\/v2\/product_brand?post=10029673"},{"taxonomy":"product_cat","embeddable":true,"href":"https:\/\/sovalab.pl\/en\/wp-json\/wp\/v2\/product_cat?post=10029673"},{"taxonomy":"product_tag","embeddable":true,"href":"https:\/\/sovalab.pl\/en\/wp-json\/wp\/v2\/product_tag?post=10029673"}],"curies":[{"name":"wp","href":"https:\/\/api.w.org\/{rel}","templated":true}]}}