
{"id":10030879,"date":"2021-10-27T15:01:25","date_gmt":"2021-10-27T13:01:25","guid":{"rendered":"https:\/\/epoksydowa.pl\/?post_type=product&#038;p=10030879"},"modified":"2025-09-17T10:51:09","modified_gmt":"2025-09-17T08:51:09","slug":"blok-szlifierski","status":"publish","type":"product","link":"https:\/\/sovalab.pl\/en\/blok-szlifierski\/","title":{"rendered":"Blok szlifierski. Druk 3D"},"content":{"rendered":"<p>Zawsze jestem zdania by tworzy\u0107 potrzebne przedmioty. Dlatego powsta\u0142 on, niezb\u0119dnik podczas ka\u017cdego szlifowania. Sprawd\u017a wideo na dole strony ?<\/p>\n<p>Te bloki szlifierskie \u015bwietnie nadaj\u0105 si\u0119 do wyka\u0144czania projektu, lub s\u0105 pomocne przy niwelowaniu niedoskona\u0142o\u015bci jak i poprawek. Kompaktowa budowa pozwala na u\u017cycie w trudno dost\u0119pnych miejscach lub je\u015bli masz bardzo ma\u0142y przedmiot do obrobienia, a jest problem z u\u017cyciem du\u017cych elektronarz\u0119dzi.<br \/>\nIdealnie nadaje si\u0119 to do uzyskiwania g\u0142adkiej powierzchni, a jego konstrukcja nie obci\u0105\u017ca d\u0142oni.<\/p>\n<p>Strug jest wielokrotnego u\u017cytku, produkowany w Polsce, narz\u0119dzie proste i stabilne dzi\u0119ki temu \u017ce nie oszcz\u0119dzamy na materiale.<\/p>\n<p>Wymiary to:<\/p>\n<p>98mm x 40mm x 20mm<\/p>\n<p>&nbsp;<\/p>\n<p><strong>KOLOR PRODUKTU: matowa ciemna ziele\u0144. <\/strong><strong>OPCJONALNIE mo\u017cliwe zastosowanie koloru CZARNY MAT.<\/strong><\/p>\n","protected":false},"excerpt":{"rendered":"<p>Zawsze jestem zdania by tworzy\u0107 potrzebne przedmioty. Dlatego powsta\u0142 on, niezb\u0119dnik podczas ka\u017cdego szlifowania. Sprawd\u017a wideo na dole strony ? Te bloki szlifierskie \u015bwietnie nadaj\u0105 si\u0119 do wyka\u0144czania projektu, lub s\u0105 pomocne przy niwelowaniu niedoskona\u0142o\u015bci jak i poprawek. Kompaktowa budowa&#8230;<\/p>\n","protected":false},"featured_media":10037961,"comment_status":"closed","ping_status":"closed","template":"","meta":[],"product_brand":[390],"product_cat":[182],"product_tag":[],"class_list":{"0":"post-10030879","1":"product","2":"type-product","3":"status-publish","4":"has-post-thumbnail","6":"product_brand-sovalab","7":"product_cat-narzedzia","8":"product_shipping_class-male","10":"first","11":"instock","12":"taxable","13":"shipping-taxable","14":"purchasable","15":"product-type-simple"},"_links":{"self":[{"href":"https:\/\/sovalab.pl\/en\/wp-json\/wp\/v2\/product\/10030879","targetHints":{"allow":["GET"]}}],"collection":[{"href":"https:\/\/sovalab.pl\/en\/wp-json\/wp\/v2\/product"}],"about":[{"href":"https:\/\/sovalab.pl\/en\/wp-json\/wp\/v2\/types\/product"}],"replies":[{"embeddable":true,"href":"https:\/\/sovalab.pl\/en\/wp-json\/wp\/v2\/comments?post=10030879"}],"wp:featuredmedia":[{"embeddable":true,"href":"https:\/\/sovalab.pl\/en\/wp-json\/wp\/v2\/media\/10037961"}],"wp:attachment":[{"href":"https:\/\/sovalab.pl\/en\/wp-json\/wp\/v2\/media?parent=10030879"}],"wp:term":[{"taxonomy":"product_brand","embeddable":true,"href":"https:\/\/sovalab.pl\/en\/wp-json\/wp\/v2\/product_brand?post=10030879"},{"taxonomy":"product_cat","embeddable":true,"href":"https:\/\/sovalab.pl\/en\/wp-json\/wp\/v2\/product_cat?post=10030879"},{"taxonomy":"product_tag","embeddable":true,"href":"https:\/\/sovalab.pl\/en\/wp-json\/wp\/v2\/product_tag?post=10030879"}],"curies":[{"name":"wp","href":"https:\/\/api.w.org\/{rel}","templated":true}]}}