
{"id":10033703,"date":"2021-07-14T19:01:31","date_gmt":"2021-07-14T17:01:31","guid":{"rendered":"https:\/\/epoksydowa.pl\/?post_type=product&#038;p=10029211"},"modified":"2026-05-06T14:43:52","modified_gmt":"2026-05-06T12:43:52","slug":"mini-mieszadlo-do-zywicy-epoksydowej-20mmx20mm-3","status":"publish","type":"product","link":"https:\/\/sovalab.pl\/en\/mini-mieszadlo-do-zywicy-epoksydowej-20mmx20mm-3\/","title":{"rendered":"MINI mieszad\u0142o nienapowietrzaj\u0105ce do \u017cywicy epoksydowej 20mm"},"content":{"rendered":"<p>WERSJA MINI POPULARNEGO MIESZAD\u0141A<\/p>\n<p>MINI mieszad\u0142o nienapowietrzaj\u0105ce do \u017cywicy epoksydowej, to idealne rozwi\u0105zanie do mieszania ma\u0142ych partii \u017cywicy &#8211; np przy produkcji bi\u017cuterii. Pasuje do wszystkich wkr\u0119tarek jak i wiertarek. Mieszad\u0142o jest wielokrotnego u\u017cytku, produkowane w Polsce i w przeciwie\u0144stwie do wielu innych dost\u0119pnych na rynku nie oszcz\u0119dzamy na materiale.<\/p>\n<p>Mieszad\u0142o mo\u017cna czy\u015bci\u0107 w acetonie podczas obrot\u00f3w, lub manualnie myj\u0105c np. p\u0119dzlem.<br \/>\nNie wolno pozostawia\u0107 mieszad\u0142a na d\u0142u\u017cej w Acetonie. Czynno\u015b\u0107 ta grozi uszkodzeniem produktu.<\/p>\n<p>Mieszad\u0142o najlepiej u\u017cywa\u0107 z elektronarz\u0119dziami o zmiennej pr\u0119dko\u015bci dla zachowania pe\u0142nej kontroli szybko\u015bci, dzi\u0119ki czemu mo\u017cesz miesza\u0107 z ma\u0142\u0105, sta\u0142\u0105 pr\u0119dko\u015bci\u0105, by nie wywo\u0142ywa\u0107 nadmiernego spienienia.<\/p>\n<p>Ponownie, w przeciwie\u0144stwie do innych dost\u0119pnych rozwi\u0105za\u0144, nasze mieszad\u0142a wyposa\u017cone s\u0105 w stalowy, g\u0142adki pr\u0119t, a nie pr\u0119t gwintowany, kt\u00f3ry zu\u017cywa si\u0119 po kilku minutach pracy, przy okazji niszcz\u0105c zacisk wkr\u0119tarki. Stalowy, g\u0142adki pr\u0119t gwarantuje mocny monta\u017c zacisku wkr\u0119tarki. oraz pozwala zniwelowa\u0107 drgania, kt\u00f3re przyczyni\u0142yby si\u0119 do szarpania mieszad\u0142em.<\/p>\n<p>Podczas mieszania upewnij si\u0119, \u017ce g\u0142owica mieszaj\u0105ca znajduje si\u0119 poni\u017cej powierzchni mieszanki, aby zapobiec przedostawaniu si\u0119 powietrza, kt\u00f3re niepotrzebnie spieni \u017cywic\u0119.<\/p>\n<p>Nie ma nic gorszego ni\u017c zachlapane narz\u0119dzia robocze. Chocia\u017c, najgorzej jak zachlapiesz ruchome cz\u0119\u015bci tych narz\u0119dzi.\u00a0 Oboj\u0119tnie czy w\u0142\u0105cznik, czy to g\u0142\u00f3wka wkr\u0119tarki, majsterkowicza zaboli ten fakt ju\u017c na sam\u0105 my\u015bl.<\/p>\n<p>Dlatego od teraz, do ka\u017cdego mieszad\u0142a dodajemy ZA DARMO os\u0142onk\u0119, kt\u00f3ra ograniczy zachlapanie g\u0142\u00f3wki wkr\u0119tarki, niestety o w\u0142\u0105cznik musisz zadba\u0107 samodzielnie \ud83d\ude09 Os\u0142onka spe\u0142ni te\u017c zadanie jako mocowanie, za kt\u00f3re mo\u017cesz powiesi\u0107 na wieszaku, lub haczyku.<\/p>\n<p>&nbsp;<\/p>\n<p>&#8211; \u015brednica samego mieszad\u0142a to 20mm, a jego wysoko\u015b\u0107 to 20mm.<br \/>\n&#8211; pasuje do ka\u017cdej wkr\u0119tarki<br \/>\n&#8211; wykonane z tworzywa petg \u2013 za pomoc\u0105 druku 3d<br \/>\n&#8211; wielokrotnego u\u017cytku \u2013 po u\u017cyciu wytrze\u0107 do czysta<br \/>\n&#8211; idealny do ma\u0142ych i \u015brednich prac,<br \/>\n&#8211; pr\u0119t stalowy minimalizuje drgania podczas mieszania.<br \/>\n-odporny na aceton oraz deformacje od rozgrzanej \u017cywicy.<br \/>\n&#8211; \u015brednica trzpienia mocuj\u0105cego to walec 6mm.<\/p>\n<p>&nbsp;<\/p>\n<p>** Zawsze post\u0119puj zgodnie z instrukcjami producenta dotycz\u0105cymi proporcji i mieszania!<\/p>\n<p>** Korzystaj z wiertarki o wysokim momencie obrotowym (200-300 obr.\/min) Dlaczego? By mia\u0142a si\u0142\u0119 poruszy\u0107 du\u017c\u0105 ilo\u015b\u0107 g\u0119stej \u017cywicy.<\/p>\n<p>KOLOR PRODUKTU: MATOWA ZIEMNA ZIELE\u0143. OPCJONALNIE MO\u017bLIWE ZASTOSOWANIE KOLORU CZARNEGO.<\/p>\n","protected":false},"excerpt":{"rendered":"<p>WERSJA MINI POPULARNEGO MIESZAD\u0141A MINI mieszad\u0142o nienapowietrzaj\u0105ce do \u017cywicy epoksydowej, to idealne rozwi\u0105zanie do mieszania ma\u0142ych partii \u017cywicy &#8211; np przy produkcji bi\u017cuterii. Pasuje do wszystkich wkr\u0119tarek jak i wiertarek. Mieszad\u0142o jest wielokrotnego u\u017cytku, produkowane w Polsce i w przeciwie\u0144stwie&#8230;<\/p>\n","protected":false},"featured_media":10045307,"comment_status":"closed","ping_status":"closed","template":"","meta":[],"product_brand":[390],"product_cat":[182],"product_tag":[],"class_list":{"0":"post-10033703","1":"product","2":"type-product","3":"status-publish","4":"has-post-thumbnail","6":"product_brand-sovalab","7":"product_cat-narzedzia","8":"product_shipping_class-male","10":"first","11":"instock","12":"sale","13":"taxable","14":"shipping-taxable","15":"purchasable","16":"product-type-simple"},"_links":{"self":[{"href":"https:\/\/sovalab.pl\/en\/wp-json\/wp\/v2\/product\/10033703","targetHints":{"allow":["GET"]}}],"collection":[{"href":"https:\/\/sovalab.pl\/en\/wp-json\/wp\/v2\/product"}],"about":[{"href":"https:\/\/sovalab.pl\/en\/wp-json\/wp\/v2\/types\/product"}],"replies":[{"embeddable":true,"href":"https:\/\/sovalab.pl\/en\/wp-json\/wp\/v2\/comments?post=10033703"}],"wp:featuredmedia":[{"embeddable":true,"href":"https:\/\/sovalab.pl\/en\/wp-json\/wp\/v2\/media\/10045307"}],"wp:attachment":[{"href":"https:\/\/sovalab.pl\/en\/wp-json\/wp\/v2\/media?parent=10033703"}],"wp:term":[{"taxonomy":"product_brand","embeddable":true,"href":"https:\/\/sovalab.pl\/en\/wp-json\/wp\/v2\/product_brand?post=10033703"},{"taxonomy":"product_cat","embeddable":true,"href":"https:\/\/sovalab.pl\/en\/wp-json\/wp\/v2\/product_cat?post=10033703"},{"taxonomy":"product_tag","embeddable":true,"href":"https:\/\/sovalab.pl\/en\/wp-json\/wp\/v2\/product_tag?post=10033703"}],"curies":[{"name":"wp","href":"https:\/\/api.w.org\/{rel}","templated":true}]}}