
{"id":10035017,"date":"2022-11-15T14:54:55","date_gmt":"2022-11-15T13:54:55","guid":{"rendered":"https:\/\/epoksydowa.pl\/?post_type=product&#038;p=10035017"},"modified":"2026-05-06T14:44:04","modified_gmt":"2026-05-06T12:44:04","slug":"pokrywa-do-pochlaniacza","status":"publish","type":"product","link":"https:\/\/sovalab.pl\/en\/pokrywa-do-pochlaniacza\/","title":{"rendered":"Pokrywa do poch\u0142aniacza 3M"},"content":{"rendered":"<p>Pokrywy mocowane s\u0105 do poch\u0142aniaczy na wcisk, s\u0105 \u0142atwe w monta\u017cu, a wymiana wk\u0142ad\u00f3w filtruj\u0105cych zajmuje chwile.<\/p>\n<p>Cechy produktu:<\/p>\n<p>&#8211; 2 sztuki (komplet),<br \/>\n&#8211; pasuje do modeli 5911, 5925 i 5935,<br \/>\n&#8211; wykonane z tworzywa sztucznego metod\u0105 druku 3D,<br \/>\n&#8211; do stosowania z filtrami przeciwpy\u0142owymi serii 5900,<br \/>\n&#8211; mocowane do poch\u0142aniaczy,<br \/>\n&#8211; proste i szybkie w monta\u017cu.<br \/>\n&#8211; zestaw nie zawiera wk\u0142ad\u00f3w filtruj\u0105cych.<\/p>\n","protected":false},"excerpt":{"rendered":"<p>Pokrywy mocowane s\u0105 do poch\u0142aniaczy na wcisk, s\u0105 \u0142atwe w monta\u017cu, a wymiana wk\u0142ad\u00f3w filtruj\u0105cych zajmuje chwile. Cechy produktu: &#8211; 2 sztuki (komplet), &#8211; pasuje do modeli 5911, 5925 i 5935, &#8211; wykonane z tworzywa sztucznego metod\u0105 druku 3D, &#8211;&#8230;<\/p>\n","protected":false},"featured_media":10035031,"comment_status":"closed","ping_status":"closed","template":"","meta":[],"product_brand":[390],"product_cat":[182],"product_tag":[],"class_list":{"0":"post-10035017","1":"product","2":"type-product","3":"status-publish","4":"has-post-thumbnail","6":"product_brand-sovalab","7":"product_cat-narzedzia","8":"product_shipping_class-male","10":"first","11":"instock","12":"taxable","13":"shipping-taxable","14":"purchasable","15":"product-type-simple"},"_links":{"self":[{"href":"https:\/\/sovalab.pl\/en\/wp-json\/wp\/v2\/product\/10035017","targetHints":{"allow":["GET"]}}],"collection":[{"href":"https:\/\/sovalab.pl\/en\/wp-json\/wp\/v2\/product"}],"about":[{"href":"https:\/\/sovalab.pl\/en\/wp-json\/wp\/v2\/types\/product"}],"replies":[{"embeddable":true,"href":"https:\/\/sovalab.pl\/en\/wp-json\/wp\/v2\/comments?post=10035017"}],"wp:featuredmedia":[{"embeddable":true,"href":"https:\/\/sovalab.pl\/en\/wp-json\/wp\/v2\/media\/10035031"}],"wp:attachment":[{"href":"https:\/\/sovalab.pl\/en\/wp-json\/wp\/v2\/media?parent=10035017"}],"wp:term":[{"taxonomy":"product_brand","embeddable":true,"href":"https:\/\/sovalab.pl\/en\/wp-json\/wp\/v2\/product_brand?post=10035017"},{"taxonomy":"product_cat","embeddable":true,"href":"https:\/\/sovalab.pl\/en\/wp-json\/wp\/v2\/product_cat?post=10035017"},{"taxonomy":"product_tag","embeddable":true,"href":"https:\/\/sovalab.pl\/en\/wp-json\/wp\/v2\/product_tag?post=10035017"}],"curies":[{"name":"wp","href":"https:\/\/api.w.org\/{rel}","templated":true}]}}