
{"id":10035365,"date":"2022-05-15T11:33:11","date_gmt":"2022-05-15T09:33:11","guid":{"rendered":"https:\/\/sovalab.pl\/?post_type=product&#038;p=10035365"},"modified":"2026-05-06T14:44:27","modified_gmt":"2026-05-06T12:44:27","slug":"lacznik-wezy-spiro","status":"publish","type":"product","link":"https:\/\/sovalab.pl\/en\/lacznik-wezy-spiro\/","title":{"rendered":"\u0141\u0105cznik w\u0119\u017cy SPIRO UNIWERSALNY"},"content":{"rendered":"<p>Drukowany w technologii 3D \u0142\u0105cznik, kt\u00f3ry umo\u017cliwia w bardzo skuteczny spos\u00f3b po\u0142\u0105czenie w\u0119\u017cy SPIRO o tych samych \u015brednicach. Jest to produkt kongifurowalny &#8211; przy sk\u0142adaniu zam\u00f3wienia nale\u017cy poda\u0107 \u015brednic\u0119 WEJ\u015aCIOW\u0104.<br \/>\n\u0141\u0105cznik\/adapter \u0142\u0105cz\u0105cy r\u00f3\u017cne \u015brednice dost\u0119pny na innej aukcji.<br \/>\n\u0141\u0105cznik\/adapter GWINTOWANY dost\u0119pny na innej aukcji.<\/p>\n<p>Cechy:<\/p>\n<p>&#8211; Redukcja na swoich kr\u00f3\u0107cach ma wystaj\u0105ce ograniczniki kt\u00f3re dodatkowo zapobiegaj\u0105 zsuwaniu si\u0119 w\u0119\u017ca SPIRO<br \/>\n&#8211; Elastyczne przewody mo\u017cna nasun\u0105\u0107 na adapter, i zablokowa\u0107 opaskami.<br \/>\n&#8211; Usprawniony przep\u0142yw powietrza: Adapter optymalizuje przep\u0142yw powietrza przez system odpylania, poprawiaj\u0105c og\u00f3ln\u0105 wydajno\u015b\u0107 system &#8211; brak du\u017cych zakrzywie\u0144 przep\u0142ywu powietrza.<br \/>\n&#8211; Wysokiej jako\u015bci konstrukcja: adapter jest wykonany z trwa\u0142ych materia\u0142\u00f3w, kt\u00f3re s\u0105 w stanie sprosta\u0107 wymaganiom \u015brodowiska warsztatu stolarskiego.<br \/>\n&#8211; Zmniejszony poziom ha\u0142asu: rozdzielacz ma wydajn\u0105 konstrukcj\u0119, kt\u00f3ra redukuje ha\u0142as (ogranicza zawirowania), dzi\u0119ki czemu idealnie nadaje si\u0119 do u\u017cytku w cichym \u015brodowisku pracy.<br \/>\n&#8211; \u0141\u0105cznik zewn\u0119trzne \u015bciany ma wykonane z lekkim skosem \u2013 a wi\u0119c u\u0142atwiaj\u0105 instalacj\u0119.<\/p>\n<p>Adaptery i \u0142\u0105czniki\u00a0 s\u0105 wykonane z odpornego na uderzenia materia\u0142u PETG przy u\u017cyciu najnowocze\u015bniejszych proces\u00f3w produkcji FDM o wysokiej dok\u0142adno\u015bci. PETG oferuje wysok\u0105 odporno\u015b\u0107 na uderzenia, wy\u017csz\u0105 odporno\u015b\u0107 termiczn\u0105 i chemiczna oraz jest materia\u0142em odpornym na promieniowanie UV. Chocia\u017c PETG jest trudniejszy i dro\u017cszy w obs\u0142udze, ale uwa\u017camy, \u017ce jest to lepszy materia\u0142 do tego zastosowania.<\/p>\n<p>Dane techniczne:<br \/>\n&#8211; Port wlotowy (1): 50-150mm<br \/>\n&#8211; Porty wylotowe (2): 50-150 mm<br \/>\n&#8211; Konstrukcja Materia\u0142: PETG<\/p>\n<p>**Ten produkt to tylko adapter i nie zawiera narz\u0119dzia ani w\u0119\u017ca do odsysania py\u0142u**<br \/>\n**Je\u015bli nie znalaz\u0142e\u015b interesuj\u0105cego Ci\u0119 przedmiotu, skontaktuj si\u0119 ze mn\u0105, a zaprojektuj\u0119 specjalnie dla Ciebie!.**<br \/>\n**Uwaga: jako przedmiot wydrukowany w 3D czasami wyst\u0119puj\u0105 niedoskona\u0142o\u015bci przy ka\u017cdym wydruku. Dok\u0142adam wszelkich stara\u0144, aby zminimalizowa\u0107 problemy, zar\u00f3wno projektowe oraz konstrukcyjne.**<\/p>\n","protected":false},"excerpt":{"rendered":"<p>Drukowany w technologii 3D \u0142\u0105cznik, kt\u00f3ry umo\u017cliwia w bardzo skuteczny spos\u00f3b po\u0142\u0105czenie w\u0119\u017cy SPIRO o tych samych \u015brednicach. Jest to produkt kongifurowalny &#8211; przy sk\u0142adaniu zam\u00f3wienia nale\u017cy poda\u0107 \u015brednic\u0119 WEJ\u015aCIOW\u0104. \u0141\u0105cznik\/adapter \u0142\u0105cz\u0105cy r\u00f3\u017cne \u015brednice dost\u0119pny na innej aukcji. \u0141\u0105cznik\/adapter GWINTOWANY&#8230;<\/p>\n","protected":false},"featured_media":10035776,"comment_status":"closed","ping_status":"closed","template":"","meta":[],"product_brand":[390],"product_cat":[196,386],"product_tag":[],"class_list":{"0":"post-10035365","1":"product","2":"type-product","3":"status-publish","4":"has-post-thumbnail","6":"product_brand-sovalab","7":"product_cat-odciagi","8":"product_cat-adaptery-redukcje","9":"product_shipping_class-male","11":"first","12":"instock","13":"taxable","14":"shipping-taxable","15":"purchasable","16":"product-type-simple"},"_links":{"self":[{"href":"https:\/\/sovalab.pl\/en\/wp-json\/wp\/v2\/product\/10035365","targetHints":{"allow":["GET"]}}],"collection":[{"href":"https:\/\/sovalab.pl\/en\/wp-json\/wp\/v2\/product"}],"about":[{"href":"https:\/\/sovalab.pl\/en\/wp-json\/wp\/v2\/types\/product"}],"replies":[{"embeddable":true,"href":"https:\/\/sovalab.pl\/en\/wp-json\/wp\/v2\/comments?post=10035365"}],"wp:featuredmedia":[{"embeddable":true,"href":"https:\/\/sovalab.pl\/en\/wp-json\/wp\/v2\/media\/10035776"}],"wp:attachment":[{"href":"https:\/\/sovalab.pl\/en\/wp-json\/wp\/v2\/media?parent=10035365"}],"wp:term":[{"taxonomy":"product_brand","embeddable":true,"href":"https:\/\/sovalab.pl\/en\/wp-json\/wp\/v2\/product_brand?post=10035365"},{"taxonomy":"product_cat","embeddable":true,"href":"https:\/\/sovalab.pl\/en\/wp-json\/wp\/v2\/product_cat?post=10035365"},{"taxonomy":"product_tag","embeddable":true,"href":"https:\/\/sovalab.pl\/en\/wp-json\/wp\/v2\/product_tag?post=10035365"}],"curies":[{"name":"wp","href":"https:\/\/api.w.org\/{rel}","templated":true}]}}