
{"id":10035368,"date":"2022-05-15T11:38:18","date_gmt":"2022-05-15T09:38:18","guid":{"rendered":"https:\/\/sovalab.pl\/?post_type=product&#038;p=10035368"},"modified":"2026-05-06T14:44:47","modified_gmt":"2026-05-06T12:44:47","slug":"klipsy-na-waz-odciagu-festool-starmix-15-sztuk","status":"publish","type":"product","link":"https:\/\/sovalab.pl\/en\/klipsy-na-waz-odciagu-festool-starmix-15-sztuk\/","title":{"rendered":"Klipsy na w\u0105\u017c odci\u0105gu Festool\/Starmix 15 sztuk"},"content":{"rendered":"<p>Zwi&#281;ksz bezpiecze&#324;stwo swojego warsztatu!<\/p>\n<p>Drukowany w technologii 3D, klips na w&#261;&#380; od odkurzacza. Spina ze sob&#261; w&#261;&#380; oraz przew&oacute;d zasilaj&#261;cy. Najlepiej si&#281; sprawdzaj&#261; 4-5 sztuk na metr w&#281;&#380;a.<\/p>\n<p>Cechy:<\/p>\n<p>&#8211; Do stosowania na przewodach firmy Starmix oraz Festool. Te konkretnie rozmiar pasuje r&oacute;wnie&#380; do wi&#281;kszo&#347;ci odkurzaczy przemys&#322;owych firmy Metabo oraz podobnych itp.<br \/>\n&#8211; &#321;atwa w u&#380;yciu konstrukcja oznacza, &#380;e &#8203;&#8203;mo&#380;na szybko i &#322;atwo pod&#322;&#261;czy&#263; w&#261;&#380; do przewodu zasilaj&#261;cego bez &#380;adnych k&#322;opot&oacute;w.<br \/>\n&#8211; Wysokiej jako&#347;ci konstrukcja: klips jest wykonany z trwa&#322;ych materia&#322;&oacute;w, kt&oacute;re s&#261; w stanie sprosta&#263; wymaganiom &#347;rodowiska warsztatu stolarskiego.<br \/>\n&#8211;Kompaktowy rozmiar i lekka konstrukcja nie zwi&#281;ksz&#261; niepotrzebnej obj&#281;to&#347;ci zestawu do sprz&#261;tania.<br \/>\n&#8211; Trwa&#322;a konstrukcja gwarantuje, &#380;e te zaciski do w&#281;&#380;y wytrzymaj&#261; wiele lat, co czyni je doskona&#322;&#261; inwestycj&#261; dla ka&#380;dego entuzjasty majsterkowania lub w&#322;a&#347;ciciela warsztatu.<\/p>\n<p>Klipsy s&#261; wykonane z odpornego na uderzenia materia&#322;u PETG przy u&#380;yciu najnowocze&#347;niejszych proces&oacute;w produkcji FDM o wysokiej dok&#322;adno&#347;ci. PETG oferuje wysok&#261; odporno&#347;&#263; na uderzenia, wy&#380;sz&#261; odporno&#347;&#263; termiczn&#261; i chemiczna oraz jest materia&#322;em odpornym na promieniowanie UV. Chocia&#380; PETG jest trudniejszy i dro&#380;szy w obs&#322;udze, ale uwa&#380;amy, &#380;e jest to lepszy materia&#322; do tego zastosowania.<\/p>\n<p>Dane techniczne:<br \/>\n&#8211; Konstrukcja Materia&#322;: PETG<\/p>\n<p>**Ten produkt to tylko adapter i nie zawiera narz&#281;dzia ani w&#281;&#380;a do odsysania py&#322;u**<br \/>\n**Je&#347;li nie znalaz&#322;e&#347; interesuj&#261;cego Ci&#281; przedmiotu, skontaktuj si&#281; ze mn&#261;, a zaprojektuj&#281; specjalnie dla Ciebie!.**<br \/>\n**Uwaga: jako przedmiot wydrukowany w 3D czasami wyst&#281;puj&#261; niedoskona&#322;o&#347;ci przy ka&#380;dym wydruku. Dok&#322;adam wszelkich stara&#324;, aby zminimalizowa&#263; problemy, zar&oacute;wno projektowe oraz konstrukcyjne.**<\/p>\n<p><strong>KOLOR PRODUKTU: matowa ciemna ziele&#324;. <\/strong><strong>OPCJONALNIE mo&#380;liwe zastosowanie koloru CZARNY MAT.<\/strong><\/p>\n","protected":false},"excerpt":{"rendered":"<p>Zwi&#281;ksz bezpiecze&#324;stwo swojego warsztatu! Drukowany w technologii 3D, klips na w&#261;&#380; od odkurzacza. Spina ze sob&#261; w&#261;&#380; oraz przew&oacute;d zasilaj&#261;cy. Najlepiej si&#281; sprawdzaj&#261; 4-5 sztuk na metr w&#281;&#380;a. Cechy: &#8211; Do stosowania na przewodach firmy Starmix oraz Festool. Te konkretnie&#8230;<\/p>\n","protected":false},"featured_media":10035468,"comment_status":"closed","ping_status":"closed","template":"","meta":[],"product_brand":[390],"product_cat":[182,196],"product_tag":[],"class_list":{"0":"post-10035368","1":"product","2":"type-product","3":"status-publish","4":"has-post-thumbnail","6":"product_brand-sovalab","7":"product_cat-narzedzia","8":"product_cat-odciagi","9":"product_shipping_class-male","11":"first","12":"instock","13":"taxable","14":"shipping-taxable","15":"purchasable","16":"product-type-simple"},"_links":{"self":[{"href":"https:\/\/sovalab.pl\/en\/wp-json\/wp\/v2\/product\/10035368","targetHints":{"allow":["GET"]}}],"collection":[{"href":"https:\/\/sovalab.pl\/en\/wp-json\/wp\/v2\/product"}],"about":[{"href":"https:\/\/sovalab.pl\/en\/wp-json\/wp\/v2\/types\/product"}],"replies":[{"embeddable":true,"href":"https:\/\/sovalab.pl\/en\/wp-json\/wp\/v2\/comments?post=10035368"}],"wp:featuredmedia":[{"embeddable":true,"href":"https:\/\/sovalab.pl\/en\/wp-json\/wp\/v2\/media\/10035468"}],"wp:attachment":[{"href":"https:\/\/sovalab.pl\/en\/wp-json\/wp\/v2\/media?parent=10035368"}],"wp:term":[{"taxonomy":"product_brand","embeddable":true,"href":"https:\/\/sovalab.pl\/en\/wp-json\/wp\/v2\/product_brand?post=10035368"},{"taxonomy":"product_cat","embeddable":true,"href":"https:\/\/sovalab.pl\/en\/wp-json\/wp\/v2\/product_cat?post=10035368"},{"taxonomy":"product_tag","embeddable":true,"href":"https:\/\/sovalab.pl\/en\/wp-json\/wp\/v2\/product_tag?post=10035368"}],"curies":[{"name":"wp","href":"https:\/\/api.w.org\/{rel}","templated":true}]}}