
{"id":10035434,"date":"2023-06-06T19:14:04","date_gmt":"2023-06-06T17:14:04","guid":{"rendered":"https:\/\/sovalab.pl\/?post_type=product&#038;p=10035434"},"modified":"2026-05-06T14:47:50","modified_gmt":"2026-05-06T12:47:50","slug":"sito-do-odkurzania-z-pylu","status":"publish","type":"product","link":"https:\/\/sovalab.pl\/en\/sito-do-odkurzania-z-pylu\/","title":{"rendered":"Sito do odkurzania z py\u0142u"},"content":{"rendered":"<p>Drukowane w technologii 3D, sito z ma\u0142ymi otworami do zbierania kurzu, umo\u017cliwiaj\u0105cy odkurzenie dowolnej powierzchni z zanieczyszcze\u0144.\u00a0 \u015awietnie si\u0119 sprawdzi w warsztacie, i\u00a0 na stole roboczym, a nawet przy czyszczeniu kuwet ze \u015brubkami.<\/p>\n<p>Nak\u0142adka b\u0119dzie pasowa\u0107 do\u00a0 wi\u0119kszo\u015bci w\u0119\u017cy odci\u0105gu o \u015brednicy zewn\u0119trznej np. firmy Starmix, Metabo, Bosch, Festool ,itd.<\/p>\n<p>Dwie wersje do wyboru. Heksagonalne otwory, oraz paski.<\/p>\n<p>Jest to produkt kongifurowalny &#8211; przy sk\u0142adaniu zam\u00f3wienia nale\u017cy poda\u0107 \u015brednic\u0119 WYJ\u015aCIOW\u0104 (2)\u00a0z\u0142\u0105cza.<\/p>\n<p>Cechy:<\/p>\n<p>&#8211; Proste i efektywne\u00a0 zbierania kurzu.<br \/>\n&#8211; Usprawniony przep\u0142yw powietrza: Adapter optymalizuje przep\u0142yw powietrza przez system, poprawiaj\u0105c og\u00f3ln\u0105 wydajno\u015b\u0107 system &#8211; brak du\u017cych zakrzywie\u0144 przep\u0142ywu powietrza.<br \/>\n&#8211; Wysokiej jako\u015bci konstrukcja: Adapter jest wykonany z trwa\u0142ych materia\u0142\u00f3w, kt\u00f3re s\u0105 w stanie sprosta\u0107 wymaganiom \u015brodowiska warsztatu stolarskiego.<br \/>\n&#8211; Zmniejszony poziom ha\u0142asu: rozdzielacz ma wydajn\u0105 konstrukcj\u0119, kt\u00f3ra redukuje ha\u0142as (ogranicza zawirowania), dzi\u0119ki czemu idealnie nadaje si\u0119 do u\u017cytku w cichym \u015brodowisku pracy.<br \/>\n&#8211; Adapter wewn\u0119trzne \u015bciany ma wykonane z\u00a0lekkim skosem \u2013 a wi\u0119c u\u0142atwiaj\u0105 instalacj\u0119.<\/p>\n<p>Je\u015bli adapter kt\u00f3ry zakupi\u0142e\u015b jest za ciasny, to mo\u017cesz w\u0142o\u017cy\u0107 problematyczny koniec do wrz\u0105cej wody. Zmi\u0119kczy plastik i sprawi, \u017ce b\u0119dzie troch\u0119 elastyczny, co z kolei pozwoli ci \u0142atwo go zainstalowa\u0107.<\/p>\n<p>Adaptery i \u0142\u0105czniki\u00a0 s\u0105 wykonane z odpornego na uderzenia materia\u0142u PETG przy u\u017cyciu najnowocze\u015bniejszych proces\u00f3w produkcji FDM o wysokiej dok\u0142adno\u015bci. PETG oferuje wysok\u0105 odporno\u015b\u0107 na uderzenia, wy\u017csz\u0105 odporno\u015b\u0107 termiczn\u0105 i chemiczna oraz jest materia\u0142em odpornym na promieniowanie UV. Chocia\u017c PETG jest trudniejszy i dro\u017cszy w obs\u0142udze, ale uwa\u017camy, \u017ce jest to lepszy materia\u0142 do tego zastosowania.<\/p>\n<p>Dane techniczne:<br \/>\n&#8211; Porty wylotowe (2):~ ~20-50mm<br \/>\n&#8211; Konstrukcja Materia\u0142: PETG<\/p>\n<p>**Ten produkt to tylko adapter i nie zawiera narz\u0119dzia ani w\u0119\u017ca do odsysania py\u0142u**<br \/>\n**Je\u015bli nie znalaz\u0142e\u015b interesuj\u0105cego Ci\u0119 przedmiotu, skontaktuj si\u0119 ze mn\u0105, a zaprojektuj\u0119 specjalnie dla Ciebie!.**<br \/>\n**Uwaga: jako przedmiot wydrukowany w 3D czasami wyst\u0119puj\u0105 niedoskona\u0142o\u015bci przy ka\u017cdym wydruku. Dok\u0142adam wszelkich stara\u0144, aby zminimalizowa\u0107 problemy, zar\u00f3wno projektowe oraz konstrukcyjne.**<\/p>\n","protected":false},"excerpt":{"rendered":"<p>Drukowane w technologii 3D, sito z ma\u0142ymi otworami do zbierania kurzu, umo\u017cliwiaj\u0105cy odkurzenie dowolnej powierzchni z zanieczyszcze\u0144.\u00a0 \u015awietnie si\u0119 sprawdzi w warsztacie, i\u00a0 na stole roboczym, a nawet przy czyszczeniu kuwet ze \u015brubkami. Nak\u0142adka b\u0119dzie pasowa\u0107 do\u00a0 wi\u0119kszo\u015bci w\u0119\u017cy odci\u0105gu&#8230;<\/p>\n","protected":false},"featured_media":10035457,"comment_status":"closed","ping_status":"closed","template":"","meta":[],"product_brand":[390],"product_cat":[182,196],"product_tag":[],"class_list":{"0":"post-10035434","1":"product","2":"type-product","3":"status-publish","4":"has-post-thumbnail","6":"product_brand-sovalab","7":"product_cat-narzedzia","8":"product_cat-odciagi","9":"product_shipping_class-male","11":"first","12":"instock","13":"taxable","14":"shipping-taxable","15":"purchasable","16":"product-type-simple"},"_links":{"self":[{"href":"https:\/\/sovalab.pl\/en\/wp-json\/wp\/v2\/product\/10035434","targetHints":{"allow":["GET"]}}],"collection":[{"href":"https:\/\/sovalab.pl\/en\/wp-json\/wp\/v2\/product"}],"about":[{"href":"https:\/\/sovalab.pl\/en\/wp-json\/wp\/v2\/types\/product"}],"replies":[{"embeddable":true,"href":"https:\/\/sovalab.pl\/en\/wp-json\/wp\/v2\/comments?post=10035434"}],"wp:featuredmedia":[{"embeddable":true,"href":"https:\/\/sovalab.pl\/en\/wp-json\/wp\/v2\/media\/10035457"}],"wp:attachment":[{"href":"https:\/\/sovalab.pl\/en\/wp-json\/wp\/v2\/media?parent=10035434"}],"wp:term":[{"taxonomy":"product_brand","embeddable":true,"href":"https:\/\/sovalab.pl\/en\/wp-json\/wp\/v2\/product_brand?post=10035434"},{"taxonomy":"product_cat","embeddable":true,"href":"https:\/\/sovalab.pl\/en\/wp-json\/wp\/v2\/product_cat?post=10035434"},{"taxonomy":"product_tag","embeddable":true,"href":"https:\/\/sovalab.pl\/en\/wp-json\/wp\/v2\/product_tag?post=10035434"}],"curies":[{"name":"wp","href":"https:\/\/api.w.org\/{rel}","templated":true}]}}