
{"id":10035480,"date":"2023-06-16T15:09:03","date_gmt":"2023-06-16T13:09:03","guid":{"rendered":"https:\/\/sovalab.pl\/?post_type=product&#038;p=10035480"},"modified":"2026-05-06T14:49:19","modified_gmt":"2026-05-06T12:49:19","slug":"rozgaleznik-redukcja-weza-spiro-3w1-okonfigurowany","status":"publish","type":"product","link":"https:\/\/sovalab.pl\/en\/rozgaleznik-redukcja-weza-spiro-3w1-okonfigurowany\/","title":{"rendered":"Rozga\u0142\u0119\u017anik redukcja w\u0119\u017ca SPIRO 3w1 \u00d8Konfigurowany"},"content":{"rendered":"<p>Istnieje mo&#380;liwo&#347;&#263; dostosowania rozdzielacza do Twoich potrzeb. Je&#347;li potrzebujesz r&oacute;&#380;ne &#347;rednice &#8211; dla zna&#263; a wykonamy go specjalnie dla Ciebie.<\/p>\n<p>Drukowany w technologii 3D adapter\/redukcja, kt&oacute;ra umo&#380;liwia w bardzo skuteczny spos&oacute;b pod&#322;&#261;czenie trzech w&#281;&#380;y SPIRO&nbsp; do jednego kana&#322;u odci&#261;gowego za pomoc&#261; w&#281;&#380;a SPIRO. Jest to produkt kongifurowalny &#8211; przy sk&#322;adaniu zam&oacute;wienia nale&#380;y poda&#263; &#347;rednic&#281; WEJ&#346;CIOW&#260; pojedynczego z&#322;&#261;cza, oraz &#347;rednic&#281;&nbsp;WYJ&#346;CIOWE potr&oacute;jnego z&#322;&#261;cza.<\/p>\n<p>Z&#322;&#261;cza wyj&#347;ciowe s&#261; tej samej &#347;rednicy &#8211; inne opcje dost&#281;pne na pozosta&#322;ych ofertach.<\/p>\n<p>Cechy:<\/p>\n<p>&#8211; Elastyczne przewody mo&#380;na nasun&#261;&#263; na adapter, wersja gwintowana dost&#281;pna na innej aukcji.<br \/>\n&#8211; Usprawniony przep&#322;yw powietrza: Rozga&#322;&#281;&#378;nik optymalizuje przep&#322;yw powietrza przez system odpylania, poprawiaj&#261;c og&oacute;ln&#261; wydajno&#347;&#263; system &#8211; brak du&#380;ych zakrzywie&#324; przep&#322;ywu powietrza.<br \/>\n&#8211; Konstrukcja tr&oacute;jdro&#380;na: Ten rozdzielacz umo&#380;liwia pod&#322;&#261;czenie trzech oddzielnych narz&#281;dzi do jednego systemu odpylania, zwi&#281;kszaj&#261;c efektywno&#347;&#263; procesu usuwania py&#322;u.<br \/>\n&#8211; Wysokiej jako&#347;ci konstrukcja: Rozdzielacz jest wykonany z trwa&#322;ych materia&#322;&oacute;w, kt&oacute;re s&#261; w stanie sprosta&#263; wymaganiom &#347;rodowiska warsztatu stolarskiego.<br \/>\n&#8211; Zmniejszony poziom ha&#322;asu: rozdzielacz ma wydajn&#261; konstrukcj&#281;, kt&oacute;ra redukuje ha&#322;as (ogranicza zawirowania), dzi&#281;ki czemu idealnie nadaje si&#281; do u&#380;ytku w cichym &#347;rodowisku pracy.<br \/>\n&#8211; Rozdzielacz na swoich kr&oacute;&#263;cach ma wystaj&#261;ce ograniczniki kt&oacute;re dodatkowo zapobiegaj&#261; zsuwaniu si&#281; w&#281;&#380;a SPIRO.<\/p>\n<p>Adaptery i &#322;&#261;czniki&nbsp; s&#261; wykonane z odpornego na uderzenia materia&#322;u PETG przy u&#380;yciu najnowocze&#347;niejszych proces&oacute;w produkcji FDM o wysokiej dok&#322;adno&#347;ci. PETG oferuje wysok&#261; odporno&#347;&#263; na uderzenia, wy&#380;sz&#261; odporno&#347;&#263; termiczn&#261; i chemiczna oraz jest materia&#322;em odpornym na promieniowanie UV. Chocia&#380; PETG jest trudniejszy i dro&#380;szy w obs&#322;udze, ale uwa&#380;amy, &#380;e jest to lepszy materia&#322; do tego zastosowania.<\/p>\n<p>Dane techniczne:<br \/>\n&#8211; Port wlotowy (1): 100-150mm<br \/>\n&#8211; Porty wylotowe (3): 50-100 mm<br \/>\n&#8211; Konstrukcja Materia&#322;: PETG<\/p>\n<p>**Ten produkt to tylko adapter i nie zawiera narz&#281;dzia ani w&#281;&#380;a do odsysania py&#322;u**<br \/>\n**Je&#347;li nie znalaz&#322;e&#347; interesuj&#261;cego Ci&#281; przedmiotu, skontaktuj si&#281; ze mn&#261;, a zaprojektuj&#281; specjalnie dla Ciebie!.**<br \/>\n**Uwaga: jako przedmiot wydrukowany w 3D czasami wyst&#281;puj&#261; niedoskona&#322;o&#347;ci przy ka&#380;dym wydruku. Dok&#322;adam wszelkich stara&#324;, aby zminimalizowa&#263; problemy, zar&oacute;wno projektowe oraz konstrukcyjne.**<\/p>\n<p><strong>KOLOR PRODUKTU: matowa ciemna ziele&#324;. <\/strong><strong>OPCJONALNIE mo&#380;liwe zastosowanie koloru CZARNY MAT.<\/strong><\/p>\n","protected":false},"excerpt":{"rendered":"<p>Istnieje mo&#380;liwo&#347;&#263; dostosowania rozdzielacza do Twoich potrzeb. Je&#347;li potrzebujesz r&oacute;&#380;ne &#347;rednice &#8211; dla zna&#263; a wykonamy go specjalnie dla Ciebie. Drukowany w technologii 3D adapter\/redukcja, kt&oacute;ra umo&#380;liwia w bardzo skuteczny spos&oacute;b pod&#322;&#261;czenie trzech w&#281;&#380;y SPIRO&nbsp; do jednego kana&#322;u odci&#261;gowego za&#8230;<\/p>\n","protected":false},"featured_media":10042154,"comment_status":"closed","ping_status":"closed","template":"","meta":[],"product_brand":[390],"product_cat":[386,196],"product_tag":[],"class_list":{"0":"post-10035480","1":"product","2":"type-product","3":"status-publish","4":"has-post-thumbnail","6":"product_brand-sovalab","7":"product_cat-adaptery-redukcje","8":"product_cat-odciagi","9":"product_shipping_class-male","11":"first","12":"instock","13":"sale","14":"taxable","15":"shipping-taxable","16":"purchasable","17":"product-type-simple"},"_links":{"self":[{"href":"https:\/\/sovalab.pl\/en\/wp-json\/wp\/v2\/product\/10035480","targetHints":{"allow":["GET"]}}],"collection":[{"href":"https:\/\/sovalab.pl\/en\/wp-json\/wp\/v2\/product"}],"about":[{"href":"https:\/\/sovalab.pl\/en\/wp-json\/wp\/v2\/types\/product"}],"replies":[{"embeddable":true,"href":"https:\/\/sovalab.pl\/en\/wp-json\/wp\/v2\/comments?post=10035480"}],"wp:featuredmedia":[{"embeddable":true,"href":"https:\/\/sovalab.pl\/en\/wp-json\/wp\/v2\/media\/10042154"}],"wp:attachment":[{"href":"https:\/\/sovalab.pl\/en\/wp-json\/wp\/v2\/media?parent=10035480"}],"wp:term":[{"taxonomy":"product_brand","embeddable":true,"href":"https:\/\/sovalab.pl\/en\/wp-json\/wp\/v2\/product_brand?post=10035480"},{"taxonomy":"product_cat","embeddable":true,"href":"https:\/\/sovalab.pl\/en\/wp-json\/wp\/v2\/product_cat?post=10035480"},{"taxonomy":"product_tag","embeddable":true,"href":"https:\/\/sovalab.pl\/en\/wp-json\/wp\/v2\/product_tag?post=10035480"}],"curies":[{"name":"wp","href":"https:\/\/api.w.org\/{rel}","templated":true}]}}