
{"id":10037987,"date":"2023-09-20T18:51:28","date_gmt":"2023-09-20T16:51:28","guid":{"rendered":"https:\/\/sovalab.pl\/?post_type=product&#038;p=10037987"},"modified":"2025-09-17T10:50:50","modified_gmt":"2025-09-17T08:50:50","slug":"pierscien-magnetyczny-do-odciagu","status":"publish","type":"product","link":"https:\/\/sovalab.pl\/en\/pierscien-magnetyczny-do-odciagu\/","title":{"rendered":"Pier\u015bcie\u0144 magnetyczny do odci\u0105gu. CNC Stolarnia Laser"},"content":{"rendered":"<p>Drukowany w technologii 3D pier\u015bcie\u0144 do systemu z\u0142\u0105cz magnetycznych, kt\u00f3ry mo\u017cna przykr\u0119ci\u0107 bezpo\u015brednio do obudowy maszyny kt\u00f3ra nie posiada fabrycznego kr\u00f3\u0107ca.<\/p>\n<p>Cechy:<\/p>\n<p>&#8211; Wysokiej jako\u015bci konstrukcja: pier\u015bcie\u0144 wykonany jest z trwa\u0142ych materia\u0142\u00f3w, kt\u00f3re s\u0105 w stanie sprosta\u0107 wymaganiom \u015brodowiska warsztatu stolarskiego.<\/p>\n<p>Wykonane \u00a0z odpornego na uderzenia materia\u0142u PETG przy u\u017cyciu najnowocze\u015bniejszych proces\u00f3w produkcji FDM o wysokiej dok\u0142adno\u015bci. PETG oferuje wysok\u0105 odporno\u015b\u0107 na uderzenia, wy\u017csz\u0105 odporno\u015b\u0107 termiczn\u0105 i chemiczna oraz jest materia\u0142em odpornym na promieniowanie UV. Chocia\u017c PETG jest trudniejszy i dro\u017cszy w obs\u0142udze, ale uwa\u017camy, \u017ce jest to lepszy materia\u0142 do tego zastosowania.<\/p>\n<p>Dane techniczne:<br \/>\n&#8211; Konstrukcja Materia\u0142: PETG<\/p>\n<p>**Ten produkt to tylko adapter i nie zawiera narz\u0119dzia ani w\u0119\u017ca do odsysania py\u0142u**<br \/>\n**Je\u015bli nie znalaz\u0142e\u015b interesuj\u0105cego Ci\u0119 przedmiotu, skontaktuj si\u0119 ze mn\u0105, a zaprojektuj\u0119 specjalnie dla Ciebie!.**<br \/>\n**Uwaga: jako przedmiot wydrukowany w 3D czasami wyst\u0119puj\u0105 niedoskona\u0142o\u015bci przy ka\u017cdym wydruku. Dok\u0142adam wszelkich stara\u0144, aby zminimalizowa\u0107 problemy, zar\u00f3wno projektowe oraz konstrukcyjne.**<\/p>\n","protected":false},"excerpt":{"rendered":"<p>Drukowany w technologii 3D pier\u015bcie\u0144 do systemu z\u0142\u0105cz magnetycznych, kt\u00f3ry mo\u017cna przykr\u0119ci\u0107 bezpo\u015brednio do obudowy maszyny kt\u00f3ra nie posiada fabrycznego kr\u00f3\u0107ca. Cechy: &#8211; Wysokiej jako\u015bci konstrukcja: pier\u015bcie\u0144 wykonany jest z trwa\u0142ych materia\u0142\u00f3w, kt\u00f3re s\u0105 w stanie sprosta\u0107 wymaganiom \u015brodowiska warsztatu&#8230;<\/p>\n","protected":false},"featured_media":10047813,"comment_status":"closed","ping_status":"closed","template":"","meta":[],"product_brand":[390],"product_cat":[196,438,341,254],"product_tag":[],"class_list":{"0":"post-10037987","1":"product","2":"type-product","3":"status-publish","4":"has-post-thumbnail","6":"product_brand-sovalab","7":"product_cat-odciagi","8":"product_cat-akcesoria","9":"product_cat-magsnap-standard","10":"product_cat-zlacza-magnetyczne","11":"product_shipping_class-male","13":"first","14":"instock","15":"taxable","16":"shipping-taxable","17":"purchasable","18":"product-type-simple"},"_links":{"self":[{"href":"https:\/\/sovalab.pl\/en\/wp-json\/wp\/v2\/product\/10037987","targetHints":{"allow":["GET"]}}],"collection":[{"href":"https:\/\/sovalab.pl\/en\/wp-json\/wp\/v2\/product"}],"about":[{"href":"https:\/\/sovalab.pl\/en\/wp-json\/wp\/v2\/types\/product"}],"replies":[{"embeddable":true,"href":"https:\/\/sovalab.pl\/en\/wp-json\/wp\/v2\/comments?post=10037987"}],"wp:featuredmedia":[{"embeddable":true,"href":"https:\/\/sovalab.pl\/en\/wp-json\/wp\/v2\/media\/10047813"}],"wp:attachment":[{"href":"https:\/\/sovalab.pl\/en\/wp-json\/wp\/v2\/media?parent=10037987"}],"wp:term":[{"taxonomy":"product_brand","embeddable":true,"href":"https:\/\/sovalab.pl\/en\/wp-json\/wp\/v2\/product_brand?post=10037987"},{"taxonomy":"product_cat","embeddable":true,"href":"https:\/\/sovalab.pl\/en\/wp-json\/wp\/v2\/product_cat?post=10037987"},{"taxonomy":"product_tag","embeddable":true,"href":"https:\/\/sovalab.pl\/en\/wp-json\/wp\/v2\/product_tag?post=10037987"}],"curies":[{"name":"wp","href":"https:\/\/api.w.org\/{rel}","templated":true}]}}