
{"id":10038029,"date":"2023-09-25T10:09:46","date_gmt":"2023-09-25T08:09:46","guid":{"rendered":"https:\/\/sovalab.pl\/?post_type=product&#038;p=10038029"},"modified":"2026-05-06T15:01:01","modified_gmt":"2026-05-06T13:01:01","slug":"mosiezne-muszki-kokardki-do-blatow-drewnianych","status":"publish","type":"product","link":"https:\/\/sovalab.pl\/en\/mosiezne-muszki-kokardki-do-blatow-drewnianych\/","title":{"rendered":"MOSI\u0118\u017bNE Muszki &#8211; kokardki do blat\u00f3w drewnianych"},"content":{"rendered":"<p>Give your countertop an extraordinary look by adding a raw brass inlay.<\/p>\n<p>Introducing brass bow ties for wooden countertops. These unique elements are not only beautiful visual accents, but also reinforce wooden structures, effectively preventing cracks from spreading.<\/p>\n<p>The bow tie is cut using CNC machinery, and the surface has a lightly brushed finish. A custom \u201cbrushstroke\u201d look can be achieved with fine-grit sandpaper, or the piece can be polished to obtain a mirror finish.<\/p>\n<p>Basic sizes:<\/p>\n<p>100 x 25 x 5 mm<br \/>\n70 x 20 x 5 mm<br \/>\n50 x 20 x 5 mm  <\/p>\n<p>Side #1 \u2014 pre-sanded.<\/p>\n<p>Side #2 \u2014 raw, smooth (minor scratches and scuffs may be present).<\/p>\n<p>The process of installing one of these bow ties into a crack in wood is relatively simple and requires minimal technical knowledge.<\/p>\n<p>The first step is to trace the shape of the bow tie over the cracked area. Then, using a chisel, carefully cut out a recess following the outline. To ensure a smooth finish \u2014 with no edge between the countertop and the bow tie \u2014 the recess must match the thickness of the bow tie. Once the recess is ready, apply a small amount of epoxy resin or adhesive to the bottom of the opening and around the edges. Then press the bow tie into place. NOTE: Do not hammer it in directly; it is better to use a wooden block to tap the bow tie into the recess. The adhesive should squeeze out around the bow tie on all sides.<\/p>\n","protected":false},"excerpt":{"rendered":"<p>Give your countertop an extraordinary look by adding a raw brass inlay. Introducing brass bow ties for wooden countertops. These unique elements are not only beautiful visual accents, but also reinforce wooden structures, effectively preventing cracks from spreading. The bow&#8230;<\/p>\n","protected":false},"featured_media":10038043,"comment_status":"open","ping_status":"closed","template":"","meta":[],"product_brand":[390],"product_cat":[260],"product_tag":[],"class_list":{"0":"post-10038029","1":"product","2":"type-product","3":"status-publish","4":"has-post-thumbnail","6":"product_brand-sovalab","7":"product_cat-stolarka","8":"product_shipping_class-male","10":"first","11":"outofstock","12":"taxable","13":"shipping-taxable","14":"purchasable","15":"product-type-variable","16":"has-default-attributes"},"_links":{"self":[{"href":"https:\/\/sovalab.pl\/en\/wp-json\/wp\/v2\/product\/10038029","targetHints":{"allow":["GET"]}}],"collection":[{"href":"https:\/\/sovalab.pl\/en\/wp-json\/wp\/v2\/product"}],"about":[{"href":"https:\/\/sovalab.pl\/en\/wp-json\/wp\/v2\/types\/product"}],"replies":[{"embeddable":true,"href":"https:\/\/sovalab.pl\/en\/wp-json\/wp\/v2\/comments?post=10038029"}],"wp:featuredmedia":[{"embeddable":true,"href":"https:\/\/sovalab.pl\/en\/wp-json\/wp\/v2\/media\/10038043"}],"wp:attachment":[{"href":"https:\/\/sovalab.pl\/en\/wp-json\/wp\/v2\/media?parent=10038029"}],"wp:term":[{"taxonomy":"product_brand","embeddable":true,"href":"https:\/\/sovalab.pl\/en\/wp-json\/wp\/v2\/product_brand?post=10038029"},{"taxonomy":"product_cat","embeddable":true,"href":"https:\/\/sovalab.pl\/en\/wp-json\/wp\/v2\/product_cat?post=10038029"},{"taxonomy":"product_tag","embeddable":true,"href":"https:\/\/sovalab.pl\/en\/wp-json\/wp\/v2\/product_tag?post=10038029"}],"curies":[{"name":"wp","href":"https:\/\/api.w.org\/{rel}","templated":true}]}}