
{"id":10038294,"date":"2023-11-08T14:33:52","date_gmt":"2023-11-08T13:33:52","guid":{"rendered":"https:\/\/sovalab.pl\/?post_type=product&#038;p=10038294"},"modified":"2026-05-06T15:01:13","modified_gmt":"2026-05-06T13:01:13","slug":"blok-szlifierski-uchwyt-na-papier-scierny-druk-3d","status":"publish","type":"product","link":"https:\/\/sovalab.pl\/en\/blok-szlifierski-uchwyt-na-papier-scierny-druk-3d\/","title":{"rendered":"Blok szlifierski, uchwyt na papier \u015bcierny | Druk 3D"},"content":{"rendered":"<p>Blok szlifierski mo\u017ce znacznie upro\u015bci\u0107 proces szlifowania powierzchni, lub dodcs wykonywania poprawek. Najwygodniejsz\u0105 cech\u0105 tego bloku szlifierskiego jest niestandardowa konstrukcja naci\u0105gu, kt\u00f3ra umo\u017cliwia szybk\u0105 i \u0142atw\u0105 wymian\u0119 paska, oraz przekr\u0119canie go, je\u015bli jedn\u0105 store ju\u017c wykorzystamy.Poluzuj obr\u00f3\u0107 i pracuj dalej. Mo\u017cesz wykorzysta\u0107 ka\u017cdy centymetr papieru.<\/p>\n<p>Prosta konstrukcja pozwala na szybk\u0105 zmian\u0119 pomi\u0119dzy r\u00f3\u017cnymi ziarnami ta\u015bm szlifierskich.<\/p>\n<p>Mo\u017cna doci\u0105\u0107 z arkusza, ale r\u00f3wnie\u017c z papier\u00f3w &#8220;na metry&#8221;. Utnij pasek papieru \u015bciernego i sklej jego ko\u0144ce, a nast\u0119pnie na\u0142\u00f3\u017c na blok i naci\u0105gnij.<\/p>\n<p>Materia\u0142: tworzywo sztuczne, oraz \u015bruba z nakr\u0119tk\u0105 &#8211; stal | d\u0142ugo\u015b\u0107 ca\u0142kowita: 115 mm | szeroko\u015b\u0107: 30 mm<\/p>\n","protected":false},"excerpt":{"rendered":"<p>Blok szlifierski mo\u017ce znacznie upro\u015bci\u0107 proces szlifowania powierzchni, lub dodcs wykonywania poprawek. Najwygodniejsz\u0105 cech\u0105 tego bloku szlifierskiego jest niestandardowa konstrukcja naci\u0105gu, kt\u00f3ra umo\u017cliwia szybk\u0105 i \u0142atw\u0105 wymian\u0119 paska, oraz przekr\u0119canie go, je\u015bli jedn\u0105 store ju\u017c wykorzystamy.Poluzuj obr\u00f3\u0107 i pracuj dalej&#8230;.<\/p>\n","protected":false},"featured_media":10038325,"comment_status":"closed","ping_status":"closed","template":"","meta":[],"product_brand":[390],"product_cat":[182],"product_tag":[],"class_list":{"0":"post-10038294","1":"product","2":"type-product","3":"status-publish","4":"has-post-thumbnail","6":"product_brand-sovalab","7":"product_cat-narzedzia","8":"product_shipping_class-male","10":"first","11":"instock","12":"taxable","13":"shipping-taxable","14":"purchasable","15":"product-type-simple"},"_links":{"self":[{"href":"https:\/\/sovalab.pl\/en\/wp-json\/wp\/v2\/product\/10038294","targetHints":{"allow":["GET"]}}],"collection":[{"href":"https:\/\/sovalab.pl\/en\/wp-json\/wp\/v2\/product"}],"about":[{"href":"https:\/\/sovalab.pl\/en\/wp-json\/wp\/v2\/types\/product"}],"replies":[{"embeddable":true,"href":"https:\/\/sovalab.pl\/en\/wp-json\/wp\/v2\/comments?post=10038294"}],"wp:featuredmedia":[{"embeddable":true,"href":"https:\/\/sovalab.pl\/en\/wp-json\/wp\/v2\/media\/10038325"}],"wp:attachment":[{"href":"https:\/\/sovalab.pl\/en\/wp-json\/wp\/v2\/media?parent=10038294"}],"wp:term":[{"taxonomy":"product_brand","embeddable":true,"href":"https:\/\/sovalab.pl\/en\/wp-json\/wp\/v2\/product_brand?post=10038294"},{"taxonomy":"product_cat","embeddable":true,"href":"https:\/\/sovalab.pl\/en\/wp-json\/wp\/v2\/product_cat?post=10038294"},{"taxonomy":"product_tag","embeddable":true,"href":"https:\/\/sovalab.pl\/en\/wp-json\/wp\/v2\/product_tag?post=10038294"}],"curies":[{"name":"wp","href":"https:\/\/api.w.org\/{rel}","templated":true}]}}