
{"id":10038551,"date":"2023-12-12T20:35:46","date_gmt":"2023-12-12T19:35:46","guid":{"rendered":"https:\/\/sovalab.pl\/?post_type=product&#038;p=10038551"},"modified":"2026-05-06T15:02:42","modified_gmt":"2026-05-06T13:02:42","slug":"magnetyczne-zlacza-do-odciagu-trocin-i-wiorow-30-80mm","status":"publish","type":"product","link":"https:\/\/sovalab.pl\/en\/magnetyczne-zlacza-do-odciagu-trocin-i-wiorow-30-80mm\/","title":{"rendered":"MINI szybkoz\u0142\u0105cze magnetyczne do odci\u0105gu trocin i wi\u00f3r\u00f3w 30-100mm"},"content":{"rendered":"<h1>MINI szybkoz&#322;&#261;cze magnetyczne do odci&#261;gu trocin i wi&oacute;r&oacute;w 30-100mm<\/h1>\n<p>\nDzi&#281;ki zainstalowanym wewn&#261;trz magnesom, przepinanie w&#281;&#380;a z jednej maszyny do drugiej jest &#322;atwe, szybkie, bezproblemowe. Dzi&#281;ki dwukierunkowym magnesom, z&#322;&#261;cza s&#261; uniwersalne i zawsze b&#281;d&#261; do siebie pasowa&#263;, bez wzgl&#281;du na to, w jakim po&#322;o&#380;eniu je b&#281;dziesz przypina&#263;. Tu nie ma stron + i -.<\/p>\n<p>Drukowany w technologii 3D System &#322;&#261;czenia , kt&oacute;ry umo&#380;liwia w bardzo skuteczny spos&oacute;b po&#322;&#261;czenie w&#281;&#380;y SPIRO.&nbsp;Jest to produkt konfigurowalny &#8211; przy sk&#322;adaniu zam&oacute;wienia nale&#380;y poda&#263; &#347;rednic&#281; WYJ&#346;CIOW&#260;&nbsp;z&#322;&#261;cza (1).<\/p>\n<p>Ta wersja z&#322;&#261;cza dedykowana jest do mniejszych &#347;rednic w&#281;&#380;y, i nie pasuje do STANDARDOWEGO systemu oferowanego na naszych aukcjach .<\/p>\n<p>Cechy:<\/p>\n<p>&ndash; Z&#322;&#261;cze na swoich kr&oacute;&#263;cach ma wystaj&#261;ce ograniczniki kt&oacute;re dodatkowo zapobiegaj&#261; zsuwaniu si&#281; w&#281;&#380;a SPIRO<br \/>\n&ndash; Elastyczne przewody mo&#380;na nasun&#261;&#263; na z&#322;&#261;cz&#281;, i zablokowa&#263; opaskami.<br \/>\n&ndash; z&#322;&#261;cze jest wykonane z trwa&#322;ych materia&#322;&oacute;w, kt&oacute;re s&#261; w stanie sprosta&#263; wymaganiom &#347;rodowiska warsztatu stolarskiego.<br \/>\n&ndash; Bez wzgl&#281;du czy z&#322;&#261;cze zam&oacute;wione jest na &#347;rednice 60mm, czy 80mm, baza magnetyczna b&#281;dzie taka sam, dzi&#281;ki czemu bez problemu istnieje mo&#380;liwo&#347;&#263; przepinania pomi&#281;dzy &#347;rednicami.<\/p>\n<p>Z&#322;&#261;cza i &#322;&#261;czniki&nbsp; s&#261; wykonane z odpornego na uderzenia materia&#322;u PETG przy u&#380;yciu najnowocze&#347;niejszych proces&oacute;w produkcji FDM o wysokiej dok&#322;adno&#347;ci. PETG oferuje wysok&#261; odporno&#347;&#263; na uderzenia, wy&#380;sz&#261; odporno&#347;&#263; termiczn&#261; i chemiczna oraz jest materia&#322;em odpornym na promieniowanie UV. Chocia&#380; PETG jest trudniejszy i dro&#380;szy w obs&#322;udze, ale uwa&#380;amy, &#380;e jest to lepszy materia&#322; do tego zastosowania.<\/p>\n<p>Produkty wykonywane s&#261; na indywidualne zam&oacute;wienie, co oznacza &#380;e &nbsp;nie s&#261; to produkty kt&oacute;re lez&#261; na p&oacute;&#322;ce. Tworzone s&#261; na podstawie przes&#322;anych wytycznych. Dlatego przy takich zam&oacute;wieniach bardzo istotne jest dok&#322;adne podawanie wymiar&oacute;w, gdy&#380; nie ma mo&#380;liwo&#347;ci wymiany \/ zwrotu. W zale&#380;no&#347;ci od dok&#322;adno&#347;ci pomiaru &ndash; z&#322;&#261;cze b&#281;dzie pasowa&#263; idealnie, lub w skrajnych przypadkach mo&#380;e by&#263; za ciasne\/za lu&#378;ne. Prosz&#281; nie wbija&#263; na si&#322;&#281;. Niewielkie rozbie&#380;no&#347;ci w wymiarach mo&#380;na poprawi&#263; zanurzaj&#261;c we wrz&#261;tku &ndash; &nbsp;materia&#322; stanie si&#281; podatny na rozci&#261;ganie, ale nie b&#281;dzie elastyczny.<\/p>\n<p>Dane techniczne:<br \/>\n&#8211; Port wlotowy (1): do 80 mm<br \/>\n&#8211; Konstrukcja Materia&#322;: PETG<\/p>\n<p>**Ten produkt to tylko z&#322;&#261;cze i nie zawiera narz&#281;dzia ani w&#281;&#380;a do odsysania py&#322;u**<br \/>\n**Je&#347;li nie znalaz&#322;e&#347; interesuj&#261;cego Ci&#281; przedmiotu, skontaktuj si&#281; ze mn&#261;, a zaprojektuj&#281; specjalnie dla Ciebie!.**<br \/>\n**Uwaga: jako przedmiot wydrukowany w 3D czasami wyst&#281;puj&#261; niedoskona&#322;o&#347;ci przy ka&#380;dym wydruku. Dok&#322;adam wszelkich stara&#324;, aby zminimalizowa&#263; problemy, zar&oacute;wno projektowe oraz konstrukcyjne.**<\/p>\n<p>Jedno z&#322;&#261;cze zawiera 8 magnes&oacute;w neodymowych.<\/p>\n<p>Cena dotyczy 1 sztuki.<\/p>\n","protected":false},"excerpt":{"rendered":"<p>MINI szybkoz&#322;&#261;cze magnetyczne do odci&#261;gu trocin i wi&oacute;r&oacute;w 30-100mm Dzi&#281;ki zainstalowanym wewn&#261;trz magnesom, przepinanie w&#281;&#380;a z jednej maszyny do drugiej jest &#322;atwe, szybkie, bezproblemowe. Dzi&#281;ki dwukierunkowym magnesom, z&#322;&#261;cza s&#261; uniwersalne i zawsze b&#281;d&#261; do siebie pasowa&#263;, bez wzgl&#281;du na to,&#8230;<\/p>\n","protected":false},"featured_media":10038883,"comment_status":"closed","ping_status":"closed","template":"","meta":[],"product_brand":[390],"product_cat":[342,196,254],"product_tag":[],"class_list":{"0":"post-10038551","1":"product","2":"type-product","3":"status-publish","4":"has-post-thumbnail","6":"product_brand-sovalab","7":"product_cat-magsnap-mini","8":"product_cat-odciagi","9":"product_cat-zlacza-magnetyczne","10":"product_shipping_class-male","12":"first","13":"instock","14":"featured","15":"taxable","16":"shipping-taxable","17":"purchasable","18":"product-type-variable"},"_links":{"self":[{"href":"https:\/\/sovalab.pl\/en\/wp-json\/wp\/v2\/product\/10038551","targetHints":{"allow":["GET"]}}],"collection":[{"href":"https:\/\/sovalab.pl\/en\/wp-json\/wp\/v2\/product"}],"about":[{"href":"https:\/\/sovalab.pl\/en\/wp-json\/wp\/v2\/types\/product"}],"replies":[{"embeddable":true,"href":"https:\/\/sovalab.pl\/en\/wp-json\/wp\/v2\/comments?post=10038551"}],"wp:featuredmedia":[{"embeddable":true,"href":"https:\/\/sovalab.pl\/en\/wp-json\/wp\/v2\/media\/10038883"}],"wp:attachment":[{"href":"https:\/\/sovalab.pl\/en\/wp-json\/wp\/v2\/media?parent=10038551"}],"wp:term":[{"taxonomy":"product_brand","embeddable":true,"href":"https:\/\/sovalab.pl\/en\/wp-json\/wp\/v2\/product_brand?post=10038551"},{"taxonomy":"product_cat","embeddable":true,"href":"https:\/\/sovalab.pl\/en\/wp-json\/wp\/v2\/product_cat?post=10038551"},{"taxonomy":"product_tag","embeddable":true,"href":"https:\/\/sovalab.pl\/en\/wp-json\/wp\/v2\/product_tag?post=10038551"}],"curies":[{"name":"wp","href":"https:\/\/api.w.org\/{rel}","templated":true}]}}