
{"id":10039451,"date":"2024-02-21T10:39:18","date_gmt":"2024-02-21T09:39:18","guid":{"rendered":"https:\/\/sovalab.pl\/?post_type=product&#038;p=10039451"},"modified":"2026-05-06T15:15:20","modified_gmt":"2026-05-06T13:15:20","slug":"magnetyczne-zlacza-spiro-do-pvc","status":"publish","type":"product","link":"https:\/\/sovalab.pl\/en\/magnetyczne-zlacza-spiro-do-pvc\/","title":{"rendered":"Magnetyczne z\u0142\u0105cze do rur PVC &#8211; SPIRO"},"content":{"rendered":"<p>Dzi\u0119ki zainstalowanym wewn\u0105trz magnesom, przepinanie w\u0119\u017ca jest \u0142atwe, szybkie, bezproblemowe. Dzi\u0119ki przeciwstawnemu systemowi monta\u017cu magnes\u00f3w, z\u0142\u0105cze magnetyczne jest uniwersalne i zawsze b\u0119dzie do siebie pasowa\u0107, bez wzgl\u0119du na to, w jakim po\u0142o\u017ceniu je b\u0119dziesz przypina\u0107.<\/p>\n<p>Drukowany w technologii 3D System \u0142\u0105czenia , kt\u00f3ry umo\u017cliwia w bardzo skuteczny spos\u00f3b po\u0142\u0105czenie w\u0119\u017cy SPIRO do systemu odci\u0105g\u00f3w zbudowanych z rur PVC.\u00a0Jest to produkt konfigurowalny &#8211; przy sk\u0142adaniu zam\u00f3wienia nale\u017cy poda\u0107 \u015brednic\u0119 WYJ\u015aCIOW\u0104\u00a0z\u0142\u0105cza (1).<\/p>\n<p>Cechy:<\/p>\n<p>\u2013 Z\u0142\u0105cze na swoich kr\u00f3\u0107cach ma wystaj\u0105ce ograniczniki kt\u00f3re zakleszcz\u0105 si\u0119 na uszczelce w rurze.<br \/>\n\u2013 Usprawniony przep\u0142yw powietrza: z\u0142\u0105cze optymalizuje przep\u0142yw powietrza przez system odpylania, poprawiaj\u0105c og\u00f3ln\u0105 wydajno\u015b\u0107 system \u2013 brak du\u017cych zakrzywie\u0144 przep\u0142ywu powietrza.<br \/>\n\u2013 Wysokiej jako\u015bci konstrukcja: z\u0142\u0105cze jest wykonany z trwa\u0142ych materia\u0142\u00f3w, kt\u00f3re s\u0105 w stanie sprosta\u0107 wymaganiom \u015brodowiska warsztatu stolarskiego.<br \/>\n\u2013 Z\u0142\u0105cze zewn\u0119trzne \u015bciany ma wykonane z lekkim skosem \u2013 a wi\u0119c u\u0142atwiaj\u0105 instalacj\u0119.<br \/>\n\u2013UWAGA: Czasy realizacji nie s\u0105 gwarantowane, ale s\u0105 dobr\u0105 wskaz\u00f3wk\u0105, kiedy elementy zostan\u0105 dostarczone. Istnieje kilka powod\u00f3w, dla kt\u00f3rych czas drukowania nie mo\u017ce by\u0107 dok\u0142adny.<br \/>\n\u2013 Bez wzgl\u0119du czy z\u0142\u0105cze zam\u00f3wione jest na \u015brednice 120 mm, czy 100 mm, baza magnetyczna b\u0119dzie taka sam, dzi\u0119ki czemu bez problemu istnieje mo\u017cliwo\u015b\u0107 przepinania pomi\u0119dzy \u015brednicami.<\/p>\n<p>Z\u0142\u0105cza i \u0142\u0105czniki\u00a0 s\u0105 wykonane z odpornego na uderzenia materia\u0142u PETG przy u\u017cyciu najnowocze\u015bniejszych proces\u00f3w produkcji FDM o wysokiej dok\u0142adno\u015bci. PETG oferuje wysok\u0105 odporno\u015b\u0107 na uderzenia, wy\u017csz\u0105 odporno\u015b\u0107 termiczn\u0105 i chemiczna oraz jest materia\u0142em odpornym na promieniowanie UV. Chocia\u017c PETG jest trudniejszy i dro\u017cszy w obs\u0142udze, ale uwa\u017camy, \u017ce jest to lepszy materia\u0142 do tego zastosowania.<\/p>\n<p>Produkty wykonywane s\u0105 na indywidualne zam\u00f3wienie, co oznacza \u017ce \u00a0nie s\u0105 to produkty kt\u00f3re lez\u0105 na p\u00f3\u0142ce. Tworzone s\u0105 na podstawie przes\u0142anych wytycznych. Dlatego przy takich zam\u00f3wieniach bardzo istotne jest dok\u0142adne podawanie wymiar\u00f3w, gdy\u017c nie ma mo\u017cliwo\u015bci wymiany \/ zwrotu. W zale\u017cno\u015bci od dok\u0142adno\u015bci pomiaru \u2013 z\u0142\u0105cze b\u0119dzie pasowa\u0107 idealnie, lub w skrajnych przypadkach mo\u017ce by\u0107 za ciasne\/za lu\u017ane. Prosz\u0119 nie wbija\u0107 na si\u0142\u0119. Niewielkie rozbie\u017cno\u015bci w wymiarach mo\u017cna poprawi\u0107 zanurzaj\u0105c we wrz\u0105tku \u2013 \u00a0materia\u0142 stanie si\u0119 podatny na rozci\u0105ganie, ale nie b\u0119dzie elastyczny.<\/p>\n<p>Dane techniczne:<br \/>\n&#8211; Port wlotowy (1): 100-150 mm<br \/>\n&#8211; Konstrukcja Materia\u0142: PETG<\/p>\n<p>**Ten produkt to tylko z\u0142\u0105cze i nie zawiera narz\u0119dzia ani w\u0119\u017ca do odsysania py\u0142u**<br \/>\n**Je\u015bli nie znalaz\u0142e\u015b interesuj\u0105cego Ci\u0119 przedmiotu, skontaktuj si\u0119 ze mn\u0105, a zaprojektuj\u0119 specjalnie dla Ciebie!.**<br \/>\n**Uwaga: jako przedmiot wydrukowany w 3D czasami wyst\u0119puj\u0105 niedoskona\u0142o\u015bci przy ka\u017cdym wydruku. Dok\u0142adam wszelkich stara\u0144, aby zminimalizowa\u0107 problemy, zar\u00f3wno projektowe oraz konstrukcyjne.**<\/p>\n<p>Jedno z\u0142\u0105cze zawiera 8 magnes\u00f3w neodymowych.<\/p>\n<p>Cena dotyczy 1 sztuki.<\/p>\n","protected":false},"excerpt":{"rendered":"<p>Dzi\u0119ki zainstalowanym wewn\u0105trz magnesom, przepinanie w\u0119\u017ca jest \u0142atwe, szybkie, bezproblemowe. Dzi\u0119ki przeciwstawnemu systemowi monta\u017cu magnes\u00f3w, z\u0142\u0105cze magnetyczne jest uniwersalne i zawsze b\u0119dzie do siebie pasowa\u0107, bez wzgl\u0119du na to, w jakim po\u0142o\u017ceniu je b\u0119dziesz przypina\u0107. Drukowany w technologii 3D System&#8230;<\/p>\n","protected":false},"featured_media":10039455,"comment_status":"closed","ping_status":"closed","template":"","meta":[],"product_brand":[390],"product_cat":[341,196,254],"product_tag":[],"class_list":{"0":"post-10039451","1":"product","2":"type-product","3":"status-publish","4":"has-post-thumbnail","6":"product_brand-sovalab","7":"product_cat-magsnap-standard","8":"product_cat-odciagi","9":"product_cat-zlacza-magnetyczne","10":"product_shipping_class-male","12":"first","13":"instock","14":"featured","15":"taxable","16":"shipping-taxable","17":"purchasable","18":"product-type-variable"},"_links":{"self":[{"href":"https:\/\/sovalab.pl\/en\/wp-json\/wp\/v2\/product\/10039451","targetHints":{"allow":["GET"]}}],"collection":[{"href":"https:\/\/sovalab.pl\/en\/wp-json\/wp\/v2\/product"}],"about":[{"href":"https:\/\/sovalab.pl\/en\/wp-json\/wp\/v2\/types\/product"}],"replies":[{"embeddable":true,"href":"https:\/\/sovalab.pl\/en\/wp-json\/wp\/v2\/comments?post=10039451"}],"wp:featuredmedia":[{"embeddable":true,"href":"https:\/\/sovalab.pl\/en\/wp-json\/wp\/v2\/media\/10039455"}],"wp:attachment":[{"href":"https:\/\/sovalab.pl\/en\/wp-json\/wp\/v2\/media?parent=10039451"}],"wp:term":[{"taxonomy":"product_brand","embeddable":true,"href":"https:\/\/sovalab.pl\/en\/wp-json\/wp\/v2\/product_brand?post=10039451"},{"taxonomy":"product_cat","embeddable":true,"href":"https:\/\/sovalab.pl\/en\/wp-json\/wp\/v2\/product_cat?post=10039451"},{"taxonomy":"product_tag","embeddable":true,"href":"https:\/\/sovalab.pl\/en\/wp-json\/wp\/v2\/product_tag?post=10039451"}],"curies":[{"name":"wp","href":"https:\/\/api.w.org\/{rel}","templated":true}]}}