
{"id":10039545,"date":"2024-03-02T09:17:41","date_gmt":"2024-03-02T08:17:41","guid":{"rendered":"https:\/\/sovalab.pl\/?post_type=product&#038;p=10039545"},"modified":"2026-05-06T15:18:49","modified_gmt":"2026-05-06T13:18:49","slug":"magnetyczne-zlacze-do-odciagu-dewalt733","status":"publish","type":"product","link":"https:\/\/sovalab.pl\/en\/magnetyczne-zlacze-do-odciagu-dewalt733\/","title":{"rendered":"Magnetyczne z\u0142\u0105cze do odci\u0105gu &#8211; mimo\u015brodowe\/uko\u015bne | DeWalt733 v1"},"content":{"rendered":"<p>Magnetyczne z\u0142\u0105cze, kt\u00f3re umo\u017cliwia bezpo\u015brednie pod\u0142\u0105czenie w\u0119\u017ca odci\u0105gu trocin &#8211; SPIRO do kr\u00f3\u0107c\u00f3w stosowanych w maszynach marek DeWalt, w Wersji 1, gdzie port odci\u0105gowy znajduje si\u0119 sko\u015bnie, tu\u017c nad obrabianym materia\u0142em .<\/p>\n<p>Pasuje z naszym SYSTEMEM MAGNETYCZNYM.<\/p>\n<p>W zale\u017cno\u015bci od dok\u0142adno\u015bci pomiaru &#8211; z\u0142\u0105cze b\u0119dzie pasowa\u0107 idealnie, lub w skrajnych przypadkach mo\u017ce by\u0107 za ciasne\/za lu\u017ane. Prosz\u0119 nie wbija\u0107 na si\u0142\u0119. Niewielkie rozbie\u017cno\u015bci w wymiarach mo\u017cna\u00a0poprawi\u0107 zanurzaj\u0105c we wrz\u0105tku &#8211; \u00a0materia\u0142 stanie si\u0119 podatny na rozci\u0105ganie, ale nie b\u0119dzie elastyczny.<\/p>\n<p>Cechy:<\/p>\n<p>&#8211; Adapter optymalizuje przep\u0142yw powietrza przez system odpylania, poprawiaj\u0105c og\u00f3ln\u0105 wydajno\u015b\u0107 system &#8211; brak du\u017cych zakrzywie\u0144 przep\u0142ywu powietrza.<br \/>\n&#8211; Wykonany z trwa\u0142ych materia\u0142\u00f3w, kt\u00f3re s\u0105 w stanie sprosta\u0107 wymaganiom \u015brodowiska warsztatu stolarskiego.<br \/>\n&#8211; Posiada wydajn\u0105 konstrukcj\u0119, kt\u00f3ra redukuje ha\u0142as (ogranicza zawirowania), dzi\u0119ki czemu idealnie nadaje si\u0119 do u\u017cytku w cichym \u015brodowisku pracy.<br \/>\n&#8211; Adapter wewn\u0119trzne \u015bciany ma wykonane z\u00a0lekkim skosem \u2013 a wi\u0119c u\u0142atwiaj\u0105 instalacj\u0119.<\/p>\n<p>Adaptery i \u0142\u0105czniki\u00a0 s\u0105 wykonane z odpornego na uderzenia materia\u0142u PETG przy u\u017cyciu najnowocze\u015bniejszych proces\u00f3w produkcji FDM o wysokiej dok\u0142adno\u015bci. PETG oferuje wysok\u0105 odporno\u015b\u0107 na uderzenia, wy\u017csz\u0105 odporno\u015b\u0107 termiczn\u0105 i chemiczna oraz jest materia\u0142em odpornym na promieniowanie UV. Chocia\u017c PETG jest trudniejszy i dro\u017cszy w obs\u0142udze, ale uwa\u017camy, \u017ce jest to lepszy materia\u0142 do tego zastosowania.<\/p>\n<p>Dane techniczne:<br \/>\n&#8211; Port wlotowy (2): kompatybilne ze naszym systemem magnetycznym<br \/>\n&#8211; Porty wylotowe (1): 100mm<br \/>\n&#8211; Konstrukcja Materia\u0142: PETG<\/p>\n<p>**Ten produkt to tylko adapter i nie zawiera narz\u0119dzia ani w\u0119\u017ca do odsysania py\u0142u**<br \/>\n**Je\u015bli nie znalaz\u0142e\u015b interesuj\u0105cego Ci\u0119 przedmiotu, skontaktuj si\u0119 ze mn\u0105, a zaprojektuj\u0119 specjalnie dla Ciebie!.**<br \/>\n**Uwaga: jako przedmiot wydrukowany w 3D czasami wyst\u0119puj\u0105 niedoskona\u0142o\u015bci przy ka\u017cdym wydruku. Dok\u0142adam wszelkich stara\u0144, aby zminimalizowa\u0107 problemy, zar\u00f3wno projektowe oraz konstrukcyjne.**<\/p>\n","protected":false},"excerpt":{"rendered":"<p>Magnetyczne z\u0142\u0105cze, kt\u00f3re umo\u017cliwia bezpo\u015brednie pod\u0142\u0105czenie w\u0119\u017ca odci\u0105gu trocin &#8211; SPIRO do kr\u00f3\u0107c\u00f3w stosowanych w maszynach marek DeWalt, w Wersji 1, gdzie port odci\u0105gowy znajduje si\u0119 sko\u015bnie, tu\u017c nad obrabianym materia\u0142em . Pasuje z naszym SYSTEMEM MAGNETYCZNYM. W zale\u017cno\u015bci od&#8230;<\/p>\n","protected":false},"featured_media":10043730,"comment_status":"closed","ping_status":"closed","template":"","meta":[],"product_brand":[390],"product_cat":[341,196,254],"product_tag":[],"class_list":{"0":"post-10039545","1":"product","2":"type-product","3":"status-publish","4":"has-post-thumbnail","6":"product_brand-sovalab","7":"product_cat-magsnap-standard","8":"product_cat-odciagi","9":"product_cat-zlacza-magnetyczne","10":"product_shipping_class-male","12":"first","13":"instock","14":"featured","15":"taxable","16":"shipping-taxable","17":"purchasable","18":"product-type-simple"},"_links":{"self":[{"href":"https:\/\/sovalab.pl\/en\/wp-json\/wp\/v2\/product\/10039545","targetHints":{"allow":["GET"]}}],"collection":[{"href":"https:\/\/sovalab.pl\/en\/wp-json\/wp\/v2\/product"}],"about":[{"href":"https:\/\/sovalab.pl\/en\/wp-json\/wp\/v2\/types\/product"}],"replies":[{"embeddable":true,"href":"https:\/\/sovalab.pl\/en\/wp-json\/wp\/v2\/comments?post=10039545"}],"wp:featuredmedia":[{"embeddable":true,"href":"https:\/\/sovalab.pl\/en\/wp-json\/wp\/v2\/media\/10043730"}],"wp:attachment":[{"href":"https:\/\/sovalab.pl\/en\/wp-json\/wp\/v2\/media?parent=10039545"}],"wp:term":[{"taxonomy":"product_brand","embeddable":true,"href":"https:\/\/sovalab.pl\/en\/wp-json\/wp\/v2\/product_brand?post=10039545"},{"taxonomy":"product_cat","embeddable":true,"href":"https:\/\/sovalab.pl\/en\/wp-json\/wp\/v2\/product_cat?post=10039545"},{"taxonomy":"product_tag","embeddable":true,"href":"https:\/\/sovalab.pl\/en\/wp-json\/wp\/v2\/product_tag?post=10039545"}],"curies":[{"name":"wp","href":"https:\/\/api.w.org\/{rel}","templated":true}]}}