
{"id":10039843,"date":"2024-03-28T08:55:28","date_gmt":"2024-03-28T07:55:28","guid":{"rendered":"https:\/\/sovalab.pl\/?post_type=product&#038;p=10039843"},"modified":"2025-11-16T16:40:24","modified_gmt":"2025-11-16T15:40:24","slug":"zaslepka-magnetyczna-do-zlaczy-mini","status":"publish","type":"product","link":"https:\/\/sovalab.pl\/en\/zaslepka-magnetyczna-do-zlaczy-mini\/","title":{"rendered":"Za\u015blepka magnetyczna do z\u0142\u0105czy &#8211; MINI"},"content":{"rendered":"<p>Drukowana w technologii 3D za\u015blepka do systemu z\u0142\u0105cz magnetycznych w wersji MINI, kt\u00f3r\u0105 mo\u017cna montowa\u0107 na nieu\u017cywane z\u0142\u0105cza pod\u0142\u0105czone do systemu.<\/p>\n<p>Wykonane \u00a0z odpornego na uderzenia materia\u0142u PETG przy u\u017cyciu najnowocze\u015bniejszych proces\u00f3w produkcji FDM o wysokiej dok\u0142adno\u015bci. PETG oferuje wysok\u0105 odporno\u015b\u0107 na uderzenia, wy\u017csz\u0105 odporno\u015b\u0107 termiczn\u0105 i chemiczna oraz jest materia\u0142em odpornym na promieniowanie UV. Chocia\u017c PETG jest trudniejszy i dro\u017cszy w obs\u0142udze, ale uwa\u017camy, \u017ce jest to lepszy materia\u0142 do tego zastosowania.<\/p>\n<p>Dane techniczne:<br \/>\n&#8211; Konstrukcja Materia\u0142: PETG<br \/>\n&#8211; magnesy neodymowe<\/p>\n<p>**Je\u015bli nie znalaz\u0142e\u015b interesuj\u0105cego Ci\u0119 przedmiotu, skontaktuj si\u0119 ze mn\u0105, a zaprojektuj\u0119 specjalnie dla Ciebie!.**<br \/>\n**Uwaga: jako przedmiot wydrukowany w 3D czasami wyst\u0119puj\u0105 niedoskona\u0142o\u015bci przy ka\u017cdym wydruku. Dok\u0142adam wszelkich stara\u0144, aby zminimalizowa\u0107 problemy, zar\u00f3wno projektowe oraz konstrukcyjne.**<\/p>\n","protected":false},"excerpt":{"rendered":"<p>Drukowana w technologii 3D za\u015blepka do systemu z\u0142\u0105cz magnetycznych w wersji MINI, kt\u00f3r\u0105 mo\u017cna montowa\u0107 na nieu\u017cywane z\u0142\u0105cza pod\u0142\u0105czone do systemu. Wykonane \u00a0z odpornego na uderzenia materia\u0142u PETG przy u\u017cyciu najnowocze\u015bniejszych proces\u00f3w produkcji FDM o wysokiej dok\u0142adno\u015bci. PETG oferuje wysok\u0105&#8230;<\/p>\n","protected":false},"featured_media":10042453,"comment_status":"closed","ping_status":"closed","template":"","meta":[],"product_brand":[390],"product_cat":[254,342,196],"product_tag":[],"class_list":{"0":"post-10039843","1":"product","2":"type-product","3":"status-publish","4":"has-post-thumbnail","6":"product_brand-sovalab","7":"product_cat-zlacza-magnetyczne","8":"product_cat-magsnap-mini","9":"product_cat-odciagi","10":"product_shipping_class-male","12":"first","13":"instock","14":"taxable","15":"shipping-taxable","16":"purchasable","17":"product-type-simple"},"_links":{"self":[{"href":"https:\/\/sovalab.pl\/en\/wp-json\/wp\/v2\/product\/10039843","targetHints":{"allow":["GET"]}}],"collection":[{"href":"https:\/\/sovalab.pl\/en\/wp-json\/wp\/v2\/product"}],"about":[{"href":"https:\/\/sovalab.pl\/en\/wp-json\/wp\/v2\/types\/product"}],"replies":[{"embeddable":true,"href":"https:\/\/sovalab.pl\/en\/wp-json\/wp\/v2\/comments?post=10039843"}],"wp:featuredmedia":[{"embeddable":true,"href":"https:\/\/sovalab.pl\/en\/wp-json\/wp\/v2\/media\/10042453"}],"wp:attachment":[{"href":"https:\/\/sovalab.pl\/en\/wp-json\/wp\/v2\/media?parent=10039843"}],"wp:term":[{"taxonomy":"product_brand","embeddable":true,"href":"https:\/\/sovalab.pl\/en\/wp-json\/wp\/v2\/product_brand?post=10039843"},{"taxonomy":"product_cat","embeddable":true,"href":"https:\/\/sovalab.pl\/en\/wp-json\/wp\/v2\/product_cat?post=10039843"},{"taxonomy":"product_tag","embeddable":true,"href":"https:\/\/sovalab.pl\/en\/wp-json\/wp\/v2\/product_tag?post=10039843"}],"curies":[{"name":"wp","href":"https:\/\/api.w.org\/{rel}","templated":true}]}}