
{"id":10040192,"date":"2024-04-26T20:54:41","date_gmt":"2024-04-26T18:54:41","guid":{"rendered":"https:\/\/sovalab.pl\/?post_type=product&#038;p=10040192"},"modified":"2026-05-06T15:25:42","modified_gmt":"2026-05-06T13:25:42","slug":"magnetyczny-panel-montazowy","status":"publish","type":"product","link":"https:\/\/sovalab.pl\/en\/magnetyczny-panel-montazowy\/","title":{"rendered":"Magnetyczny panel monta\u017cowy &#8211; STANDARD"},"content":{"rendered":"<p>Magnetyczny panel monta\u017cowy do indywidualnego zastosowania. Produkt mo\u017cna przykr\u0119ci\u0107 do dowolnej powierzchni, dzi\u0119ki czemu w\u0119\u017ce odci\u0105gu mo\u017cna pod\u0142\u0105cza\u0107 do wszelkich niestandardowych maszyn, skrzy\u0144, odci\u0105g\u00f3w itp.<\/p>\n<p>Skuteczne zapanowanie nad pl\u0105tanin\u0105 w\u0119\u017cy, zwi\u0119kszaj\u0105c bezpiecze\u0144stwo.<\/p>\n<p>Cechy:<br \/>\nWykonane \u00a0z odpornego na uderzenia materia\u0142u PETG przy u\u017cyciu najnowocze\u015bniejszych proces\u00f3w produkcji FDM o wysokiej dok\u0142adno\u015bci. PETG oferuje wysok\u0105 odporno\u015b\u0107 na uderzenia, wy\u017csz\u0105 odporno\u015b\u0107 termiczn\u0105 i chemiczna oraz jest materia\u0142em odpornym na promieniowanie UV. Chocia\u017c PETG jest trudniejszy i dro\u017cszy w obs\u0142udze, ale uwa\u017camy, \u017ce jest to lepszy materia\u0142 do tego zastosowania.<\/p>\n<p>Dane techniczne:<br \/>\n&#8211; Konstrukcja Materia\u0142: PETG<br \/>\n&#8211; magnesy neodymowe<\/p>\n<p>**Je\u015bli nie znalaz\u0142e\u015b interesuj\u0105cego Ci\u0119 przedmiotu, skontaktuj si\u0119 ze mn\u0105, a zaprojektuj\u0119 specjalnie dla Ciebie!.**<br \/>\n**Uwaga: jako przedmiot wydrukowany w 3D czasami wyst\u0119puj\u0105 niedoskona\u0142o\u015bci przy ka\u017cdym wydruku. Dok\u0142adam wszelkich stara\u0144, aby zminimalizowa\u0107 problemy, zar\u00f3wno projektowe oraz konstrukcyjne.*<\/p>\n","protected":false},"excerpt":{"rendered":"<p>Magnetyczny panel monta\u017cowy do indywidualnego zastosowania. Produkt mo\u017cna przykr\u0119ci\u0107 do dowolnej powierzchni, dzi\u0119ki czemu w\u0119\u017ce odci\u0105gu mo\u017cna pod\u0142\u0105cza\u0107 do wszelkich niestandardowych maszyn, skrzy\u0144, odci\u0105g\u00f3w itp. Skuteczne zapanowanie nad pl\u0105tanin\u0105 w\u0119\u017cy, zwi\u0119kszaj\u0105c bezpiecze\u0144stwo. Cechy: Wykonane \u00a0z odpornego na uderzenia materia\u0142u PETG&#8230;<\/p>\n","protected":false},"featured_media":10040195,"comment_status":"closed","ping_status":"closed","template":"","meta":[],"product_brand":[390],"product_cat":[254,342,196],"product_tag":[],"class_list":{"0":"post-10040192","1":"product","2":"type-product","3":"status-publish","4":"has-post-thumbnail","6":"product_brand-sovalab","7":"product_cat-zlacza-magnetyczne","8":"product_cat-magsnap-mini","9":"product_cat-odciagi","10":"product_shipping_class-male","12":"first","13":"instock","14":"taxable","15":"shipping-taxable","16":"purchasable","17":"product-type-simple"},"_links":{"self":[{"href":"https:\/\/sovalab.pl\/en\/wp-json\/wp\/v2\/product\/10040192","targetHints":{"allow":["GET"]}}],"collection":[{"href":"https:\/\/sovalab.pl\/en\/wp-json\/wp\/v2\/product"}],"about":[{"href":"https:\/\/sovalab.pl\/en\/wp-json\/wp\/v2\/types\/product"}],"replies":[{"embeddable":true,"href":"https:\/\/sovalab.pl\/en\/wp-json\/wp\/v2\/comments?post=10040192"}],"wp:featuredmedia":[{"embeddable":true,"href":"https:\/\/sovalab.pl\/en\/wp-json\/wp\/v2\/media\/10040195"}],"wp:attachment":[{"href":"https:\/\/sovalab.pl\/en\/wp-json\/wp\/v2\/media?parent=10040192"}],"wp:term":[{"taxonomy":"product_brand","embeddable":true,"href":"https:\/\/sovalab.pl\/en\/wp-json\/wp\/v2\/product_brand?post=10040192"},{"taxonomy":"product_cat","embeddable":true,"href":"https:\/\/sovalab.pl\/en\/wp-json\/wp\/v2\/product_cat?post=10040192"},{"taxonomy":"product_tag","embeddable":true,"href":"https:\/\/sovalab.pl\/en\/wp-json\/wp\/v2\/product_tag?post=10040192"}],"curies":[{"name":"wp","href":"https:\/\/api.w.org\/{rel}","templated":true}]}}