
{"id":10040416,"date":"2024-05-13T11:24:17","date_gmt":"2024-05-13T09:24:17","guid":{"rendered":"https:\/\/sovalab.pl\/?post_type=product&#038;p=10040416"},"modified":"2025-09-17T10:49:09","modified_gmt":"2025-09-17T08:49:09","slug":"magnetyczne-adaptery-wymienne-makita-dewalt-bosch-itp","status":"publish","type":"product","link":"https:\/\/sovalab.pl\/en\/magnetyczne-adaptery-wymienne-makita-dewalt-bosch-itp\/","title":{"rendered":"Magnetyczne adaptery wymienne | Makita, DeWalt, Bosch itp."},"content":{"rendered":"<p>Ko\u0144c\u00f3wki wymienne do naszego systemu z\u0142\u0105cz do elektronarz\u0119dzi.<\/p>\n<p>Niestety mnogo\u015b\u0107 rozwi\u0105za\u0144 sprawia ze musieliby\u015bmy wykona\u0107 setki adapter\u00f3w aby da\u0107 Wam wyb\u00f3r. Dlatego wychodz\u0105c poza ramy standaryzacji kt\u00f3ra nie zawsze jest dost\u0119pna w elektronarz\u0119dziach, oferujemy dopasowanie adapter\u00f3w do Waszych maszyn. Stw\u00f3rz profesjonalny system odci\u0105gowy w warsztacie.<\/p>\n<p>Podczas zamawiania nale\u017cy poda\u0107 zewn\u0119trzn\u0105 \u015brednice tu\u017c przy wylocie &#8211; zazwyczaj jest to najw\u0119\u017csza \u015brednica w ca\u0142ym kr\u00f3\u0107cu. A wtedy my stworzymy adapter dedykowany pod Twoje narz\u0119dzia.<\/p>\n<p>Ps, je\u015bli to nie problem &#8211; prosz\u0119 poda\u0107 obok wymiar\u00f3w te\u017c nazw\u0119\/typ maszyny do kt\u00f3rej zamawiany zostaje adapter.<\/p>\n<p>&nbsp;<\/p>\n<p><strong>KOLOR PRODUKTU: matowa ciemna ziele\u0144. <\/strong><strong>OPCJONALNIE mo\u017cliwe zastosowanie koloru CZARNY MAT.<\/strong><\/p>\n","protected":false},"excerpt":{"rendered":"<p>Ko\u0144c\u00f3wki wymienne do naszego systemu z\u0142\u0105cz do elektronarz\u0119dzi. Niestety mnogo\u015b\u0107 rozwi\u0105za\u0144 sprawia ze musieliby\u015bmy wykona\u0107 setki adapter\u00f3w aby da\u0107 Wam wyb\u00f3r. Dlatego wychodz\u0105c poza ramy standaryzacji kt\u00f3ra nie zawsze jest dost\u0119pna w elektronarz\u0119dziach, oferujemy dopasowanie adapter\u00f3w do Waszych maszyn. Stw\u00f3rz&#8230;<\/p>\n","protected":false},"featured_media":10041661,"comment_status":"closed","ping_status":"closed","template":"","meta":[],"product_brand":[390],"product_cat":[343,196,254],"product_tag":[],"class_list":{"0":"post-10040416","1":"product","2":"type-product","3":"status-publish","4":"has-post-thumbnail","6":"product_brand-sovalab","7":"product_cat-magsnap-micro","8":"product_cat-odciagi","9":"product_cat-zlacza-magnetyczne","10":"product_shipping_class-male","12":"first","13":"instock","14":"featured","15":"taxable","16":"shipping-taxable","17":"purchasable","18":"product-type-simple"},"_links":{"self":[{"href":"https:\/\/sovalab.pl\/en\/wp-json\/wp\/v2\/product\/10040416","targetHints":{"allow":["GET"]}}],"collection":[{"href":"https:\/\/sovalab.pl\/en\/wp-json\/wp\/v2\/product"}],"about":[{"href":"https:\/\/sovalab.pl\/en\/wp-json\/wp\/v2\/types\/product"}],"replies":[{"embeddable":true,"href":"https:\/\/sovalab.pl\/en\/wp-json\/wp\/v2\/comments?post=10040416"}],"wp:featuredmedia":[{"embeddable":true,"href":"https:\/\/sovalab.pl\/en\/wp-json\/wp\/v2\/media\/10041661"}],"wp:attachment":[{"href":"https:\/\/sovalab.pl\/en\/wp-json\/wp\/v2\/media?parent=10040416"}],"wp:term":[{"taxonomy":"product_brand","embeddable":true,"href":"https:\/\/sovalab.pl\/en\/wp-json\/wp\/v2\/product_brand?post=10040416"},{"taxonomy":"product_cat","embeddable":true,"href":"https:\/\/sovalab.pl\/en\/wp-json\/wp\/v2\/product_cat?post=10040416"},{"taxonomy":"product_tag","embeddable":true,"href":"https:\/\/sovalab.pl\/en\/wp-json\/wp\/v2\/product_tag?post=10040416"}],"curies":[{"name":"wp","href":"https:\/\/api.w.org\/{rel}","templated":true}]}}