
{"id":10040750,"date":"2024-05-31T23:43:10","date_gmt":"2024-05-31T21:43:10","guid":{"rendered":"https:\/\/sovalab.pl\/?post_type=product&#038;p=10040750"},"modified":"2026-05-06T15:26:12","modified_gmt":"2026-05-06T13:26:12","slug":"flexdust-elastyczny-system-odciagu-do-elektronarzedzi","status":"publish","type":"product","link":"https:\/\/sovalab.pl\/en\/flexdust-elastyczny-system-odciagu-do-elektronarzedzi\/","title":{"rendered":"FlexDust &#8211; elastyczny system odci\u0105gu do elektronarz\u0119dzi."},"content":{"rendered":"<p>Elastyczny odci\u0105g segmentowy, do zamocowania na kolumnie wiertarki \u00a0s\u0142upowej o \u015brednicach: 40-80 mm<\/p>\n<p>Je\u015bli kiedykolwiek wykonywa\u0142e\u015b karko\u0142omn\u0105 sztuk\u0119 wiercenia na wiertarce sto\u0142owej, a dodatkowo stara\u0142e\u015b si\u0119 kontrolowa\u0107 dysz\u0119 odkurzacza &#8211; docenisz ten modu\u0142owy system. Segmentowa konstrukcja w\u0119\u017ca pozwala dopasowywa\u0107 si\u0119 do kszta\u0142tu, kt\u00f3ry najlepiej pasuje do Twojej przestrzeni roboczej, a nast\u0119pnie utrzyma\u0107 t\u0119 pozycj\u0119.<\/p>\n<p>W\u0105\u017c elastyczny ma d\u0142ugo\u015b\u0107 60 cm ( plus obejma i lejek). Dzi\u0119ki opcji wyginania si\u0119, mo\u017ce idealnie dopasowa\u0107 si\u0119 do danej przestrzeni roboczej i utrzyma\u0107 sw\u00f3j kszta\u0142t, co sprawia, \u017ce odci\u0105g jest idealny do ci\u0105g\u0142ej pracy.<\/p>\n<p>Odci\u0105g montowany jest na zasadzie klipsa nasuwanego na kolumn\u0119 wiaterki, dzi\u0119ki czemu jest szybki w monta\u017cu, jak i demonta\u017cu. Alternatywnie mo\u017cna zacisn\u0105\u0107 dodatkowe opaski plastikowe.<\/p>\n<p>Mo\u017cna go dowolnie skraca\u0107 poprzez demontowanie ogniw.<br \/>\nJedno ogniwo ma ogranicznik wielko\u015bci &#8211; podzielone na 4 cz\u0119\u015bci ogranicza przedostawanie si\u0119 wi\u0119kszej frakcji odpadu.<\/p>\n<p>Dost\u0119pne s\u0105 dwie dysze do wyboru:<\/p>\n<p>prostok\u0105tna ma\u0142a &#8211; do punktowego przep\u0142ywu powietrza, np gwintowanie, wiercenie.<br \/>\nRozmiar 50&#215;30 mm<br \/>\nprostok\u0105tna du\u017ca, zapewniaj\u0105ca wi\u0119kszy obszar odci\u0105gu &#8211; do wiercenia np otwornicami, szlifowania itp.<br \/>\nRozmiar: 90&#215;55 mm<br \/>\n|| Na pozosta\u0142ych aukcjach dost\u0119pne inne dysze i ko\u0144c\u00f3wki ||<\/p>\n<p>Adapter w\u0119\u017ca \u0142\u0105czy si\u0119 ze standardowymi w\u0119\u017cami 35 mm, w zestawie przewidziana jest ko\u0144c\u00f3wka do bezpo\u015bredniego pod\u0142\u0105czenia standardowego w\u0119\u017ca warsztatowego 40mm<\/p>\n","protected":false},"excerpt":{"rendered":"<p>Elastyczny odci\u0105g segmentowy, do zamocowania na kolumnie wiertarki \u00a0s\u0142upowej o \u015brednicach: 40-80 mm Je\u015bli kiedykolwiek wykonywa\u0142e\u015b karko\u0142omn\u0105 sztuk\u0119 wiercenia na wiertarce sto\u0142owej, a dodatkowo stara\u0142e\u015b si\u0119 kontrolowa\u0107 dysz\u0119 odkurzacza &#8211; docenisz ten modu\u0142owy system. Segmentowa konstrukcja w\u0119\u017ca pozwala dopasowywa\u0107 si\u0119&#8230;<\/p>\n","protected":false},"featured_media":10040763,"comment_status":"closed","ping_status":"closed","template":"","meta":[],"product_brand":[390],"product_cat":[182,260],"product_tag":[],"class_list":{"0":"post-10040750","1":"product","2":"type-product","3":"status-publish","4":"has-post-thumbnail","6":"product_brand-sovalab","7":"product_cat-narzedzia","8":"product_cat-stolarka","9":"product_shipping_class-male","11":"first","12":"instock","13":"taxable","14":"shipping-taxable","15":"purchasable","16":"product-type-variable"},"_links":{"self":[{"href":"https:\/\/sovalab.pl\/en\/wp-json\/wp\/v2\/product\/10040750","targetHints":{"allow":["GET"]}}],"collection":[{"href":"https:\/\/sovalab.pl\/en\/wp-json\/wp\/v2\/product"}],"about":[{"href":"https:\/\/sovalab.pl\/en\/wp-json\/wp\/v2\/types\/product"}],"replies":[{"embeddable":true,"href":"https:\/\/sovalab.pl\/en\/wp-json\/wp\/v2\/comments?post=10040750"}],"wp:featuredmedia":[{"embeddable":true,"href":"https:\/\/sovalab.pl\/en\/wp-json\/wp\/v2\/media\/10040763"}],"wp:attachment":[{"href":"https:\/\/sovalab.pl\/en\/wp-json\/wp\/v2\/media?parent=10040750"}],"wp:term":[{"taxonomy":"product_brand","embeddable":true,"href":"https:\/\/sovalab.pl\/en\/wp-json\/wp\/v2\/product_brand?post=10040750"},{"taxonomy":"product_cat","embeddable":true,"href":"https:\/\/sovalab.pl\/en\/wp-json\/wp\/v2\/product_cat?post=10040750"},{"taxonomy":"product_tag","embeddable":true,"href":"https:\/\/sovalab.pl\/en\/wp-json\/wp\/v2\/product_tag?post=10040750"}],"curies":[{"name":"wp","href":"https:\/\/api.w.org\/{rel}","templated":true}]}}