
{"id":10040846,"date":"2024-06-06T08:14:42","date_gmt":"2024-06-06T06:14:42","guid":{"rendered":"https:\/\/sovalab.pl\/?post_type=product&#038;p=10040846"},"modified":"2026-05-06T15:26:42","modified_gmt":"2026-05-06T13:26:42","slug":"grzebien-dociskowy-do-pily-ukosnicy-frezarki-felder-x-roll","status":"publish","type":"product","link":"https:\/\/sovalab.pl\/en\/grzebien-dociskowy-do-pily-ukosnicy-frezarki-felder-x-roll\/","title":{"rendered":"Grzebie\u0144 dociskowy do pi\u0142y, uko\u015bnicy, frezarki."},"content":{"rendered":"<p>Featherboard, grzebie&#324; dociskowy do pi&#322;y &#8211; czy go potrzebujesz?<\/p>\n<p>Doskona&#322;a kontrola: Ciesz si&#281; precyzj&#261; ci&#281;&#263;, zapewniaj&#261;c, &#380;e Twoje projekty zwi&#261;zane z obr&oacute;bk&#261; drewna przebiegn&#261; dok&#322;adnie zgodnie z planem.<br \/>\nWi&#281;ksze bezpiecze&#324;stwo: Trzyma palce z dala od ostrzy, wywieraj&#261;c sta&#322;y nacisk, zapewniaj&#261;c stabilno&#347;&#263; i bezpiecze&#324;stwo przedmiotu obrabianego.<br \/>\nWszechstronne zastosowanie: Idealny do pi&#322; sto&#322;owych, frezarek i pi&#322; ta&#347;mowych. Mo&#380;liwo&#347;&#263; dostosowania do r&oacute;&#380;nych grubo&#347;ci i typ&oacute;w drewna.<br \/>\nKluczowe cechy:<\/p>\n<p><strong>Wymienne g&#322;owice. Grzebie&#324; jest w 2 rodzajach sztywno&#347;ci &#8211; twardszy i bardziej elastyczny.<\/strong><\/p>\n<p>Elastyczna konstrukcja: &#322;atwo dopasowuje si&#281; do dowolnej standardowej szczeliny uko&#347;nej, zapewniaj&#261;c mocny i sta&#322;y nacisk.<br \/>\nTrwa&#322;y materia&#322;: wykonany z wysokiej jako&#347;ci, spr&#281;&#380;ystego tworzywa sztucznego, zapewniaj&#261;cego d&#322;uga prac&#281; i wytrzyma&#322;o&#347;&#263;.<br \/>\nMo&#380;liwo&#347;&#263; zastosowania przek&#322;adki, dzi&#281;ki czemu mo&#380;emy po&#322;&#261;czy&#263; dwa grzebienie i dociska&#263; wi&#281;ksze belki, a nie tylko deski.<\/p>\n<p>Standardowo zawiera mocowanie pasuj&#261;ce do Felder X-Roll<br \/>\nRozmiar 170mm x 180 mm<\/p>\n","protected":false},"excerpt":{"rendered":"<p>Featherboard, grzebie&#324; dociskowy do pi&#322;y &#8211; czy go potrzebujesz? Doskona&#322;a kontrola: Ciesz si&#281; precyzj&#261; ci&#281;&#263;, zapewniaj&#261;c, &#380;e Twoje projekty zwi&#261;zane z obr&oacute;bk&#261; drewna przebiegn&#261; dok&#322;adnie zgodnie z planem. Wi&#281;ksze bezpiecze&#324;stwo: Trzyma palce z dala od ostrzy, wywieraj&#261;c sta&#322;y nacisk, zapewniaj&#261;c&#8230;<\/p>\n","protected":false},"featured_media":10043705,"comment_status":"closed","ping_status":"closed","template":"","meta":[],"product_brand":[390],"product_cat":[182],"product_tag":[],"class_list":{"0":"post-10040846","1":"product","2":"type-product","3":"status-publish","4":"has-post-thumbnail","6":"product_brand-sovalab","7":"product_cat-narzedzia","8":"product_shipping_class-male","10":"first","11":"instock","12":"taxable","13":"shipping-taxable","14":"purchasable","15":"product-type-simple"},"_links":{"self":[{"href":"https:\/\/sovalab.pl\/en\/wp-json\/wp\/v2\/product\/10040846","targetHints":{"allow":["GET"]}}],"collection":[{"href":"https:\/\/sovalab.pl\/en\/wp-json\/wp\/v2\/product"}],"about":[{"href":"https:\/\/sovalab.pl\/en\/wp-json\/wp\/v2\/types\/product"}],"replies":[{"embeddable":true,"href":"https:\/\/sovalab.pl\/en\/wp-json\/wp\/v2\/comments?post=10040846"}],"wp:featuredmedia":[{"embeddable":true,"href":"https:\/\/sovalab.pl\/en\/wp-json\/wp\/v2\/media\/10043705"}],"wp:attachment":[{"href":"https:\/\/sovalab.pl\/en\/wp-json\/wp\/v2\/media?parent=10040846"}],"wp:term":[{"taxonomy":"product_brand","embeddable":true,"href":"https:\/\/sovalab.pl\/en\/wp-json\/wp\/v2\/product_brand?post=10040846"},{"taxonomy":"product_cat","embeddable":true,"href":"https:\/\/sovalab.pl\/en\/wp-json\/wp\/v2\/product_cat?post=10040846"},{"taxonomy":"product_tag","embeddable":true,"href":"https:\/\/sovalab.pl\/en\/wp-json\/wp\/v2\/product_tag?post=10040846"}],"curies":[{"name":"wp","href":"https:\/\/api.w.org\/{rel}","templated":true}]}}