
{"id":10040932,"date":"2024-06-16T15:36:04","date_gmt":"2024-06-16T13:36:04","guid":{"rendered":"https:\/\/sovalab.pl\/?post_type=product&#038;p=10040932"},"modified":"2025-09-17T10:49:05","modified_gmt":"2025-09-17T08:49:05","slug":"uniwersalny-uchwyt-na-wkretarki-dewalt-makita-bosch-ryobi","status":"publish","type":"product","link":"https:\/\/sovalab.pl\/en\/uniwersalny-uchwyt-na-wkretarki-dewalt-makita-bosch-ryobi\/","title":{"rendered":"Uniwersalny uchwyt na wkr\u0119tark\u0119 DeWalt, Makita, Bosch, Ryobi, Festool"},"content":{"rendered":"<p>Uniwersalny uchwyt na wkr\u0119tark\u0119 mo\u017cna zamontowa\u0107 bezpo\u015brednio na \u015bcianie lub p\u00f3\u0142ce za pomoc\u0105 wkr\u0119t\u00f3w. Ten solidny uchwyt sprawia, \u017ce przestrze\u0144 robocza staje si\u0119 bardziej uporz\u0105dkowana, utrzymuj\u0105c wkr\u0119tark\u0119 w bezpiecznym, a jednocze\u015bnie \u0142atwo dost\u0119pnym miejscu przez ca\u0142y czas. Dzi\u0119ki wysokiej jako\u015bci materia\u0142om, z kt\u00f3rych zosta\u0142 wykonany, uchwyt jest trwa\u0142y i odporny na uszkodzenia.<\/p>\n<p>Idealny do ka\u017cdej wkr\u0119tarki, niezale\u017cnie od marki lub modelu. Doskona\u0142e rozwi\u0105zanie dla warsztat\u00f3w, gara\u017cy oraz miejsc pracy, gdzie liczy si\u0119 porz\u0105dek i wygoda u\u017cytkowania. Zorganizuj swoj\u0105 przestrze\u0144 robocz\u0105 i ciesz si\u0119 \u0142atwym dost\u0119pem do swoich narz\u0119dzi!<\/p>\n<p>Uchwyt posiada otwory monta\u017cowe. Dzi\u0119ki prostej \u015bcianie bocznej, bez problemu mo\u017cna dok\u0142ada\u0107 kolejne uchwyty.<\/p>\n<p>Kolor: Ciemno zielony<br \/>\nIlo\u015b\u0107: 1 szt.<\/p>\n","protected":false},"excerpt":{"rendered":"<p>Uniwersalny uchwyt na wkr\u0119tark\u0119 mo\u017cna zamontowa\u0107 bezpo\u015brednio na \u015bcianie lub p\u00f3\u0142ce za pomoc\u0105 wkr\u0119t\u00f3w. Ten solidny uchwyt sprawia, \u017ce przestrze\u0144 robocza staje si\u0119 bardziej uporz\u0105dkowana, utrzymuj\u0105c wkr\u0119tark\u0119 w bezpiecznym, a jednocze\u015bnie \u0142atwo dost\u0119pnym miejscu przez ca\u0142y czas. Dzi\u0119ki wysokiej jako\u015bci&#8230;<\/p>\n","protected":false},"featured_media":10045567,"comment_status":"closed","ping_status":"closed","template":"","meta":[],"product_brand":[390],"product_cat":[182],"product_tag":[],"class_list":{"0":"post-10040932","1":"product","2":"type-product","3":"status-publish","4":"has-post-thumbnail","6":"product_brand-sovalab","7":"product_cat-narzedzia","8":"product_shipping_class-male","10":"first","11":"instock","12":"taxable","13":"shipping-taxable","14":"purchasable","15":"product-type-simple"},"_links":{"self":[{"href":"https:\/\/sovalab.pl\/en\/wp-json\/wp\/v2\/product\/10040932","targetHints":{"allow":["GET"]}}],"collection":[{"href":"https:\/\/sovalab.pl\/en\/wp-json\/wp\/v2\/product"}],"about":[{"href":"https:\/\/sovalab.pl\/en\/wp-json\/wp\/v2\/types\/product"}],"replies":[{"embeddable":true,"href":"https:\/\/sovalab.pl\/en\/wp-json\/wp\/v2\/comments?post=10040932"}],"wp:featuredmedia":[{"embeddable":true,"href":"https:\/\/sovalab.pl\/en\/wp-json\/wp\/v2\/media\/10045567"}],"wp:attachment":[{"href":"https:\/\/sovalab.pl\/en\/wp-json\/wp\/v2\/media?parent=10040932"}],"wp:term":[{"taxonomy":"product_brand","embeddable":true,"href":"https:\/\/sovalab.pl\/en\/wp-json\/wp\/v2\/product_brand?post=10040932"},{"taxonomy":"product_cat","embeddable":true,"href":"https:\/\/sovalab.pl\/en\/wp-json\/wp\/v2\/product_cat?post=10040932"},{"taxonomy":"product_tag","embeddable":true,"href":"https:\/\/sovalab.pl\/en\/wp-json\/wp\/v2\/product_tag?post=10040932"}],"curies":[{"name":"wp","href":"https:\/\/api.w.org\/{rel}","templated":true}]}}