
{"id":10041000,"date":"2024-06-28T12:29:28","date_gmt":"2024-06-28T10:29:28","guid":{"rendered":"https:\/\/sovalab.pl\/?post_type=product&#038;p=10041000"},"modified":"2026-05-06T15:28:06","modified_gmt":"2026-05-06T13:28:06","slug":"ogranicznik-przykladnicy-do-pil-stolowych-felder","status":"publish","type":"product","link":"https:\/\/sovalab.pl\/en\/ogranicznik-przykladnicy-do-pil-stolowych-felder\/","title":{"rendered":"Ogranicznik przyk\u0142adnicy do pi\u0142 sto\u0142owych Felder Hammer K3\/B3\/C3\/F3 i inne"},"content":{"rendered":"<p>Ogranicznik przyk&#322;adnicy do pi&#322; sto&#322;owych <strong>Felder Hammer K3\/B3\/C3\/F3<\/strong> to element, kt&oacute;ry s&#322;u&#380;y do precyzyjnego ustawiania szeroko&#347;ci ci&#281;cia. Dzi&#281;ki niemu mo&#380;na &#322;atwo i dok&#322;adnie ustawi&#263; odleg&#322;o&#347;&#263; mi&#281;dzy tarcz&#261; pi&#322;y a przyk&#322;adnic&#261; (prowadnic&#261;), co pozwala na ci&#281;cie materia&#322;&oacute;w o zadanej szeroko&#347;ci.<\/p>\n<p>Ogranicznik przyk&#322;adnicy jest wyposa&#380;ony w system pomiarowy, kt&oacute;ry umo&#380;liwia ustawienie odleg&#322;o&#347;ci, a tak&#380;e w mechanizm blokuj&#261;cy, kt&oacute;ry zapewnia stabilno&#347;&#263; i bezpiecze&#324;stwo podczas ci&#281;cia. Dodatkowo ogranicznik zainstalowane ma &#322;o&#380;yska maszynowe, dla lepszej stabilno&#347;ci i komfortu pracy.<\/p>\n<p>Kompatybilne mi&#281;dzy innymi z:<br \/>\n<strong>Felder Hammer K3\/B3\/C3\/F3<\/strong><br \/>\n<strong>Felder K700<\/strong><\/p>\n<p>Wykonane w technologii druku 3D.<br \/>\nWysokiej jako&#347;ci &#322;o&#380;yska maszynowe, &#347;ruby ze stali nierdzewnej.<\/p>\n","protected":false},"excerpt":{"rendered":"<p>Ogranicznik przyk&#322;adnicy do pi&#322; sto&#322;owych Felder Hammer K3\/B3\/C3\/F3 to element, kt&oacute;ry s&#322;u&#380;y do precyzyjnego ustawiania szeroko&#347;ci ci&#281;cia. Dzi&#281;ki niemu mo&#380;na &#322;atwo i dok&#322;adnie ustawi&#263; odleg&#322;o&#347;&#263; mi&#281;dzy tarcz&#261; pi&#322;y a przyk&#322;adnic&#261; (prowadnic&#261;), co pozwala na ci&#281;cie materia&#322;&oacute;w o zadanej szeroko&#347;ci. Ogranicznik&#8230;<\/p>\n","protected":false},"featured_media":10044580,"comment_status":"closed","ping_status":"closed","template":"","meta":[],"product_brand":[390],"product_cat":[182],"product_tag":[],"class_list":{"0":"post-10041000","1":"product","2":"type-product","3":"status-publish","4":"has-post-thumbnail","6":"product_brand-sovalab","7":"product_cat-narzedzia","8":"product_shipping_class-male","10":"first","11":"instock","12":"sale","13":"taxable","14":"shipping-taxable","15":"purchasable","16":"product-type-simple"},"_links":{"self":[{"href":"https:\/\/sovalab.pl\/en\/wp-json\/wp\/v2\/product\/10041000","targetHints":{"allow":["GET"]}}],"collection":[{"href":"https:\/\/sovalab.pl\/en\/wp-json\/wp\/v2\/product"}],"about":[{"href":"https:\/\/sovalab.pl\/en\/wp-json\/wp\/v2\/types\/product"}],"replies":[{"embeddable":true,"href":"https:\/\/sovalab.pl\/en\/wp-json\/wp\/v2\/comments?post=10041000"}],"wp:featuredmedia":[{"embeddable":true,"href":"https:\/\/sovalab.pl\/en\/wp-json\/wp\/v2\/media\/10044580"}],"wp:attachment":[{"href":"https:\/\/sovalab.pl\/en\/wp-json\/wp\/v2\/media?parent=10041000"}],"wp:term":[{"taxonomy":"product_brand","embeddable":true,"href":"https:\/\/sovalab.pl\/en\/wp-json\/wp\/v2\/product_brand?post=10041000"},{"taxonomy":"product_cat","embeddable":true,"href":"https:\/\/sovalab.pl\/en\/wp-json\/wp\/v2\/product_cat?post=10041000"},{"taxonomy":"product_tag","embeddable":true,"href":"https:\/\/sovalab.pl\/en\/wp-json\/wp\/v2\/product_tag?post=10041000"}],"curies":[{"name":"wp","href":"https:\/\/api.w.org\/{rel}","templated":true}]}}