
{"id":10041132,"date":"2024-06-29T11:58:22","date_gmt":"2024-06-29T09:58:22","guid":{"rendered":"https:\/\/sovalab.pl\/?post_type=product&#038;p=10041132"},"modified":"2026-05-06T15:29:33","modified_gmt":"2026-05-06T13:29:33","slug":"magnetyczny-port-do-maszyn-i-rur-30-80mm","status":"publish","type":"product","link":"https:\/\/sovalab.pl\/en\/magnetyczny-port-do-maszyn-i-rur-30-80mm\/","title":{"rendered":"MINI szybkoz\u0142\u0105cze magnetyczne do odci\u0105gu. Port magnetyczny do maszyn i rur 30-80mm"},"content":{"rendered":"<h2><strong>MINI szybkoz&#322;&#261;cze magnetyczne do odci&#261;gu. Port magnetyczny do maszyn i rur 30-80mm<\/strong><\/h2>\n<p><strong>Magnetyczne z&#322;&#261;cze do odci&#261;gu<\/strong><\/p>\n<p> umo&#380;liwia szybkie i bezproblemowe pod&#322;&#261;czenie odci&#261;gu trocin do port&oacute;w w maszynach stolarskich, numerycznych (CNC, plotery, lasery) i innych, w zakresie &#347;rednic &Oslash;30-80 mm. Z&#322;&#261;cze idealnie sprawdzi si&#281; przy maszynach wymagaj&#261;cych po&#322;&#261;czenia rur z w&#281;&#380;ami SPIRO, a dzi&#281;ki magnesom neodymowym, przepinanie mi&#281;dzy maszynami jest niezwykle proste. Uniwersalny system dwukierunkowych magnes&oacute;w zapewnia &#322;atwo&#347;&#263; u&#380;ycia w dowolnej pozycji, bez konieczno&#347;ci zwracania uwagi na biegunowo&#347;&#263; (+\/-).<\/p>\n<p>Z&#322;&#261;cze zosta&#322;o zaprojektowane specjalnie dla wersji MINI (&Oslash;30-80 mm), oferuj&#261;c niezmienn&#261; baz&#281; magnetyczn&#261;, co umo&#380;liwia bezproblemow&#261; wymian&#281; pomi&#281;dzy r&oacute;&#380;nymi &#347;rednicami w&#281;&#380;y. Produkt wykonany jest z trwa&#322;ego materia&#322;u PETG, kt&oacute;ry zapewnia wysok&#261; odporno&#347;&#263; na uderzenia, temperatur&#281;, oraz promieniowanie UV. Drukowane w technologii FDM z du&#380;ym wsp&oacute;&#322;czynnikiem wype&#322;nienia, z&#322;&#261;cza s&#261; solidne i trwa&#322;e, idealnie nadaj&#261; si&#281; do pracy w trudnym &#347;rodowisku warsztatowym. Dodatkowo, naci&#281;cia oraz grzbiety na ko&#324;cach u&#322;atwiaj&#261; nasuni&#281;cie i zabezpieczenie z&#322;&#261;cza opaskami na portach maszyn.<\/p>\n<p>Ta wersja z&#322;&#261;cza dedykowana jest do<strong> WERSJI MINI<\/strong> (&Oslash; 30-80mm ), i nie pasuje do <strong>WERSJI<\/strong> <strong>STANDARDOWEJ i wersji MAX<\/strong> systemu oferowanego na naszych pozosta&#322;ych aukcjach.<\/p>\n<p>Cechy:<\/p>\n<p>&ndash; Z&#322;&#261;cze na swoim ko&#324;cu ma naci&#281;cia oraz grzbiet dzi&#281;ki czemu adapter mo&#380;na nasun&#261;&#263; na port w maszynie a nast&#281;pnie zablokowa&#263; opaskami.<br \/>\n&ndash; Z&#322;&#261;cze optymalizuje og&oacute;ln&#261; wydajno&#347;&#263; system &ndash; brak du&#380;ych zakrzywie&#324; przep&#322;ywu powietrza.<br \/>\n&ndash; Wysokiej jako&#347;ci konstrukcja wykonana z trwa&#322;ych materia&#322;&oacute;w, kt&oacute;re s&#261; w stanie sprosta&#263; wymaganiom &#347;rodowiska warsztatu stolarskiego.<br \/>\n&ndash; &#346;ciany wykonane z lekkim skosem &ndash; a wi&#281;c u&#322;atwiaj&#261; instalacj&#281;.<br \/>\n&ndash; Bez wzgl&#281;du czy z&#322;&#261;cze zam&oacute;wione jest na &#347;rednice 40mm, czy 60mm, baza magnetyczna b&#281;dzie taka sam, dzi&#281;ki czemu bez problemu istnieje mo&#380;liwo&#347;&#263; przepinania pomi&#281;dzy &#347;rednicami.<\/p>\n<p>Produkty wykonywane s&#261; na indywidualne zam&oacute;wienie, co oznacza &#380;e nie s&#261; to produkty kt&oacute;re le&#380;&#261; na p&oacute;&#322;ce. Tworzone s&#261; na podstawie wybranych danych, lub przes&#322;anych wytycznych. Dlatego przy takich zam&oacute;wieniach bardzo istotne jest dok&#322;adne podawanie wymiar&oacute;w, gdy&#380; nie ma mo&#380;liwo&#347;ci wymiany \/ zwrotu. W zale&#380;no&#347;ci od dok&#322;adno&#347;ci pomiaru &ndash; z&#322;&#261;cze b&#281;dzie pasowa&#263; idealnie, lub w skrajnych przypadkach mo&#380;e by&#263; za ciasne\/za lu&#378;ne. Prosz&#281; nie wbija&#263; na si&#322;&#281;. Niewielkie rozbie&#380;no&#347;ci w wymiarach mo&#380;na poprawi&#263; zanurzaj&#261;c we wrz&#261;tku &ndash; materia&#322; stanie si&#281; podatny na rozci&#261;ganie, ale nie b&#281;dzie elastyczny. Je&#380;eli chcesz zaadoptowa&#263; nasze z&#322;&#261;cza do niestandardowych rozwi&#261;za&#324; zastosowanych w Twoim warsztacie &#8211; poinformuj nas aby&#347;my mogli dostosowa&#263; nasze z&#322;&#261;cza magnetyczne.<\/p>\n<p><strong>Technical data:<\/strong><\/p>\n<p>&ndash; &#346;rednica portu: &Oslash; <strong>30-80 <\/strong>mm<br \/>\n&ndash; Materia&#322;: PETG<br \/>\n&ndash;Jedno z&#322;&#261;cze zawiera 8 magnes&oacute;w neodymowych.<br \/>\n&ndash;Cena dotyczy 1 sztuki.<\/p>\n<p><strong>KOLOR PRODUKTU: matowa ciemna ziele&#324;. <\/strong><strong>OPCJONALNIE mo&#380;liwe zastosowanie koloru CZARNY MAT.<\/strong><\/p>\n<p>**Ten produkt to tylko z&#322;&#261;cze i nie zawiera narz&#281;dzia ani w&#281;&#380;a do odsysania py&#322;u**<br \/>\n**Je&#347;li nie znalaz&#322;e&#347; interesuj&#261;cego Ci&#281; przedmiotu, skontaktuj si&#281; ze mn&#261;, a zaprojektuj&#281; specjalnie dla Ciebie!.**<br \/>\n**Uwaga: jako przedmiot wydrukowany w 3D czasami wyst&#281;puj&#261; niedoskona&#322;o&#347;ci przy ka&#380;dym wydruku. Dok&#322;adam wszelkich stara&#324;, aby zminimalizowa&#263; problemy, zar&oacute;wno projektowe oraz konstrukcyjne.**<\/p>\n","protected":false},"excerpt":{"rendered":"<p>MINI szybkoz&#322;&#261;cze magnetyczne do odci&#261;gu. Port magnetyczny do maszyn i rur 30-80mm Magnetyczne z&#322;&#261;cze do odci&#261;gu umo&#380;liwia szybkie i bezproblemowe pod&#322;&#261;czenie odci&#261;gu trocin do port&oacute;w w maszynach stolarskich, numerycznych (CNC, plotery, lasery) i innych, w zakresie &#347;rednic &Oslash;30-80 mm. Z&#322;&#261;cze&#8230;<\/p>\n","protected":false},"featured_media":10043465,"comment_status":"closed","ping_status":"closed","template":"","meta":[],"product_brand":[390],"product_cat":[196,342,254],"product_tag":[],"class_list":{"0":"post-10041132","1":"product","2":"type-product","3":"status-publish","4":"has-post-thumbnail","6":"product_brand-sovalab","7":"product_cat-odciagi","8":"product_cat-magsnap-mini","9":"product_cat-zlacza-magnetyczne","10":"product_shipping_class-male","12":"first","13":"instock","14":"taxable","15":"shipping-taxable","16":"purchasable","17":"product-type-variable"},"_links":{"self":[{"href":"https:\/\/sovalab.pl\/en\/wp-json\/wp\/v2\/product\/10041132","targetHints":{"allow":["GET"]}}],"collection":[{"href":"https:\/\/sovalab.pl\/en\/wp-json\/wp\/v2\/product"}],"about":[{"href":"https:\/\/sovalab.pl\/en\/wp-json\/wp\/v2\/types\/product"}],"replies":[{"embeddable":true,"href":"https:\/\/sovalab.pl\/en\/wp-json\/wp\/v2\/comments?post=10041132"}],"wp:featuredmedia":[{"embeddable":true,"href":"https:\/\/sovalab.pl\/en\/wp-json\/wp\/v2\/media\/10043465"}],"wp:attachment":[{"href":"https:\/\/sovalab.pl\/en\/wp-json\/wp\/v2\/media?parent=10041132"}],"wp:term":[{"taxonomy":"product_brand","embeddable":true,"href":"https:\/\/sovalab.pl\/en\/wp-json\/wp\/v2\/product_brand?post=10041132"},{"taxonomy":"product_cat","embeddable":true,"href":"https:\/\/sovalab.pl\/en\/wp-json\/wp\/v2\/product_cat?post=10041132"},{"taxonomy":"product_tag","embeddable":true,"href":"https:\/\/sovalab.pl\/en\/wp-json\/wp\/v2\/product_tag?post=10041132"}],"curies":[{"name":"wp","href":"https:\/\/api.w.org\/{rel}","templated":true}]}}