
{"id":10041206,"date":"2024-07-01T16:07:17","date_gmt":"2024-07-01T14:07:17","guid":{"rendered":"https:\/\/sovalab.pl\/?post_type=product&#038;p=10041206"},"modified":"2026-05-06T15:29:39","modified_gmt":"2026-05-06T13:29:39","slug":"ograniczniki-frezowania-ciecia-do-szyny-prowadzacej-makita","status":"publish","type":"product","link":"https:\/\/sovalab.pl\/en\/ograniczniki-frezowania-ciecia-do-szyny-prowadzacej-makita\/","title":{"rendered":"Ograniczniki frezowania, ci\u0119cia do szyny prowadz\u0105cej MAKITA"},"content":{"rendered":"<p>Ograniczniki do szyny prowadz\u0105cej s\u0105 dost\u0119pne w zestawie po dwie sztuki, co umo\u017cliwia wykonywanie precyzyjnych i powtarzalnych ci\u0119\u0107. Mo\u017cna je ustawi\u0107 w pozycji pocz\u0105tkowej i ko\u0144cowej, co pozwala na ich u\u017cycie z pi\u0142\u0105, frezark\u0105 lub innym narz\u0119dziem kompatybilnym z szyn\u0105 prowadz\u0105c\u0105. Dzi\u0119ki temu prowadnice mog\u0105 &#8220;zapami\u0119ta\u0107&#8221; lokalizacje, co umo\u017cliwia powtarzalne ci\u0119cia za pomoc\u0105 r\u00f3\u017cnych narz\u0119dzi.<\/p>\n<p>Ograniczniki ko\u0144cowe pozwalaj\u0105 na odniesienie do ko\u0144ca obrabianego przedmiotu. Dzi\u0119ki temu, podczas przenoszenia szyny prowadz\u0105cej na nowy przedmiot, ograniczniki zostan\u0105 ustawione w tych samych miejscach. Jest to kluczowe dla wykonywania powtarzalnych ci\u0119\u0107 i prac stolarskich.<\/p>\n<p>Zestaw sk\u0142ada si\u0119 z: 2 ograniczniki | 2 pokr\u0119t\u0142a | 2 \u015brubki ze stali nierdzewnej.<\/p>\n","protected":false},"excerpt":{"rendered":"<p>Ograniczniki do szyny prowadz\u0105cej s\u0105 dost\u0119pne w zestawie po dwie sztuki, co umo\u017cliwia wykonywanie precyzyjnych i powtarzalnych ci\u0119\u0107. Mo\u017cna je ustawi\u0107 w pozycji pocz\u0105tkowej i ko\u0144cowej, co pozwala na ich u\u017cycie z pi\u0142\u0105, frezark\u0105 lub innym narz\u0119dziem kompatybilnym z szyn\u0105&#8230;<\/p>\n","protected":false},"featured_media":10041209,"comment_status":"closed","ping_status":"closed","template":"","meta":[],"product_brand":[390],"product_cat":[260,182],"product_tag":[],"class_list":{"0":"post-10041206","1":"product","2":"type-product","3":"status-publish","4":"has-post-thumbnail","6":"product_brand-sovalab","7":"product_cat-stolarka","8":"product_cat-narzedzia","9":"product_shipping_class-male","11":"first","12":"instock","13":"taxable","14":"shipping-taxable","15":"purchasable","16":"product-type-simple"},"_links":{"self":[{"href":"https:\/\/sovalab.pl\/en\/wp-json\/wp\/v2\/product\/10041206","targetHints":{"allow":["GET"]}}],"collection":[{"href":"https:\/\/sovalab.pl\/en\/wp-json\/wp\/v2\/product"}],"about":[{"href":"https:\/\/sovalab.pl\/en\/wp-json\/wp\/v2\/types\/product"}],"replies":[{"embeddable":true,"href":"https:\/\/sovalab.pl\/en\/wp-json\/wp\/v2\/comments?post=10041206"}],"wp:featuredmedia":[{"embeddable":true,"href":"https:\/\/sovalab.pl\/en\/wp-json\/wp\/v2\/media\/10041209"}],"wp:attachment":[{"href":"https:\/\/sovalab.pl\/en\/wp-json\/wp\/v2\/media?parent=10041206"}],"wp:term":[{"taxonomy":"product_brand","embeddable":true,"href":"https:\/\/sovalab.pl\/en\/wp-json\/wp\/v2\/product_brand?post=10041206"},{"taxonomy":"product_cat","embeddable":true,"href":"https:\/\/sovalab.pl\/en\/wp-json\/wp\/v2\/product_cat?post=10041206"},{"taxonomy":"product_tag","embeddable":true,"href":"https:\/\/sovalab.pl\/en\/wp-json\/wp\/v2\/product_tag?post=10041206"}],"curies":[{"name":"wp","href":"https:\/\/api.w.org\/{rel}","templated":true}]}}