
{"id":10041215,"date":"2024-07-03T18:03:13","date_gmt":"2024-07-03T16:03:13","guid":{"rendered":"https:\/\/sovalab.pl\/?post_type=product&#038;p=10041215"},"modified":"2026-05-06T15:29:49","modified_gmt":"2026-05-06T13:29:49","slug":"pokretlo-do-srub-m4-m5-m6-z-lbem-szesciokatnym","status":"publish","type":"product","link":"https:\/\/sovalab.pl\/en\/pokretlo-do-srub-m4-m5-m6-z-lbem-szesciokatnym\/","title":{"rendered":"Pokr\u0119t\u0142o do \u015brub M4 M5 M6 z \u0142bem sze\u015bciok\u0105tnym"},"content":{"rendered":"<p>Pokr\u0119t\u0142o do \u015bruby M5 z \u0142bem sze\u015bciok\u0105tnym wydrukowane w 3D. Te pokr\u0119t\u0142a s\u0105 wykonane z tworzywa sztucznego drukowanego w 3D (PETG) drukowane standardowo w kolorze czarnym.<\/p>\n<p>Specyfikacja techniczna:<\/p>\n<p>Otw\u00f3r monta\u017cowy na \u015brub\u0119 M4, M5, M6 &#8211; w zale\u017cno\u015bci od wybranego rozmiaru.<br \/>\n22 mm wysoko\u015bci<br \/>\nKlips zabezpieczaj\u0105cy<\/p>\n<p>&nbsp;<\/p>\n<p>Cena za 2 sztuki.<\/p>\n<p>&nbsp;<\/p>\n","protected":false},"excerpt":{"rendered":"<p>Pokr\u0119t\u0142o do \u015bruby M5 z \u0142bem sze\u015bciok\u0105tnym wydrukowane w 3D. Te pokr\u0119t\u0142a s\u0105 wykonane z tworzywa sztucznego drukowanego w 3D (PETG) drukowane standardowo w kolorze czarnym. Specyfikacja techniczna: Otw\u00f3r monta\u017cowy na \u015brub\u0119 M4, M5, M6 &#8211; w zale\u017cno\u015bci od wybranego&#8230;<\/p>\n","protected":false},"featured_media":10041295,"comment_status":"closed","ping_status":"closed","template":"","meta":[],"product_brand":[390],"product_cat":[182],"product_tag":[],"class_list":{"0":"post-10041215","1":"product","2":"type-product","3":"status-publish","4":"has-post-thumbnail","6":"product_brand-sovalab","7":"product_cat-narzedzia","8":"product_shipping_class-male","10":"first","11":"instock","12":"taxable","13":"shipping-taxable","14":"purchasable","15":"product-type-variable"},"_links":{"self":[{"href":"https:\/\/sovalab.pl\/en\/wp-json\/wp\/v2\/product\/10041215","targetHints":{"allow":["GET"]}}],"collection":[{"href":"https:\/\/sovalab.pl\/en\/wp-json\/wp\/v2\/product"}],"about":[{"href":"https:\/\/sovalab.pl\/en\/wp-json\/wp\/v2\/types\/product"}],"replies":[{"embeddable":true,"href":"https:\/\/sovalab.pl\/en\/wp-json\/wp\/v2\/comments?post=10041215"}],"wp:featuredmedia":[{"embeddable":true,"href":"https:\/\/sovalab.pl\/en\/wp-json\/wp\/v2\/media\/10041295"}],"wp:attachment":[{"href":"https:\/\/sovalab.pl\/en\/wp-json\/wp\/v2\/media?parent=10041215"}],"wp:term":[{"taxonomy":"product_brand","embeddable":true,"href":"https:\/\/sovalab.pl\/en\/wp-json\/wp\/v2\/product_brand?post=10041215"},{"taxonomy":"product_cat","embeddable":true,"href":"https:\/\/sovalab.pl\/en\/wp-json\/wp\/v2\/product_cat?post=10041215"},{"taxonomy":"product_tag","embeddable":true,"href":"https:\/\/sovalab.pl\/en\/wp-json\/wp\/v2\/product_tag?post=10041215"}],"curies":[{"name":"wp","href":"https:\/\/api.w.org\/{rel}","templated":true}]}}