
{"id":10041329,"date":"2024-07-10T11:28:05","date_gmt":"2024-07-10T09:28:05","guid":{"rendered":"https:\/\/sovalab.pl\/?post_type=product&#038;p=10041329"},"modified":"2026-05-06T15:32:26","modified_gmt":"2026-05-06T13:32:26","slug":"adapter-zlacze-srubowe-weza-prozniowego-do-odkurzaczy-przemyslowych","status":"publish","type":"product","link":"https:\/\/sovalab.pl\/en\/adapter-zlacze-srubowe-weza-prozniowego-do-odkurzaczy-przemyslowych\/","title":{"rendered":"Adapter \/ z\u0142\u0105cze \u015brubowe w\u0119\u017ca pr\u00f3\u017cniowego do odkurzaczy przemys\u0142owych"},"content":{"rendered":"<p>The connector has an internal thread, making installation quick and hassle-free. No more clamps, tapes, or other ineffective solutions.<\/p>\n<p>Features:<br \/>\nScrew-on threaded adapters for hoses used, for example, with extraction systems for machines and power tools.<br \/>\nManufactured using FDM 3D printing.<br \/>\nMaterial: PET-G<br \/>\nOverall length: 70 mm<\/p>\n<p>Applications:<br \/>\nIndustrial vacuum cleaners, handheld machines, woodworking machines<\/p>\n<p>Temperature range:<br \/>\n-20&deg;C to +70&deg;C<\/p>\n<p>Colour:<br \/>\nBlack or grey &mdash; sent at random.<\/p>\n<p>The displayed price is for 1 connector\/nozzle.<\/p>\n<p>**********************************************************************<\/p>\n<p>How to choose the right size?<\/p>\n<p>To choose the nozzle, you must first determine the model of the hose used, and then the internal or external diameter of the nozzle.<\/p>\n<p>The nozzle part number is defined as follows:<\/p>\n<p>SCXX-YY<\/p>\n<p>where:<\/p>\n<p>XX = nominal hose diameter<br \/>\nYY = external nozzle diameter<\/p>\n<p>Example: SC32-34<\/p>\n<p>Nominal hose diameter: 32 mm<br \/>\nExternal nozzle diameter: 34 mm<strong>KOLOR PRODUKTU: matowa ciemna ziele&#324;. <\/strong><strong>OPCJONALNIE mo&#380;liwe zastosowanie koloru CZARNY MAT.<\/strong><\/p>\n","protected":false},"excerpt":{"rendered":"<p>The connector has an internal thread, making installation quick and hassle-free. No more clamps, tapes, or other ineffective solutions. Features: Screw-on threaded adapters for hoses used, for example, with extraction systems for machines and power tools. Manufactured using FDM 3D&#8230;<\/p>\n","protected":false},"featured_media":10041660,"comment_status":"closed","ping_status":"closed","template":"","meta":[],"product_brand":[390],"product_cat":[343,196],"product_tag":[],"class_list":{"0":"post-10041329","1":"product","2":"type-product","3":"status-publish","4":"has-post-thumbnail","6":"product_brand-sovalab","7":"product_cat-magsnap-micro","8":"product_cat-odciagi","9":"product_shipping_class-male","11":"first","12":"instock","13":"sale","14":"taxable","15":"shipping-taxable","16":"purchasable","17":"product-type-simple"},"_links":{"self":[{"href":"https:\/\/sovalab.pl\/en\/wp-json\/wp\/v2\/product\/10041329","targetHints":{"allow":["GET"]}}],"collection":[{"href":"https:\/\/sovalab.pl\/en\/wp-json\/wp\/v2\/product"}],"about":[{"href":"https:\/\/sovalab.pl\/en\/wp-json\/wp\/v2\/types\/product"}],"replies":[{"embeddable":true,"href":"https:\/\/sovalab.pl\/en\/wp-json\/wp\/v2\/comments?post=10041329"}],"wp:featuredmedia":[{"embeddable":true,"href":"https:\/\/sovalab.pl\/en\/wp-json\/wp\/v2\/media\/10041660"}],"wp:attachment":[{"href":"https:\/\/sovalab.pl\/en\/wp-json\/wp\/v2\/media?parent=10041329"}],"wp:term":[{"taxonomy":"product_brand","embeddable":true,"href":"https:\/\/sovalab.pl\/en\/wp-json\/wp\/v2\/product_brand?post=10041329"},{"taxonomy":"product_cat","embeddable":true,"href":"https:\/\/sovalab.pl\/en\/wp-json\/wp\/v2\/product_cat?post=10041329"},{"taxonomy":"product_tag","embeddable":true,"href":"https:\/\/sovalab.pl\/en\/wp-json\/wp\/v2\/product_tag?post=10041329"}],"curies":[{"name":"wp","href":"https:\/\/api.w.org\/{rel}","templated":true}]}}