
{"id":10041577,"date":"2024-07-14T16:24:48","date_gmt":"2024-07-14T14:24:48","guid":{"rendered":"https:\/\/sovalab.pl\/?post_type=product&#038;p=10041577"},"modified":"2026-05-06T15:32:38","modified_gmt":"2026-05-06T13:32:38","slug":"magnetyczne-zlacze-wezy-do-odkurzaczy-starmix-festool-bosch-makita","status":"publish","type":"product","link":"https:\/\/sovalab.pl\/en\/magnetyczne-zlacze-wezy-do-odkurzaczy-starmix-festool-bosch-makita\/","title":{"rendered":"Magnetyczne z\u0142\u0105cze w\u0119\u017cy do odkurzaczy Starmix, Festool, Bosch, Makita"},"content":{"rendered":"<p>Magnetyczne z\u0142\u0105cze w\u0119\u017cy do odkurzaczy Starmix, Festool, Bosch, Makita. Z\u0142\u0105cze posiada wewn\u0119trzny gwint (lewy) &#8211; dzi\u0119ki czemu instalacja jest dziecinnie prosta! Wystarczy nakr\u0119ci\u0107, docisn\u0105\u0107 i gotowe.<\/p>\n<p>Drukowany w technologii 3D System \u0142\u0105czenia, kt\u00f3ry umo\u017cliwia w bardzo skuteczny spos\u00f3b po\u0142\u0105czenie w\u0119\u017cy odci\u0105g\u00f3w.<\/p>\n<p>Podczas zamawiania nale\u017cy wybra\u0107 \u015brednice zewn\u0119trzn\u0105\u00a0w\u0119\u017ca. Ko\u0144c\u00f3wki wymienne dost\u0119pne w naszym sklepie.<\/p>\n<p>Cechy:<\/p>\n<p>\u2013 Z\u0142\u0105cze wewn\u0105trz posiada gwint, w kt\u00f3ry bezpiecznie mo\u017cna wkr\u0119ci\u0107 w\u0105\u017c<\/p>\n<p>\u2013 Wysokiej jako\u015bci konstrukcja: z\u0142\u0105cze jest wykonany z trwa\u0142ych materia\u0142\u00f3w, kt\u00f3re s\u0105 w stanie sprosta\u0107 wymaganiom \u015brodowiska warsztatu stolarskiego.<\/p>\n<p>\u2013 Z\u0142\u0105cze wewn\u0119trzne \u015bciany ma wykonane z lekkim skosem \u2013 a wi\u0119c u\u0142atwiaj\u0105 instalacj\u0119.<\/p>\n<p>Z\u0142\u0105cza i \u0142\u0105czniki\u00a0 s\u0105 wykonane z odpornego na uderzenia materia\u0142u PETG przy u\u017cyciu najnowocze\u015bniejszych proces\u00f3w produkcji FDM o wysokiej dok\u0142adno\u015bci. PETG oferuje wysok\u0105 odporno\u015b\u0107 na uderzenia, wy\u017csz\u0105 odporno\u015b\u0107 termiczn\u0105 i chemiczna oraz jest materia\u0142em odpornym na promieniowanie UV. Chocia\u017c PETG jest trudniejszy i dro\u017cszy w obs\u0142udze, ale uwa\u017camy, \u017ce jest to lepszy materia\u0142 do tego zastosowania.<\/p>\n<p>**Ten produkt to tylko z\u0142\u0105cze i nie zawiera narz\u0119dzia ani w\u0119\u017ca do odsysania py\u0142u**<br \/>\n**Je\u015bli nie znalaz\u0142e\u015b interesuj\u0105cego Ci\u0119 przedmiotu, skontaktuj si\u0119 ze mn\u0105, a zaprojektuj\u0119 specjalnie dla Ciebie!.**<br \/>\n**Uwaga: jako przedmiot wydrukowany w 3D czasami wyst\u0119puj\u0105 niedoskona\u0142o\u015bci przy ka\u017cdym wydruku. Dok\u0142adam wszelkich stara\u0144, aby zminimalizowa\u0107 problemy, zar\u00f3wno projektowe oraz konstrukcyjne.**<\/p>\n<p>Jedno z\u0142\u0105cze zawiera 6 magnes\u00f3w \u00a0neodymowych.<\/p>\n<p>Cena dotyczy 2 sztuk &#8211; komplet.<\/p>\n","protected":false},"excerpt":{"rendered":"<p>Magnetyczne z\u0142\u0105cze w\u0119\u017cy do odkurzaczy Starmix, Festool, Bosch, Makita. Z\u0142\u0105cze posiada wewn\u0119trzny gwint (lewy) &#8211; dzi\u0119ki czemu instalacja jest dziecinnie prosta! Wystarczy nakr\u0119ci\u0107, docisn\u0105\u0107 i gotowe. Drukowany w technologii 3D System \u0142\u0105czenia, kt\u00f3ry umo\u017cliwia w bardzo skuteczny spos\u00f3b po\u0142\u0105czenie w\u0119\u017cy&#8230;<\/p>\n","protected":false},"featured_media":10041659,"comment_status":"closed","ping_status":"closed","template":"","meta":[],"product_brand":[390],"product_cat":[196,343,254],"product_tag":[],"class_list":{"0":"post-10041577","1":"product","2":"type-product","3":"status-publish","4":"has-post-thumbnail","6":"product_brand-sovalab","7":"product_cat-odciagi","8":"product_cat-magsnap-micro","9":"product_cat-zlacza-magnetyczne","10":"product_shipping_class-male","12":"first","13":"instock","14":"featured","15":"taxable","16":"shipping-taxable","17":"purchasable","18":"product-type-variable"},"_links":{"self":[{"href":"https:\/\/sovalab.pl\/en\/wp-json\/wp\/v2\/product\/10041577","targetHints":{"allow":["GET"]}}],"collection":[{"href":"https:\/\/sovalab.pl\/en\/wp-json\/wp\/v2\/product"}],"about":[{"href":"https:\/\/sovalab.pl\/en\/wp-json\/wp\/v2\/types\/product"}],"replies":[{"embeddable":true,"href":"https:\/\/sovalab.pl\/en\/wp-json\/wp\/v2\/comments?post=10041577"}],"wp:featuredmedia":[{"embeddable":true,"href":"https:\/\/sovalab.pl\/en\/wp-json\/wp\/v2\/media\/10041659"}],"wp:attachment":[{"href":"https:\/\/sovalab.pl\/en\/wp-json\/wp\/v2\/media?parent=10041577"}],"wp:term":[{"taxonomy":"product_brand","embeddable":true,"href":"https:\/\/sovalab.pl\/en\/wp-json\/wp\/v2\/product_brand?post=10041577"},{"taxonomy":"product_cat","embeddable":true,"href":"https:\/\/sovalab.pl\/en\/wp-json\/wp\/v2\/product_cat?post=10041577"},{"taxonomy":"product_tag","embeddable":true,"href":"https:\/\/sovalab.pl\/en\/wp-json\/wp\/v2\/product_tag?post=10041577"}],"curies":[{"name":"wp","href":"https:\/\/api.w.org\/{rel}","templated":true}]}}