
{"id":10041749,"date":"2024-07-25T10:03:37","date_gmt":"2024-07-25T08:03:37","guid":{"rendered":"https:\/\/sovalab.pl\/?post_type=product&#038;p=10041749"},"modified":"2026-05-06T15:32:48","modified_gmt":"2026-05-06T13:32:48","slug":"magnetyczna-dysza-do-odkurzania-blatow-roboczych","status":"publish","type":"product","link":"https:\/\/sovalab.pl\/en\/magnetyczna-dysza-do-odkurzania-blatow-roboczych\/","title":{"rendered":"Magnetyczna dysza do odkurzania blat\u00f3w roboczych"},"content":{"rendered":"<p>Magnetyczna dysza do odkurzania blat\u00f3w roboczych, zaprojektowana do czyszczenia pod\u0142\u00f3g, sto\u0142\u00f3w warsztatowych i sto\u0142\u00f3w maszynowych.<\/p>\n<p>D\u0142ugo\u015b\u0107 ca\u0142kowita: 170 mm | szeroko\u015b\u0107 wewn\u0119trzna dyszy: 30mm<\/p>\n<p>KOMPATYBILNE Z BAZ\u0104 magnetyczn\u0105 do w\u0119\u017cy odkurzaczy.<\/p>\n<p>Wysokiej jako\u015bci konstrukcja: jest wykonane z trwa\u0142ych materia\u0142\u00f3w, kt\u00f3re s\u0105 w stanie sprosta\u0107 wymaganiom \u015brodowiska warsztatu stolarskiego.<\/p>\n<p>Z\u0142\u0105cza i \u0142\u0105czniki\u00a0 s\u0105 wykonane z odpornego na uderzenia materia\u0142u PETG przy u\u017cyciu najnowocze\u015bniejszych proces\u00f3w produkcji FDM o wysokiej dok\u0142adno\u015bci. PETG oferuje wysok\u0105 odporno\u015b\u0107 na uderzenia, wy\u017csz\u0105 odporno\u015b\u0107 termiczn\u0105 i chemiczna oraz jest materia\u0142em odpornym na promieniowanie UV. Chocia\u017c PETG jest trudniejszy i dro\u017cszy w obs\u0142udze, ale uwa\u017camy, \u017ce jest to lepszy materia\u0142 do tego zastosowania.<\/p>\n<p>**Ten produkt to tylko z\u0142\u0105cze i nie zawiera narz\u0119dzia ani w\u0119\u017ca do odsysania py\u0142u**<br \/>\n**Je\u015bli nie znalaz\u0142e\u015b interesuj\u0105cego Ci\u0119 przedmiotu, skontaktuj si\u0119 ze mn\u0105, a zaprojektuj\u0119 specjalnie dla Ciebie!.**<br \/>\n**Uwaga: jako przedmiot wydrukowany w 3D czasami wyst\u0119puj\u0105 niedoskona\u0142o\u015bci przy ka\u017cdym wydruku. Dok\u0142adam wszelkich stara\u0144, aby zminimalizowa\u0107 problemy, zar\u00f3wno projektowe oraz konstrukcyjne.**<\/p>\n<p>zawiera 6 magnes\u00f3w neodymowych.<\/p>\n<p>&nbsp;<\/p>\n","protected":false},"excerpt":{"rendered":"<p>Magnetyczna dysza do odkurzania blat\u00f3w roboczych, zaprojektowana do czyszczenia pod\u0142\u00f3g, sto\u0142\u00f3w warsztatowych i sto\u0142\u00f3w maszynowych. D\u0142ugo\u015b\u0107 ca\u0142kowita: 170 mm | szeroko\u015b\u0107 wewn\u0119trzna dyszy: 30mm KOMPATYBILNE Z BAZ\u0104 magnetyczn\u0105 do w\u0119\u017cy odkurzaczy. Wysokiej jako\u015bci konstrukcja: jest wykonane z trwa\u0142ych materia\u0142\u00f3w, kt\u00f3re&#8230;<\/p>\n","protected":false},"featured_media":10041764,"comment_status":"closed","ping_status":"closed","template":"","meta":[],"product_brand":[390],"product_cat":[196,343],"product_tag":[],"class_list":{"0":"post-10041749","1":"product","2":"type-product","3":"status-publish","4":"has-post-thumbnail","6":"product_brand-sovalab","7":"product_cat-odciagi","8":"product_cat-magsnap-micro","9":"product_shipping_class-male","11":"first","12":"instock","13":"featured","14":"taxable","15":"shipping-taxable","16":"purchasable","17":"product-type-simple"},"_links":{"self":[{"href":"https:\/\/sovalab.pl\/en\/wp-json\/wp\/v2\/product\/10041749","targetHints":{"allow":["GET"]}}],"collection":[{"href":"https:\/\/sovalab.pl\/en\/wp-json\/wp\/v2\/product"}],"about":[{"href":"https:\/\/sovalab.pl\/en\/wp-json\/wp\/v2\/types\/product"}],"replies":[{"embeddable":true,"href":"https:\/\/sovalab.pl\/en\/wp-json\/wp\/v2\/comments?post=10041749"}],"wp:featuredmedia":[{"embeddable":true,"href":"https:\/\/sovalab.pl\/en\/wp-json\/wp\/v2\/media\/10041764"}],"wp:attachment":[{"href":"https:\/\/sovalab.pl\/en\/wp-json\/wp\/v2\/media?parent=10041749"}],"wp:term":[{"taxonomy":"product_brand","embeddable":true,"href":"https:\/\/sovalab.pl\/en\/wp-json\/wp\/v2\/product_brand?post=10041749"},{"taxonomy":"product_cat","embeddable":true,"href":"https:\/\/sovalab.pl\/en\/wp-json\/wp\/v2\/product_cat?post=10041749"},{"taxonomy":"product_tag","embeddable":true,"href":"https:\/\/sovalab.pl\/en\/wp-json\/wp\/v2\/product_tag?post=10041749"}],"curies":[{"name":"wp","href":"https:\/\/api.w.org\/{rel}","templated":true}]}}