
{"id":10042645,"date":"2024-09-02T11:31:53","date_gmt":"2024-09-02T09:31:53","guid":{"rendered":"https:\/\/sovalab.pl\/?post_type=product&#038;p=10042645"},"modified":"2026-05-06T15:34:43","modified_gmt":"2026-05-06T13:34:43","slug":"mini-zlacze-magnetyczne-do-wezy-odkurzaczy","status":"publish","type":"product","link":"https:\/\/sovalab.pl\/en\/mini-zlacze-magnetyczne-do-wezy-odkurzaczy\/","title":{"rendered":"MINI z\u0142\u0105cze magnetyczne do w\u0119\u017cy odkurzaczy"},"content":{"rendered":"<p>Mini z&#322;&#261;cze magnetyczne do w&#281;&#380;y odkurzaczy oferuj&#261;ce mo&#380;liwo&#347;&#263; po&#322;&#261;czenia w&#281;&#380;y spiro z w&#281;&#380;ami odkurzaczy .<\/p>\n<p>Dzi&#281;ki dwukierunkowym magnesom, z&#322;&#261;cza s&#261; uniwersalne i zawsze b&#281;d&#261; do siebie pasowa&#263;, bez wzgl&#281;du na to, w jakim po&#322;o&#380;eniu je b&#281;dziesz przypina&#263;. Tu nie ma stron + i -.Drukowany w technologii 3D System &#322;&#261;czenia , kt&oacute;ry umo&#380;liwia w bardzo skuteczny spos&oacute;b po&#322;&#261;czenie w&#281;&#380;y odkurzacza (gwintowany). Jest to produkt konfigurowalny &ndash; przy sk&#322;adaniu zam&oacute;wienia nale&#380;y poda&#263; &#347;rednic&#281; WYJ&#346;CIOW&#260; z&#322;&#261;cza (1).<br \/>\nCechy:<br \/>\n&ndash; Z&#322;&#261;cze posiada gwint, dzi&#281;ki czemu bezproblemowo mo&#380;na pod&#322;&#261;czy&#263; do niego w&#261;&#380;. Wystarczy wkr&#281;ci&#263;.<\/p>\n<p>&ndash; Z&#322;&#261;cze wewn&#261;trz posiada ogranicznik, dzi&#281;ki czemu po&#322;&#261;czenie jest szczelne.<br \/>\n&ndash; z&#322;&#261;cze jest wykonane z trwa&#322;ych materia&#322;&oacute;w, kt&oacute;re s&#261; w stanie sprosta&#263; wymaganiom &#347;rodowiska warsztatu stolarskiego.<br \/>\n&ndash; Bez wzgl&#281;du czy z&#322;&#261;cze zam&oacute;wione jest na &#347;rednice 40mm, czy 50mm, baza magnetyczna b&#281;dzie taka sam, dzi&#281;ki czemu bez problemu istnieje mo&#380;liwo&#347;&#263; przepinania pomi&#281;dzy &#347;rednicami.<\/p>\n<p>Z&#322;&#261;cza i &#322;&#261;czniki s&#261; wykonane z odpornego na uderzenia materia&#322;u PETG przy u&#380;yciu najnowocze&#347;niejszych proces&oacute;w produkcji FDM o wysokiej dok&#322;adno&#347;ci. PETG oferuje wysok&#261; odporno&#347;&#263; na uderzenia, wy&#380;sz&#261; odporno&#347;&#263; termiczn&#261; i chemiczna oraz jest materia&#322;em odpornym na promieniowanie UV. Chocia&#380; PETG jest trudniejszy i dro&#380;szy w obs&#322;udze, ale uwa&#380;amy, &#380;e jest to lepszy materia&#322; do tego zastosowania. Produkty wykonywane s&#261; na indywidualne zam&oacute;wienie, co oznacza &#380;e nie s&#261; to produkty kt&oacute;re lez&#261; na p&oacute;&#322;ce. Tworzone s&#261; na podstawie przes&#322;anych wytycznych. Dlatego przy takich zam&oacute;wieniach bardzo istotne jest dok&#322;adne podawanie wymiar&oacute;w, gdy&#380; nie ma mo&#380;liwo&#347;ci wymiany \/ zwrotu. W zale&#380;no&#347;ci od dok&#322;adno&#347;ci pomiaru &ndash; z&#322;&#261;cze b&#281;dzie pasowa&#263; idealnie, lub w skrajnych przypadkach mo&#380;e by&#263; za ciasne\/za lu&#378;ne. Prosz&#281; nie wbija&#263; na si&#322;&#281;. Niewielkie rozbie&#380;no&#347;ci w wymiarach mo&#380;na poprawi&#263; zanurzaj&#261;c we wrz&#261;tku &ndash; materia&#322; stanie si&#281; podatny na rozci&#261;ganie, ale nie b&#281;dzie elastyczny.<br \/>\nDane techniczne:<br \/>\n&ndash; Port wlotowy (1): do 80 mm<br \/>\n**Ten produkt to tylko z&#322;&#261;cze i nie zawiera narz&#281;dzia ani w&#281;&#380;a do odsysania py&#322;u**<br \/>\n**Je&#347;li nie znalaz&#322;e&#347; interesuj&#261;cego Ci&#281; przedmiotu, skontaktuj si&#281; ze mn&#261;, a zaprojektuj&#281; specjalnie dla Ciebie!.**<br \/>\n**Uwaga: jako przedmiot wydrukowany w 3D czasami wyst&#281;puj&#261; niedoskona&#322;o&#347;ci przy ka&#380;dym wydruku. Dok&#322;adam wszelkich stara&#324;, aby zminimalizowa&#263; problemy, zar&oacute;wno projektowe oraz konstrukcyjne.**<br \/>\nJedno z&#322;&#261;cze zawiera 8 magnes&oacute;w neodymowych.<br \/>\nCena dotyczy 1 sztuki.<\/p>\n<p><strong>KOLOR PRODUKTU: matowa ciemna ziele&#324;. <\/strong><strong>OPCJONALNIE mo&#380;liwe zastosowanie koloru CZARNY MAT.<\/strong><\/p>\n","protected":false},"excerpt":{"rendered":"<p>Mini z&#322;&#261;cze magnetyczne do w&#281;&#380;y odkurzaczy oferuj&#261;ce mo&#380;liwo&#347;&#263; po&#322;&#261;czenia w&#281;&#380;y spiro z w&#281;&#380;ami odkurzaczy . Dzi&#281;ki dwukierunkowym magnesom, z&#322;&#261;cza s&#261; uniwersalne i zawsze b&#281;d&#261; do siebie pasowa&#263;, bez wzgl&#281;du na to, w jakim po&#322;o&#380;eniu je b&#281;dziesz przypina&#263;. Tu nie ma&#8230;<\/p>\n","protected":false},"featured_media":10042879,"comment_status":"closed","ping_status":"closed","template":"","meta":[],"product_brand":[390],"product_cat":[196,342,254],"product_tag":[],"class_list":{"0":"post-10042645","1":"product","2":"type-product","3":"status-publish","4":"has-post-thumbnail","6":"product_brand-sovalab","7":"product_cat-odciagi","8":"product_cat-magsnap-mini","9":"product_cat-zlacza-magnetyczne","10":"product_shipping_class-male","12":"first","13":"instock","14":"featured","15":"taxable","16":"shipping-taxable","17":"purchasable","18":"product-type-variable","19":"has-default-attributes"},"_links":{"self":[{"href":"https:\/\/sovalab.pl\/en\/wp-json\/wp\/v2\/product\/10042645","targetHints":{"allow":["GET"]}}],"collection":[{"href":"https:\/\/sovalab.pl\/en\/wp-json\/wp\/v2\/product"}],"about":[{"href":"https:\/\/sovalab.pl\/en\/wp-json\/wp\/v2\/types\/product"}],"replies":[{"embeddable":true,"href":"https:\/\/sovalab.pl\/en\/wp-json\/wp\/v2\/comments?post=10042645"}],"wp:featuredmedia":[{"embeddable":true,"href":"https:\/\/sovalab.pl\/en\/wp-json\/wp\/v2\/media\/10042879"}],"wp:attachment":[{"href":"https:\/\/sovalab.pl\/en\/wp-json\/wp\/v2\/media?parent=10042645"}],"wp:term":[{"taxonomy":"product_brand","embeddable":true,"href":"https:\/\/sovalab.pl\/en\/wp-json\/wp\/v2\/product_brand?post=10042645"},{"taxonomy":"product_cat","embeddable":true,"href":"https:\/\/sovalab.pl\/en\/wp-json\/wp\/v2\/product_cat?post=10042645"},{"taxonomy":"product_tag","embeddable":true,"href":"https:\/\/sovalab.pl\/en\/wp-json\/wp\/v2\/product_tag?post=10042645"}],"curies":[{"name":"wp","href":"https:\/\/api.w.org\/{rel}","templated":true}]}}