
{"id":10042764,"date":"2024-09-05T21:23:11","date_gmt":"2024-09-05T19:23:11","guid":{"rendered":"https:\/\/sovalab.pl\/?post_type=product&#038;p=10042764"},"modified":"2026-05-06T15:37:33","modified_gmt":"2026-05-06T13:37:33","slug":"adapter-odciagu-makita-rt0700c-odkurzacz-przemyslowy-makita","status":"publish","type":"product","link":"https:\/\/sovalab.pl\/en\/adapter-odciagu-makita-rt0700c-odkurzacz-przemyslowy-makita\/","title":{"rendered":"Adapter odci\u0105gu frezarki Makita RT0700C &#8211; Odkurzacz przemys\u0142owy Makita"},"content":{"rendered":"<p>Adapter odci\u0105gu frezarki Makita RT0700C, umo\u017cliwiaj\u0105cy bezpo\u015brednie pod\u0142\u0105czenie np. frezarki g\u00f3rnowrzecionowej Makita RT0700C, do w\u0119\u017ca odkurzacza przemys\u0142owego Makita z w\u0119\u017cem z szybkoz\u0142\u0105czk\u0105 (P-84084).<\/p>\n","protected":false},"excerpt":{"rendered":"<p>Adapter odci\u0105gu frezarki Makita RT0700C, umo\u017cliwiaj\u0105cy bezpo\u015brednie pod\u0142\u0105czenie np. frezarki g\u00f3rnowrzecionowej Makita RT0700C, do w\u0119\u017ca odkurzacza przemys\u0142owego Makita z w\u0119\u017cem z szybkoz\u0142\u0105czk\u0105 (P-84084).<\/p>\n","protected":false},"featured_media":10042991,"comment_status":"closed","ping_status":"closed","template":"","meta":[],"product_brand":[390],"product_cat":[196,386],"product_tag":[],"class_list":{"0":"post-10042764","1":"product","2":"type-product","3":"status-publish","4":"has-post-thumbnail","6":"product_brand-sovalab","7":"product_cat-odciagi","8":"product_cat-adaptery-redukcje","9":"product_shipping_class-male","11":"first","12":"instock","13":"taxable","14":"shipping-taxable","15":"purchasable","16":"product-type-simple"},"_links":{"self":[{"href":"https:\/\/sovalab.pl\/en\/wp-json\/wp\/v2\/product\/10042764","targetHints":{"allow":["GET"]}}],"collection":[{"href":"https:\/\/sovalab.pl\/en\/wp-json\/wp\/v2\/product"}],"about":[{"href":"https:\/\/sovalab.pl\/en\/wp-json\/wp\/v2\/types\/product"}],"replies":[{"embeddable":true,"href":"https:\/\/sovalab.pl\/en\/wp-json\/wp\/v2\/comments?post=10042764"}],"wp:featuredmedia":[{"embeddable":true,"href":"https:\/\/sovalab.pl\/en\/wp-json\/wp\/v2\/media\/10042991"}],"wp:attachment":[{"href":"https:\/\/sovalab.pl\/en\/wp-json\/wp\/v2\/media?parent=10042764"}],"wp:term":[{"taxonomy":"product_brand","embeddable":true,"href":"https:\/\/sovalab.pl\/en\/wp-json\/wp\/v2\/product_brand?post=10042764"},{"taxonomy":"product_cat","embeddable":true,"href":"https:\/\/sovalab.pl\/en\/wp-json\/wp\/v2\/product_cat?post=10042764"},{"taxonomy":"product_tag","embeddable":true,"href":"https:\/\/sovalab.pl\/en\/wp-json\/wp\/v2\/product_tag?post=10042764"}],"curies":[{"name":"wp","href":"https:\/\/api.w.org\/{rel}","templated":true}]}}