
{"id":10042771,"date":"2024-09-05T21:37:54","date_gmt":"2024-09-05T19:37:54","guid":{"rendered":"https:\/\/sovalab.pl\/?post_type=product&#038;p=10042771"},"modified":"2026-05-06T15:37:48","modified_gmt":"2026-05-06T13:37:48","slug":"adapter-szybkozlaczki-odkurzacza-makita-do-weza-odkurzacza-przedluzka","status":"publish","type":"product","link":"https:\/\/sovalab.pl\/en\/adapter-szybkozlaczki-odkurzacza-makita-do-weza-odkurzacza-przedluzka\/","title":{"rendered":"Adapter szybkoz\u0142\u0105czki odkurzacza Makita do w\u0119\u017ca odkurzacza &#8211; przed\u0142u\u017cka"},"content":{"rendered":"<h2>Adapter szybkoz&#322;&#261;czki odkurzacza Makita do w&#281;&#380;a odkurzacza<\/h2>\n<p>High-quality adapter for Makita industrial vacuum cleaners, designed for quick and secure connection of a flexible extraction hose. Thanks to the built-in thread, a standard hose can be firmly and tightly screwed on without the need for additional clamps or adhesives. The integrated quick coupling allows the set to be connected and disconnected easily and quickly, significantly improving work in the workshop, on construction sites, or during mobile jobs.<\/p>\n<p>The product is manufactured using 3D printing technology (FDM) from a durable material resistant to wear and impact. The standard colour is an elegant matte black, which pairs well with most workshop equipment.<\/p>\n<p>This adapter is an excellent base for building your own dust extraction system&mdash;especially when combined with our other accessories, such as magnetic hose connectors, reducers, or tool adapters. This allows you to create a fully configurable and convenient extraction system tailored to a specific workspace or set of machines.<\/p>\n<p>Product features:<br \/>\nCompatibility: Makita industrial vacuum cleaners<br \/>\nColour: matte black<br \/>\nDiameter: selectable when placing the order  <\/p>\n<p>Application: woodworking, renovation, industrial, and home workshops.<\/p>\n","protected":false},"excerpt":{"rendered":"<p>Adapter szybkoz&#322;&#261;czki odkurzacza Makita do w&#281;&#380;a odkurzacza High-quality adapter for Makita industrial vacuum cleaners, designed for quick and secure connection of a flexible extraction hose. Thanks to the built-in thread, a standard hose can be firmly and tightly screwed on&#8230;<\/p>\n","protected":false},"featured_media":10047574,"comment_status":"closed","ping_status":"closed","template":"","meta":[],"product_brand":[390],"product_cat":[196,386],"product_tag":[],"class_list":{"0":"post-10042771","1":"product","2":"type-product","3":"status-publish","4":"has-post-thumbnail","6":"product_brand-sovalab","7":"product_cat-odciagi","8":"product_cat-adaptery-redukcje","9":"product_shipping_class-male","11":"first","12":"instock","13":"featured","14":"taxable","15":"shipping-taxable","16":"purchasable","17":"product-type-variable","18":"has-default-attributes"},"_links":{"self":[{"href":"https:\/\/sovalab.pl\/en\/wp-json\/wp\/v2\/product\/10042771","targetHints":{"allow":["GET"]}}],"collection":[{"href":"https:\/\/sovalab.pl\/en\/wp-json\/wp\/v2\/product"}],"about":[{"href":"https:\/\/sovalab.pl\/en\/wp-json\/wp\/v2\/types\/product"}],"replies":[{"embeddable":true,"href":"https:\/\/sovalab.pl\/en\/wp-json\/wp\/v2\/comments?post=10042771"}],"wp:featuredmedia":[{"embeddable":true,"href":"https:\/\/sovalab.pl\/en\/wp-json\/wp\/v2\/media\/10047574"}],"wp:attachment":[{"href":"https:\/\/sovalab.pl\/en\/wp-json\/wp\/v2\/media?parent=10042771"}],"wp:term":[{"taxonomy":"product_brand","embeddable":true,"href":"https:\/\/sovalab.pl\/en\/wp-json\/wp\/v2\/product_brand?post=10042771"},{"taxonomy":"product_cat","embeddable":true,"href":"https:\/\/sovalab.pl\/en\/wp-json\/wp\/v2\/product_cat?post=10042771"},{"taxonomy":"product_tag","embeddable":true,"href":"https:\/\/sovalab.pl\/en\/wp-json\/wp\/v2\/product_tag?post=10042771"}],"curies":[{"name":"wp","href":"https:\/\/api.w.org\/{rel}","templated":true}]}}