
{"id":10042969,"date":"2024-09-11T09:49:08","date_gmt":"2024-09-11T07:49:08","guid":{"rendered":"https:\/\/sovalab.pl\/?post_type=product&#038;p=10042969"},"modified":"2026-05-06T15:38:25","modified_gmt":"2026-05-06T13:38:25","slug":"katownik-do-szyny-prowadzacej-makita","status":"publish","type":"product","link":"https:\/\/sovalab.pl\/en\/katownik-do-szyny-prowadzacej-makita\/","title":{"rendered":"K\u0105townik do szyny prowadz\u0105cej Makita"},"content":{"rendered":"<p>Drukowany w 3D k\u0105townik do szyny prowadz\u0105cej Makita, to niezast\u0105pione narz\u0119dzie dla ka\u017cdego profesjonalisty i hobbysty. Idealnie wpasowuje si\u0119 w rowkik szyny, zapewniaj\u0105c precyzyjne i bezpieczne ci\u0119cia.<br \/>\nK\u0105townik zwi\u0119ksza funkcjonalno\u015b\u0107 i pozwala na elastyczno\u015b\u0107 przy r\u00f3\u017cnych projektach. Jego kompaktowy design nie koliduje z p\u0142yt\u0105 bazow\u0105 pi\u0142y, nie wp\u0142ywa na g\u0142\u0119boko\u015b\u0107 ci\u0119cia, co gwarantuje maksymaln\u0105 wydajno\u015b\u0107.<br \/>\nDzi\u0119ki modu\u0142owej konstrukcji sk\u0142adaj\u0105cej si\u0119 z 4 element\u00f3w, jeszcze bardziej mo\u017cna dopasowa\u0107 go do posiadanej szyny, niweluj\u0105c wszelkie luzy.<\/p>\n<p>Wykonany z trwa\u0142ych materia\u0142\u00f3w, ten k\u0105townik to idealne po\u0142\u0105czenie wytrzyma\u0142o\u015bci i lekko\u015bci.<\/p>\n","protected":false},"excerpt":{"rendered":"<p>Drukowany w 3D k\u0105townik do szyny prowadz\u0105cej Makita, to niezast\u0105pione narz\u0119dzie dla ka\u017cdego profesjonalisty i hobbysty. Idealnie wpasowuje si\u0119 w rowkik szyny, zapewniaj\u0105c precyzyjne i bezpieczne ci\u0119cia. K\u0105townik zwi\u0119ksza funkcjonalno\u015b\u0107 i pozwala na elastyczno\u015b\u0107 przy r\u00f3\u017cnych projektach. Jego kompaktowy design&#8230;<\/p>\n","protected":false},"featured_media":10043519,"comment_status":"open","ping_status":"closed","template":"","meta":[],"product_brand":[390],"product_cat":[182],"product_tag":[],"class_list":{"0":"post-10042969","1":"product","2":"type-product","3":"status-publish","4":"has-post-thumbnail","6":"product_brand-sovalab","7":"product_cat-narzedzia","8":"product_shipping_class-male","10":"first","11":"instock","12":"taxable","13":"shipping-taxable","14":"purchasable","15":"product-type-simple"},"_links":{"self":[{"href":"https:\/\/sovalab.pl\/en\/wp-json\/wp\/v2\/product\/10042969","targetHints":{"allow":["GET"]}}],"collection":[{"href":"https:\/\/sovalab.pl\/en\/wp-json\/wp\/v2\/product"}],"about":[{"href":"https:\/\/sovalab.pl\/en\/wp-json\/wp\/v2\/types\/product"}],"replies":[{"embeddable":true,"href":"https:\/\/sovalab.pl\/en\/wp-json\/wp\/v2\/comments?post=10042969"}],"wp:featuredmedia":[{"embeddable":true,"href":"https:\/\/sovalab.pl\/en\/wp-json\/wp\/v2\/media\/10043519"}],"wp:attachment":[{"href":"https:\/\/sovalab.pl\/en\/wp-json\/wp\/v2\/media?parent=10042969"}],"wp:term":[{"taxonomy":"product_brand","embeddable":true,"href":"https:\/\/sovalab.pl\/en\/wp-json\/wp\/v2\/product_brand?post=10042969"},{"taxonomy":"product_cat","embeddable":true,"href":"https:\/\/sovalab.pl\/en\/wp-json\/wp\/v2\/product_cat?post=10042969"},{"taxonomy":"product_tag","embeddable":true,"href":"https:\/\/sovalab.pl\/en\/wp-json\/wp\/v2\/product_tag?post=10042969"}],"curies":[{"name":"wp","href":"https:\/\/api.w.org\/{rel}","templated":true}]}}