
{"id":10043319,"date":"2024-09-28T14:33:46","date_gmt":"2024-09-28T12:33:46","guid":{"rendered":"https:\/\/sovalab.pl\/?post_type=product&#038;p=10043319"},"modified":"2025-09-17T10:48:50","modified_gmt":"2025-09-17T08:48:50","slug":"magnetyczne-zlacze-odciagu-dewalt-735-735x","status":"publish","type":"product","link":"https:\/\/sovalab.pl\/en\/magnetyczne-zlacze-odciagu-dewalt-735-735x\/","title":{"rendered":"Magnetyczne z\u0142\u0105cze odci\u0105gu adapter DeWalt 735 | 735x \u00d872mm"},"content":{"rendered":"<p>Magnetyczne z&#322;&#261;cze odci&#261;gu <strong>DeWalt 735<\/strong> umo&#380;liwia bezpo&#347;rednie pod&#322;&#261;czenie elastycznego w&#281;&#380;a SPIRO odci&#261;gu trocin do PORT&Oacute;W stosowanych w maszynach DeWalt 735. Zast&#281;puje otw&oacute;r wylotowy dostarczany ze strugark&#261; <strong>DW735 i DW735X<\/strong> i &#322;&#261;czy si&#281; z strugark&#261; natywnie za pomoc&#261; istniej&#261;cego sworznia blokuj&#261;cego. Nie ma wi&#281;c obawy, &#380;e od&#322;&#261;czy si&#281; od strugarki. W zale&#380;no&#347;ci od stopnia zu&#380;ycia portu w maszynie &#8211; z&#322;&#261;cze mo&#380;na przymocowa&#263; na sta&#322;e.<\/p>\n<p>Bardzo prosta instalacja &#8211; wci&#347;nij przycisk na oryginalnym porcie, obr&oacute;&#263; i usu&#324; czarny port. Zamontuj nowy port, obracaj&#261;c go w przeciwnym kierunku, a&#380; spr&#281;&#380;ynowy przycisk zaskoczy na swoje miejsce.<\/p>\n<p><a href=\"https:\/\/sovalab.pl\/zlacza-magnetyczne\/magsnap-standard\/\"><strong>Pasuje z naszym SYSTEMEM MAGNETYCZNYM.<\/strong><\/a><\/p>\n<p>Dzi&#281;ki zainstalowanym wewn&#261;trz magnesom, przepinanie w&#281;&#380;a pomi&#281;dzy maszynami &nbsp;jest &#322;atwe, szybkie, bezproblemowe. Dzi&#281;ki dwukierunkowym magnesom, z&#322;&#261;cza s&#261; uniwersalne i zawsze b&#281;d&#261; do siebie pasowa&#263;, bez wzgl&#281;du na to, w jakim po&#322;o&#380;eniu je b&#281;dziesz stosowa&#263;. Tu nie ma stron + i -.<\/p>\n<p>Ta wersja z&#322;&#261;cza dedykowana jest do <strong>STANDARDOWYCH<\/strong> z&#322;&#261;czy, i nie pasuje do <strong>WERSJI MINI ani MAX<\/strong> systemu oferowanego na naszych pozosta&#322;ych aukcjach.<\/p>\n<p>Elementy drukowane w technologii druku 3D, z wysokim wsp&oacute;&#322;czynnikiem wype&#322;nienia, aby zapewni&#263; wytrzyma&#322;o&#347;&#263; i trwa&#322;o&#347;&#263; w &#347;rodowisku warsztatowym.<br \/>\nCechy:<br \/>\n&ndash; Zast&#281;puje otw&oacute;r wylotowy dostarczany ze strugark&#261; DW735 i DW735X i &#322;&#261;czy si&#281; z strugark&#261; natywnie za pomoc&#261; istniej&#261;cego sworznia blokuj&#261;cego.<br \/>\n&ndash; Wysokiej jako&#347;ci konstrukcja wykonana z trwa&#322;ych materia&#322;&oacute;w, kt&oacute;re s&#261; w stanie sprosta&#263; wymaganiom &#347;rodowiska warsztatu stolarskiego.<br \/>\n&ndash; Baza magnetyczna zawsze jest taka sama, dzi&#281;ki czemu bez problemu istnieje mo&#380;liwo&#347;&#263; przepinania pomi&#281;dzy &#347;rednicami.<\/p>\n<p>Z&#322;&#261;cza i adaptery s&#261; wykonane z odpornego na uderzenia materia&#322;u PETG przy u&#380;yciu najnowocze&#347;niejszych proces&oacute;w produkcji FDM o wysokiej dok&#322;adno&#347;ci. PETG oferuje wysok&#261; odporno&#347;&#263; na uderzenia, wy&#380;sz&#261; odporno&#347;&#263; termiczn&#261; i chemiczna oraz jest materia&#322;em odpornym na promieniowanie UV. Chocia&#380; PETG jest trudniejszy i dro&#380;szy w obs&#322;udze, ale uwa&#380;amy, &#380;e jest to lepszy materia&#322; do tego zastosowania.<\/p>\n<p>Produkty wykonywane s&#261; na indywidualne zam&oacute;wienie, co oznacza &#380;e nie s&#261; to produkty kt&oacute;re le&#380;&#261; na p&oacute;&#322;ce. Tworzone s&#261; na podstawie przes&#322;anych wytycznych. Dlatego przy takich zam&oacute;wieniach bardzo istotne jest dok&#322;adne podawanie wymiar&oacute;w, gdy&#380; nie ma mo&#380;liwo&#347;ci wymiany \/ zwrotu. W zale&#380;no&#347;ci od dok&#322;adno&#347;ci pomiaru &ndash; z&#322;&#261;cze b&#281;dzie pasowa&#263; idealnie, lub w skrajnych przypadkach mo&#380;e by&#263; za ciasne\/za lu&#378;ne. Prosz&#281; nie wbija&#263; na si&#322;&#281;. Niewielkie rozbie&#380;no&#347;ci w wymiarach mo&#380;na poprawi&#263; zanurzaj&#261;c we wrz&#261;tku &ndash; materia&#322; stanie si&#281; podatny na rozci&#261;ganie, ale nie b&#281;dzie elastyczny. Je&#380;eli chcesz zaadoptowa&#263; nasze z&#322;&#261;cza do niestandardowych rozwi&#261;za&#324; zastosowanych w Twoim warsztacie &ndash; poinformuj nas aby&#347;my mogli dostosowa&#263; nasze z&#322;&#261;cza magnetyczne.<br \/>\nJedno z&#322;&#261;cze zawiera 8 magnes&oacute;w neodymowych.<br \/>\nCena dotyczy 1 sztuki.<br \/>\nDane techniczne:<br \/>\n&ndash; &#346;rednica portu: <strong>&Oslash;72<br \/>\n<\/strong>&ndash; Materia&#322;: <strong>PETG<\/strong><\/p>\n<p>**Ten produkt to tylko z&#322;&#261;cze i nie zawiera narz&#281;dzia ani w&#281;&#380;a do odsysania py&#322;u**<br \/>\n**Je&#347;li nie znalaz&#322;e&#347; interesuj&#261;cego Ci&#281; przedmiotu, skontaktuj si&#281; ze mn&#261;, a zaprojektuj&#281; specjalnie dla Ciebie!.**<br \/>\n**Uwaga: jako przedmiot wydrukowany w 3D czasami wyst&#281;puj&#261; niedoskona&#322;o&#347;ci przy ka&#380;dym wydruku. Dok&#322;adam wszelkich stara&#324;, aby zminimalizowa&#263; problemy, zar&oacute;wno projektowe oraz konstrukcyjne.**<\/p>\n<p>&nbsp;<\/p>\n<p>&nbsp;\n<\/p>\n<blockquote class=\"instagram-media\" style=\"background: #FFF; border: 0; border-radius: 3px; box-shadow: 0 0 1px 0 rgba(0,0,0,0.5),0 1px 10px 0 rgba(0,0,0,0.15); margin: 1px; max-width: 540px; min-width: 326px; padding: 0; width: calc(100% - 2px);\" data-instgrm-permalink=\"https:\/\/www.instagram.com\/reel\/C7r7WQyo9sE\/?amp;utm_campaign=loading\" data-instgrm-version=\"14\">\n<div style=\"padding: 16px;\">\n<p>&nbsp;<\/p>\n<div style=\"display: flex; flex-direction: row; align-items: center;\">\n<div style=\"background-color: #f4f4f4; border-radius: 50%; flex-grow: 0; height: 40px; margin-right: 14px; width: 40px;\"><\/div>\n<div style=\"display: flex; flex-direction: column; flex-grow: 1; justify-content: center;\">\n<div style=\"background-color: #f4f4f4; border-radius: 4px; flex-grow: 0; height: 14px; margin-bottom: 6px; width: 100px;\"><\/div>\n<div style=\"background-color: #f4f4f4; border-radius: 4px; flex-grow: 0; height: 14px; width: 60px;\"><\/div>\n<\/div>\n<\/div>\n<div style=\"padding: 19% 0;\"><\/div>\n<div style=\"display: block; height: 50px; margin: 0 auto 12px; width: 50px;\"><\/div>\n<div style=\"padding-top: 8px;\">\n<div style=\"color: #3897f0; font-family: Arial,sans-serif; font-size: 14px; font-style: normal; font-weight: 550; line-height: 18px;\">Wy&#347;wietl ten post na Instagramie<\/div>\n<\/div>\n<div style=\"padding: 12.5% 0;\"><\/div>\n<div style=\"display: flex; flex-direction: row; margin-bottom: 14px; align-items: center;\">\n<div>\n<div style=\"background-color: #f4f4f4; border-radius: 50%; height: 12.5px; width: 12.5px; transform: translateX(0px) translateY(7px);\"><\/div>\n<div style=\"background-color: #f4f4f4; height: 12.5px; transform: rotate(-45deg) translateX(3px) translateY(1px); width: 12.5px; flex-grow: 0; margin-right: 14px; margin-left: 2px;\"><\/div>\n<div style=\"background-color: #f4f4f4; border-radius: 50%; height: 12.5px; width: 12.5px; transform: translateX(9px) translateY(-18px);\"><\/div>\n<\/div>\n<div style=\"margin-left: 8px;\">\n<div style=\"background-color: #f4f4f4; border-radius: 50%; flex-grow: 0; height: 20px; width: 20px;\"><\/div>\n<div style=\"width: 0; height: 0; border-top: 2px solid transparent; border-left: 6px solid #f4f4f4; border-bottom: 2px solid transparent; transform: translateX(16px) translateY(-4px) rotate(30deg);\"><\/div>\n<\/div>\n<div style=\"margin-left: auto;\">\n<div style=\"width: 0px; border-top: 8px solid #F4F4F4; border-right: 8px solid transparent; transform: translateY(16px);\"><\/div>\n<div style=\"background-color: #f4f4f4; flex-grow: 0; height: 12px; width: 16px; transform: translateY(-4px);\"><\/div>\n<div style=\"width: 0; height: 0; border-top: 8px solid #F4F4F4; border-left: 8px solid transparent; transform: translateY(-4px) translateX(8px);\"><\/div>\n<\/div>\n<\/div>\n<div style=\"display: flex; flex-direction: column; flex-grow: 1; justify-content: center; margin-bottom: 24px;\">\n<div style=\"background-color: #f4f4f4; border-radius: 4px; flex-grow: 0; height: 14px; margin-bottom: 6px; width: 224px;\"><\/div>\n<div style=\"background-color: #f4f4f4; border-radius: 4px; flex-grow: 0; height: 14px; width: 144px;\"><\/div>\n<\/div>\n<p>&nbsp;<\/p>\n<p style=\"color: #c9c8cd; font-family: Arial,sans-serif; font-size: 14px; line-height: 17px; margin-bottom: 0; margin-top: 8px; overflow: hidden; padding: 8px 0 7px; text-align: center; text-overflow: ellipsis; white-space: nowrap;\"><a style=\"color: #c9c8cd; font-family: Arial,sans-serif; font-size: 14px; font-style: normal; font-weight: normal; line-height: 17px; text-decoration: none;\" href=\"https:\/\/www.instagram.com\/reel\/C7r7WQyo9sE\/?amp;utm_campaign=loading\" target=\"_blank\" rel=\"noopener\">Post udost&#281;pniony przez s o v a l a b DRUK 3D (@sovalab.pl)<\/a><\/p>\n<\/div>\n<\/blockquote>\n<p><script async src=\"\/\/www.instagram.com\/embed.js\"><\/script><\/p>\n","protected":false},"excerpt":{"rendered":"<p>Magnetyczne z&#322;&#261;cze odci&#261;gu DeWalt 735 umo&#380;liwia bezpo&#347;rednie pod&#322;&#261;czenie elastycznego w&#281;&#380;a SPIRO odci&#261;gu trocin do PORT&Oacute;W stosowanych w maszynach DeWalt 735. Zast&#281;puje otw&oacute;r wylotowy dostarczany ze strugark&#261; DW735 i DW735X i &#322;&#261;czy si&#281; z strugark&#261; natywnie za pomoc&#261; istniej&#261;cego sworznia blokuj&#261;cego&#8230;.<\/p>\n","protected":false},"featured_media":10043347,"comment_status":"closed","ping_status":"closed","template":"","meta":[],"product_brand":[390],"product_cat":[341,196,254],"product_tag":[],"class_list":{"0":"post-10043319","1":"product","2":"type-product","3":"status-publish","4":"has-post-thumbnail","6":"product_brand-sovalab","7":"product_cat-magsnap-standard","8":"product_cat-odciagi","9":"product_cat-zlacza-magnetyczne","10":"product_shipping_class-male","12":"first","13":"instock","14":"featured","15":"taxable","16":"shipping-taxable","17":"purchasable","18":"product-type-simple"},"_links":{"self":[{"href":"https:\/\/sovalab.pl\/en\/wp-json\/wp\/v2\/product\/10043319","targetHints":{"allow":["GET"]}}],"collection":[{"href":"https:\/\/sovalab.pl\/en\/wp-json\/wp\/v2\/product"}],"about":[{"href":"https:\/\/sovalab.pl\/en\/wp-json\/wp\/v2\/types\/product"}],"replies":[{"embeddable":true,"href":"https:\/\/sovalab.pl\/en\/wp-json\/wp\/v2\/comments?post=10043319"}],"wp:featuredmedia":[{"embeddable":true,"href":"https:\/\/sovalab.pl\/en\/wp-json\/wp\/v2\/media\/10043347"}],"wp:attachment":[{"href":"https:\/\/sovalab.pl\/en\/wp-json\/wp\/v2\/media?parent=10043319"}],"wp:term":[{"taxonomy":"product_brand","embeddable":true,"href":"https:\/\/sovalab.pl\/en\/wp-json\/wp\/v2\/product_brand?post=10043319"},{"taxonomy":"product_cat","embeddable":true,"href":"https:\/\/sovalab.pl\/en\/wp-json\/wp\/v2\/product_cat?post=10043319"},{"taxonomy":"product_tag","embeddable":true,"href":"https:\/\/sovalab.pl\/en\/wp-json\/wp\/v2\/product_tag?post=10043319"}],"curies":[{"name":"wp","href":"https:\/\/api.w.org\/{rel}","templated":true}]}}