
{"id":10044076,"date":"2024-11-13T09:14:39","date_gmt":"2024-11-13T08:14:39","guid":{"rendered":"https:\/\/sovalab.pl\/?post_type=product&#038;p=10044076"},"modified":"2026-05-06T15:50:18","modified_gmt":"2026-05-06T13:50:18","slug":"dysza-do-odkurzania-blatow-roboczych-szybkozlacze-makita","status":"publish","type":"product","link":"https:\/\/sovalab.pl\/en\/dysza-do-odkurzania-blatow-roboczych-szybkozlacze-makita\/","title":{"rendered":"Dysza do odkurzania blat\u00f3w roboczych. Szybkoz\u0142\u0105cze MAKITA"},"content":{"rendered":"<p>Dysza do odkurzania blat&oacute;w roboczych, zaprojektowana do czyszczenia pod&#322;&oacute;g, sto&#322;&oacute;w warsztatowych i sto&#322;&oacute;w maszynowych.<\/p>\n<p>D&#322;ugo&#347;&#263; ca&#322;kowita: 170 mm | szeroko&#347;&#263; wewn&#281;trzna dyszy: 30mm<\/p>\n<p><strong>KOMPATYBILNE Z szybkoz&#322;&#261;czk&#261; MAKITA<\/strong><\/p>\n<p>Wysokiej jako&#347;ci konstrukcja: jest wykonane z trwa&#322;ych materia&#322;&oacute;w, kt&oacute;re s&#261; w stanie sprosta&#263; wymaganiom &#347;rodowiska warsztatu stolarskiego.<\/p>\n<p>Z&#322;&#261;cza i &#322;&#261;czniki&nbsp; s&#261; wykonane z odpornego na uderzenia materia&#322;u PETG przy u&#380;yciu najnowocze&#347;niejszych proces&oacute;w produkcji FDM o wysokiej dok&#322;adno&#347;ci. PETG oferuje wysok&#261; odporno&#347;&#263; na uderzenia, wy&#380;sz&#261; odporno&#347;&#263; termiczn&#261; i chemiczna oraz jest materia&#322;em odpornym na promieniowanie UV. Chocia&#380; PETG jest trudniejszy i dro&#380;szy w obs&#322;udze, ale uwa&#380;amy, &#380;e jest to lepszy materia&#322; do tego zastosowania.<\/p>\n<p>**Ten produkt to tylko z&#322;&#261;cze i nie zawiera narz&#281;dzia ani w&#281;&#380;a do odsysania py&#322;u**<br \/>\n**Je&#347;li nie znalaz&#322;e&#347; interesuj&#261;cego Ci&#281; przedmiotu, skontaktuj si&#281; ze mn&#261;, a zaprojektuj&#281; specjalnie dla Ciebie!.**<br \/>\n**Uwaga: jako przedmiot wydrukowany w 3D czasami wyst&#281;puj&#261; niedoskona&#322;o&#347;ci przy ka&#380;dym wydruku. Dok&#322;adam wszelkich stara&#324;, aby zminimalizowa&#263; problemy, zar&oacute;wno projektowe oraz konstrukcyjne.**<\/p>\n","protected":false},"excerpt":{"rendered":"<p>Dysza do odkurzania blat&oacute;w roboczych, zaprojektowana do czyszczenia pod&#322;&oacute;g, sto&#322;&oacute;w warsztatowych i sto&#322;&oacute;w maszynowych. D&#322;ugo&#347;&#263; ca&#322;kowita: 170 mm | szeroko&#347;&#263; wewn&#281;trzna dyszy: 30mm KOMPATYBILNE Z szybkoz&#322;&#261;czk&#261; MAKITA Wysokiej jako&#347;ci konstrukcja: jest wykonane z trwa&#322;ych materia&#322;&oacute;w, kt&oacute;re s&#261; w stanie sprosta&#263;&#8230;<\/p>\n","protected":false},"featured_media":10044078,"comment_status":"closed","ping_status":"closed","template":"","meta":[],"product_brand":[390],"product_cat":[196,386],"product_tag":[],"class_list":{"0":"post-10044076","1":"product","2":"type-product","3":"status-publish","4":"has-post-thumbnail","6":"product_brand-sovalab","7":"product_cat-odciagi","8":"product_cat-adaptery-redukcje","9":"product_shipping_class-male","11":"first","12":"instock","13":"featured","14":"taxable","15":"shipping-taxable","16":"purchasable","17":"product-type-simple"},"_links":{"self":[{"href":"https:\/\/sovalab.pl\/en\/wp-json\/wp\/v2\/product\/10044076","targetHints":{"allow":["GET"]}}],"collection":[{"href":"https:\/\/sovalab.pl\/en\/wp-json\/wp\/v2\/product"}],"about":[{"href":"https:\/\/sovalab.pl\/en\/wp-json\/wp\/v2\/types\/product"}],"replies":[{"embeddable":true,"href":"https:\/\/sovalab.pl\/en\/wp-json\/wp\/v2\/comments?post=10044076"}],"wp:featuredmedia":[{"embeddable":true,"href":"https:\/\/sovalab.pl\/en\/wp-json\/wp\/v2\/media\/10044078"}],"wp:attachment":[{"href":"https:\/\/sovalab.pl\/en\/wp-json\/wp\/v2\/media?parent=10044076"}],"wp:term":[{"taxonomy":"product_brand","embeddable":true,"href":"https:\/\/sovalab.pl\/en\/wp-json\/wp\/v2\/product_brand?post=10044076"},{"taxonomy":"product_cat","embeddable":true,"href":"https:\/\/sovalab.pl\/en\/wp-json\/wp\/v2\/product_cat?post=10044076"},{"taxonomy":"product_tag","embeddable":true,"href":"https:\/\/sovalab.pl\/en\/wp-json\/wp\/v2\/product_tag?post=10044076"}],"curies":[{"name":"wp","href":"https:\/\/api.w.org\/{rel}","templated":true}]}}