
{"id":10044175,"date":"2024-11-15T10:49:46","date_gmt":"2024-11-15T09:49:46","guid":{"rendered":"https:\/\/sovalab.pl\/?post_type=product&#038;p=10044175"},"modified":"2026-05-06T15:52:08","modified_gmt":"2026-05-06T13:52:08","slug":"adapter-oslony-tarczy-felder-hammer-na-waz-prozniowy","status":"publish","type":"product","link":"https:\/\/sovalab.pl\/en\/adapter-oslony-tarczy-felder-hammer-na-waz-prozniowy\/","title":{"rendered":"Adapter os\u0142ony tarczy Felder Hammer na w\u0105\u017c pr\u00f3\u017cniowy. SRARMIX"},"content":{"rendered":"<p>Stworzony w technologii druku 3D, adapter przeznaczony jest do &#322;&#261;czenia elastycznego przewodu systemu odci&#261;gowego z os&#322;on&#261; &nbsp;stosowan&#261; w pi&#322;ach sto&#322;owych firmy Felder\/Hammer.<\/p>\n<p>Adapter posiada gwint lewostronny co umo&#380;liwia &#322;atwe pod&#322;&#261;czenie w&#281;&#380;a odci&#261;gowego, kt&oacute;ry jest stosowany w r&oacute;&#380;nych urz&#261;dzeniach, takich jak odkurzacze przemys&#322;owe.<\/p>\n<p>Adapter wyposa&#380;ony jest w cztery naci&#281;cia, dzi&#281;ki czemu wystarczy przekr&#281;ci&#263;, aby zablokowa&#263; jego po&#322;o&#380;enie na os&#322;onie.<\/p>\n<p>Adapter do monta&#380;u za w&#261;&#380; pr&oacute;&#380;niowy stosowany np przy odkurzaczach, o &#347;rednicy 40, 50, lub 60 mm. Lub dedykowany do w&#281;&#380;y odkurzaczy <strong>STARMIX<\/strong><\/p>\n<p>&nbsp;<\/p>\n<p>Stosowanie takich adapter&oacute;w znacznie podnosi komfort pracy, ale i zapewnia stabilne po&#322;&#261;czenie bez konieczno&#347;ci stosowania dodatkowych opasek, uchwyt&oacute;w itp.<\/p>\n","protected":false},"excerpt":{"rendered":"<p>Stworzony w technologii druku 3D, adapter przeznaczony jest do &#322;&#261;czenia elastycznego przewodu systemu odci&#261;gowego z os&#322;on&#261; &nbsp;stosowan&#261; w pi&#322;ach sto&#322;owych firmy Felder\/Hammer. Adapter posiada gwint lewostronny co umo&#380;liwia &#322;atwe pod&#322;&#261;czenie w&#281;&#380;a odci&#261;gowego, kt&oacute;ry jest stosowany w r&oacute;&#380;nych urz&#261;dzeniach, takich jak&#8230;<\/p>\n","protected":false},"featured_media":10044581,"comment_status":"closed","ping_status":"closed","template":"","meta":[],"product_brand":[390],"product_cat":[196],"product_tag":[],"class_list":{"0":"post-10044175","1":"product","2":"type-product","3":"status-publish","4":"has-post-thumbnail","6":"product_brand-sovalab","7":"product_cat-odciagi","8":"product_shipping_class-male","10":"first","11":"instock","12":"taxable","13":"shipping-taxable","14":"purchasable","15":"product-type-variable"},"_links":{"self":[{"href":"https:\/\/sovalab.pl\/en\/wp-json\/wp\/v2\/product\/10044175","targetHints":{"allow":["GET"]}}],"collection":[{"href":"https:\/\/sovalab.pl\/en\/wp-json\/wp\/v2\/product"}],"about":[{"href":"https:\/\/sovalab.pl\/en\/wp-json\/wp\/v2\/types\/product"}],"replies":[{"embeddable":true,"href":"https:\/\/sovalab.pl\/en\/wp-json\/wp\/v2\/comments?post=10044175"}],"wp:featuredmedia":[{"embeddable":true,"href":"https:\/\/sovalab.pl\/en\/wp-json\/wp\/v2\/media\/10044581"}],"wp:attachment":[{"href":"https:\/\/sovalab.pl\/en\/wp-json\/wp\/v2\/media?parent=10044175"}],"wp:term":[{"taxonomy":"product_brand","embeddable":true,"href":"https:\/\/sovalab.pl\/en\/wp-json\/wp\/v2\/product_brand?post=10044175"},{"taxonomy":"product_cat","embeddable":true,"href":"https:\/\/sovalab.pl\/en\/wp-json\/wp\/v2\/product_cat?post=10044175"},{"taxonomy":"product_tag","embeddable":true,"href":"https:\/\/sovalab.pl\/en\/wp-json\/wp\/v2\/product_tag?post=10044175"}],"curies":[{"name":"wp","href":"https:\/\/api.w.org\/{rel}","templated":true}]}}