
{"id":10044304,"date":"2024-11-26T09:25:37","date_gmt":"2024-11-26T08:25:37","guid":{"rendered":"https:\/\/sovalab.pl\/?post_type=product&#038;p=10044304"},"modified":"2026-05-06T15:53:24","modified_gmt":"2026-05-06T13:53:24","slug":"dysza-odciagu-oparow-do-lasera-fiber-co2-swiatlowodowego-stacji-lutowania","status":"publish","type":"product","link":"https:\/\/sovalab.pl\/en\/dysza-odciagu-oparow-do-lasera-fiber-co2-swiatlowodowego-stacji-lutowania\/","title":{"rendered":"Dysza odci\u0105gu opar\u00f3w do lasera fiber, co2, \u015bwiat\u0142owodowego, stacji lutowania"},"content":{"rendered":"<p>Dysza odci&#261;gu opar&oacute;w do lasera fiber, co2, &#347;wiat&#322;owodowego, stacji lutowania to praktyczne rozwi&#261;zanie dla efektywnego usuwania dymu i opar&oacute;w podczas pracy z laserami. Produkt mo&#380;na dostosowa&#263; do indywidualnych potrzeb &ndash; zar&oacute;wno w zakresie wymiar&oacute;w, jak i &#347;rednicy rury pod&#322;&#261;czenia. Wyposa&#380;ony w magnetyczn&#261; za&#347;lepk&#281;, obejm&#281; na w&#261;&#380; oraz adapter zmniejszaj&#261;cy otw&oacute;r wylotowy, poch&#322;aniacz zapewnia precyzyjne dopasowanie i skuteczne odprowadzanie zanieczyszcze&#324;. Dysza znajdzie r&oacute;wnie&#380; zastosowanie podczas no prac przy elektronice i lutowaniu &#8211; gdy wydziela si&#281; du&#380;o opar&oacute;w.<\/p>\n<p>Dyszy nie przykr&#281;ca si&#281; bezpo&#347;rednio do sto&#322;u, a do szyny. Dzi&#281;ki czemu istnieje mo&#380;liwo&#347;&#263; szybkiego demonta&#380;u i wymiany np na mniejsze rozmiary.<\/p>\n<p>Idealny dla profesjonalist&oacute;w, jak i pasjonat&oacute;w pracy z laserami. Rozwi&#261;zanie &#322;&#261;cz&#261;ce funkcjonalno&#347;&#263;, estetyk&#281; i mo&#380;liwo&#347;&#263; pe&#322;nej personalizacji.<\/p>\n<p><strong>Standardowe rozmiary dyszy to(szer\/wys):<\/strong><\/p>\n<p>100 x 100 mm, 100 x 50 mm, 200 x 100 mm. Lub inna do max wymiar&oacute;w <strong>200 x 200mm<\/strong><\/p>\n<p><strong>&#346;rednica w&#281;&#380;a:<\/strong><\/p>\n<p>80 mm, 100 mm, 125 mm, 150 mm. Lub dowolna inna do max &#347;rednicy <strong>150 mm<\/strong><\/p>\n<p><strong>Szyna monta&#380;owa:<br \/>\n<\/strong><\/p>\n<p>Pasuje do sto&#322;&oacute;w z otworami 6 mm. Posiada fasolki monta&#380;owe dzi&#281;ki czemu mo&#380;na j&#261; przymocowa&#263; wzd&#322;u&#380; kraw&#281;dzi, jak i po skosie.<\/p>\n<p><strong>Obejma monta&#380;owa do w&#281;&#380;a:<\/strong><\/p>\n<p>Jej zadaniem jest ustabilizowanie w&#281;&#380;a odci&#261;gowego.<\/p>\n<p><strong>Magnetyczne za&#347;lepki:<\/strong><\/p>\n<p>Dysza posiada integrowane za&#347;lepki kt&oacute;re szybko montuje si&#281; dzi&#281;ki wysokiej klasy magnesom. Obecne za&#347;lepki pozwalaj&#261; ca&#322;kowicie za&#347;lepi&#263; otw&oacute;r (przydatne je&#347;li do odci&#261;gu podpi&#281;te jest kilka maszyn), oraz za&#347;lepka redukuj&#261;ca otw&oacute;r.<\/p>\n<p>&nbsp;<\/p>\n<p>&#8212;<\/p>\n<p>Wykonane w technologii druku 3D. Czas realizacji zam&oacute;wienia to 1-3 dni robocze.<\/p>\n","protected":false},"excerpt":{"rendered":"<p>Dysza odci&#261;gu opar&oacute;w do lasera fiber, co2, &#347;wiat&#322;owodowego, stacji lutowania to praktyczne rozwi&#261;zanie dla efektywnego usuwania dymu i opar&oacute;w podczas pracy z laserami. Produkt mo&#380;na dostosowa&#263; do indywidualnych potrzeb &ndash; zar&oacute;wno w zakresie wymiar&oacute;w, jak i &#347;rednicy rury pod&#322;&#261;czenia. Wyposa&#380;ony&#8230;<\/p>\n","protected":false},"featured_media":10044351,"comment_status":"open","ping_status":"closed","template":"","meta":[],"product_brand":[390],"product_cat":[196],"product_tag":[],"class_list":{"0":"post-10044304","1":"product","2":"type-product","3":"status-publish","4":"has-post-thumbnail","6":"product_brand-sovalab","7":"product_cat-odciagi","8":"product_shipping_class-male","10":"first","11":"instock","12":"taxable","13":"shipping-taxable","14":"purchasable","15":"product-type-variable"},"_links":{"self":[{"href":"https:\/\/sovalab.pl\/en\/wp-json\/wp\/v2\/product\/10044304","targetHints":{"allow":["GET"]}}],"collection":[{"href":"https:\/\/sovalab.pl\/en\/wp-json\/wp\/v2\/product"}],"about":[{"href":"https:\/\/sovalab.pl\/en\/wp-json\/wp\/v2\/types\/product"}],"replies":[{"embeddable":true,"href":"https:\/\/sovalab.pl\/en\/wp-json\/wp\/v2\/comments?post=10044304"}],"wp:featuredmedia":[{"embeddable":true,"href":"https:\/\/sovalab.pl\/en\/wp-json\/wp\/v2\/media\/10044351"}],"wp:attachment":[{"href":"https:\/\/sovalab.pl\/en\/wp-json\/wp\/v2\/media?parent=10044304"}],"wp:term":[{"taxonomy":"product_brand","embeddable":true,"href":"https:\/\/sovalab.pl\/en\/wp-json\/wp\/v2\/product_brand?post=10044304"},{"taxonomy":"product_cat","embeddable":true,"href":"https:\/\/sovalab.pl\/en\/wp-json\/wp\/v2\/product_cat?post=10044304"},{"taxonomy":"product_tag","embeddable":true,"href":"https:\/\/sovalab.pl\/en\/wp-json\/wp\/v2\/product_tag?post=10044304"}],"curies":[{"name":"wp","href":"https:\/\/api.w.org\/{rel}","templated":true}]}}