
{"id":10044506,"date":"2024-12-05T10:47:19","date_gmt":"2024-12-05T09:47:19","guid":{"rendered":"https:\/\/sovalab.pl\/?post_type=product&#038;p=10044506"},"modified":"2025-09-17T10:47:07","modified_gmt":"2025-09-17T08:47:07","slug":"szybkozlaczka-magnetyczna-do-bosch-gst-160-ce","status":"publish","type":"product","link":"https:\/\/sovalab.pl\/en\/szybkozlaczka-magnetyczna-do-bosch-gst-160-ce\/","title":{"rendered":"Szybkoz\u0142\u0105czka magnetyczna do BOSCH GST 160 CE"},"content":{"rendered":"<p>Dlaczego warto wybra\u0107 <strong>MAGSNAP Micro?<\/strong><\/p>\n<p>Nasze magnetyczne z\u0142\u0105cze<strong> MAGSNAP Micro<\/strong> pozwala na \u0142atwe pod\u0142\u0105czenie jednego odkurzacza do wielu r\u00f3\u017cnych maszyn, dzi\u0119ki czemu zwi\u0119ksza wygod\u0119 i efektywno\u015b\u0107 pracy. Z\u0142\u0105cze jest zaprojektowane tak, aby bez problemu mo\u017cna je by\u0142o przystosowa\u0107 do r\u00f3\u017cnych maszyn, co czyni je idealnym rozwi\u0105zaniem do wszelkich maszyn zawieraj\u0105cych porty do pod\u0142\u0105czenia odci\u0105g\u00f3w trocin i py\u0142\u00f3w.<\/p>\n<p>Z\u0142\u0105cza <strong>MAGSNAP Micro<\/strong> to kompaktowe, magnetyczne elementy \u0142\u0105cz\u0105ce, przeznaczone do stosowania w systemach odci\u0105gowych w warsztatach. Dzi\u0119ki zastosowaniu magnes\u00f3w umo\u017cliwiaj\u0105 szybkie i bezpieczne \u0142\u0105czenie element\u00f3w, co jest szczeg\u00f3lnie przydatne w dynamicznych \u015brodowiskach pracy, takich jak warsztaty stolarskie czy produkcyjne. Charakteryzuj\u0105 si\u0119 one ma\u0142ymi rozmiarami, co sprawia, \u017ce s\u0105 idealne do precyzyjnych zastosowa\u0144, wymagaj\u0105cych szybkiego i \u0142atwego monta\u017cu. Dzi\u0119ki nim, u\u017cytkownicy mog\u0105 \u0142atwo dostosowa\u0107 systemy odci\u0105gowe do r\u00f3\u017cnych potrzeb.<\/p>\n<p><strong>Cechy produktu:<\/strong><br \/>\n<strong>Magnetyczne po\u0142\u0105czenie:<\/strong> Silne magnesy neodymowe zapewniaj\u0105 pewne, szybkie i bezpieczne po\u0142\u0105czenie, eliminuj\u0105c konieczno\u015b\u0107 u\u017cycia narz\u0119dzi i dodatkowych mocowa\u0144.<br \/>\n<strong>Uniwersalno\u015b\u0107<\/strong>: Doskona\u0142e do maszyn takich jak Makita, Bosch, DeWalti inne wyposa\u017cone w port odci\u0105gowy.<br \/>\n<strong>\u0141atwy monta\u017c:<\/strong> Z\u0142\u0105cze wyposa\u017cone w naci\u0119cia i grzbiet u\u0142atwia jego szybkie zamocowanie do port\u00f3w maszynowych za pomoc\u0105 opasek.<br \/>\n<strong>Trwa\u0142o\u015b\u0107<\/strong>: Wykonane z odpornego materia\u0142u PETG, kt\u00f3ry charakteryzuje si\u0119 wysok\u0105 odporno\u015bci\u0105 na uderzenia, temperatur\u0119, chemikalia oraz promieniowanie UV.<br \/>\n<strong>Modu\u0142y<\/strong>: Z\u0142\u0105cze jest dost\u0119pne w r\u00f3\u017cnych \u015brednicach, a jego baza magnetyczna pozostaje taka sama, co umo\u017cliwia \u0142atwe prze\u0142\u0105czanie pomi\u0119dzy maszynami o r\u00f3\u017cnych \u015brednicach port\u00f3w.<\/p>\n<p><strong>Co znajduje si\u0119 w zestawie:<\/strong><br \/>\n1 x Z\u0142\u0105cze magnetyczne <strong>MAGSNAP Micro &#8211;\u00a0BOSCH GST 160 CE<\/strong><\/p>\n<p><strong>Informacje techniczne:<\/strong><br \/>\nMagnesy: 6 magnes\u00f3w neodymowych zapewniaj\u0105cych stabilne po\u0142\u0105czenie.<br \/>\nJednostka sprzeda\u017cy: 1 sztuka (produkt sprzedawany pojedynczo).<\/p>\n<p>Uwaga: Z\u0142\u0105cza s\u0105 produkowane na indywidualne zam\u00f3wienie, co oznacza, \u017ce nie podlegaj\u0105 zwrotowi ani wymianie. W przypadku zam\u00f3wienia niestandardowych wymiar\u00f3w, prosimy o dok\u0142adno\u015b\u0107 w podaniu wymiar\u00f3w, aby z\u0142\u0105cze pasowa\u0142o idealnie.<\/p>\n<p>&nbsp;<\/p>\n","protected":false},"excerpt":{"rendered":"<p>Dlaczego warto wybra\u0107 MAGSNAP Micro? Nasze magnetyczne z\u0142\u0105cze MAGSNAP Micro pozwala na \u0142atwe pod\u0142\u0105czenie jednego odkurzacza do wielu r\u00f3\u017cnych maszyn, dzi\u0119ki czemu zwi\u0119ksza wygod\u0119 i efektywno\u015b\u0107 pracy. Z\u0142\u0105cze jest zaprojektowane tak, aby bez problemu mo\u017cna je by\u0142o przystosowa\u0107 do r\u00f3\u017cnych&#8230;<\/p>\n","protected":false},"featured_media":10044508,"comment_status":"closed","ping_status":"closed","template":"","meta":[],"product_brand":[390],"product_cat":[196,343],"product_tag":[],"class_list":{"0":"post-10044506","1":"product","2":"type-product","3":"status-publish","4":"has-post-thumbnail","6":"product_brand-sovalab","7":"product_cat-odciagi","8":"product_cat-magsnap-micro","9":"product_shipping_class-male","11":"first","12":"instock","13":"featured","14":"taxable","15":"shipping-taxable","16":"purchasable","17":"product-type-simple"},"_links":{"self":[{"href":"https:\/\/sovalab.pl\/en\/wp-json\/wp\/v2\/product\/10044506","targetHints":{"allow":["GET"]}}],"collection":[{"href":"https:\/\/sovalab.pl\/en\/wp-json\/wp\/v2\/product"}],"about":[{"href":"https:\/\/sovalab.pl\/en\/wp-json\/wp\/v2\/types\/product"}],"replies":[{"embeddable":true,"href":"https:\/\/sovalab.pl\/en\/wp-json\/wp\/v2\/comments?post=10044506"}],"wp:featuredmedia":[{"embeddable":true,"href":"https:\/\/sovalab.pl\/en\/wp-json\/wp\/v2\/media\/10044508"}],"wp:attachment":[{"href":"https:\/\/sovalab.pl\/en\/wp-json\/wp\/v2\/media?parent=10044506"}],"wp:term":[{"taxonomy":"product_brand","embeddable":true,"href":"https:\/\/sovalab.pl\/en\/wp-json\/wp\/v2\/product_brand?post=10044506"},{"taxonomy":"product_cat","embeddable":true,"href":"https:\/\/sovalab.pl\/en\/wp-json\/wp\/v2\/product_cat?post=10044506"},{"taxonomy":"product_tag","embeddable":true,"href":"https:\/\/sovalab.pl\/en\/wp-json\/wp\/v2\/product_tag?post=10044506"}],"curies":[{"name":"wp","href":"https:\/\/api.w.org\/{rel}","templated":true}]}}