
{"id":10044510,"date":"2024-12-05T10:53:20","date_gmt":"2024-12-05T09:53:20","guid":{"rendered":"https:\/\/sovalab.pl\/?post_type=product&#038;p=10044510"},"modified":"2026-05-06T15:57:34","modified_gmt":"2026-05-06T13:57:34","slug":"szybkozlaczka-magnetyczna-do-weza-starmix","status":"publish","type":"product","link":"https:\/\/sovalab.pl\/en\/szybkozlaczka-magnetyczna-do-weza-starmix\/","title":{"rendered":"Szybkoz\u0142\u0105czka magnetyczna do w\u0119\u017ca STARMIX"},"content":{"rendered":"<p>Wielk&#261; zalet&#261; naszych z&#322;&#261;czy, poza oczywistym poprawieniem komfortu pracy, jest ich ogromna mo&#380;liwo&#347;&#263; personalizacji i konfiguracji. Masz pracowni&#281; lub warsztat wyposa&#380;ony w r&oacute;&#380;ne maszyny, z kt&oacute;rych ka&#380;da ma przy&#322;&#261;cze o innej &#347;rednicy?<\/p>\n<p>Nie ma problemu! Nasze z&#322;&#261;cza oferuj&#261; szeroki zakres dopasowania &#347;rednic. Przyk&#322;adem mo&#380;e by&#263; zastosowanie jednego w&#281;&#380;a od odkurzacza <strong>STARMIX<\/strong>&nbsp;do obs&#322;ugi maszyn r&oacute;&#380;nych marek, gdzie zazwyczaj b&#281;d&#261; r&oacute;&#380;ne opcje pod&#322;&#261;czenia. Przepinaj w&#281;&#380;e dowolnie i uporz&#261;dkuj sw&oacute;j warsztat, eliminuj&#261;c pl&#261;tanin&#281; w&#281;&#380;y przeszkadzaj&#261;cych na pod&#322;odze.<\/p>\n<p>Dlaczego warto wybra&#263; <strong>MAGSNAP Micro?<\/strong><\/p>\n<p>Nasze magnetyczne z&#322;&#261;cze<strong> MAGSNAP Micro<\/strong> pozwala na &#322;atwe pod&#322;&#261;czenie jednego odkurzacza do wielu r&oacute;&#380;nych maszyn, dzi&#281;ki czemu zwi&#281;ksza wygod&#281; i efektywno&#347;&#263; pracy. Z&#322;&#261;cze jest zaprojektowane tak, aby bez problemu mo&#380;na je by&#322;o przystosowa&#263; do r&oacute;&#380;nych maszyn, co czyni je idealnym rozwi&#261;zaniem do wszelkich maszyn zawieraj&#261;cych porty do pod&#322;&#261;czenia odci&#261;g&oacute;w trocin i py&#322;&oacute;w.<\/p>\n<p>Z&#322;&#261;cza <strong>MAGSNAP Micro<\/strong> to kompaktowe, magnetyczne elementy &#322;&#261;cz&#261;ce, przeznaczone do stosowania w systemach odci&#261;gowych w warsztatach. Dzi&#281;ki zastosowaniu magnes&oacute;w umo&#380;liwiaj&#261; szybkie i bezpieczne &#322;&#261;czenie element&oacute;w, co jest szczeg&oacute;lnie przydatne w dynamicznych &#347;rodowiskach pracy, takich jak warsztaty stolarskie czy produkcyjne. Charakteryzuj&#261; si&#281; one ma&#322;ymi rozmiarami, co sprawia, &#380;e s&#261; idealne do precyzyjnych zastosowa&#324;, wymagaj&#261;cych szybkiego i &#322;atwego monta&#380;u. Dzi&#281;ki nim, u&#380;ytkownicy mog&#261; &#322;atwo dostosowa&#263; systemy odci&#261;gowe do r&oacute;&#380;nych potrzeb.<\/p>\n<p><strong>Cechy produktu:<\/strong><br \/>\n<strong>Magnetyczne po&#322;&#261;czenie:<\/strong> Silne magnesy neodymowe zapewniaj&#261; pewne, szybkie i bezpieczne po&#322;&#261;czenie, eliminuj&#261;c konieczno&#347;&#263; u&#380;ycia narz&#281;dzi i dodatkowych mocowa&#324;.<br \/>\n<strong>Trwa&#322;o&#347;&#263;<\/strong>: Wykonane z odpornego materia&#322;u PETG, kt&oacute;ry charakteryzuje si&#281; wysok&#261; odporno&#347;ci&#261; na uderzenia, temperatur&#281;, chemikalia oraz promieniowanie UV.<br \/>\n<strong>Modu&#322;y<\/strong>: Z&#322;&#261;cze jest dost&#281;pne w r&oacute;&#380;nych &#347;rednicach, a jego baza magnetyczna pozostaje taka sama, co umo&#380;liwia &#322;atwe prze&#322;&#261;czanie pomi&#281;dzy maszynami o r&oacute;&#380;nych &#347;rednicach port&oacute;w.<\/p>\n<p><strong>Co znajduje si&#281; w zestawie:<\/strong><br \/>\n1 x Z&#322;&#261;cze magnetyczne <strong>MAGSNAP Micro &#8211; Baza magnetyczna nakr&#281;cana do w&#281;&#380;a STARMIX<br \/>\n&ndash; Z&#322;&#261;cze wewn&#261;trz posiada gwint, w kt&oacute;ry bezpiecznie mo&#380;na wkr&#281;ci&#263; w&#261;&#380;.<br \/>\n<\/strong><\/p>\n<p><strong>Informacje techniczne:<\/strong><br \/>\nMagnesy: 6 magnes&oacute;w neodymowych zapewniaj&#261;cych stabilne po&#322;&#261;czenie.<br \/>\nJednostka sprzeda&#380;y: 1 sztuka (produkt sprzedawany pojedynczo).<\/p>\n<p>Uwaga: Z&#322;&#261;cza s&#261; produkowane na indywidualne zam&oacute;wienie, co oznacza, &#380;e nie podlegaj&#261; zwrotowi ani wymianie. W przypadku zam&oacute;wienia niestandardowych wymiar&oacute;w, prosimy o dok&#322;adno&#347;&#263; w podaniu wymiar&oacute;w, aby z&#322;&#261;cze pasowa&#322;o idealnie.<\/p>\n<p>&nbsp;<\/p>\n","protected":false},"excerpt":{"rendered":"<p>Wielk&#261; zalet&#261; naszych z&#322;&#261;czy, poza oczywistym poprawieniem komfortu pracy, jest ich ogromna mo&#380;liwo&#347;&#263; personalizacji i konfiguracji. Masz pracowni&#281; lub warsztat wyposa&#380;ony w r&oacute;&#380;ne maszyny, z kt&oacute;rych ka&#380;da ma przy&#322;&#261;cze o innej &#347;rednicy? Nie ma problemu! Nasze z&#322;&#261;cza oferuj&#261; szeroki zakres&#8230;<\/p>\n","protected":false},"featured_media":10044511,"comment_status":"closed","ping_status":"closed","template":"","meta":[],"product_brand":[390],"product_cat":[196,343],"product_tag":[],"class_list":{"0":"post-10044510","1":"product","2":"type-product","3":"status-publish","4":"has-post-thumbnail","6":"product_brand-sovalab","7":"product_cat-odciagi","8":"product_cat-magsnap-micro","9":"product_shipping_class-male","11":"first","12":"instock","13":"featured","14":"taxable","15":"shipping-taxable","16":"purchasable","17":"product-type-simple"},"_links":{"self":[{"href":"https:\/\/sovalab.pl\/en\/wp-json\/wp\/v2\/product\/10044510","targetHints":{"allow":["GET"]}}],"collection":[{"href":"https:\/\/sovalab.pl\/en\/wp-json\/wp\/v2\/product"}],"about":[{"href":"https:\/\/sovalab.pl\/en\/wp-json\/wp\/v2\/types\/product"}],"replies":[{"embeddable":true,"href":"https:\/\/sovalab.pl\/en\/wp-json\/wp\/v2\/comments?post=10044510"}],"wp:featuredmedia":[{"embeddable":true,"href":"https:\/\/sovalab.pl\/en\/wp-json\/wp\/v2\/media\/10044511"}],"wp:attachment":[{"href":"https:\/\/sovalab.pl\/en\/wp-json\/wp\/v2\/media?parent=10044510"}],"wp:term":[{"taxonomy":"product_brand","embeddable":true,"href":"https:\/\/sovalab.pl\/en\/wp-json\/wp\/v2\/product_brand?post=10044510"},{"taxonomy":"product_cat","embeddable":true,"href":"https:\/\/sovalab.pl\/en\/wp-json\/wp\/v2\/product_cat?post=10044510"},{"taxonomy":"product_tag","embeddable":true,"href":"https:\/\/sovalab.pl\/en\/wp-json\/wp\/v2\/product_tag?post=10044510"}],"curies":[{"name":"wp","href":"https:\/\/api.w.org\/{rel}","templated":true}]}}