
{"id":10044530,"date":"2024-12-07T10:22:14","date_gmt":"2024-12-07T09:22:14","guid":{"rendered":"https:\/\/sovalab.pl\/?post_type=product&#038;p=10044530"},"modified":"2025-09-17T10:47:05","modified_gmt":"2025-09-17T08:47:05","slug":"featherboard-prowadnica-dociskowa-do-stolow-warsztatowych-i-pilarek-wersja-max","status":"publish","type":"product","link":"https:\/\/sovalab.pl\/en\/featherboard-prowadnica-dociskowa-do-stolow-warsztatowych-i-pilarek-wersja-max\/","title":{"rendered":"Featherboard \u2013 Prowadnica dociskowa do sto\u0142\u00f3w warsztatowych i pilarek. Wersja MAX"},"content":{"rendered":"<p><strong>Cechy produktu:<\/strong><\/p>\n<p><strong>Uniwersalno\u015b\u0107<\/strong>: Pasuje do wi\u0119kszo\u015bci pilarek, dzi\u0119ki czemu znajdzie zastosowanie zar\u00f3wno w amatorskich, jak i profesjonalnych warsztatach stolarskich.<br \/>\n<strong>Precyzyjna kontrola materia\u0142u:<\/strong> Specjalnie zaprojektowane \u201epi\u00f3ra\u201d dociskowe utrzymuj\u0105 obrabiany materia\u0142 w jednej pozycji, zapewniaj\u0105c r\u00f3wnomierne ci\u0119cie lub frezowanie.<br \/>\n<strong>Zwi\u0119kszone bezpiecze\u0144stwo:<\/strong> Zmniejsza ryzyko odrzut\u00f3w materia\u0142u, chroni\u0105c u\u017cytkownika podczas pracy z pilark\u0105 lub frezark\u0105.<br \/>\n<strong>Regulacja<\/strong>: Mo\u017cliwo\u015b\u0107 dostosowania pozycji i k\u0105ta nachylenia pi\u00f3r, co pozwala na wygodn\u0105 prac\u0119 z materia\u0142ami o r\u00f3\u017cnych grubo\u015bciach i kszta\u0142tach.<br \/>\n<strong>Wytrzyma\u0142o\u015b\u0107<\/strong>: Wykonany z trwa\u0142ych i lekkich materia\u0142\u00f3w odpornych na zu\u017cycie oraz dzia\u0142anie si\u0142 mechanicznych.<\/p>\n<p><strong>Specyfikacja techniczna:<\/strong><\/p>\n<p><strong>Materia\u0142<\/strong>: Wysokiej jako\u015bci tworzywo sztuczne.<\/p>\n<p><strong>Zestaw zawiera<\/strong>: 1 prowadnice, \u015bruby monta\u017cowe oraz nakr\u0119tki do szybkiego mocowania.<\/p>\n<p><strong>Zastosowanie<\/strong>:<\/p>\n<p>Idealny do ci\u0119cia, frezowania i innych operacji stolarskich, gdzie wymagana jest precyzja i powtarzalno\u015b\u0107.<br \/>\nDoskona\u0142y do pracy z drewnem, p\u0142ytami MDF i innymi materia\u0142ami konstrukcyjnymi.<\/p>\n<p><strong>Dlaczego warto?<\/strong><\/p>\n<p>Featherboard to niezast\u0105pione narz\u0119dzie dla ka\u017cdego pasjonata stolarstwa. U\u0142atwia wykonywanie skomplikowanych projekt\u00f3w, jednocze\u015bnie zapewniaj\u0105c najwy\u017cszy poziom bezpiecze\u0144stwa pracy. Dzi\u0119ki swojej konstrukcji i uniwersalno\u015bci jest to idealny wyb\u00f3r zar\u00f3wno dla majsterkowicz\u00f3w, jak i zawodowych stolarzy.<\/p>\n<p>Standardowo zawiera mocowanie pasuj\u0105ce do Felder X-Roll, mo\u017cliwe do wykonania do innych maszyn.<br \/>\nRozmiar: <strong>235 mm (szer), 300 mm (wys), grubo\u015b\u0107 20 mm<\/p>\n<p>Mo\u017cemy dostosowa\u0107 ka\u017cdy wymiar wedle\u00a0<\/strong><b>zapotrzebowania.\u00a0<\/b><\/p>\n","protected":false},"excerpt":{"rendered":"<p>Cechy produktu: Uniwersalno\u015b\u0107: Pasuje do wi\u0119kszo\u015bci pilarek, dzi\u0119ki czemu znajdzie zastosowanie zar\u00f3wno w amatorskich, jak i profesjonalnych warsztatach stolarskich. Precyzyjna kontrola materia\u0142u: Specjalnie zaprojektowane \u201epi\u00f3ra\u201d dociskowe utrzymuj\u0105 obrabiany materia\u0142 w jednej pozycji, zapewniaj\u0105c r\u00f3wnomierne ci\u0119cie lub frezowanie. Zwi\u0119kszone bezpiecze\u0144stwo: Zmniejsza&#8230;<\/p>\n","protected":false},"featured_media":10044531,"comment_status":"closed","ping_status":"closed","template":"","meta":[],"product_brand":[390],"product_cat":[182],"product_tag":[],"class_list":{"0":"post-10044530","1":"product","2":"type-product","3":"status-publish","4":"has-post-thumbnail","6":"product_brand-sovalab","7":"product_cat-narzedzia","8":"product_shipping_class-male","10":"first","11":"instock","12":"taxable","13":"shipping-taxable","14":"purchasable","15":"product-type-simple"},"_links":{"self":[{"href":"https:\/\/sovalab.pl\/en\/wp-json\/wp\/v2\/product\/10044530","targetHints":{"allow":["GET"]}}],"collection":[{"href":"https:\/\/sovalab.pl\/en\/wp-json\/wp\/v2\/product"}],"about":[{"href":"https:\/\/sovalab.pl\/en\/wp-json\/wp\/v2\/types\/product"}],"replies":[{"embeddable":true,"href":"https:\/\/sovalab.pl\/en\/wp-json\/wp\/v2\/comments?post=10044530"}],"wp:featuredmedia":[{"embeddable":true,"href":"https:\/\/sovalab.pl\/en\/wp-json\/wp\/v2\/media\/10044531"}],"wp:attachment":[{"href":"https:\/\/sovalab.pl\/en\/wp-json\/wp\/v2\/media?parent=10044530"}],"wp:term":[{"taxonomy":"product_brand","embeddable":true,"href":"https:\/\/sovalab.pl\/en\/wp-json\/wp\/v2\/product_brand?post=10044530"},{"taxonomy":"product_cat","embeddable":true,"href":"https:\/\/sovalab.pl\/en\/wp-json\/wp\/v2\/product_cat?post=10044530"},{"taxonomy":"product_tag","embeddable":true,"href":"https:\/\/sovalab.pl\/en\/wp-json\/wp\/v2\/product_tag?post=10044530"}],"curies":[{"name":"wp","href":"https:\/\/api.w.org\/{rel}","templated":true}]}}