
{"id":10044536,"date":"2024-12-08T16:46:41","date_gmt":"2024-12-08T15:46:41","guid":{"rendered":"https:\/\/sovalab.pl\/?post_type=product&#038;p=10044536"},"modified":"2026-05-06T15:59:27","modified_gmt":"2026-05-06T13:59:27","slug":"zlacze-magnetyczne-do-oslony-tarczy-felder-hammer","status":"publish","type":"product","link":"https:\/\/sovalab.pl\/en\/zlacze-magnetyczne-do-oslony-tarczy-felder-hammer\/","title":{"rendered":"Z\u0142\u0105cze magnetyczne do os\u0142ony tarczy Felder Hammer"},"content":{"rendered":"<p>Zawarto&#347;&#263;<br \/>\n1 x Z&#322;&#261;cze magnetyczne do os&#322;ony tarczy Felder Hammer<\/p>\n<p>&#8211; Adapter z blokad&#261; na os&#322;onie. Adapter wyposa&#380;ony jest w cztery precyzyjne naci&#281;cia, dzi&#281;ki kt&oacute;rym wystarczy lekko przekr&#281;ci&#263;, aby stabilnie zablokowa&#263; jego po&#322;o&#380;enie na os&#322;onie.<\/p>\n<p>Informacje techniczne<br \/>\nMagnesy: 6 magnes&oacute;w neodymowych zapewniaj&#261;cych stabilne po&#322;&#261;czenie.<br \/>\nJednostka sprzeda&#380;y: 1 sztuka (produkt sprzedawany pojedynczo).<\/p>\n<p>&nbsp;<\/p>\n<p>Nasze z&#322;&#261;cza wyr&oacute;&#380;niaj&#261; si&#281; nie tylko popraw&#261; komfortu pracy, ale tak&#380;e ogromnymi mo&#380;liwo&#347;ciami personalizacji i konfiguracji. Masz warsztat lub pracowni&#281; wyposa&#380;on&#261; w r&oacute;&#380;ne maszyny, z kt&oacute;rych ka&#380;da posiada przy&#322;&#261;cze o innej &#347;rednicy? Nie ma problemu! Dzi&#281;ki naszym rozwi&#261;zaniom mo&#380;esz dopasowa&#263; jedno z&#322;&#261;cze do r&oacute;&#380;nych &#347;rednic. Przepinaj w&#281;&#380;e bez wysi&#322;ku, porz&#261;dkuj warsztat i eliminuj pl&#261;tanin&#281; przewod&oacute;w na pod&#322;odze.<\/p>\n<p>Dlaczego warto wybra&#263; <strong>MAGSNAP Micro<\/strong>?<br \/>\n<strong>MAGSNAP Micro<\/strong> to nasze innowacyjne, magnetyczne z&#322;&#261;cze zaprojektowane z my&#347;l&#261; o &#322;atwym pod&#322;&#261;czeniu jednego odkurzacza do wielu maszyn. Zwi&#281;ksza wygod&#281; i efektywno&#347;&#263; pracy, a jego uniwersalno&#347;&#263; sprawia, &#380;e doskonale nadaje si&#281; do r&oacute;&#380;norodnych system&oacute;w odci&#261;gowych.<\/p>\n<p>Kompaktowy i funkcjonalny design umo&#380;liwia szybkie, bezpieczne &#322;&#261;czenie element&oacute;w, co jest szczeg&oacute;lnie przydatne w dynamicznych &#347;rodowiskach, takich jak warsztaty stolarskie czy produkcyjne. Ma&#322;e rozmiary i precyzyjne wykonanie sprawiaj&#261;, &#380;e idealnie sprawdzi si&#281; w miejscach wymagaj&#261;cych szybkiego monta&#380;u i dostosowywania system&oacute;w odci&#261;gowych do r&oacute;&#380;nych potrzeb.<\/p>\n<p>Najwa&#380;niejsze cechy produktu<br \/>\n<strong>Magnetyczne po&#322;&#261;czenie:<\/strong> Dzi&#281;ki silnym magnesom neodymowym nasze z&#322;&#261;cza zapewniaj&#261; pewne, szybkie i bezpieczne &#322;&#261;czenie, bez potrzeby u&#380;ycia narz&#281;dzi czy dodatkowych mocowa&#324;.<br \/>\n<strong>Trwa&#322;o&#347;&#263;:<\/strong>Made from PETG material resistant to impact, high temperatures, chemicals, and UV radiation.<strong>Uniwersalno&#347;&#263;<\/strong>: Z&#322;&#261;cza dost&#281;pne s&#261; w r&oacute;&#380;nych &#347;rednicach, przy zachowaniu tej samej bazy magnetycznej, co pozwala na &#322;atwe prze&#322;&#261;czanie mi&#281;dzy maszynami o r&oacute;&#380;nych portach.<\/p>\n<p>&nbsp;<\/p>\n","protected":false},"excerpt":{"rendered":"<p>Zawarto&#347;&#263; 1 x Z&#322;&#261;cze magnetyczne do os&#322;ony tarczy Felder Hammer &#8211; Adapter z blokad&#261; na os&#322;onie. Adapter wyposa&#380;ony jest w cztery precyzyjne naci&#281;cia, dzi&#281;ki kt&oacute;rym wystarczy lekko przekr&#281;ci&#263;, aby stabilnie zablokowa&#263; jego po&#322;o&#380;enie na os&#322;onie. Informacje techniczne Magnesy: 6 magnes&oacute;w&#8230;<\/p>\n","protected":false},"featured_media":10044540,"comment_status":"closed","ping_status":"closed","template":"","meta":[],"product_brand":[390],"product_cat":[343,386,196],"product_tag":[],"class_list":{"0":"post-10044536","1":"product","2":"type-product","3":"status-publish","4":"has-post-thumbnail","6":"product_brand-sovalab","7":"product_cat-magsnap-micro","8":"product_cat-adaptery-redukcje","9":"product_cat-odciagi","10":"product_shipping_class-male","12":"first","13":"instock","14":"taxable","15":"shipping-taxable","16":"purchasable","17":"product-type-variable"},"_links":{"self":[{"href":"https:\/\/sovalab.pl\/en\/wp-json\/wp\/v2\/product\/10044536","targetHints":{"allow":["GET"]}}],"collection":[{"href":"https:\/\/sovalab.pl\/en\/wp-json\/wp\/v2\/product"}],"about":[{"href":"https:\/\/sovalab.pl\/en\/wp-json\/wp\/v2\/types\/product"}],"replies":[{"embeddable":true,"href":"https:\/\/sovalab.pl\/en\/wp-json\/wp\/v2\/comments?post=10044536"}],"wp:featuredmedia":[{"embeddable":true,"href":"https:\/\/sovalab.pl\/en\/wp-json\/wp\/v2\/media\/10044540"}],"wp:attachment":[{"href":"https:\/\/sovalab.pl\/en\/wp-json\/wp\/v2\/media?parent=10044536"}],"wp:term":[{"taxonomy":"product_brand","embeddable":true,"href":"https:\/\/sovalab.pl\/en\/wp-json\/wp\/v2\/product_brand?post=10044536"},{"taxonomy":"product_cat","embeddable":true,"href":"https:\/\/sovalab.pl\/en\/wp-json\/wp\/v2\/product_cat?post=10044536"},{"taxonomy":"product_tag","embeddable":true,"href":"https:\/\/sovalab.pl\/en\/wp-json\/wp\/v2\/product_tag?post=10044536"}],"curies":[{"name":"wp","href":"https:\/\/api.w.org\/{rel}","templated":true}]}}