
{"id":10044684,"date":"2024-12-18T18:11:02","date_gmt":"2024-12-18T17:11:02","guid":{"rendered":"https:\/\/sovalab.pl\/?post_type=product&#038;p=10044684"},"modified":"2026-05-06T16:01:44","modified_gmt":"2026-05-06T14:01:44","slug":"mini-magnetyczne-zlacze-odciagu-dewalt733-v-2","status":"publish","type":"product","link":"https:\/\/sovalab.pl\/en\/mini-magnetyczne-zlacze-odciagu-dewalt733-v-2\/","title":{"rendered":"MINI Magnetyczne z\u0142\u0105cze odci\u0105gu DeWalt733 v.2"},"content":{"rendered":"<p>MAGSNAP to nowoczesny system z&#322;&#261;czy magnetycznych, kt&oacute;ry od 2020 roku wspiera zar&oacute;wno ma&#322;e warsztaty, jak i du&#380;e zak&#322;ady produkcyjne, usprawniaj&#261;c codzienn&#261; prac&#281;. Umo&#380;liwia szybkie i &#322;atwe prze&#322;&#261;czanie w&#281;&#380;y mi&#281;dzy maszynami, minimalizuj&#261;c przestoje oraz redukuj&#261;c ryzyko awarii.<\/p>\n<p>Nasze z&#322;&#261;cza MAGSNAP powsta&#322;y dzi&#281;ki wieloletniemu do&#347;wiadczeniu w bran&#380;y produkcyjnej oraz dzi&#281;ki opiniom u&#380;ytkownik&oacute;w, co pozwala nam oferowa&#263; produkty idealnie dopasowane do realnych potrzeb warsztat&oacute;w stolarskich i &#347;rodowisk przemys&#322;owych.<\/p>\n<p>Magnetyczne z&#322;&#261;cze odci&#261;gu <strong>DeWalt733<\/strong> umo&#380;liwia pod&#322;&#261;czenie elastycznego w&#281;&#380;a SPIRO odci&#261;gu trocin do PORT&Oacute;W stosowanych w maszynach DeWALT &nbsp;ale te&#380; znajd&#261; zastosowanie przy wszelkich maszynach zawieraj&#261;cych porty do pod&#322;&#261;czenia odci&#261;g&oacute;w o &#347;rednich <strong>101\/102mm<\/strong>,<\/p>\n<p>To z&#322;&#261;cze przeznaczone jest wy&#322;&#261;cznie do wersji MINI i nie jest kompatybilne z wersjami <strong>STANDARD<\/strong> ani <strong>MAX<\/strong> dost&#281;pnymi w naszych pozosta&#322;ych ofertach.<\/p>\n<p><a href=\"https:\/\/sovalab.pl\/magsnap-magnetyczny-system-zlacz-odciagu-trocin\/\"><strong>Pasuje z naszym SYSTEMEM MAGNETYCZNYM.<\/strong><\/a><\/p>\n<p>Najwa&#380;niejsze cechy produktu<\/p>\n<p>Prosty monta&#380;: Z&#322;&#261;cza wyposa&#380;one s&#261; w naci&#281;cia oraz grzbiet, co umo&#380;liwia &#322;atwe nasuni&#281;cie ich na port maszyny i zabezpieczenie za pomoc&#261; opasek.<br \/>\nOptymalizacja przep&#322;ywu powietrza:Konstrukcja z&#322;&#261;cza minimalizuje zakrzywienia, poprawiaj&#261;c wydajno&#347;&#263; systemu odpylania i zmniejszaj&#261;c straty.<br \/>\nTrwa&#322;o&#347;&#263;: Wykonane z odpornego na uderzenia materia&#322;u PETG, kt&oacute;ry cechuje si&#281; wysok&#261; odporno&#347;ci&#261; termiczn&#261;, chemiczn&#261; oraz na promieniowanie UV.<br \/>\n&#321;atwo&#347;&#263; instalacji: Lekko sko&#347;ne &#347;ciany u&#322;atwiaj&#261; monta&#380; przewod&oacute;w i innych element&oacute;w systemu.<br \/>\nModularno&#347;&#263;: Niezale&#380;nie od wybranej &#347;rednicy (np. 40 mm lub 70 mm), baza magnetyczna pozostaje taka sama, co umo&#380;liwia &#322;atwe prze&#322;&#261;czanie pomi&#281;dzy r&oacute;&#380;nymi &#347;rednicami port&oacute;w. Czyli istnieje mo&#380;liwo&#347;&#263; stosowania jednego w&#281;&#380;a do maszyn zawieraj&#261;cych r&oacute;&#380;ne &#347;rednice port&oacute;w pod&#322;&#261;czeniowych.<\/p>\n<p>Dlaczego warto wybra&#263; nasze z&#322;&#261;cze?<\/p>\n<p>Magnetyczne po&#322;&#261;czenie: Silne magnesy neodymowe eliminuj&#261; konieczno&#347;&#263; u&#380;ycia narz&#281;dzi czy dodatkowych mocowa&#324;.<br \/>\nUniwersalno&#347;&#263;: Idealne do maszyn CNC, system&oacute;w SPIRO oraz innych urz&#261;dze&#324; generuj&#261;cych trociny i wi&oacute;ry, kurz.<br \/>\nPersonalizacja: Mo&#380;liwo&#347;&#263; wykonania z&#322;&#261;cza o niestandardowych rozmiarach, dopasowanego do indywidualnych potrzeb.<br \/>\nInformacje techniczne:<\/p>\n<p>Wyposa&#380;enie: 8 magnes&oacute;w neodymowych zapewniaj&#261;cych stabilne po&#322;&#261;czenie.<br \/>\n&#346;rednica: &Oslash;01\/102 mm. Dostosowane do DW 733 v2<br \/>\nJednostka sprzeda&#380;y: 1 sztuka (produkt sprzedawany pojedynczo).<br \/>\nWa&#380;ne informacje o u&#380;ytkowaniu: Z uwagi na r&oacute;&#380;norodno&#347;&#263; system&oacute;w odpylania, produkt sprzedawany jest pojedynczo, co pozwala klientom elastycznie dopasowa&#263; zam&oacute;wienie do swoich potrzeb.<\/p>\n<p>Zalecenia: Aby z&#322;&#261;cza dzia&#322;a&#322;y prawid&#322;owo, konieczne jest zam&oacute;wienie co najmniej dw&oacute;ch sztuk. Oto przyk&#322;adowe konfiguracje:<\/p>\n<p><strong>Z&#322;&#261;cze SPIRO &ndash; SPIRO<\/strong><\/p>\n<p><strong>Z&#322;&#261;cze PORT &ndash; SPIRO<\/strong><\/p>\n<p><strong>Z&#322;&#261;cze SPIRO &ndash; Panel \/ pier&#347;cie&#324; monta&#380;owy<\/strong><\/p>\n<p>Mo&#380;liwo&#347;&#263; dostosowania: Na &#380;yczenie wykonujemy z&#322;&#261;cza o niestandardowych wymiarach, idealnie dopasowane do Twojego systemu odpylania.<\/p>\n<p>Produkty wykonywane s&#261; na indywidualne zam&oacute;wienie, co oznacza &#380;e nie s&#261; to produkty kt&oacute;re le&#380;&#261; na p&oacute;&#322;ce. Tworzone s&#261; na podstawie przes&#322;anych wytycznych. Dlatego przy takich zam&oacute;wieniach bardzo istotne jest dok&#322;adne podawanie wymiar&oacute;w, gdy&#380; nie ma mo&#380;liwo&#347;ci wymiany \/ zwrotu. W zale&#380;no&#347;ci od dok&#322;adno&#347;ci pomiaru &ndash; z&#322;&#261;cze b&#281;dzie pasowa&#263; idealnie, lub w skrajnych przypadkach mo&#380;e by&#263; za ciasne\/za lu&#378;ne. Prosz&#281; nie wbija&#263; na si&#322;&#281;. Niewielkie rozbie&#380;no&#347;ci w wymiarach mo&#380;na poprawi&#263; zanurzaj&#261;c we wrz&#261;tku &ndash; materia&#322; stanie si&#281; podatny na rozci&#261;ganie, ale nie b&#281;dzie elastyczny. Je&#380;eli chcesz zaadoptowa&#263; nasze z&#322;&#261;cza do niestandardowych rozwi&#261;za&#324; zastosowanych w Twoim warsztacie &#8211; poinformuj nas aby&#347;my mogli dostosowa&#263; nasze z&#322;&#261;cza magnetyczne.<\/p>\n<p>Podsumowanie:<\/p>\n<p><strong>Magnetyczne z&#322;&#261;cze to produkt, kt&oacute;ry &#322;&#261;czy nowoczesno&#347;&#263;, trwa&#322;o&#347;&#263; i funkcjonalno&#347;&#263;, spe&#322;niaj&#261;c wymagania zar&oacute;wno warsztat&oacute;w stolarskich, jak i zak&#322;ad&oacute;w produkcyjnych. Wybierz rozwi&#261;zanie, kt&oacute;re usprawni prac&#281; Twojego systemu odpylania i zapewni komfort u&#380;ytkowania!<\/strong><\/p>\n<p><strong>**This product is only the connector and does not include the tool or the dust extraction hose.**<\/strong><\/p>\n<p><strong>**Uwaga: jako przedmiot wydrukowany w 3D czasami wyst&#281;puj&#261; niedoskona&#322;o&#347;ci przy ka&#380;dym wydruku. Dok&#322;adam wszelkich stara&#324;, aby zminimalizowa&#263; problemy, zar&oacute;wno projektowe oraz konstrukcyjne.**<\/strong>\n<\/p>\n<blockquote class=\"instagram-media\" style=\"background: #FFF; border: 0; border-radius: 3px; box-shadow: 0 0 1px 0 rgba(0,0,0,0.5),0 1px 10px 0 rgba(0,0,0,0.15); margin: 1px; max-width: 540px; min-width: 326px; padding: 0; width: calc(100% - 2px);\" data-instgrm-permalink=\"https:\/\/www.instagram.com\/reel\/C7r7WQyo9sE\/?amp;utm_campaign=loading\" data-instgrm-version=\"14\">\n<div style=\"padding: 16px;\">\n<p>&nbsp;<\/p>\n<div style=\"display: flex; flex-direction: row; align-items: center;\">\n<div style=\"background-color: #f4f4f4; border-radius: 50%; flex-grow: 0; height: 40px; margin-right: 14px; width: 40px;\"><\/div>\n<div style=\"display: flex; flex-direction: column; flex-grow: 1; justify-content: center;\">\n<div style=\"background-color: #f4f4f4; border-radius: 4px; flex-grow: 0; height: 14px; margin-bottom: 6px; width: 100px;\"><\/div>\n<div style=\"background-color: #f4f4f4; border-radius: 4px; flex-grow: 0; height: 14px; width: 60px;\"><\/div>\n<\/div>\n<\/div>\n<div style=\"padding: 19% 0;\"><\/div>\n<div style=\"display: block; height: 50px; margin: 0 auto 12px; width: 50px;\"><\/div>\n<div style=\"padding-top: 8px;\">\n<div style=\"color: #3897f0; font-family: Arial,sans-serif; font-size: 14px; font-style: normal; font-weight: 550; line-height: 18px;\">Wy&#347;wietl ten post na Instagramie<\/div>\n<\/div>\n<div style=\"padding: 12.5% 0;\"><\/div>\n<div style=\"display: flex; flex-direction: row; margin-bottom: 14px; align-items: center;\">\n<div>\n<div style=\"background-color: #f4f4f4; border-radius: 50%; height: 12.5px; width: 12.5px; transform: translateX(0px) translateY(7px);\"><\/div>\n<div style=\"background-color: #f4f4f4; height: 12.5px; transform: rotate(-45deg) translateX(3px) translateY(1px); width: 12.5px; flex-grow: 0; margin-right: 14px; margin-left: 2px;\"><\/div>\n<div style=\"background-color: #f4f4f4; border-radius: 50%; height: 12.5px; width: 12.5px; transform: translateX(9px) translateY(-18px);\"><\/div>\n<\/div>\n<div style=\"margin-left: 8px;\">\n<div style=\"background-color: #f4f4f4; border-radius: 50%; flex-grow: 0; height: 20px; width: 20px;\"><\/div>\n<div style=\"width: 0; height: 0; border-top: 2px solid transparent; border-left: 6px solid #f4f4f4; border-bottom: 2px solid transparent; transform: translateX(16px) translateY(-4px) rotate(30deg);\"><\/div>\n<\/div>\n<div style=\"margin-left: auto;\">\n<div style=\"width: 0px; border-top: 8px solid #F4F4F4; border-right: 8px solid transparent; transform: translateY(16px);\"><\/div>\n<div style=\"background-color: #f4f4f4; flex-grow: 0; height: 12px; width: 16px; transform: translateY(-4px);\"><\/div>\n<div style=\"width: 0; height: 0; border-top: 8px solid #F4F4F4; border-left: 8px solid transparent; transform: translateY(-4px) translateX(8px);\"><\/div>\n<\/div>\n<\/div>\n<div style=\"display: flex; flex-direction: column; flex-grow: 1; justify-content: center; margin-bottom: 24px;\">\n<div style=\"background-color: #f4f4f4; border-radius: 4px; flex-grow: 0; height: 14px; margin-bottom: 6px; width: 224px;\"><\/div>\n<div style=\"background-color: #f4f4f4; border-radius: 4px; flex-grow: 0; height: 14px; width: 144px;\"><\/div>\n<\/div>\n<p>&nbsp;<\/p>\n<p style=\"color: #c9c8cd; font-family: Arial,sans-serif; font-size: 14px; line-height: 17px; margin-bottom: 0; margin-top: 8px; overflow: hidden; padding: 8px 0 7px; text-align: center; text-overflow: ellipsis; white-space: nowrap;\"><a style=\"color: #c9c8cd; font-family: Arial,sans-serif; font-size: 14px; font-style: normal; font-weight: normal; line-height: 17px; text-decoration: none;\" href=\"https:\/\/www.instagram.com\/reel\/C7r7WQyo9sE\/?amp;utm_campaign=loading\" target=\"_blank\" rel=\"noopener\">Post udost&#281;pniony przez s o v a l a b DRUK 3D (@sovalab.pl)<\/a><\/p>\n<\/div>\n<\/blockquote>\n<p><script async src=\"\/\/www.instagram.com\/embed.js\"><\/script><\/p>\n","protected":false},"excerpt":{"rendered":"<p>MAGSNAP to nowoczesny system z&#322;&#261;czy magnetycznych, kt&oacute;ry od 2020 roku wspiera zar&oacute;wno ma&#322;e warsztaty, jak i du&#380;e zak&#322;ady produkcyjne, usprawniaj&#261;c codzienn&#261; prac&#281;. Umo&#380;liwia szybkie i &#322;atwe prze&#322;&#261;czanie w&#281;&#380;y mi&#281;dzy maszynami, minimalizuj&#261;c przestoje oraz redukuj&#261;c ryzyko awarii. Nasze z&#322;&#261;cza MAGSNAP powsta&#322;y&#8230;<\/p>\n","protected":false},"featured_media":10044685,"comment_status":"closed","ping_status":"closed","template":"","meta":[],"product_brand":[390],"product_cat":[342,196,254],"product_tag":[],"class_list":{"0":"post-10044684","1":"product","2":"type-product","3":"status-publish","4":"has-post-thumbnail","6":"product_brand-sovalab","7":"product_cat-magsnap-mini","8":"product_cat-odciagi","9":"product_cat-zlacza-magnetyczne","10":"product_shipping_class-male","12":"first","13":"instock","14":"featured","15":"taxable","16":"shipping-taxable","17":"purchasable","18":"product-type-simple"},"_links":{"self":[{"href":"https:\/\/sovalab.pl\/en\/wp-json\/wp\/v2\/product\/10044684","targetHints":{"allow":["GET"]}}],"collection":[{"href":"https:\/\/sovalab.pl\/en\/wp-json\/wp\/v2\/product"}],"about":[{"href":"https:\/\/sovalab.pl\/en\/wp-json\/wp\/v2\/types\/product"}],"replies":[{"embeddable":true,"href":"https:\/\/sovalab.pl\/en\/wp-json\/wp\/v2\/comments?post=10044684"}],"wp:featuredmedia":[{"embeddable":true,"href":"https:\/\/sovalab.pl\/en\/wp-json\/wp\/v2\/media\/10044685"}],"wp:attachment":[{"href":"https:\/\/sovalab.pl\/en\/wp-json\/wp\/v2\/media?parent=10044684"}],"wp:term":[{"taxonomy":"product_brand","embeddable":true,"href":"https:\/\/sovalab.pl\/en\/wp-json\/wp\/v2\/product_brand?post=10044684"},{"taxonomy":"product_cat","embeddable":true,"href":"https:\/\/sovalab.pl\/en\/wp-json\/wp\/v2\/product_cat?post=10044684"},{"taxonomy":"product_tag","embeddable":true,"href":"https:\/\/sovalab.pl\/en\/wp-json\/wp\/v2\/product_tag?post=10044684"}],"curies":[{"name":"wp","href":"https:\/\/api.w.org\/{rel}","templated":true}]}}