
{"id":10045340,"date":"2025-02-10T11:36:30","date_gmt":"2025-02-10T10:36:30","guid":{"rendered":"https:\/\/sovalab.pl\/?post_type=product&#038;p=10045340"},"modified":"2026-05-06T16:21:53","modified_gmt":"2026-05-06T14:21:53","slug":"szybkozlaczka-magnetyczna-do-festoolets-150-eq-bez-zlacza-cleantec","status":"publish","type":"product","link":"https:\/\/sovalab.pl\/en\/szybkozlaczka-magnetyczna-do-festoolets-150-eq-bez-zlacza-cleantec\/","title":{"rendered":"Szybkoz\u0142\u0105czka magnetyczna do FestoolETS 150 EQ &#8211; bez z\u0142\u0105cza CLEANTEC"},"content":{"rendered":"<p>Dlaczego warto wybra&#263; <strong>MAGSNAP Micro?<\/strong><\/p>\n<p>Nasze magnetyczne z&#322;&#261;cze<strong> MAGSNAP Micro<\/strong> pozwala na &#322;atwe pod&#322;&#261;czenie jednego odkurzacza do wielu r&oacute;&#380;nych maszyn, dzi&#281;ki czemu zwi&#281;ksza wygod&#281; i efektywno&#347;&#263; pracy. Z&#322;&#261;cze jest zaprojektowane tak, aby bez problemu mo&#380;na je by&#322;o przystosowa&#263; do r&oacute;&#380;nych maszyn, co czyni je idealnym rozwi&#261;zaniem do wszelkich maszyn zawieraj&#261;cych porty do pod&#322;&#261;czenia odci&#261;g&oacute;w trocin i py&#322;&oacute;w.<\/p>\n<p>Z&#322;&#261;cza <strong>MAGSNAP Micro<\/strong> to kompaktowe, magnetyczne elementy &#322;&#261;cz&#261;ce, przeznaczone do stosowania w systemach odci&#261;gowych w warsztatach. Dzi&#281;ki zastosowaniu magnes&oacute;w umo&#380;liwiaj&#261; szybkie i bezpieczne &#322;&#261;czenie element&oacute;w, co jest szczeg&oacute;lnie przydatne w dynamicznych &#347;rodowiskach pracy, takich jak warsztaty stolarskie czy produkcyjne. Charakteryzuj&#261; si&#281; one ma&#322;ymi rozmiarami, co sprawia, &#380;e s&#261; idealne do precyzyjnych zastosowa&#324;, wymagaj&#261;cych szybkiego i &#322;atwego monta&#380;u. Dzi&#281;ki nim, u&#380;ytkownicy mog&#261; &#322;atwo dostosowa&#263; systemy odci&#261;gowe do r&oacute;&#380;nych potrzeb.<\/p>\n<p><strong>Product features:<\/strong><br \/>\n<strong>Magnetyczne po&#322;&#261;czenie:<\/strong>Strong neodymium magnets provide a secure, quick, and safe connection, eliminating the need for tools and additional fasteners.<strong>Universality<\/strong>: Doskona&#322;e do maszyn takich jak Makita, Bosch, DeWalti inne wyposa&#380;one w port odci&#261;gowy.<br \/>\n<strong>&#321;atwy monta&#380;:<\/strong> Z&#322;&#261;cze wyposa&#380;one w naci&#281;cia i grzbiet u&#322;atwia jego szybkie zamocowanie do port&oacute;w maszynowych za pomoc&#261; opasek.<br \/>\n<strong>Trwa&#322;o&#347;&#263;<\/strong>: Wykonane z odpornego materia&#322;u PETG, kt&oacute;ry charakteryzuje si&#281; wysok&#261; odporno&#347;ci&#261; na uderzenia, temperatur&#281;, chemikalia oraz promieniowanie UV.<br \/>\n<strong>Modu&#322;y<\/strong>: Z&#322;&#261;cze jest dost&#281;pne w r&oacute;&#380;nych &#347;rednicach, a jego baza magnetyczna pozostaje taka sama, co umo&#380;liwia &#322;atwe prze&#322;&#261;czanie pomi&#281;dzy maszynami o r&oacute;&#380;nych &#347;rednicach port&oacute;w.<\/p>\n<p><strong>Co znajduje si&#281; w zestawie:<\/strong><br \/>\n1 x Z&#322;&#261;cze magnetyczne <strong>MAGSNAP Micro &#8211; FestoolETS 150 EQ &#8211; bez z&#322;&#261;cza CLEANTEC<\/strong><\/p>\n<p><strong>Informacje techniczne:<\/strong><br \/>\nMagnesy: 6 magnes&oacute;w neodymowych zapewniaj&#261;cych stabilne po&#322;&#261;czenie.<br \/>\nJednostka sprzeda&#380;y: 1 sztuka (produkt sprzedawany pojedynczo).<\/p>\n<p>&nbsp;<\/p>\n<p>&nbsp;<\/p>\n","protected":false},"excerpt":{"rendered":"<p>Dlaczego warto wybra&#263; MAGSNAP Micro? Nasze magnetyczne z&#322;&#261;cze MAGSNAP Micro pozwala na &#322;atwe pod&#322;&#261;czenie jednego odkurzacza do wielu r&oacute;&#380;nych maszyn, dzi&#281;ki czemu zwi&#281;ksza wygod&#281; i efektywno&#347;&#263; pracy. Z&#322;&#261;cze jest zaprojektowane tak, aby bez problemu mo&#380;na je by&#322;o przystosowa&#263; do r&oacute;&#380;nych&#8230;<\/p>\n","protected":false},"featured_media":10045341,"comment_status":"closed","ping_status":"closed","template":"","meta":[],"product_brand":[390],"product_cat":[196,432,343],"product_tag":[],"class_list":{"0":"post-10045340","1":"product","2":"type-product","3":"status-publish","4":"has-post-thumbnail","6":"product_brand-sovalab","7":"product_cat-odciagi","8":"product_cat-adapter-festool","9":"product_cat-magsnap-micro","10":"product_shipping_class-male","12":"first","13":"instock","14":"featured","15":"taxable","16":"shipping-taxable","17":"purchasable","18":"product-type-simple"},"_links":{"self":[{"href":"https:\/\/sovalab.pl\/en\/wp-json\/wp\/v2\/product\/10045340","targetHints":{"allow":["GET"]}}],"collection":[{"href":"https:\/\/sovalab.pl\/en\/wp-json\/wp\/v2\/product"}],"about":[{"href":"https:\/\/sovalab.pl\/en\/wp-json\/wp\/v2\/types\/product"}],"replies":[{"embeddable":true,"href":"https:\/\/sovalab.pl\/en\/wp-json\/wp\/v2\/comments?post=10045340"}],"wp:featuredmedia":[{"embeddable":true,"href":"https:\/\/sovalab.pl\/en\/wp-json\/wp\/v2\/media\/10045341"}],"wp:attachment":[{"href":"https:\/\/sovalab.pl\/en\/wp-json\/wp\/v2\/media?parent=10045340"}],"wp:term":[{"taxonomy":"product_brand","embeddable":true,"href":"https:\/\/sovalab.pl\/en\/wp-json\/wp\/v2\/product_brand?post=10045340"},{"taxonomy":"product_cat","embeddable":true,"href":"https:\/\/sovalab.pl\/en\/wp-json\/wp\/v2\/product_cat?post=10045340"},{"taxonomy":"product_tag","embeddable":true,"href":"https:\/\/sovalab.pl\/en\/wp-json\/wp\/v2\/product_tag?post=10045340"}],"curies":[{"name":"wp","href":"https:\/\/api.w.org\/{rel}","templated":true}]}}