
{"id":10045354,"date":"2025-02-11T10:20:16","date_gmt":"2025-02-11T09:20:16","guid":{"rendered":"https:\/\/sovalab.pl\/?post_type=product&#038;p=10045354"},"modified":"2025-09-17T10:46:52","modified_gmt":"2025-09-17T08:46:52","slug":"adapter-odsysania-makita-sp6000j-do-weza-festool-cleantec","status":"publish","type":"product","link":"https:\/\/sovalab.pl\/en\/adapter-odsysania-makita-sp6000j-do-weza-festool-cleantec\/","title":{"rendered":"Adapter odsysania Makita SP6000j do w\u0119\u017ca Festool CLEANTEC"},"content":{"rendered":"<div class=\"mpof_ki myre_zn myre_8v_l m389_6m_l\">\n<div class=\"mp4t_16_s mryx_16_s mr3m_1 mli2_1 mh85_56 mh85_0_l\">\n<div class=\"mgn2_16 _0d3bd_am0a-\">\n<p><b>Adapter odsysania Makita SP6000j do w\u0119\u017ca Festool CLEANTEC 27 mm. Jest to zamiennik oryginalnego portu pr\u00f3\u017cniowego pi\u0142y, aby by\u0142a kompatybilna ze standardem Festool Cleantec. Dedykowany post jest bardziej praktyczny \u2013 poniewa\u017c jest na sta\u0142e przymocowany do pi\u0142y, i nie mo\u017ce si\u0119 od\u0142\u0105czy\u0107 podczas pracy.<\/b><\/p>\n<p>Przed instalacj\u0105:<\/p>\n<p>Pami\u0119taj, nale\u017cy odkr\u0119ci\u0107 i otworzy\u0107 aluminiow\u0105 obudow\u0119 pi\u0142y. Aby to zrobi\u0107, musisz zdj\u0105\u0107 5 czarnych \u015brub z boku za pomoc\u0105 \u015brubokr\u0119ta. Nast\u0119pnie zdejmij obudow\u0119 i wymie\u0144 oryginalny port pr\u00f3\u017cniowy.<\/p>\n<p>\u25cf Bezpo\u015brednie pod\u0142\u0105czenie w\u0119\u017ca Festool do pilarki tarczowej Makita<\/p>\n<p>\u25cf Konstrukcja z blokad\u0105 obrotow\u0105 umo\u017cliwia zablokowanie adaptera na w\u0119\u017cu Festool<\/p>\n<p>Wykonany w technologii druku 3D.<\/p>\n<\/div>\n<\/div>\n<\/div>\n<div class=\"mpof_ki myre_zn myre_8v_l m389_6m_l\">\n<div class=\"mp4t_16_s mryx_16_s mr3m_1 mli2_1 mh85_56 mh85_0_l\">\n<div class=\"mgn2_16 _0d3bd_am0a-\">\n<p><b>Otrzymasz to, co jest wymienione w sekcji \u201eCO JEST W ZESTAWIE\u201d. Pi\u0142a tarczowa i w\u0105\u017c nie s\u0105 do\u0142\u0105czone i s\u0105 na zdj\u0119ciach wy\u0142\u0105cznie w celach demonstracyjnych.<\/b><\/p>\n<p><b>Nie jeste\u015bmy powi\u0105zani, stowarzyszeni ani w \u017caden spos\u00f3b oficjalnie po\u0142\u0105czeni z Makita lub Festool ani ich sp\u00f3\u0142kami zale\u017cnymi lub stowarzyszonymi. Nazwy tych firm, a tak\u017ce powi\u0105zane nazwy, znaki, emblematy, marki i obrazy s\u0105 zarejestrowanymi znakami towarowymi ich odpowiednich w\u0142a\u015bcicieli.<\/b><\/p>\n<p><b>Mo\u017cliwo\u015b\u0107 wykonania adapter\u00f3w o innych \u015brednicach lub kszta\u0142tach na specjalne zam\u00f3wienie, aby dopasowa\u0107 je do unikalnych potrzeb u\u017cytkownika.<\/b><\/p>\n<p>&nbsp;<\/p>\n<\/div>\n<\/div>\n<\/div>\n","protected":false},"excerpt":{"rendered":"<p>Adapter odsysania Makita SP6000j do w\u0119\u017ca Festool CLEANTEC 27 mm. Jest to zamiennik oryginalnego portu pr\u00f3\u017cniowego pi\u0142y, aby by\u0142a kompatybilna ze standardem Festool Cleantec. Dedykowany post jest bardziej praktyczny \u2013 poniewa\u017c jest na sta\u0142e przymocowany do pi\u0142y, i nie mo\u017ce&#8230;<\/p>\n","protected":false},"featured_media":10045361,"comment_status":"open","ping_status":"closed","template":"","meta":[],"product_brand":[390],"product_cat":[386,432,196],"product_tag":[],"class_list":{"0":"post-10045354","1":"product","2":"type-product","3":"status-publish","4":"has-post-thumbnail","6":"product_brand-sovalab","7":"product_cat-adaptery-redukcje","8":"product_cat-adapter-festool","9":"product_cat-odciagi","11":"first","12":"instock","13":"taxable","14":"shipping-taxable","15":"purchasable","16":"product-type-simple"},"_links":{"self":[{"href":"https:\/\/sovalab.pl\/en\/wp-json\/wp\/v2\/product\/10045354","targetHints":{"allow":["GET"]}}],"collection":[{"href":"https:\/\/sovalab.pl\/en\/wp-json\/wp\/v2\/product"}],"about":[{"href":"https:\/\/sovalab.pl\/en\/wp-json\/wp\/v2\/types\/product"}],"replies":[{"embeddable":true,"href":"https:\/\/sovalab.pl\/en\/wp-json\/wp\/v2\/comments?post=10045354"}],"wp:featuredmedia":[{"embeddable":true,"href":"https:\/\/sovalab.pl\/en\/wp-json\/wp\/v2\/media\/10045361"}],"wp:attachment":[{"href":"https:\/\/sovalab.pl\/en\/wp-json\/wp\/v2\/media?parent=10045354"}],"wp:term":[{"taxonomy":"product_brand","embeddable":true,"href":"https:\/\/sovalab.pl\/en\/wp-json\/wp\/v2\/product_brand?post=10045354"},{"taxonomy":"product_cat","embeddable":true,"href":"https:\/\/sovalab.pl\/en\/wp-json\/wp\/v2\/product_cat?post=10045354"},{"taxonomy":"product_tag","embeddable":true,"href":"https:\/\/sovalab.pl\/en\/wp-json\/wp\/v2\/product_tag?post=10045354"}],"curies":[{"name":"wp","href":"https:\/\/api.w.org\/{rel}","templated":true}]}}