
{"id":10047030,"date":"2025-03-22T09:51:31","date_gmt":"2025-03-22T08:51:31","guid":{"rendered":"https:\/\/sovalab.pl\/?post_type=product&#038;p=10047030"},"modified":"2026-05-06T08:22:38","modified_gmt":"2026-05-06T06:22:38","slug":"prowadnica-krawedziowa-90-do-szlifierki-festool-ets-150-eq","status":"publish","type":"product","link":"https:\/\/sovalab.pl\/en\/prowadnica-krawedziowa-90-do-szlifierki-festool-ets-150-eq\/","title":{"rendered":"Prowadnica kraw\u0119dziowa 90\u00b0 do szlifierki  Festool ETS 150 EQ."},"content":{"rendered":"\r\n<h3 class=\"wp-block-heading\">Prowadnica k\u0105towa do szlifowania kraw\u0119dzi to uniwersalne narz\u0119dzie przeznaczone do precyzyjnego wyka\u0144czania i wyr\u00f3wnywania powierzchni. Dzi\u0119ki \u00a0trwa\u0142ej konstrukcji zapewnia stabilne prowadzenie szlifierki, co minimalizuje ryzyko przeszlifowania czy nier\u00f3wnomiernego efektu. U\u0142atwia utrzymanie r\u00f3wnego k\u0105ta i zapobiega przypadkowym uszkodzeniom obrabianego materia\u0142u. Ergonomiczny uchwyt i wytrzyma\u0142e materia\u0142y gwarantuj\u0105 komfort pracy oraz d\u0142ug\u0105 \u017cywotno\u015b\u0107. Prowadnica sprawdzi si\u0119 zar\u00f3wno w profesjonalnych warsztatach stolarskich, jak i przy domowych pracach wyko\u0144czeniowych, pozwalaj\u0105c szybko uzyska\u0107 idealnie g\u0142adkie kraw\u0119dzie i najwy\u017csz\u0105 jako\u015b\u0107 szlifowania.<\/h3>\r\n\r\n\r\n\r\n<p><strong>Prowadnica posiada filcow\u0105 podk\u0142adk\u0119, kt\u00f3ra zapewnia p\u0142ynne przesuwanie po obrabianym materiale.<\/strong><\/p>\r\n\r\n\r\n\r\n<h2 class=\"wp-block-heading\"><strong data-start=\"301\" data-end=\"323\">Wykonanie i monta\u017c<\/strong><\/h2>\r\n\r\n\r\n\r\n<h3 class=\"wp-block-heading\">Produkt zosta\u0142 wykonany metod\u0105 druku 3D z wytrzyma\u0142ego materia\u0142u, co gwarantuje jego solidno\u015b\u0107 i trwa\u0142o\u015b\u0107. Nasadka zosta\u0142a zaprojektowana tak, aby zapewni\u0107 maksymalnie stabilne po\u0142\u0105czenie ze szlifierk\u0105. Monta\u017c odbywa si\u0119 przy u\u017cyciu klucza imbusowego 5 mm. Pami\u0119taj, aby nie dokr\u0119ca\u0107 \u015bruby zbyt mocno \u2013 wystarczy, \u017ce szczelina zostanie odpowiednio zamkni\u0119ta, co zapewni bezpieczne i efektywne u\u017cytkowanie.<\/h3>\r\n\r\n\r\n\r\n<h2 class=\"wp-block-heading\"><strong data-start=\"790\" data-end=\"808\">Kompatybilno\u015b\u0107<\/strong><\/h2>\r\n\r\n\r\n\r\n<h3 class=\"wp-block-heading\"><strong>Adapter dedykowany jest wy\u0142\u0105cznie do szlifierki Festool ETS 150 EQ\u00a0<\/strong><\/h3>\r\n\r\n\r\n\r\n<p><em data-start=\"1113\" data-end=\"1163\" data-is-last-node=\"\">Uwaga: Szlifierka NIE jest do\u0142\u0105czona do zestawu.<\/em><\/p>\r\n","protected":false},"excerpt":{"rendered":"<p>Prowadnica k\u0105towa do szlifowania kraw\u0119dzi to uniwersalne narz\u0119dzie przeznaczone do precyzyjnego wyka\u0144czania i wyr\u00f3wnywania powierzchni. Dzi\u0119ki \u00a0trwa\u0142ej konstrukcji zapewnia stabilne prowadzenie szlifierki, co minimalizuje ryzyko przeszlifowania czy nier\u00f3wnomiernego efektu. U\u0142atwia utrzymanie r\u00f3wnego k\u0105ta i zapobiega przypadkowym uszkodzeniom obrabianego materia\u0142u. Ergonomiczny&#8230;<\/p>\n","protected":false},"featured_media":10047041,"comment_status":"open","ping_status":"closed","template":"","meta":[],"product_brand":[390],"product_cat":[392,182],"product_tag":[],"class_list":{"0":"post-10047030","1":"product","2":"type-product","3":"status-publish","4":"has-post-thumbnail","6":"product_brand-sovalab","7":"product_cat-prowadnice-krawedziowe","8":"product_cat-narzedzia","10":"first","11":"instock","12":"taxable","13":"shipping-taxable","14":"purchasable","15":"product-type-simple"},"_links":{"self":[{"href":"https:\/\/sovalab.pl\/en\/wp-json\/wp\/v2\/product\/10047030","targetHints":{"allow":["GET"]}}],"collection":[{"href":"https:\/\/sovalab.pl\/en\/wp-json\/wp\/v2\/product"}],"about":[{"href":"https:\/\/sovalab.pl\/en\/wp-json\/wp\/v2\/types\/product"}],"replies":[{"embeddable":true,"href":"https:\/\/sovalab.pl\/en\/wp-json\/wp\/v2\/comments?post=10047030"}],"wp:featuredmedia":[{"embeddable":true,"href":"https:\/\/sovalab.pl\/en\/wp-json\/wp\/v2\/media\/10047041"}],"wp:attachment":[{"href":"https:\/\/sovalab.pl\/en\/wp-json\/wp\/v2\/media?parent=10047030"}],"wp:term":[{"taxonomy":"product_brand","embeddable":true,"href":"https:\/\/sovalab.pl\/en\/wp-json\/wp\/v2\/product_brand?post=10047030"},{"taxonomy":"product_cat","embeddable":true,"href":"https:\/\/sovalab.pl\/en\/wp-json\/wp\/v2\/product_cat?post=10047030"},{"taxonomy":"product_tag","embeddable":true,"href":"https:\/\/sovalab.pl\/en\/wp-json\/wp\/v2\/product_tag?post=10047030"}],"curies":[{"name":"wp","href":"https:\/\/api.w.org\/{rel}","templated":true}]}}